{"id":1006,"date":"2021-10-15T18:01:28","date_gmt":"2021-10-15T16:01:28","guid":{"rendered":"https:\/\/agora.xtec.cat\/insperalada\/?page_id=1006"},"modified":"2024-09-22T19:51:19","modified_gmt":"2024-09-22T17:51:19","slug":"ka122sch-1","status":"publish","type":"page","link":"https:\/\/agora.xtec.cat\/insperalada\/projectes-erasmus\/ka122sch-1\/","title":{"rendered":"Un centre que apr\u00e8n"},"content":{"rendered":"<p>El primer curs de vida de l&#8217;Institut Peralada vam escriure un projecte a 18 mesos per aconseguir finan\u00e7ament per a formaci\u00f3 del professorat en el marc dels projectes Erasmus+ de la Uni\u00f3 Europea. Malgrat ser un centre de nova creaci\u00f3 amb nom\u00e9s 7 membres al claustre, vam aconseguir que l&#8217;Ag\u00e8ncia Nacional SEPIE depenent de la Uni\u00f3 Europea ens conced\u00eds finan\u00e7ament per a totes les 12 mobilitats que vam demanar.<\/p>\n<p>El projecte concedit <span style=\"color: #008080;\">&#8220;Un centre que apr\u00e8n&#8221; (2021-1-ES01-KA122-SCH-000030499)<\/span> pret\u00e9n assolir <strong>3 objectius<\/strong> principals:<\/p>\n<ol>\n<li>Con\u00e8ixer noves metodologies actives centrades en l&#8217;alumnat basades en recursos i eines digitals, com l&#8217;Aula del futur i Flipped classroom.<\/li>\n<li>Ampliar la xarxa de contactes per generar futurs projectes per tal que tot el professorat del claustre vegi i experimenti el valor afegit dels Erasmus+.<\/li>\n<li>Millora de les compet\u00e8ncies de gesti\u00f3 de l&#8217;equip Directiu per garantir el desenvolupament professional docent i la m\u00e0xima motivaci\u00f3 de tots els membres.<\/li>\n<\/ol>\n<p>Les 12 mobilitats que s&#8217;han realitzat es poden classifiar en funci\u00f3 dues accions diferenciades: <strong>cursos estructurats<\/strong> amb entitats rellevants europees i <strong>visites a centres educatius<\/strong> de refer\u00e8ncia de pa\u00efsos de la Uni\u00f3 Europea (<em>job shadowing<\/em>).<\/p>\n<p>En el seg\u00fcent panell es poden veure les mobilitats realitzades:<\/p>\n<div style=\"width: 100%;\">\n<div style=\"position: relative; padding-bottom: 56.25%; padding-top: 0; height: 0;\"><iframe loading=\"lazy\" style=\"position: absolute; top: 0; left: 0; width: 100%; height: 100%;\" title=\"erasmus corner\" src=\"https:\/\/view.genial.ly\/64b3d4b6406e1b0012e00b56\" width=\"1200\" height=\"675\" frameborder=\"0\" scrolling=\"yes\" allowfullscreen=\"allowfullscreen\"><\/iframe><\/div>\n<\/div>\n<p>&nbsp;<\/p>\n<p>Gr\u00e0cies a aquest finan\u00e7ament europeu, el professorat del centre pot complementar formacions internes i locals amb altres a l&#8217;estranger que han de revertir en el seu desenvolupament professional, sempre amb el punt de mira posat en la millora del l&#8217;aprenentatge dels nostres alumnes. \u00c9s per aquest motiu que es comparteixen les experi\u00e8ncies amb tots els membres del claustre per tal de potenciar l&#8217;enriquiment col\u00b7lectiu:<\/p>\n<div style=\"width: 100%;\">\n<div style=\"position: relative; padding-bottom: 56.25%; padding-top: 0; height: 0;\"><iframe loading=\"lazy\" style=\"position: absolute; top: 0; left: 0; width: 100%; height: 100%;\" title=\"presentacions KA1\" src=\"https:\/\/view.genial.ly\/64491541b2d508001177b71a\" width=\"1200\" height=\"675\" frameborder=\"0\" scrolling=\"yes\" allowfullscreen=\"allowfullscreen\"><\/iframe><\/div>\n<\/div>\n","protected":false},"excerpt":{"rendered":"<p>El primer curs de vida de l&#8217;Institut Peralada vam escriure un projecte a 18 mesos per aconseguir finan\u00e7ament per a formaci\u00f3 del professorat en el marc dels projectes Erasmus+ de la Uni\u00f3 Europea. Malgrat ser un centre de nova creaci\u00f3 amb nom\u00e9s 7 membres al claustre, vam aconseguir que l&#8217;Ag\u00e8ncia Nacional SEPIE depenent de la [&hellip;]<\/p>\n","protected":false},"author":1,"featured_media":0,"parent":956,"menu_order":20,"comment_status":"closed","ping_status":"closed","template":"page-templates\/side-menu.php","meta":{"_bbp_topic_count":0,"_bbp_reply_count":0,"_bbp_total_topic_count":0,"_bbp_total_reply_count":0,"_bbp_voice_count":0,"_bbp_anonymous_reply_count":0,"_bbp_topic_count_hidden":0,"_bbp_reply_count_hidden":0,"_bbp_forum_subforum_count":0,"site-sidebar-layout":"default","site-content-layout":"","ast-site-content-layout":"","site-content-style":"default","site-sidebar-style":"default","ast-global-header-display":"","ast-banner-title-visibility":"","ast-main-header-display":"","ast-hfb-above-header-display":"","ast-hfb-below-header-display":"","ast-hfb-mobile-header-display":"","site-post-title":"","ast-breadcrumbs-content":"","ast-featured-img":"","footer-sml-layout":"","theme-transparent-header-meta":"","adv-header-id-meta":"","stick-header-meta":"","header-above-stick-meta":"","header-main-stick-meta":"","header-below-stick-meta":"","astra-migrate-meta-layouts":"default","ast-page-background-enabled":"default","ast-page-background-meta":{"desktop":{"background-color":"var(--ast-global-color-4)","background-image":"","background-repeat":"repeat","background-position":"center center","background-size":"auto","background-attachment":"scroll","background-type":"","background-media":"","overlay-type":"","overlay-color":"","overlay-opacity":"","overlay-gradient":""},"tablet":{"background-color":"","background-image":"","background-repeat":"repeat","background-position":"center center","background-size":"auto","background-attachment":"scroll","background-type":"","background-media":"","overlay-type":"","overlay-color":"","overlay-opacity":"","overlay-gradient":""},"mobile":{"background-color":"","background-image":"","background-repeat":"repeat","background-position":"center center","background-size":"auto","background-attachment":"scroll","background-type":"","background-media":"","overlay-type":"","overlay-color":"","overlay-opacity":"","overlay-gradient":""}},"ast-content-background-meta":{"desktop":{"background-color":"var(--ast-global-color-5)","background-image":"","background-repeat":"repeat","background-position":"center center","background-size":"auto","background-attachment":"scroll","background-type":"","background-media":"","overlay-type":"","overlay-color":"","overlay-opacity":"","overlay-gradient":""},"tablet":{"background-color":"var(--ast-global-color-5)","background-image":"","background-repeat":"repeat","background-position":"center center","background-size":"auto","background-attachment":"scroll","background-type":"","background-media":"","overlay-type":"","overlay-color":"","overlay-opacity":"","overlay-gradient":""},"mobile":{"background-color":"var(--ast-global-color-5)","background-image":"","background-repeat":"repeat","background-position":"center center","background-size":"auto","background-attachment":"scroll","background-type":"","background-media":"","overlay-type":"","overlay-color":"","overlay-opacity":"","overlay-gradient":""}},"footnotes":""},"class_list":["post-1006","page","type-page","status-publish","hentry"],"post_mailing_queue_ids":[],"_links":{"self":[{"href":"https:\/\/agora.xtec.cat\/insperalada\/wp-json\/wp\/v2\/pages\/1006","targetHints":{"allow":["GET"]}}],"collection":[{"href":"https:\/\/agora.xtec.cat\/insperalada\/wp-json\/wp\/v2\/pages"}],"about":[{"href":"https:\/\/agora.xtec.cat\/insperalada\/wp-json\/wp\/v2\/types\/page"}],"author":[{"embeddable":true,"href":"https:\/\/agora.xtec.cat\/insperalada\/wp-json\/wp\/v2\/users\/1"}],"replies":[{"embeddable":true,"href":"https:\/\/agora.xtec.cat\/insperalada\/wp-json\/wp\/v2\/comments?post=1006"}],"version-history":[{"count":4,"href":"https:\/\/agora.xtec.cat\/insperalada\/wp-json\/wp\/v2\/pages\/1006\/revisions"}],"predecessor-version":[{"id":1393,"href":"https:\/\/agora.xtec.cat\/insperalada\/wp-json\/wp\/v2\/pages\/1006\/revisions\/1393"}],"up":[{"embeddable":true,"href":"https:\/\/agora.xtec.cat\/insperalada\/wp-json\/wp\/v2\/pages\/956"}],"wp:attachment":[{"href":"https:\/\/agora.xtec.cat\/insperalada\/wp-json\/wp\/v2\/media?parent=1006"}],"curies":[{"name":"wp","href":"https:\/\/api.w.org\/{rel}","templated":true}]}}