{"id":896,"date":"2025-10-28T10:37:44","date_gmt":"2025-10-28T09:37:44","guid":{"rendered":"https:\/\/agora.xtec.cat\/insnouvic\/?page_id=896"},"modified":"2025-10-28T11:08:25","modified_gmt":"2025-10-28T10:08:25","slug":"programa-art-i-escola","status":"publish","type":"page","link":"https:\/\/agora.xtec.cat\/insnouvic\/programa-art-i-escola\/","title":{"rendered":"Programa Art i Escola"},"content":{"rendered":"\n<p>Participem en el programa <strong><a href=\"https:\/\/www.artiescola.cat\/ca\/\" data-type=\"link\" data-id=\"https:\/\/www.artiescola.cat\/ca\/\">Art i Escola<\/a><\/strong>, impulsat per&nbsp;<strong>ACVIC Centre d\u2019Arts Contempor\u00e0nies&nbsp;<\/strong>i el&nbsp;<strong>Centre de Recursos Pedag\u00f2gics d\u2019Osona<\/strong>, amb la col\u00b7laboraci\u00f3 de persones de l\u2019<strong>Escola d\u2019Art i Superior de Disseny de Vic<\/strong>,&nbsp;<strong>H. Associaci\u00f3 per a les Arts Contempor\u00e0nies<\/strong>,&nbsp;<strong>Katacrack,<\/strong>&nbsp;la&nbsp;<strong>Universitat de Vic,&nbsp;<\/strong>la<strong>&nbsp;Universitat de Barcelona&nbsp;<\/strong>i persones a t\u00edtol individual.<\/p>\n\n\n\n<p>\u00c9s per tant una iniciativa que estableix una xarxa de col\u00b7laboracions entre diferents institucions que treballen des de l\u2019\u00e0mbit de l\u2019<strong>art i l&#8217;educaci\u00f3<\/strong>, conjuntament amb centres educatius.<\/p>\n\n\n\n<p>Parteix de la premissa que l&#8217;<strong>educaci\u00f3<\/strong>&nbsp;\u00e9s part de la producci\u00f3 cultural i que l&#8217;<strong>art<\/strong>, ent\u00e8s des de la seva multiplicitat de formes contempor\u00e0nies, pot proporcionar diverses eines \u00fatils per revitalitzar accions educatives.<\/p>\n\n\n\n<p><strong>ART i ESCOLA<\/strong>&nbsp;vol fomentar processos col\u00b7laboratius, con\u00e8ixer el que s&#8217;est\u00e0 fent a les escoles en relaci\u00f3 amb les arts, compartir-ho, contaminar els plantejaments i les metodologies entre els implicats, i portar a l&#8217;escola elements que formen part dels debats culturals actuals. En aquest cas les arts no s\u00f3n les manualitats, s\u00f3n un instrument articulador.<\/p>\n\n\n\n<p><strong>Objectius<\/strong><\/p>\n\n\n\n<p>\u2022 Promoure i donar valor a la pres\u00e8ncia de l\u2019art a l\u2019escola.<br>\u2022 Donar suport als docents per desenvolupar projectes transversals, mostrar i difondre els treballs que es realitzen a partir d\u2019un eix tem\u00e0tic com\u00fa.<br>\u2022 Establir una xarxa de col\u00b7laboracions entre diferents entitats de l\u2019\u00e0mbit de les arts i l\u2019educaci\u00f3.<br>\u2022 Compartir recursos, metodologies i mecanismes d\u2019avaluaci\u00f3, mitjan\u00e7ant la relaci\u00f3 entre pr\u00e0ctiques art\u00edstiques contempor\u00e0nies i pedagogia.<br>\u2022 Donar visibilitat als projectes i treballs que es realitzin en els centres educatius .<\/p>\n\n\n\n<figure class=\"wp-block-image aligncenter size-full\"><a href=\"https:\/\/agora.xtec.cat\/insnouvic\/wp-content\/uploads\/usu3596\/2025\/10\/Captura-de-pantalla-2025-10-28-110307.png\"><img loading=\"lazy\" decoding=\"async\" width=\"244\" height=\"205\" src=\"https:\/\/agora.xtec.cat\/insnouvic\/wp-content\/uploads\/usu3596\/2025\/10\/Captura-de-pantalla-2025-10-28-110307.png\" alt=\"\" class=\"wp-image-911\"\/><\/a><\/figure>\n\n\n\n<p><\/p>\n","protected":false},"excerpt":{"rendered":"<p>Participem en el programa Art i Escola, impulsat per&nbsp;ACVIC Centre d\u2019Arts Contempor\u00e0nies&nbsp;i el&nbsp;Centre de Recursos Pedag\u00f2gics d\u2019Osona, amb la col\u00b7laboraci\u00f3 de persones de l\u2019Escola d\u2019Art i Superior de Disseny de Vic,&nbsp;H. Associaci\u00f3 per a les Arts Contempor\u00e0nies,&nbsp;Katacrack,&nbsp;la&nbsp;Universitat de Vic,&nbsp;la&nbsp;Universitat de Barcelona&nbsp;i persones a t\u00edtol individual. \u00c9s per tant una iniciativa que estableix una xarxa de [&hellip;]<\/p>\n","protected":false},"author":1,"featured_media":0,"parent":0,"menu_order":0,"comment_status":"closed","ping_status":"close","template":"","meta":{"site-sidebar-layout":"default","site-content-layout":"","ast-site-content-layout":"default","site-content-style":"default","site-sidebar-style":"default","ast-global-header-display":"","ast-banner-title-visibility":"","ast-main-header-display":"","ast-hfb-above-header-display":"","ast-hfb-below-header-display":"","ast-hfb-mobile-header-display":"","site-post-title":"","ast-breadcrumbs-content":"","ast-featured-img":"","footer-sml-layout":"","theme-transparent-header-meta":"","adv-header-id-meta":"","stick-header-meta":"","header-above-stick-meta":"","header-main-stick-meta":"","header-below-stick-meta":"","astra-migrate-meta-layouts":"set","ast-page-background-enabled":"default","ast-page-background-meta":{"desktop":{"background-color":"var(--ast-global-color-4)","background-image":"","background-repeat":"repeat","background-position":"center center","background-size":"auto","background-attachment":"scroll","background-type":"","background-media":"","overlay-type":"","overlay-color":"","overlay-opacity":"","overlay-gradient":""},"tablet":{"background-color":"","background-image":"","background-repeat":"repeat","background-position":"center center","background-size":"auto","background-attachment":"scroll","background-type":"","background-media":"","overlay-type":"","overlay-color":"","overlay-opacity":"","overlay-gradient":""},"mobile":{"background-color":"","background-image":"","background-repeat":"repeat","background-position":"center center","background-size":"auto","background-attachment":"scroll","background-type":"","background-media":"","overlay-type":"","overlay-color":"","overlay-opacity":"","overlay-gradient":""}},"ast-content-background-meta":{"desktop":{"background-color":"var(--ast-global-color-5)","background-image":"","background-repeat":"repeat","background-position":"center center","background-size":"auto","background-attachment":"scroll","background-type":"","background-media":"","overlay-type":"","overlay-color":"","overlay-opacity":"","overlay-gradient":""},"tablet":{"background-color":"var(--ast-global-color-5)","background-image":"","background-repeat":"repeat","background-position":"center center","background-size":"auto","background-attachment":"scroll","background-type":"","background-media":"","overlay-type":"","overlay-color":"","overlay-opacity":"","overlay-gradient":""},"mobile":{"background-color":"var(--ast-global-color-5)","background-image":"","background-repeat":"repeat","background-position":"center center","background-size":"auto","background-attachment":"scroll","background-type":"","background-media":"","overlay-type":"","overlay-color":"","overlay-opacity":"","overlay-gradient":""}},"footnotes":""},"class_list":["post-896","page","type-page","status-publish","hentry"],"post_mailing_queue_ids":[],"_links":{"self":[{"href":"https:\/\/agora.xtec.cat\/insnouvic\/wp-json\/wp\/v2\/pages\/896","targetHints":{"allow":["GET"]}}],"collection":[{"href":"https:\/\/agora.xtec.cat\/insnouvic\/wp-json\/wp\/v2\/pages"}],"about":[{"href":"https:\/\/agora.xtec.cat\/insnouvic\/wp-json\/wp\/v2\/types\/page"}],"author":[{"embeddable":true,"href":"https:\/\/agora.xtec.cat\/insnouvic\/wp-json\/wp\/v2\/users\/1"}],"replies":[{"embeddable":true,"href":"https:\/\/agora.xtec.cat\/insnouvic\/wp-json\/wp\/v2\/comments?post=896"}],"version-history":[{"count":3,"href":"https:\/\/agora.xtec.cat\/insnouvic\/wp-json\/wp\/v2\/pages\/896\/revisions"}],"predecessor-version":[{"id":912,"href":"https:\/\/agora.xtec.cat\/insnouvic\/wp-json\/wp\/v2\/pages\/896\/revisions\/912"}],"wp:attachment":[{"href":"https:\/\/agora.xtec.cat\/insnouvic\/wp-json\/wp\/v2\/media?parent=896"}],"curies":[{"name":"wp","href":"https:\/\/api.w.org\/{rel}","templated":true}]}}