{"id":883,"date":"2025-10-28T10:22:34","date_gmt":"2025-10-28T09:22:34","guid":{"rendered":"https:\/\/agora.xtec.cat\/insnouvic\/?page_id=883"},"modified":"2025-10-28T11:07:58","modified_gmt":"2025-10-28T10:07:58","slug":"programa-pmoe-proa","status":"publish","type":"page","link":"https:\/\/agora.xtec.cat\/insnouvic\/programa-pmoe-proa\/","title":{"rendered":"Programa PMOE PROA+"},"content":{"rendered":"\n<p>El nostre centre educatiu forma part del <a href=\"https:\/\/educacio.gencat.cat\/ca\/departament\/linies-estrategiques\/equitat-educativa\/pla-millora-oportunitats-educatives\/index.html\" data-type=\"link\" data-id=\"https:\/\/educacio.gencat.cat\/ca\/departament\/linies-estrategiques\/equitat-educativa\/pla-millora-oportunitats-educatives\/index.html\">Pla de millora d&#8217;oportunitats educatives\u00a0<\/a>(PMOE PROA+), que porta a terme el Departament d&#8217;Educaci\u00f3 i Formaci\u00f3 Professional.<\/p>\n\n\n\n<p>Aquest programa t\u00e9 com a objectiu millorar l&#8217;equitat en l&#8217;acc\u00e9s a oportunitats educatives i l&#8217;\u00e8xit escolar de tot l&#8217;alumnat, enfortint els&nbsp;<a href=\"https:\/\/app.powerbi.com\/view?r=eyJrIjoiOTFiOTEyZjktZTFkNC00MjJhLTk3MWUtMzFjMDBlNzI3YTBkIiwidCI6IjNiOTQyN2RjLWQzMGUtNDNiYy04YzA2LWZmNzI1MzY3NmZlYyIsImMiOjh9\" target=\"_blank\" rel=\"noreferrer noopener\">centres educatius<\/a>&nbsp;amb m\u00e9s complexitat del Servei d&#8217;Educaci\u00f3 de Catalunya. Aix\u00ed, aquests centres disposaran dels recursos necessaris per compensar les necessitats i desigualtats educatives de l&#8217;alumnat i les seves fam\u00edlies.<\/p>\n\n\n\n<p>Mitjan\u00e7ant el disseny d&#8217;un pla estrat\u00e8gic de millora, el centre desplega un conjunt d&#8217;activitats palanca (iniciatives educatives per dinamitzar una transformaci\u00f3 global en un centre educatiu), m\u00e9s enll\u00e0 d&#8217;abordar aspectes concrets mitjan\u00e7ant l&#8217;assignaci\u00f3 econ\u00f2mica als centres educatius seleccionats per a la seva aplicaci\u00f3, aix\u00ed com l&#8217;acompanyament per part de la Inspecci\u00f3 d&#8217;Educaci\u00f3 i de les persones referents del Programa als territoris.<\/p>\n\n\n\n<figure class=\"wp-block-image aligncenter size-full is-resized\"><a href=\"https:\/\/agora.xtec.cat\/insnouvic\/wp-content\/uploads\/usu3596\/2025\/10\/dep-lin-pmoe-proa.png\"><img loading=\"lazy\" decoding=\"async\" width=\"375\" height=\"225\" src=\"https:\/\/agora.xtec.cat\/insnouvic\/wp-content\/uploads\/usu3596\/2025\/10\/dep-lin-pmoe-proa.png\" alt=\"\" class=\"wp-image-884\" style=\"width:205px;height:auto\" srcset=\"https:\/\/agora.xtec.cat\/insnouvic\/wp-content\/uploads\/usu3596\/2025\/10\/dep-lin-pmoe-proa.png 375w, https:\/\/agora.xtec.cat\/insnouvic\/wp-content\/uploads\/usu3596\/2025\/10\/dep-lin-pmoe-proa-300x180.png 300w\" sizes=\"auto, (max-width: 375px) 100vw, 375px\" \/><\/a><\/figure>\n\n\n\n<figure class=\"wp-block-image size-large is-resized\"><a href=\"https:\/\/agora.xtec.cat\/insnouvic\/wp-content\/uploads\/usu3596\/2025\/10\/Captura-de-pantalla-2025-10-28-110747.png\"><img loading=\"lazy\" decoding=\"async\" width=\"1024\" height=\"116\" src=\"https:\/\/agora.xtec.cat\/insnouvic\/wp-content\/uploads\/usu3596\/2025\/10\/Captura-de-pantalla-2025-10-28-110747-1024x116.png\" alt=\"\" class=\"wp-image-909\" style=\"width:680px;height:auto\" srcset=\"https:\/\/agora.xtec.cat\/insnouvic\/wp-content\/uploads\/usu3596\/2025\/10\/Captura-de-pantalla-2025-10-28-110747-1024x116.png 1024w, https:\/\/agora.xtec.cat\/insnouvic\/wp-content\/uploads\/usu3596\/2025\/10\/Captura-de-pantalla-2025-10-28-110747-300x34.png 300w, https:\/\/agora.xtec.cat\/insnouvic\/wp-content\/uploads\/usu3596\/2025\/10\/Captura-de-pantalla-2025-10-28-110747-768x87.png 768w, https:\/\/agora.xtec.cat\/insnouvic\/wp-content\/uploads\/usu3596\/2025\/10\/Captura-de-pantalla-2025-10-28-110747-1536x173.png 1536w, https:\/\/agora.xtec.cat\/insnouvic\/wp-content\/uploads\/usu3596\/2025\/10\/Captura-de-pantalla-2025-10-28-110747.png 1621w\" sizes=\"auto, (max-width: 1024px) 100vw, 1024px\" \/><\/a><\/figure>\n\n\n\n<p><\/p>\n","protected":false},"excerpt":{"rendered":"<p>El nostre centre educatiu forma part del Pla de millora d&#8217;oportunitats educatives\u00a0(PMOE PROA+), que porta a terme el Departament d&#8217;Educaci\u00f3 i Formaci\u00f3 Professional. Aquest programa t\u00e9 com a objectiu millorar l&#8217;equitat en l&#8217;acc\u00e9s a oportunitats educatives i l&#8217;\u00e8xit escolar de tot l&#8217;alumnat, enfortint els&nbsp;centres educatius&nbsp;amb m\u00e9s complexitat del Servei d&#8217;Educaci\u00f3 de Catalunya. Aix\u00ed, aquests centres [&hellip;]<\/p>\n","protected":false},"author":1,"featured_media":0,"parent":0,"menu_order":0,"comment_status":"closed","ping_status":"close","template":"","meta":{"site-sidebar-layout":"default","site-content-layout":"","ast-site-content-layout":"default","site-content-style":"default","site-sidebar-style":"default","ast-global-header-display":"","ast-banner-title-visibility":"","ast-main-header-display":"","ast-hfb-above-header-display":"","ast-hfb-below-header-display":"","ast-hfb-mobile-header-display":"","site-post-title":"","ast-breadcrumbs-content":"","ast-featured-img":"","footer-sml-layout":"","theme-transparent-header-meta":"","adv-header-id-meta":"","stick-header-meta":"","header-above-stick-meta":"","header-main-stick-meta":"","header-below-stick-meta":"","astra-migrate-meta-layouts":"set","ast-page-background-enabled":"default","ast-page-background-meta":{"desktop":{"background-color":"var(--ast-global-color-4)","background-image":"","background-repeat":"repeat","background-position":"center center","background-size":"auto","background-attachment":"scroll","background-type":"","background-media":"","overlay-type":"","overlay-color":"","overlay-opacity":"","overlay-gradient":""},"tablet":{"background-color":"","background-image":"","background-repeat":"repeat","background-position":"center center","background-size":"auto","background-attachment":"scroll","background-type":"","background-media":"","overlay-type":"","overlay-color":"","overlay-opacity":"","overlay-gradient":""},"mobile":{"background-color":"","background-image":"","background-repeat":"repeat","background-position":"center center","background-size":"auto","background-attachment":"scroll","background-type":"","background-media":"","overlay-type":"","overlay-color":"","overlay-opacity":"","overlay-gradient":""}},"ast-content-background-meta":{"desktop":{"background-color":"var(--ast-global-color-5)","background-image":"","background-repeat":"repeat","background-position":"center center","background-size":"auto","background-attachment":"scroll","background-type":"","background-media":"","overlay-type":"","overlay-color":"","overlay-opacity":"","overlay-gradient":""},"tablet":{"background-color":"var(--ast-global-color-5)","background-image":"","background-repeat":"repeat","background-position":"center center","background-size":"auto","background-attachment":"scroll","background-type":"","background-media":"","overlay-type":"","overlay-color":"","overlay-opacity":"","overlay-gradient":""},"mobile":{"background-color":"var(--ast-global-color-5)","background-image":"","background-repeat":"repeat","background-position":"center center","background-size":"auto","background-attachment":"scroll","background-type":"","background-media":"","overlay-type":"","overlay-color":"","overlay-opacity":"","overlay-gradient":""}},"footnotes":""},"class_list":["post-883","page","type-page","status-publish","hentry"],"post_mailing_queue_ids":[],"_links":{"self":[{"href":"https:\/\/agora.xtec.cat\/insnouvic\/wp-json\/wp\/v2\/pages\/883","targetHints":{"allow":["GET"]}}],"collection":[{"href":"https:\/\/agora.xtec.cat\/insnouvic\/wp-json\/wp\/v2\/pages"}],"about":[{"href":"https:\/\/agora.xtec.cat\/insnouvic\/wp-json\/wp\/v2\/types\/page"}],"author":[{"embeddable":true,"href":"https:\/\/agora.xtec.cat\/insnouvic\/wp-json\/wp\/v2\/users\/1"}],"replies":[{"embeddable":true,"href":"https:\/\/agora.xtec.cat\/insnouvic\/wp-json\/wp\/v2\/comments?post=883"}],"version-history":[{"count":2,"href":"https:\/\/agora.xtec.cat\/insnouvic\/wp-json\/wp\/v2\/pages\/883\/revisions"}],"predecessor-version":[{"id":910,"href":"https:\/\/agora.xtec.cat\/insnouvic\/wp-json\/wp\/v2\/pages\/883\/revisions\/910"}],"wp:attachment":[{"href":"https:\/\/agora.xtec.cat\/insnouvic\/wp-json\/wp\/v2\/media?parent=883"}],"curies":[{"name":"wp","href":"https:\/\/api.w.org\/{rel}","templated":true}]}}