{"id":878,"date":"2025-10-28T10:13:28","date_gmt":"2025-10-28T09:13:28","guid":{"rendered":"https:\/\/agora.xtec.cat\/insnouvic\/?page_id=878"},"modified":"2025-10-28T11:06:31","modified_gmt":"2025-10-28T10:06:31","slug":"programa-sensei","status":"publish","type":"page","link":"https:\/\/agora.xtec.cat\/insnouvic\/programa-sensei\/","title":{"rendered":"Programa SENSEI"},"content":{"rendered":"\n<p>El nostre centre participa en el <a href=\"https:\/\/educacio.gencat.cat\/ca\/arees-actuacio\/professors\/formacio\/programa-sensei\/inici\/index.html\" data-type=\"link\" data-id=\"https:\/\/educacio.gencat.cat\/ca\/arees-actuacio\/professors\/formacio\/programa-sensei\/inici\/index.html\">Programa temporal de resid\u00e8ncia inicial docent en centres educatius<\/a> (SENSEI), amb l&#8217;objectiu d&#8217;oferir acompanyament i suport al professorat novell a l&#8217;inici de la professi\u00f3 docent.&nbsp;<\/p>\n\n\n\n<p>El SENSEI \u00e9s l&#8217;\u00fanic programa pilot que desenvolupa una administraci\u00f3 educativa en el context nacional i catal\u00e0.<\/p>\n\n\n\n<p>Est\u00e0 dissenyat per ser desenvolupat en r\u00e8gim de resid\u00e8ncia en un centre educatiu, amb l&#8217;acompanyament d&#8217;una mentoria, i compta amb un programa formatiu amb seminaris, experi\u00e8ncies pr\u00e0ctiques, reflexi\u00f3, codoc\u00e8ncia i&nbsp;<em>feedback<\/em>&nbsp;constant.<\/p>\n\n\n\n<p>L&#8217;objectiu del Programa \u00e9s, d&#8217;una banda, assentar de manera pr\u00e0ctica compet\u00e8ncies i aprenentatges clau per al creixement durant la traject\u00f2ria professional del personal docent que hi participa; i de l&#8217;altra, donar coher\u00e8ncia i continu\u00eftat al treball fet des del Departament d&#8217;Educaci\u00f3 i Formaci\u00f3 Professional en la formaci\u00f3 inicial dels estudiants universitaris en pr\u00e0ctiques en centres de formaci\u00f3.<\/p>\n\n\n\n<p>El projecte Sensei est\u00e0 cofinan\u00e7at pel Fons Social Europeu Plus (FSE+).<\/p>\n\n\n\n<figure class=\"wp-block-image aligncenter size-full is-resized\"><a href=\"https:\/\/agora.xtec.cat\/insnouvic\/wp-content\/uploads\/usu3596\/2025\/10\/Captura-de-pantalla-2025-10-28-101558.png\"><img loading=\"lazy\" decoding=\"async\" width=\"450\" height=\"232\" src=\"https:\/\/agora.xtec.cat\/insnouvic\/wp-content\/uploads\/usu3596\/2025\/10\/Captura-de-pantalla-2025-10-28-101558.png\" alt=\"\" class=\"wp-image-880\" style=\"width:237px;height:auto\" srcset=\"https:\/\/agora.xtec.cat\/insnouvic\/wp-content\/uploads\/usu3596\/2025\/10\/Captura-de-pantalla-2025-10-28-101558.png 450w, https:\/\/agora.xtec.cat\/insnouvic\/wp-content\/uploads\/usu3596\/2025\/10\/Captura-de-pantalla-2025-10-28-101558-300x155.png 300w\" sizes=\"auto, (max-width: 450px) 100vw, 450px\" \/><\/a><\/figure>\n\n\n\n<figure class=\"wp-block-image size-full is-resized\"><a href=\"https:\/\/agora.xtec.cat\/insnouvic\/wp-content\/uploads\/usu3596\/2025\/10\/Captura-de-pantalla-2025-10-28-110557.png\"><img loading=\"lazy\" decoding=\"async\" width=\"469\" height=\"63\" src=\"https:\/\/agora.xtec.cat\/insnouvic\/wp-content\/uploads\/usu3596\/2025\/10\/Captura-de-pantalla-2025-10-28-110557.png\" alt=\"\" class=\"wp-image-907\" style=\"width:223px;height:auto\" srcset=\"https:\/\/agora.xtec.cat\/insnouvic\/wp-content\/uploads\/usu3596\/2025\/10\/Captura-de-pantalla-2025-10-28-110557.png 469w, https:\/\/agora.xtec.cat\/insnouvic\/wp-content\/uploads\/usu3596\/2025\/10\/Captura-de-pantalla-2025-10-28-110557-300x40.png 300w\" sizes=\"auto, (max-width: 469px) 100vw, 469px\" \/><\/a><\/figure>\n\n\n\n<p><\/p>\n","protected":false},"excerpt":{"rendered":"<p>El nostre centre participa en el Programa temporal de resid\u00e8ncia inicial docent en centres educatius (SENSEI), amb l&#8217;objectiu d&#8217;oferir acompanyament i suport al professorat novell a l&#8217;inici de la professi\u00f3 docent.&nbsp; El SENSEI \u00e9s l&#8217;\u00fanic programa pilot que desenvolupa una administraci\u00f3 educativa en el context nacional i catal\u00e0. Est\u00e0 dissenyat per ser desenvolupat en r\u00e8gim [&hellip;]<\/p>\n","protected":false},"author":1,"featured_media":0,"parent":0,"menu_order":0,"comment_status":"closed","ping_status":"close","template":"","meta":{"site-sidebar-layout":"default","site-content-layout":"","ast-site-content-layout":"default","site-content-style":"default","site-sidebar-style":"default","ast-global-header-display":"","ast-banner-title-visibility":"","ast-main-header-display":"","ast-hfb-above-header-display":"","ast-hfb-below-header-display":"","ast-hfb-mobile-header-display":"","site-post-title":"","ast-breadcrumbs-content":"","ast-featured-img":"","footer-sml-layout":"","theme-transparent-header-meta":"","adv-header-id-meta":"","stick-header-meta":"","header-above-stick-meta":"","header-main-stick-meta":"","header-below-stick-meta":"","astra-migrate-meta-layouts":"set","ast-page-background-enabled":"default","ast-page-background-meta":{"desktop":{"background-color":"var(--ast-global-color-4)","background-image":"","background-repeat":"repeat","background-position":"center center","background-size":"auto","background-attachment":"scroll","background-type":"","background-media":"","overlay-type":"","overlay-color":"","overlay-opacity":"","overlay-gradient":""},"tablet":{"background-color":"","background-image":"","background-repeat":"repeat","background-position":"center center","background-size":"auto","background-attachment":"scroll","background-type":"","background-media":"","overlay-type":"","overlay-color":"","overlay-opacity":"","overlay-gradient":""},"mobile":{"background-color":"","background-image":"","background-repeat":"repeat","background-position":"center center","background-size":"auto","background-attachment":"scroll","background-type":"","background-media":"","overlay-type":"","overlay-color":"","overlay-opacity":"","overlay-gradient":""}},"ast-content-background-meta":{"desktop":{"background-color":"var(--ast-global-color-5)","background-image":"","background-repeat":"repeat","background-position":"center center","background-size":"auto","background-attachment":"scroll","background-type":"","background-media":"","overlay-type":"","overlay-color":"","overlay-opacity":"","overlay-gradient":""},"tablet":{"background-color":"var(--ast-global-color-5)","background-image":"","background-repeat":"repeat","background-position":"center center","background-size":"auto","background-attachment":"scroll","background-type":"","background-media":"","overlay-type":"","overlay-color":"","overlay-opacity":"","overlay-gradient":""},"mobile":{"background-color":"var(--ast-global-color-5)","background-image":"","background-repeat":"repeat","background-position":"center center","background-size":"auto","background-attachment":"scroll","background-type":"","background-media":"","overlay-type":"","overlay-color":"","overlay-opacity":"","overlay-gradient":""}},"footnotes":""},"class_list":["post-878","page","type-page","status-publish","hentry"],"post_mailing_queue_ids":[],"_links":{"self":[{"href":"https:\/\/agora.xtec.cat\/insnouvic\/wp-json\/wp\/v2\/pages\/878","targetHints":{"allow":["GET"]}}],"collection":[{"href":"https:\/\/agora.xtec.cat\/insnouvic\/wp-json\/wp\/v2\/pages"}],"about":[{"href":"https:\/\/agora.xtec.cat\/insnouvic\/wp-json\/wp\/v2\/types\/page"}],"author":[{"embeddable":true,"href":"https:\/\/agora.xtec.cat\/insnouvic\/wp-json\/wp\/v2\/users\/1"}],"replies":[{"embeddable":true,"href":"https:\/\/agora.xtec.cat\/insnouvic\/wp-json\/wp\/v2\/comments?post=878"}],"version-history":[{"count":3,"href":"https:\/\/agora.xtec.cat\/insnouvic\/wp-json\/wp\/v2\/pages\/878\/revisions"}],"predecessor-version":[{"id":908,"href":"https:\/\/agora.xtec.cat\/insnouvic\/wp-json\/wp\/v2\/pages\/878\/revisions\/908"}],"wp:attachment":[{"href":"https:\/\/agora.xtec.cat\/insnouvic\/wp-json\/wp\/v2\/media?parent=878"}],"curies":[{"name":"wp","href":"https:\/\/api.w.org\/{rel}","templated":true}]}}