{"id":813,"date":"2025-09-30T14:27:15","date_gmt":"2025-09-30T12:27:15","guid":{"rendered":"https:\/\/agora.xtec.cat\/insnouvic\/?page_id=813"},"modified":"2025-09-30T17:43:41","modified_gmt":"2025-09-30T15:43:41","slug":"documentacio-convalidacions","status":"publish","type":"page","link":"https:\/\/agora.xtec.cat\/insnouvic\/documentacio-convalidacions\/","title":{"rendered":"Documentaci\u00f3 convalidacions"},"content":{"rendered":"\n<p>Cal aportar tota la documentaci\u00f3 a secretaria abans del <strong>30 d&#8217;octubre.<\/strong><\/p>\n\n\n\n<div class=\"wp-block-getwid-accordion has-icon-left\" data-active-element=\"none\">\n<div class=\"wp-block-getwid-accordion__header-wrapper\"><span class=\"wp-block-getwid-accordion__header\"><a href=\"#\"><span class=\"wp-block-getwid-accordion__header-title\">ESO<\/span><span class=\"wp-block-getwid-accordion__icon is-active\"><i class=\"fas fa-plus\"><\/i><\/span><span class=\"wp-block-getwid-accordion__icon is-passive\"><i class=\"fas fa-minus\"><\/i><\/span><\/a><\/span><\/div><div class=\"wp-block-getwid-accordion__content-wrapper\"><div class=\"wp-block-getwid-accordion__content\">\n<p><\/p>\n\n\n\n<div class=\"wp-block-getwid-accordion has-icon-left\" data-active-element=\"none\">\n<div class=\"wp-block-getwid-accordion__header-wrapper\"><span class=\"wp-block-getwid-accordion__header\"><a href=\"#\"><span class=\"wp-block-getwid-accordion__header-title\">Estudis de <strong>m\u00fasica<\/strong><\/span><span class=\"wp-block-getwid-accordion__icon is-active\"><i class=\"fas fa-plus\"><\/i><\/span><span class=\"wp-block-getwid-accordion__icon is-passive\"><i class=\"fas fa-minus\"><\/i><\/span><\/a><\/span><\/div><div class=\"wp-block-getwid-accordion__content-wrapper\"><div class=\"wp-block-getwid-accordion__content\">\n<p><strong>Alumnes que cursen estudis de m\u00fasica en un conservatori o en un centre professional<\/strong><\/p>\n\n\n\n<p>Les mat\u00e8ries que es poden convalidar s\u00f3n:<\/p>\n\n\n\n<ul class=\"wp-block-list\">\n<li>M\u00fasica (mat\u00e8ria de 1r i 2n d&#8217;ESO)<\/li>\n\n\n\n<li>Mat\u00e8ries optatives de 1r a 3r d&#8217;ESO (2 hores setmanals)<\/li>\n\n\n\n<li>Una mat\u00e8ria optativa de 4t d&#8217;ESO (4 hores setmanals m\u00e0xim)<\/li>\n<\/ul>\n\n\n\n<p>Documentaci\u00f3 que cal presentar:<\/p>\n\n\n\n<ul class=\"wp-block-list\">\n<li>\u201cSol\u00b7licitud de reducci\u00f3 de mat\u00e8ries de l&#8217;educaci\u00f3 secund\u00e0ria obligat\u00f2ria (ESO)\u00a0per als alumnes que cursen estudis\u00a0de m\u00fasica en un conservatori o en un centre professional\u201d (<a href=\"https:\/\/drive.google.com\/file\/d\/14EKffDJ96i3vOu_nlU0ceEX0q5hZmYgJ\/view?usp=sharing\" target=\"_blank\" rel=\"noreferrer noopener\"><strong>Model\u00a0<\/strong><strong>E<\/strong><strong>MU1<\/strong><\/a>).<\/li>\n\n\n\n<li>\u201dCertificat expedit pel conservatori o pel centre professional\u00a0 de m\u00fasica en qu\u00e8 s&#8217;acredita el curs que fa l&#8217;alumne\/a\u201d (<strong>Model CMU1<\/strong>).<\/li>\n<\/ul>\n\n\n\n<h6 class=\"wp-block-heading\" id=\"h.dq7a0ojzcho3_l\">Alumnes d&#8217;ESO&nbsp;que cursen estudis de m\u00fasica en una escola de m\u00fasica autoritzada<\/h6>\n\n\n\n<p>Les mat\u00e8ries que es poden convalidar&nbsp;depenen del nombre d&#8217;hores de m\u00fasica setmanals.<\/p>\n\n\n\n<p><em>Situaci\u00f3 1. Alumnes amb una dedicaci\u00f3 hor\u00e0ria a l&#8217;escola de m\u00fasica d&#8217;entre 3 i 4 hores setmanals. Se&#8217;ls poden recon\u00e8ixer les mat\u00e8ries seg\u00fcents:<\/em><\/p>\n\n\n\n<ul class=\"wp-block-list\">\n<li>Mat\u00e8ries optatives de 1r a 3r d&#8217;ESO (2 hores setmanals)<\/li>\n\n\n\n<li>Una mat\u00e8ria optativa de 4t d&#8217;ESO (m\u00e0xim 2 hores setmanals)<\/li>\n<\/ul>\n\n\n\n<p><em>Situaci\u00f3&nbsp;<\/em><em>2<\/em><em>. Alumnes amb una dedicaci\u00f3 hor\u00e0ria a l&#8217;escola de m\u00fasica&nbsp;<\/em><em>de m\u00e9s de&nbsp;<\/em><em>4 hores setmanals. Se&#8217;ls poden recon\u00e8ixer les mat\u00e8ries seg\u00fcents:<\/em><\/p>\n\n\n\n<ul class=\"wp-block-list\">\n<li>M\u00fasica (mat\u00e8ria de 1r i 2n d&#8217;ESO)<\/li>\n\n\n\n<li>Mat\u00e8ries optatives de 1r a 3r d&#8217;ESO (2 hores setmanals)<\/li>\n\n\n\n<li>Una mat\u00e8ria optativa de 4t d&#8217;ESO (4 hores setmanals m\u00e0xim)<\/li>\n<\/ul>\n\n\n\n<p>Documentaci\u00f3 que cal presentar:<\/p>\n\n\n\n<p>\u201cCertificat expedit per l&#8217;escola de m\u00fasica autoritzada en qu\u00e8 s&#8217;acredita el que fa l&#8217;alumne\/a per al reconeixement dels estudis en l&#8217;ESO&#8221;\u00a0(<strong>Model CMU<\/strong><strong>2<\/strong>).<\/p>\n\n\n\n<p>\u201cSol\u00b7licitud de reducci\u00f3 de mat\u00e8ries de\u00a0l&#8217;educaci\u00f3 secund\u00e0ria obligat\u00f2ria (ESO) per als alumnes que cursen\u00a0estudis de m\u00fasica en una escola de m\u00fasica autoritzada\u201d (<a href=\"https:\/\/drive.google.com\/file\/d\/14EKffDJ96i3vOu_nlU0ceEX0q5hZmYgJ\/view?usp=sharing\" target=\"_blank\" rel=\"noreferrer noopener\"><strong>Model\u00a0<\/strong><strong>E<\/strong><strong>MU<\/strong><strong>1<\/strong><\/a>).<\/p>\n<\/div><\/div>\n\n\n\n<div class=\"wp-block-getwid-accordion__header-wrapper\"><span class=\"wp-block-getwid-accordion__header\"><a href=\"#\"><span class=\"wp-block-getwid-accordion__header-title\">Estudis de <strong>dansa<\/strong><\/span><span class=\"wp-block-getwid-accordion__icon is-active\"><i class=\"fas fa-plus\"><\/i><\/span><span class=\"wp-block-getwid-accordion__icon is-passive\"><i class=\"fas fa-minus\"><\/i><\/span><\/a><\/span><\/div><div class=\"wp-block-getwid-accordion__content-wrapper\"><div class=\"wp-block-getwid-accordion__content\">\n<p><strong>Alumnes d&#8217;ESO\u00a0que cursen estudis de dansa en un conservatori o en un centre professional<\/strong><\/p>\n\n\n\n<p>Es poden convalidar les mat\u00e8ries seg\u00fcents:<\/p>\n\n\n\n<ul class=\"wp-block-list\">\n<li>Educaci\u00f3 F\u00edsica<\/li>\n\n\n\n<li>M\u00fasica (mat\u00e8ria a 1r i 2n d&#8217;ESO)<\/li>\n\n\n\n<li>Mat\u00e8ries optatives de 1r a 3r d&#8217;ESO (2 hores setmanals)<\/li>\n\n\n\n<li>Una mat\u00e8ria optativa de 4t d&#8217;ESO (m\u00e0xim 4 hores setmanals).<\/li>\n<\/ul>\n\n\n\n<p>Documentaci\u00f3 que cal presentar:<\/p>\n\n\n\n<ul class=\"wp-block-list\">\n<li>\u201cSol\u00b7licitud de reducci\u00f3 de mat\u00e8ries de l&#8217;educaci\u00f3 secund\u00e0ria obligat\u00f2ria (ESO) per als alumnes que cursen\u00a0estudis de dansa en un conservatori o en un centre professional\u201d (<a href=\"https:\/\/drive.google.com\/file\/d\/1n_DMvLgSlglu6B34L_CmUsYCgZimPR81\/view?usp=sharing\" target=\"_blank\" rel=\"noreferrer noopener\"><strong>model\u00a0<\/strong><strong>E<\/strong><strong>DA1<\/strong><\/a>)<\/li>\n\n\n\n<li>\u00a0\u201cCertificat expedit pel conservatori o pel centre professional de dansa en qu\u00e8 s&#8217;acredita el curs que fa l&#8217;alumne\/a\u201d (<strong>model CDA1<\/strong>).<\/li>\n<\/ul>\n\n\n\n<h6 class=\"wp-block-heading\" id=\"h.vmbsi3c52iq5_l\">Alumnes d&#8217;ESO&nbsp;que cursen estudis de dansa en una escola autoritzada<\/h6>\n\n\n\n<p>Les mat\u00e8ries es poden recon\u00e8ixer d&#8217;acord amb dues situacions diferents, segons les c\u00e0rregues hor\u00e0ries:<\/p>\n\n\n\n<p><em>Situaci\u00f3 1.&nbsp; Alumnes amb una dedicaci\u00f3 hor\u00e0ria a<\/em><em>&nbsp;l&#8217;escola de dansa d&#8217;entres 3 i 4<\/em><em>&nbsp;hores setmanals.&nbsp;<\/em><em>Se&#8217;ls poden recon\u00e8ixer les mat\u00e8ries seg\u00fcents:<\/em><\/p>\n\n\n\n<ul class=\"wp-block-list\">\n<li>Mat\u00e8ries optatives de 1r a 3r d&#8217;ESO (2 hores setmanals)<\/li>\n\n\n\n<li>Una mat\u00e8ria optativa de 4t d&#8217;ESO (m\u00e0xim 2 hores setmanals)<\/li>\n<\/ul>\n\n\n\n<p><em>Situaci\u00f3 2.&nbsp; Alumnes amb una dedicaci\u00f3 hor\u00e0ria als estudis de dansa de m\u00e9s de&nbsp;<\/em><em>7<\/em><em>&nbsp;hores setmanals.<\/em><\/p>\n\n\n\n<ul class=\"wp-block-list\">\n<li>Educaci\u00f3 F\u00edsica<\/li>\n\n\n\n<li>Mat\u00e8ries optatives de 1r a 3r d&#8217;ESO (2 hores setmanals)<\/li>\n\n\n\n<li>Una mat\u00e8ria optativa de 4t d&#8217;ESO (4 hores setmanals m\u00e0xim)<\/li>\n<\/ul>\n\n\n\n<p>Documentaci\u00f3 que cal presentar:<\/p>\n\n\n\n<p>\u201cCertificat expedit per l&#8217;escola de dansa atuoritzada en qu\u00e8 s&#8217;acredita el curs i el nombre d&#8217;hores de dedicaci\u00f3 setmanal que fa l&#8217;alumne\/a per al reconeixement de les mat\u00e8ries\u201d (<strong>model CDA2<\/strong>).<\/p>\n\n\n\n<p>\u201cSol\u00b7licitud de reducci\u00f3 de mat\u00e8ries de l&#8217;educaci\u00f3 secund\u00e0ria obligat\u00f2ria (ESO) per als alumnes que cursen estudis de dansa\u00a0en un conservatori o en un centre professional\u201d (<a href=\"https:\/\/drive.google.com\/file\/d\/1n_DMvLgSlglu6B34L_CmUsYCgZimPR81\/view?usp=sharing\" target=\"_blank\" rel=\"noreferrer noopener\"><strong>model\u00a0<\/strong><strong>E<\/strong><strong>DA<\/strong><strong>1<\/strong><\/a>)<\/p>\n<\/div><\/div>\n\n\n\n<div class=\"wp-block-getwid-accordion__header-wrapper\"><span class=\"wp-block-getwid-accordion__header\"><a href=\"#\"><span class=\"wp-block-getwid-accordion__header-title\">Pr\u00e0ctica intensiva d&#8217;un <strong>esport<\/strong><\/span><span class=\"wp-block-getwid-accordion__icon is-active\"><i class=\"fas fa-plus\"><\/i><\/span><span class=\"wp-block-getwid-accordion__icon is-passive\"><i class=\"fas fa-minus\"><\/i><\/span><\/a><\/span><\/div><div class=\"wp-block-getwid-accordion__content-wrapper\"><div class=\"wp-block-getwid-accordion__content\">\n<p>Alumnes d&#8217;ESO&nbsp;amb dedicaci\u00f3 significativa a l&#8217;esport<\/p>\n\n\n\n<p>Els i les alumnes amb dedicaci\u00f3 significativa a l\u2019esport, avalada pel&nbsp;<strong>Consell Catal\u00e0 de l\u2019Esport&nbsp;<\/strong>i matriculats en centres que no pertanyen a la xarxa de centres educatius d\u2019especial atenci\u00f3 a la pr\u00e0ctica esportiva, poden sol\u00b7licitar al director o directora del centre educatiu, durant el primer trimestre del curs, que&nbsp;els reconeguin la mat\u00e8ria d&#8217;Educaci\u00f3 F\u00edsica.&nbsp;<\/p>\n\n\n\n<p>Documentaci\u00f3 que cal aportar:<\/p>\n\n\n\n<p>Certificat del\u00a0<a href=\"https:\/\/web.gencat.cat\/ca\/adreces-i-telefons\/detall\/index.html?codInf=2570\" target=\"_blank\" rel=\"noreferrer noopener\">Consell Catal\u00e0 de l\u2019Esport<\/a>. Els alumnes han d\u2019obtenir aquest certificat quan figurin en el programa de tecnificaci\u00f3 (ARC) de la federaci\u00f3 catalana corresponent.<\/p>\n\n\n\n<p>Sol\u00b7licitud signada per l\u2019alumne, o pel pare, la mare o el tutor o tutora legal de l\u2019alumne si \u00e9s menor d\u2019edat. (<a href=\"https:\/\/drive.google.com\/file\/d\/1HE0SRs7MPbxDBrAj4KqIZ8T9p6NcZIXR\/view?usp=sharing\" target=\"_blank\" rel=\"noreferrer noopener\">Model Sol\u00b7licitud<\/a>)<\/p>\n<\/div><\/div>\n<\/div>\n<\/div><\/div>\n\n\n\n<div class=\"wp-block-getwid-accordion__header-wrapper\"><span class=\"wp-block-getwid-accordion__header\"><a href=\"#\"><span class=\"wp-block-getwid-accordion__header-title\">Batxillerat<\/span><span class=\"wp-block-getwid-accordion__icon is-active\"><i class=\"fas fa-plus\"><\/i><\/span><span class=\"wp-block-getwid-accordion__icon is-passive\"><i class=\"fas fa-minus\"><\/i><\/span><\/a><\/span><\/div><div class=\"wp-block-getwid-accordion__content-wrapper\"><div class=\"wp-block-getwid-accordion__content\">\n<p><\/p>\n\n\n\n<div class=\"wp-block-getwid-accordion has-icon-left\" data-active-element=\"none\">\n<div class=\"wp-block-getwid-accordion__header-wrapper\"><span class=\"wp-block-getwid-accordion__header\"><a href=\"#\"><span class=\"wp-block-getwid-accordion__header-title\">Estudis de <strong>m\u00fasica<\/strong><\/span><span class=\"wp-block-getwid-accordion__icon is-active\"><i class=\"fas fa-plus\"><\/i><\/span><span class=\"wp-block-getwid-accordion__icon is-passive\"><i class=\"fas fa-minus\"><\/i><\/span><\/a><\/span><\/div><div class=\"wp-block-getwid-accordion__content-wrapper\"><div class=\"wp-block-getwid-accordion__content\">\n<p>Les mat\u00e8ries que es poden convalidar s\u00f3n les de la franja d&#8217;optatives fins a un m\u00e0xim de 6 hores setmanals a primer de batxillerat (que poden ser de qualsevol de les tres franges optatives i que tenen car\u00e0cter anual) i fins a un m\u00e0xim de 4 hores setmanals a segon de batxillerat.<\/p>\n\n\n\n<h6 class=\"wp-block-heading\" id=\"h.2izp7hx4rp4o_l\">Alumnes que cursen estudis de m\u00fasica en un conservatori o en un centre professional<\/h6>\n\n\n\n<p>Documentaci\u00f3 que cal presentar:<\/p>\n\n\n\n<ul class=\"wp-block-list\">\n<li>\u201cSol\u00b7licitud de reducci\u00f3 de mat\u00e8ries de la franja d&#8217;espec\u00edfiques de batxillerat basant-se en estudis de m\u00fasica en un conservatori o en un centre professional\u201d (<a href=\"https:\/\/drive.google.com\/file\/d\/1BLlkGe-nOReuOAbcgjTJQr-xG6RxKqYn\/view?usp=sharing\" target=\"_blank\" rel=\"noreferrer noopener\"><strong>Model BMU1<\/strong><\/a>).<\/li>\n\n\n\n<li>\u201dCertificat expedit pel conservatori o pel centre professional de m\u00fasica en qu\u00e8 s&#8217;acredita el curs que fa l&#8217;alumne\/a\u201d (<strong>Model CMU1<\/strong>).<\/li>\n<\/ul>\n\n\n\n<h6 class=\"wp-block-heading\" id=\"h.k8840vka22ne_l\">Alumnes de batxillerat que cursen estudis de m\u00fasica en una escola de m\u00fasica autoritzada<\/h6>\n\n\n\n<p>Per poder sol\u00b7licitar el reconeixement de mat\u00e8ries de batxillerat cal complir els requisits seg\u00fcents:<\/p>\n\n\n\n<ul class=\"wp-block-list\">\n<li>Cursar ensenyaments en alguna de les escoles de m\u00fasica autoritzades, que es poden consultar al\u00a0<a href=\"http:\/\/mapaescolar.gencat.cat\/\" target=\"_blank\" rel=\"noreferrer noopener\">Mapa escolar del web del Departament<\/a>.<\/li>\n\n\n\n<li>Haver superat la prova d&#8217;acc\u00e9s als ensenyaments de grau professional de m\u00fasica en un conservatori o en un centre professional<\/li>\n\n\n\n<li>Cursar estudis de m\u00fasica que inclouen, com a m\u00ednim, Llenguatge Musical o Harmonia, Instrument i Pr\u00e0ctica Instrumental en Grup.<\/li>\n\n\n\n<li>Una dedicaci\u00f3 hor\u00e0ria a l&#8217;escola de m\u00fasica de 4 hores setmanals o m\u00e9s.<\/li>\n<\/ul>\n\n\n\n<p>Documentaci\u00f3 que cal presentar:<\/p>\n\n\n\n<p>\u201cCertificat expedit per l&#8217;escola de m\u00fasica autoritzada per tal que l&#8217;alumne\/a pugui acollir-se al reconeixement amb reducci\u00f3 de mat\u00e8ries de batxillerat de la franja d&#8217;espec\u00edfiques\u201d (<strong>Model CMU3<\/strong>).<\/p>\n\n\n\n<p>\u201cSol\u00b7licitud de reducci\u00f3 de mat\u00e8ries de batxillerat basant-se en estudis de m\u00fasica en una escola de m\u00fasica autoritzada\u201d (<a href=\"https:\/\/drive.google.com\/file\/d\/1JvXJojVwqAp09gzoZV9Fg6NBAEmo27Zh\/view?usp=sharing\" target=\"_blank\" rel=\"noreferrer noopener\"><strong>Model BMU3<\/strong><\/a>).<\/p>\n<\/div><\/div>\n\n\n\n<div class=\"wp-block-getwid-accordion__header-wrapper\"><span class=\"wp-block-getwid-accordion__header\"><a href=\"#\"><span class=\"wp-block-getwid-accordion__header-title\">Estudis de <strong>dansa<\/strong><\/span><span class=\"wp-block-getwid-accordion__icon is-active\"><i class=\"fas fa-plus\"><\/i><\/span><span class=\"wp-block-getwid-accordion__icon is-passive\"><i class=\"fas fa-minus\"><\/i><\/span><\/a><\/span><\/div><div class=\"wp-block-getwid-accordion__content-wrapper\"><div class=\"wp-block-getwid-accordion__content\">\n<p><strong>Alumnes de Batxillerat que cursen estudis de dansa en un conservatori o en un centre professional<\/strong><\/p>\n\n\n\n<p>Es poden convalidar les mat\u00e8ries seg\u00fcents:<\/p>\n\n\n\n<ul class=\"wp-block-list\">\n<li>Educaci\u00f3 F\u00edsica<\/li>\n\n\n\n<li>Mat\u00e8ries de la franja d&#8217;optatives fins a un m\u00e0xim de 6 hores setmanals a primer de batxillerat, i fins a un m\u00e0xim de 4 hores setmanals a segon de batxillerat.<\/li>\n<\/ul>\n\n\n\n<p>Documentaci\u00f3 que cal presentar:<\/p>\n\n\n\n<ul class=\"wp-block-list\">\n<li>\u201cSol\u00b7licitud de reducci\u00f3 de mat\u00e8ries de la franja d&#8217;espec\u00edfiques i\/o del&#8217;educaci\u00f3 f\u00edsica de batxillerat basant-se en estudis de dansa en un conservatori o en un centre professional\u201d (<a href=\"https:\/\/drive.google.com\/file\/d\/1M45G2AfIObZgzSAUwxvzGuCFUaZ0uEbP\/view?usp=sharing\" target=\"_blank\" rel=\"noreferrer noopener\"><strong>model BDA1<\/strong><\/a>)<\/li>\n\n\n\n<li>\u00a0\u201cCertificat expedit pel conservatori o pel centre professional de dansa en qu\u00e8 s&#8217;acredita el curs que fa l&#8217;alumne\/a\u201d (<strong>model CDA1<\/strong>).<\/li>\n<\/ul>\n\n\n\n<h6 class=\"wp-block-heading\" id=\"h.1w8r66ge8n2q_l\">Alumnes de Batxillerat que cursen estudis de dansa en una escola autoritzada<\/h6>\n\n\n\n<p>Les mat\u00e8ries es poden recon\u00e8ixer d&#8217;acord amb dues situacions diferents, segons les c\u00e0rregues hor\u00e0ries:<\/p>\n\n\n\n<p><em>Situaci\u00f3 1.&nbsp; Alumnes amb una dedicaci\u00f3 hor\u00e0ria als estudis de dansa d&#8217;entre 7 i 10 hores setmanals<\/em><\/p>\n\n\n\n<p>Requisits: per poder sol\u00b7licitar el reconeixement cal cursar ensenyaments en escoles de dansa autoritzades (es poden consultar al&nbsp;<a href=\"http:\/\/mapaescolar.gencat.cat\/\" target=\"_blank\" rel=\"noreferrer noopener\">Mapa escolar del web del Departament<\/a>).<\/p>\n\n\n\n<p>Mat\u00e8ria que es pot recon\u00e8ixer: Educaci\u00f3 F\u00edsica.<\/p>\n\n\n\n<p><em>Situaci\u00f3&nbsp;<\/em><em>2<\/em><em>.&nbsp; Alumnes amb una dedicaci\u00f3 hor\u00e0ria als estudis de dansa&nbsp;<\/em><em>de m\u00e9s de&nbsp;<\/em><em>10 hores setmanals<\/em><\/p>\n\n\n\n<p>Requisits: per poder sol\u00b7licitar el reconeixement:<\/p>\n\n\n\n<ul class=\"wp-block-list\">\n<li>Cursar ensenyaments en escoles de dansa autoritzades (es poden consultar al\u00a0<a href=\"http:\/\/mapaescolar.gencat.cat\/\" target=\"_blank\" rel=\"noreferrer noopener\">Mapa escolar del web del Departament<\/a>).\u00a0<\/li>\n\n\n\n<li>Haver superat la prova d&#8217;acc\u00e9s als ensenyaments de grau professional de dansa en un conservatori o en un centre professional.<\/li>\n\n\n\n<li>Cursar ensenyaments de dansa que inclouen, com a m\u00ednim, Dansa Cl\u00e0ssica, T\u00e8cniques de Dansa Contempor\u00e0nia o Dansa Espanyola i continguts de m\u00fasica<\/li>\n<\/ul>\n\n\n\n<p>Mat\u00e8ria que es pot recon\u00e8ixer: Educaci\u00f3 F\u00edsica, i mat\u00e8ries de&nbsp; franja d&#8217;optatives fins a un m\u00e0xim de 6 hores setmanals a primer de batxillerat, i fins a un m\u00e0xim de 4 hores setmanals a segon de batxillerat.<\/p>\n\n\n\n<p>Documentaci\u00f3 que cal presentar:<\/p>\n\n\n\n<p>\u201cCertificat expedit per l&#8217;escola de dansa atuoritzada per tal que l&#8217;alumne\/a pugui acollir-se al reconeixement amb reducci\u00f3 de mat\u00e8ries de batxillerat de la franja d&#8217;optatives i\/o de l&#8217;educaci\u00f3 f\u00edsica\u201d (<strong>model CDA3<\/strong>).<\/p>\n\n\n\n<p>\u201cSol\u00b7licitud de reducci\u00f3 de mat\u00e8ries de la franja d&#8217;espec\u00edfiques i\/o del&#8217;educaci\u00f3 f\u00edsica de batxillerat basant-se en estudis de dansa en un conservatori o en un centre professional\u201d (<a href=\"https:\/\/drive.google.com\/file\/d\/1rcNgLR1MSQvW2moCD0isFb4iylSvNWZW\/view?usp=sharing\" target=\"_blank\" rel=\"noreferrer noopener\"><strong>model BDA3<\/strong><\/a>)<\/p>\n<\/div><\/div>\n\n\n\n<div class=\"wp-block-getwid-accordion__header-wrapper\"><span class=\"wp-block-getwid-accordion__header\"><a href=\"#\"><span class=\"wp-block-getwid-accordion__header-title\">Pr\u00e0ctica intensiva <strong>d&#8217;un esport<\/strong><\/span><span class=\"wp-block-getwid-accordion__icon is-active\"><i class=\"fas fa-plus\"><\/i><\/span><span class=\"wp-block-getwid-accordion__icon is-passive\"><i class=\"fas fa-minus\"><\/i><\/span><\/a><\/span><\/div><div class=\"wp-block-getwid-accordion__content-wrapper\"><div class=\"wp-block-getwid-accordion__content\">\n<p><strong>Alumnes de Batxillerat\u00a0amb dedicaci\u00f3 significativa a l&#8217;esport<\/strong><\/p>\n\n\n\n<p>Els i les alumnes amb dedicaci\u00f3 significativa a l\u2019esport, avalada pel&nbsp;<strong>Consell Catal\u00e0 de l\u2019Esport&nbsp;<\/strong>i matriculats en centres que no pertanyen a la xarxa de centres educatius d\u2019especial atenci\u00f3 a la pr\u00e0ctica esportiva, poden sol\u00b7licitar al director o directora del centre educatiu, durant el primer trimestre del curs, que se\u2019ls apliqui un pla de suport individulatizat (PSI) que inclogui el reconeixement de la mat\u00e8ria d\u2019Educaci\u00f3 F\u00edsica, de dues franges de les mat\u00e8ries optatives de primer (6 hores) i de la franja de mat\u00e8ries optatives de segon (4 hores). Cal tenir en compte que si al 2n curs no es cursen mat\u00e8ries optatives, es pot convalidar una de les mat\u00e8ries de modalitat.&nbsp;<\/p>\n\n\n\n<p>Documentaci\u00f3 que cal aportar:<\/p>\n\n\n\n<p>Certificat del\u00a0<a href=\"https:\/\/web.gencat.cat\/ca\/adreces-i-telefons\/detall\/index.html?codInf=2570\" target=\"_blank\" rel=\"noreferrer noopener\">Consell Catal\u00e0 de l\u2019Esport<\/a>. Els alumnes han d\u2019obtenir aquest certificat quan figurin en el programa de tecnificaci\u00f3 (ARC) de la federaci\u00f3 catalana corresponent.<\/p>\n\n\n\n<p>Sol\u00b7licitud signada per l\u2019alumne, o pel pare, la mare o el tutor o tutora legal de l\u2019alumne si \u00e9s menor d\u2019edat. (<a href=\"https:\/\/documents.espai.educacio.gencat.cat\/FormularisModels\/CentresGestioAcademica\/A1500.pdf\" target=\"_blank\" rel=\"noreferrer noopener\">Model Sol\u00b7licitud<\/a>)<\/p>\n<\/div><\/div>\n<\/div>\n<\/div><\/div>\n<\/div>\n","protected":false},"excerpt":{"rendered":"<p>Cal aportar tota la documentaci\u00f3 a secretaria abans del 30 d&#8217;octubre.<\/p>\n","protected":false},"author":1,"featured_media":0,"parent":0,"menu_order":0,"comment_status":"closed","ping_status":"close","template":"","meta":{"site-sidebar-layout":"default","site-content-layout":"","ast-site-content-layout":"default","site-content-style":"default","site-sidebar-style":"default","ast-global-header-display":"","ast-banner-title-visibility":"","ast-main-header-display":"","ast-hfb-above-header-display":"","ast-hfb-below-header-display":"","ast-hfb-mobile-header-display":"","site-post-title":"","ast-breadcrumbs-content":"","ast-featured-img":"","footer-sml-layout":"","theme-transparent-header-meta":"","adv-header-id-meta":"","stick-header-meta":"","header-above-stick-meta":"","header-main-stick-meta":"","header-below-stick-meta":"","astra-migrate-meta-layouts":"set","ast-page-background-enabled":"default","ast-page-background-meta":{"desktop":{"background-color":"var(--ast-global-color-4)","background-image":"","background-repeat":"repeat","background-position":"center center","background-size":"auto","background-attachment":"scroll","background-type":"","background-media":"","overlay-type":"","overlay-color":"","overlay-opacity":"","overlay-gradient":""},"tablet":{"background-color":"","background-image":"","background-repeat":"repeat","background-position":"center center","background-size":"auto","background-attachment":"scroll","background-type":"","background-media":"","overlay-type":"","overlay-color":"","overlay-opacity":"","overlay-gradient":""},"mobile":{"background-color":"","background-image":"","background-repeat":"repeat","background-position":"center center","background-size":"auto","background-attachment":"scroll","background-type":"","background-media":"","overlay-type":"","overlay-color":"","overlay-opacity":"","overlay-gradient":""}},"ast-content-background-meta":{"desktop":{"background-color":"var(--ast-global-color-5)","background-image":"","background-repeat":"repeat","background-position":"center center","background-size":"auto","background-attachment":"scroll","background-type":"","background-media":"","overlay-type":"","overlay-color":"","overlay-opacity":"","overlay-gradient":""},"tablet":{"background-color":"var(--ast-global-color-5)","background-image":"","background-repeat":"repeat","background-position":"center center","background-size":"auto","background-attachment":"scroll","background-type":"","background-media":"","overlay-type":"","overlay-color":"","overlay-opacity":"","overlay-gradient":""},"mobile":{"background-color":"var(--ast-global-color-5)","background-image":"","background-repeat":"repeat","background-position":"center center","background-size":"auto","background-attachment":"scroll","background-type":"","background-media":"","overlay-type":"","overlay-color":"","overlay-opacity":"","overlay-gradient":""}},"footnotes":""},"class_list":["post-813","page","type-page","status-publish","hentry"],"post_mailing_queue_ids":[],"_links":{"self":[{"href":"https:\/\/agora.xtec.cat\/insnouvic\/wp-json\/wp\/v2\/pages\/813","targetHints":{"allow":["GET"]}}],"collection":[{"href":"https:\/\/agora.xtec.cat\/insnouvic\/wp-json\/wp\/v2\/pages"}],"about":[{"href":"https:\/\/agora.xtec.cat\/insnouvic\/wp-json\/wp\/v2\/types\/page"}],"author":[{"embeddable":true,"href":"https:\/\/agora.xtec.cat\/insnouvic\/wp-json\/wp\/v2\/users\/1"}],"replies":[{"embeddable":true,"href":"https:\/\/agora.xtec.cat\/insnouvic\/wp-json\/wp\/v2\/comments?post=813"}],"version-history":[{"count":6,"href":"https:\/\/agora.xtec.cat\/insnouvic\/wp-json\/wp\/v2\/pages\/813\/revisions"}],"predecessor-version":[{"id":825,"href":"https:\/\/agora.xtec.cat\/insnouvic\/wp-json\/wp\/v2\/pages\/813\/revisions\/825"}],"wp:attachment":[{"href":"https:\/\/agora.xtec.cat\/insnouvic\/wp-json\/wp\/v2\/media?parent=813"}],"curies":[{"name":"wp","href":"https:\/\/api.w.org\/{rel}","templated":true}]}}