{"id":81,"date":"2014-09-18T10:38:05","date_gmt":"2014-09-18T10:38:05","guid":{"rendered":"http:\/\/agora.xtec.cat\/insnouvic\/?page_id=81"},"modified":"2026-04-14T10:41:22","modified_gmt":"2026-04-14T08:41:22","slug":"secretaria","status":"publish","type":"page","link":"https:\/\/agora.xtec.cat\/insnouvic\/secretaria\/","title":{"rendered":"Secretaria"},"content":{"rendered":"\n<p><\/p>\n\n\n\n<ul class=\"wp-block-list\">\n<li><a href=\"https:\/\/agora.xtec.cat\/insnouvic\/preinscripcio-i-matricula-de-batxillerat\/\" data-type=\"page\" data-id=\"1249\">Preinscripci\u00f3 i Matr\u00edcula de Batxillerat ordinari<\/a><\/li>\n\n\n\n<li><a href=\"https:\/\/agora.xtec.cat\/insnouvic\/preinscripcio-i-matricula-de-batxillerat-combinat-amb-ensenyaments-esportius\/\" data-type=\"page\" data-id=\"1244\">Preinscripci\u00f3 i Matr\u00edcula de Batxillerat combinat amb Ensenyaments Esportius\u00a0<\/a><\/li>\n\n\n\n<li><a href=\"https:\/\/agora.xtec.cat\/insnouvic\/proves-dacces-a-cfgm\/\" data-type=\"page\" data-id=\"1212\">Proves d\u2019acc\u00e9s\u00a0a CFGM<\/a><\/li>\n\n\n\n<li><a href=\"https:\/\/agora.xtec.cat\/insnouvic\/preinscripcio-deso\/\" data-type=\"page\" data-id=\"1130\">Preinscripci\u00f3 i matr\u00edcula d\u2019ESO<\/a><\/li>\n\n\n\n<li><a href=\"https:\/\/agora.xtec.cat\/insnouvic\/wp-content\/uploads\/usu3596\/2025\/09\/Permis-per-a-menors-dedat-al-dret-de-reunio-v01.pdf\" data-type=\"attachment\" data-id=\"799\">Perm\u00eds per a menors d&#8217;edat per al dret a reuni\u00f3 (inassist\u00e8ncia col\u00b7lectiva)<\/a><\/li>\n\n\n\n<li><a href=\"https:\/\/agora.xtec.cat\/insnouvic\/documentacio\/\" data-type=\"page\" data-id=\"796\">Comunicat d&#8217;inassist\u00e8ncia col\u00b7lectiva (grup classe)<\/a><\/li>\n<\/ul>\n\n\n\n<p><\/p>\n","protected":false},"excerpt":{"rendered":"","protected":false},"author":1,"featured_media":0,"parent":0,"menu_order":0,"comment_status":"closed","ping_status":"closed","template":"","meta":{"site-sidebar-layout":"no-sidebar","site-content-layout":"","ast-site-content-layout":"default","site-content-style":"default","site-sidebar-style":"default","ast-global-header-display":"","ast-banner-title-visibility":"","ast-main-header-display":"","ast-hfb-above-header-display":"","ast-hfb-below-header-display":"","ast-hfb-mobile-header-display":"","site-post-title":"","ast-breadcrumbs-content":"","ast-featured-img":"","footer-sml-layout":"","theme-transparent-header-meta":"","adv-header-id-meta":"","stick-header-meta":"","header-above-stick-meta":"","header-main-stick-meta":"","header-below-stick-meta":"","astra-migrate-meta-layouts":"set","ast-page-background-enabled":"default","ast-page-background-meta":{"desktop":{"background-color":"var(--ast-global-color-4)","background-image":"","background-repeat":"repeat","background-position":"center center","background-size":"auto","background-attachment":"scroll","background-type":"","background-media":"","overlay-type":"","overlay-color":"","overlay-opacity":"","overlay-gradient":""},"tablet":{"background-color":"","background-image":"","background-repeat":"repeat","background-position":"center center","background-size":"auto","background-attachment":"scroll","background-type":"","background-media":"","overlay-type":"","overlay-color":"","overlay-opacity":"","overlay-gradient":""},"mobile":{"background-color":"","background-image":"","background-repeat":"repeat","background-position":"center center","background-size":"auto","background-attachment":"scroll","background-type":"","background-media":"","overlay-type":"","overlay-color":"","overlay-opacity":"","overlay-gradient":""}},"ast-content-background-meta":{"desktop":{"background-color":"var(--ast-global-color-5)","background-image":"","background-repeat":"repeat","background-position":"center center","background-size":"auto","background-attachment":"scroll","background-type":"","background-media":"","overlay-type":"","overlay-color":"","overlay-opacity":"","overlay-gradient":""},"tablet":{"background-color":"var(--ast-global-color-5)","background-image":"","background-repeat":"repeat","background-position":"center center","background-size":"auto","background-attachment":"scroll","background-type":"","background-media":"","overlay-type":"","overlay-color":"","overlay-opacity":"","overlay-gradient":""},"mobile":{"background-color":"var(--ast-global-color-5)","background-image":"","background-repeat":"repeat","background-position":"center center","background-size":"auto","background-attachment":"scroll","background-type":"","background-media":"","overlay-type":"","overlay-color":"","overlay-opacity":"","overlay-gradient":""}},"footnotes":""},"class_list":["post-81","page","type-page","status-publish","hentry"],"post_mailing_queue_ids":[],"_links":{"self":[{"href":"https:\/\/agora.xtec.cat\/insnouvic\/wp-json\/wp\/v2\/pages\/81","targetHints":{"allow":["GET"]}}],"collection":[{"href":"https:\/\/agora.xtec.cat\/insnouvic\/wp-json\/wp\/v2\/pages"}],"about":[{"href":"https:\/\/agora.xtec.cat\/insnouvic\/wp-json\/wp\/v2\/types\/page"}],"author":[{"embeddable":true,"href":"https:\/\/agora.xtec.cat\/insnouvic\/wp-json\/wp\/v2\/users\/1"}],"replies":[{"embeddable":true,"href":"https:\/\/agora.xtec.cat\/insnouvic\/wp-json\/wp\/v2\/comments?post=81"}],"version-history":[{"count":6,"href":"https:\/\/agora.xtec.cat\/insnouvic\/wp-json\/wp\/v2\/pages\/81\/revisions"}],"predecessor-version":[{"id":1264,"href":"https:\/\/agora.xtec.cat\/insnouvic\/wp-json\/wp\/v2\/pages\/81\/revisions\/1264"}],"wp:attachment":[{"href":"https:\/\/agora.xtec.cat\/insnouvic\/wp-json\/wp\/v2\/media?parent=81"}],"curies":[{"name":"wp","href":"https:\/\/api.w.org\/{rel}","templated":true}]}}