{"id":796,"date":"2025-09-29T15:42:43","date_gmt":"2025-09-29T13:42:43","guid":{"rendered":"https:\/\/agora.xtec.cat\/insnouvic\/?page_id=796"},"modified":"2025-11-10T10:27:07","modified_gmt":"2025-11-10T09:27:07","slug":"documentacio","status":"publish","type":"page","link":"https:\/\/agora.xtec.cat\/insnouvic\/documentacio\/","title":{"rendered":"Documentaci\u00f3 inassist\u00e8ncia col\u00b7lectiva"},"content":{"rendered":"\n<details class=\"wp-block-details is-layout-flow wp-block-details-is-layout-flow\"><summary>Perm\u00eds per a menors d&#8217;edat per al dret a reuni\u00f3 (inassist\u00e8ncia col\u00b7lectiva)<\/summary>\n<div class=\"wp-block-group is-layout-constrained wp-block-group-is-layout-constrained\">\n<div data-wp-interactive=\"core\/file\" class=\"wp-block-file\"><object data-wp-bind--hidden=\"!state.hasPdfPreview\" hidden class=\"wp-block-file__embed\" data=\"https:\/\/agora.xtec.cat\/insnouvic\/wp-content\/uploads\/usu3596\/2025\/11\/Permis-per-a-menors-dedat-al-dret-de-reunio-v02.pdf\" type=\"application\/pdf\" style=\"width:100%;height:600px\" aria-label=\"Incrustaci\u00f3 del fitxer Perm\u00eds per a menors d&#039;edat al dret de reuni\u00f3 v02.\"><\/object><a id=\"wp-block-file--media-74c50f33-6dc1-4469-8a19-c7f6039d40d5\" href=\"https:\/\/agora.xtec.cat\/insnouvic\/wp-content\/uploads\/usu3596\/2025\/11\/Permis-per-a-menors-dedat-al-dret-de-reunio-v02.pdf\">Perm\u00eds per a menors d&#8217;edat al dret de reuni\u00f3 v02<\/a><a href=\"https:\/\/agora.xtec.cat\/insnouvic\/wp-content\/uploads\/usu3596\/2025\/11\/Permis-per-a-menors-dedat-al-dret-de-reunio-v02.pdf\" class=\"wp-block-file__button wp-element-button\" download aria-describedby=\"wp-block-file--media-74c50f33-6dc1-4469-8a19-c7f6039d40d5\">Baixa<\/a><\/div>\n<\/div>\n<\/details>\n\n\n\n<p><\/p>\n\n\n\n<details class=\"wp-block-details is-layout-flow wp-block-details-is-layout-flow\"><summary>Comunicat d&#8217;inassist\u00e8ncia col\u00b7lectiva (grup classe)<\/summary>\n<div data-wp-interactive=\"core\/file\" class=\"wp-block-file\"><object data-wp-bind--hidden=\"!state.hasPdfPreview\" hidden class=\"wp-block-file__embed\" data=\"https:\/\/agora.xtec.cat\/insnouvic\/wp-content\/uploads\/usu3596\/2025\/11\/Comunicat-dinassistencia-col.lectiva-v01-2.pdf\" type=\"application\/pdf\" style=\"width:100%;height:600px\" aria-label=\"Incrustaci\u00f3 del fitxer Comunicat d&#039;inassist\u00e8ncia col.lectiva v01 (2).\"><\/object><a id=\"wp-block-file--media-94013847-bfc0-4f02-b80a-3b1b00b1c297\" href=\"https:\/\/agora.xtec.cat\/insnouvic\/wp-content\/uploads\/usu3596\/2025\/11\/Comunicat-dinassistencia-col.lectiva-v01-2.pdf\">Comunicat d&#8217;inassist\u00e8ncia col.lectiva v01 (2)<\/a><a href=\"https:\/\/agora.xtec.cat\/insnouvic\/wp-content\/uploads\/usu3596\/2025\/11\/Comunicat-dinassistencia-col.lectiva-v01-2.pdf\" class=\"wp-block-file__button wp-element-button\" download aria-describedby=\"wp-block-file--media-94013847-bfc0-4f02-b80a-3b1b00b1c297\">Baixa<\/a><\/div>\n<\/details>\n","protected":false},"excerpt":{"rendered":"","protected":false},"author":1,"featured_media":0,"parent":0,"menu_order":0,"comment_status":"closed","ping_status":"close","template":"","meta":{"site-sidebar-layout":"default","site-content-layout":"","ast-site-content-layout":"default","site-content-style":"default","site-sidebar-style":"default","ast-global-header-display":"","ast-banner-title-visibility":"","ast-main-header-display":"","ast-hfb-above-header-display":"","ast-hfb-below-header-display":"","ast-hfb-mobile-header-display":"","site-post-title":"","ast-breadcrumbs-content":"","ast-featured-img":"","footer-sml-layout":"","theme-transparent-header-meta":"","adv-header-id-meta":"","stick-header-meta":"","header-above-stick-meta":"","header-main-stick-meta":"","header-below-stick-meta":"","astra-migrate-meta-layouts":"set","ast-page-background-enabled":"default","ast-page-background-meta":{"desktop":{"background-color":"var(--ast-global-color-4)","background-image":"","background-repeat":"repeat","background-position":"center center","background-size":"auto","background-attachment":"scroll","background-type":"","background-media":"","overlay-type":"","overlay-color":"","overlay-opacity":"","overlay-gradient":""},"tablet":{"background-color":"","background-image":"","background-repeat":"repeat","background-position":"center center","background-size":"auto","background-attachment":"scroll","background-type":"","background-media":"","overlay-type":"","overlay-color":"","overlay-opacity":"","overlay-gradient":""},"mobile":{"background-color":"","background-image":"","background-repeat":"repeat","background-position":"center center","background-size":"auto","background-attachment":"scroll","background-type":"","background-media":"","overlay-type":"","overlay-color":"","overlay-opacity":"","overlay-gradient":""}},"ast-content-background-meta":{"desktop":{"background-color":"var(--ast-global-color-5)","background-image":"","background-repeat":"repeat","background-position":"center center","background-size":"auto","background-attachment":"scroll","background-type":"","background-media":"","overlay-type":"","overlay-color":"","overlay-opacity":"","overlay-gradient":""},"tablet":{"background-color":"var(--ast-global-color-5)","background-image":"","background-repeat":"repeat","background-position":"center center","background-size":"auto","background-attachment":"scroll","background-type":"","background-media":"","overlay-type":"","overlay-color":"","overlay-opacity":"","overlay-gradient":""},"mobile":{"background-color":"var(--ast-global-color-5)","background-image":"","background-repeat":"repeat","background-position":"center center","background-size":"auto","background-attachment":"scroll","background-type":"","background-media":"","overlay-type":"","overlay-color":"","overlay-opacity":"","overlay-gradient":""}},"footnotes":""},"class_list":["post-796","page","type-page","status-publish","hentry"],"post_mailing_queue_ids":[],"_links":{"self":[{"href":"https:\/\/agora.xtec.cat\/insnouvic\/wp-json\/wp\/v2\/pages\/796","targetHints":{"allow":["GET"]}}],"collection":[{"href":"https:\/\/agora.xtec.cat\/insnouvic\/wp-json\/wp\/v2\/pages"}],"about":[{"href":"https:\/\/agora.xtec.cat\/insnouvic\/wp-json\/wp\/v2\/types\/page"}],"author":[{"embeddable":true,"href":"https:\/\/agora.xtec.cat\/insnouvic\/wp-json\/wp\/v2\/users\/1"}],"replies":[{"embeddable":true,"href":"https:\/\/agora.xtec.cat\/insnouvic\/wp-json\/wp\/v2\/comments?post=796"}],"version-history":[{"count":6,"href":"https:\/\/agora.xtec.cat\/insnouvic\/wp-json\/wp\/v2\/pages\/796\/revisions"}],"predecessor-version":[{"id":936,"href":"https:\/\/agora.xtec.cat\/insnouvic\/wp-json\/wp\/v2\/pages\/796\/revisions\/936"}],"wp:attachment":[{"href":"https:\/\/agora.xtec.cat\/insnouvic\/wp-json\/wp\/v2\/media?parent=796"}],"curies":[{"name":"wp","href":"https:\/\/api.w.org\/{rel}","templated":true}]}}