{"id":617,"date":"2024-12-23T15:31:24","date_gmt":"2024-12-23T14:31:24","guid":{"rendered":"https:\/\/agora.xtec.cat\/insnouvic\/?page_id=617"},"modified":"2025-09-16T10:46:45","modified_gmt":"2025-09-16T08:46:45","slug":"projecte-2","status":"publish","type":"page","link":"https:\/\/agora.xtec.cat\/insnouvic\/projecte-educatiu\/projecte-2\/","title":{"rendered":"El nostre projecte educatiu"},"content":{"rendered":"\n<p>Creiem en una educaci\u00f3 integral que fomenti el desenvolupament acad\u00e8mic, personal i social dels nostres estudiants. El nostre projecte educatiu es fonamenta en tres pilars fonamentals: la missi\u00f3, la visi\u00f3 i els valors que guien la nostra tasca educativa.<\/p>\n\n\n\n<h5 class=\"wp-block-heading\">Missi\u00f3<\/h5>\n\n\n\n<p>Formar, bastir i acompanyar el nostre alumnat en el seu proc\u00e9s de creixement acad\u00e8mic i personal perqu\u00e8 desenvolupi les seves potencialitats i contribueixi de manera activa en la construcci\u00f3 d\u2019una societat m\u00e9s igualit\u00e0ria i m\u00e9s lliure a trav\u00e9s del coneixement, l\u2019empatia i la solidaritat.<\/p>\n\n\n\n<h5 class=\"wp-block-heading\">Visi\u00f3<\/h5>\n\n\n\n<p>Esdevenir un centre que potencia el creixement acad\u00e8mic i personal de l\u2019alumnat i que es fonamenta en tres pilars b\u00e0sics:<\/p>\n\n\n\n<ul class=\"wp-block-list\">\n<li><strong>Igualtat d\u2019oportunitats<\/strong>: Garantir que tots els estudiants tinguin acc\u00e9s a una educaci\u00f3 de qualitat, independentment del seu origen o situaci\u00f3 personal.<\/li>\n\n\n\n<li><strong>Excel\u00b7l\u00e8ncia educativa<\/strong>: Oferir una formaci\u00f3 rigorosa i actualitzada que permeti als alumnes assolir els seus objectius acad\u00e8mics i professionals.<\/li>\n\n\n\n<li><strong>Internacionalitzaci\u00f3<\/strong>: Obrir els nostres estudiants a una visi\u00f3 global, fomentant la mobilitat i el coneixement d&#8217;altres cultures a trav\u00e9s de programes d&#8217;intercanvi i col\u00b7laboracions internacionals.<\/li>\n<\/ul>\n\n\n\n<p>Aquests pilars es concreten en:<\/p>\n\n\n\n<ul class=\"wp-block-list\">\n<li>La consolidaci\u00f3 i fonamentaci\u00f3 dels aprenentatges de manera aut\u00f2noma amb acompanyament emocional i acad\u00e8mic.<\/li>\n\n\n\n<li>La vetlla pel desenvolupament de les capacitats individuals i grupals de l\u2019alumnat.<\/li>\n\n\n\n<li>L\u2019educaci\u00f3 en valors dels futurs ciutadans del dem\u00e0 per contribuir de forma activa en la construcci\u00f3 d\u2019una societat m\u00e9s justa i igualit\u00e0ria.<\/li>\n<\/ul>\n\n\n\n<h5 class=\"wp-block-heading\">Valors<\/h5>\n\n\n\n<p>Els valors que guien la nostra tasca educativa s\u00f3n:<\/p>\n\n\n\n<ul class=\"wp-block-list\">\n<li><strong>Proporcionar a l\u2019alumnat les eines necess\u00e0ries per assolir l\u2019\u00e8xit educatiu<\/strong>.<\/li>\n\n\n\n<li><strong>Fomentar la voluntat de contribuci\u00f3 a la constituci\u00f3 d\u2019una ciutadania democr\u00e0tica, cr\u00edtica i compromesa<\/strong>, amb consci\u00e8ncia global i de respecte a les minories.<\/li>\n\n\n\n<li><strong>Potenciar les capacitats individuals de l\u2019alumnat perqu\u00e8 pugui construir i desenvolupar la seva pr\u00f2pia identitat individual i grupal en l\u2019entorn al qual pertany<\/strong>.<\/li>\n\n\n\n<li><strong>Promoure l\u2019assertivitat, l\u2019empatia i el respecte envers l\u2019altre<\/strong><\/li>\n<\/ul>\n","protected":false},"excerpt":{"rendered":"<p>Creiem en una educaci\u00f3 integral que fomenti el desenvolupament acad\u00e8mic, personal i social dels nostres estudiants. El nostre projecte educatiu es fonamenta en tres pilars fonamentals: la missi\u00f3, la visi\u00f3 i els valors que guien la nostra tasca educativa. Missi\u00f3 Formar, bastir i acompanyar el nostre alumnat en el seu proc\u00e9s de creixement acad\u00e8mic i [&hellip;]<\/p>\n","protected":false},"author":1,"featured_media":0,"parent":57,"menu_order":0,"comment_status":"closed","ping_status":"close","template":"","meta":{"site-sidebar-layout":"default","site-content-layout":"","ast-site-content-layout":"default","site-content-style":"default","site-sidebar-style":"default","ast-global-header-display":"","ast-banner-title-visibility":"","ast-main-header-display":"","ast-hfb-above-header-display":"","ast-hfb-below-header-display":"","ast-hfb-mobile-header-display":"","site-post-title":"","ast-breadcrumbs-content":"","ast-featured-img":"","footer-sml-layout":"","theme-transparent-header-meta":"","adv-header-id-meta":"","stick-header-meta":"","header-above-stick-meta":"","header-main-stick-meta":"","header-below-stick-meta":"","astra-migrate-meta-layouts":"set","ast-page-background-enabled":"default","ast-page-background-meta":{"desktop":{"background-color":"var(--ast-global-color-4)","background-image":"","background-repeat":"repeat","background-position":"center center","background-size":"auto","background-attachment":"scroll","background-type":"","background-media":"","overlay-type":"","overlay-color":"","overlay-opacity":"","overlay-gradient":""},"tablet":{"background-color":"","background-image":"","background-repeat":"repeat","background-position":"center center","background-size":"auto","background-attachment":"scroll","background-type":"","background-media":"","overlay-type":"","overlay-color":"","overlay-opacity":"","overlay-gradient":""},"mobile":{"background-color":"","background-image":"","background-repeat":"repeat","background-position":"center center","background-size":"auto","background-attachment":"scroll","background-type":"","background-media":"","overlay-type":"","overlay-color":"","overlay-opacity":"","overlay-gradient":""}},"ast-content-background-meta":{"desktop":{"background-color":"var(--ast-global-color-5)","background-image":"","background-repeat":"repeat","background-position":"center center","background-size":"auto","background-attachment":"scroll","background-type":"","background-media":"","overlay-type":"","overlay-color":"","overlay-opacity":"","overlay-gradient":""},"tablet":{"background-color":"var(--ast-global-color-5)","background-image":"","background-repeat":"repeat","background-position":"center center","background-size":"auto","background-attachment":"scroll","background-type":"","background-media":"","overlay-type":"","overlay-color":"","overlay-opacity":"","overlay-gradient":""},"mobile":{"background-color":"var(--ast-global-color-5)","background-image":"","background-repeat":"repeat","background-position":"center center","background-size":"auto","background-attachment":"scroll","background-type":"","background-media":"","overlay-type":"","overlay-color":"","overlay-opacity":"","overlay-gradient":""}},"footnotes":""},"class_list":["post-617","page","type-page","status-publish","hentry"],"post_mailing_queue_ids":[],"_links":{"self":[{"href":"https:\/\/agora.xtec.cat\/insnouvic\/wp-json\/wp\/v2\/pages\/617","targetHints":{"allow":["GET"]}}],"collection":[{"href":"https:\/\/agora.xtec.cat\/insnouvic\/wp-json\/wp\/v2\/pages"}],"about":[{"href":"https:\/\/agora.xtec.cat\/insnouvic\/wp-json\/wp\/v2\/types\/page"}],"author":[{"embeddable":true,"href":"https:\/\/agora.xtec.cat\/insnouvic\/wp-json\/wp\/v2\/users\/1"}],"replies":[{"embeddable":true,"href":"https:\/\/agora.xtec.cat\/insnouvic\/wp-json\/wp\/v2\/comments?post=617"}],"version-history":[{"count":2,"href":"https:\/\/agora.xtec.cat\/insnouvic\/wp-json\/wp\/v2\/pages\/617\/revisions"}],"predecessor-version":[{"id":752,"href":"https:\/\/agora.xtec.cat\/insnouvic\/wp-json\/wp\/v2\/pages\/617\/revisions\/752"}],"up":[{"embeddable":true,"href":"https:\/\/agora.xtec.cat\/insnouvic\/wp-json\/wp\/v2\/pages\/57"}],"wp:attachment":[{"href":"https:\/\/agora.xtec.cat\/insnouvic\/wp-json\/wp\/v2\/media?parent=617"}],"curies":[{"name":"wp","href":"https:\/\/api.w.org\/{rel}","templated":true}]}}