{"id":21,"date":"2014-09-17T16:14:14","date_gmt":"2014-09-17T16:14:14","guid":{"rendered":"http:\/\/agora.xtec.cat\/insnouvic\/?page_id=21"},"modified":"2025-09-16T11:05:25","modified_gmt":"2025-09-16T09:05:25","slug":"on-som","status":"publish","type":"page","link":"https:\/\/agora.xtec.cat\/insnouvic\/linstitut\/on-som\/","title":{"rendered":"On som"},"content":{"rendered":"\n<p><strong>Institut&nbsp;Nou de Vic<\/strong><br>Avinguda de Sant Bernat Calb\u00f3, 8<br>08500 Vic<\/p>\n\n\n\n<p><\/p>\n\n\n\n\n\n<p><strong>Correus electr\u00f2nics de contacte<\/strong><\/p>\n\n\n\n<p><strong style=\"font-size: medium; font-family: inherit; line-height: 1.6;\">Centre<\/strong><\/p>\n\n\n\n<p>En construcci\u00f3<\/p>\n\n\n\n<p><span style=\"font-size: medium;\"><strong>ESO Tutors<\/strong><\/span><\/p>\n\n\n\n<p>En construcci\u00f3<\/p>\n\n\n\n<p><span style=\"font-size: medium;\"><strong>ESO&nbsp;Coordinadors<\/strong><\/span><\/p>\n\n\n\n<p>En construcci\u00f3<\/p>\n\n\n\n<p><span style=\"font-size: medium;\"><strong>BATXILLERAT<\/strong><\/span><\/p>\n\n\n\n<p>En construcci\u00f3<\/p>\n\n\n\n<p><span style=\"font-size: medium;\"><strong>DEPARTAMENTS<\/strong><\/span><\/p>\n\n\n\n<p>En construcci\u00f3<\/p>\n\n\n\n<p><span style=\"font-size: medium;\"><strong>ALTRES CONTACTES:<\/strong><\/span><\/p>\n\n\n\n<p>En construcci\u00f3<\/p>\n","protected":false},"excerpt":{"rendered":"<p>Institut&nbsp;Nou de VicAvinguda de Sant Bernat Calb\u00f3, 808500 Vic Correus electr\u00f2nics de contacte Centre En construcci\u00f3 ESO Tutors En construcci\u00f3 ESO&nbsp;Coordinadors En construcci\u00f3 BATXILLERAT En construcci\u00f3 DEPARTAMENTS En construcci\u00f3 ALTRES CONTACTES: En construcci\u00f3<\/p>\n","protected":false},"author":1,"featured_media":0,"parent":19,"menu_order":10,"comment_status":"closed","ping_status":"closed","template":"","meta":{"site-sidebar-layout":"default","site-content-layout":"","ast-site-content-layout":"default","site-content-style":"default","site-sidebar-style":"default","ast-global-header-display":"","ast-banner-title-visibility":"","ast-main-header-display":"","ast-hfb-above-header-display":"","ast-hfb-below-header-display":"","ast-hfb-mobile-header-display":"","site-post-title":"","ast-breadcrumbs-content":"","ast-featured-img":"","footer-sml-layout":"","theme-transparent-header-meta":"","adv-header-id-meta":"","stick-header-meta":"","header-above-stick-meta":"","header-main-stick-meta":"","header-below-stick-meta":"","astra-migrate-meta-layouts":"set","ast-page-background-enabled":"default","ast-page-background-meta":{"desktop":{"background-color":"var(--ast-global-color-4)","background-image":"","background-repeat":"repeat","background-position":"center center","background-size":"auto","background-attachment":"scroll","background-type":"","background-media":"","overlay-type":"","overlay-color":"","overlay-opacity":"","overlay-gradient":""},"tablet":{"background-color":"","background-image":"","background-repeat":"repeat","background-position":"center center","background-size":"auto","background-attachment":"scroll","background-type":"","background-media":"","overlay-type":"","overlay-color":"","overlay-opacity":"","overlay-gradient":""},"mobile":{"background-color":"","background-image":"","background-repeat":"repeat","background-position":"center center","background-size":"auto","background-attachment":"scroll","background-type":"","background-media":"","overlay-type":"","overlay-color":"","overlay-opacity":"","overlay-gradient":""}},"ast-content-background-meta":{"desktop":{"background-color":"var(--ast-global-color-5)","background-image":"","background-repeat":"repeat","background-position":"center center","background-size":"auto","background-attachment":"scroll","background-type":"","background-media":"","overlay-type":"","overlay-color":"","overlay-opacity":"","overlay-gradient":""},"tablet":{"background-color":"var(--ast-global-color-5)","background-image":"","background-repeat":"repeat","background-position":"center center","background-size":"auto","background-attachment":"scroll","background-type":"","background-media":"","overlay-type":"","overlay-color":"","overlay-opacity":"","overlay-gradient":""},"mobile":{"background-color":"var(--ast-global-color-5)","background-image":"","background-repeat":"repeat","background-position":"center center","background-size":"auto","background-attachment":"scroll","background-type":"","background-media":"","overlay-type":"","overlay-color":"","overlay-opacity":"","overlay-gradient":""}},"footnotes":""},"class_list":["post-21","page","type-page","status-publish","hentry"],"post_mailing_queue_ids":[],"_links":{"self":[{"href":"https:\/\/agora.xtec.cat\/insnouvic\/wp-json\/wp\/v2\/pages\/21","targetHints":{"allow":["GET"]}}],"collection":[{"href":"https:\/\/agora.xtec.cat\/insnouvic\/wp-json\/wp\/v2\/pages"}],"about":[{"href":"https:\/\/agora.xtec.cat\/insnouvic\/wp-json\/wp\/v2\/types\/page"}],"author":[{"embeddable":true,"href":"https:\/\/agora.xtec.cat\/insnouvic\/wp-json\/wp\/v2\/users\/1"}],"replies":[{"embeddable":true,"href":"https:\/\/agora.xtec.cat\/insnouvic\/wp-json\/wp\/v2\/comments?post=21"}],"version-history":[{"count":6,"href":"https:\/\/agora.xtec.cat\/insnouvic\/wp-json\/wp\/v2\/pages\/21\/revisions"}],"predecessor-version":[{"id":766,"href":"https:\/\/agora.xtec.cat\/insnouvic\/wp-json\/wp\/v2\/pages\/21\/revisions\/766"}],"up":[{"embeddable":true,"href":"https:\/\/agora.xtec.cat\/insnouvic\/wp-json\/wp\/v2\/pages\/19"}],"wp:attachment":[{"href":"https:\/\/agora.xtec.cat\/insnouvic\/wp-json\/wp\/v2\/media?parent=21"}],"curies":[{"name":"wp","href":"https:\/\/api.w.org\/{rel}","templated":true}]}}