{"id":1130,"date":"2026-02-19T14:13:25","date_gmt":"2026-02-19T13:13:25","guid":{"rendered":"https:\/\/agora.xtec.cat\/insnouvic\/?page_id=1130"},"modified":"2026-04-23T11:44:36","modified_gmt":"2026-04-23T09:44:36","slug":"preinscripcio-deso","status":"publish","type":"page","link":"https:\/\/agora.xtec.cat\/insnouvic\/preinscripcio-deso\/","title":{"rendered":"Preinscripci\u00f3 i matr\u00edcula d&#8217;ESO"},"content":{"rendered":"\n<p>En aquest apartat podreu trobar tota la informaci\u00f3 i documentaci\u00f3 relativa a la preinscripci\u00f3 d&#8217;ESO. <\/p>\n\n\n\n<p class=\"has-text-align-center\"><strong><mark>IMPORTANT: CANVI DE NOM DEL CENTRE!! HEU DE CERCAR: INSTITUT COMTAT D&#8217;OSONA<\/mark><\/strong><\/p>\n\n\n\n<p>Les dates clau s\u00f3n: <\/p>\n\n\n\n<ul class=\"wp-block-list\">\n<li>3 de mar\u00e7: Publicaci\u00f3 de l&#8217;<a href=\"https:\/\/drive.google.com\/file\/d\/1waSoxLjTruA6bFE7fWLCie6ufCfGuwjI\/view?usp=sharing\">oferta<\/a><\/li>\n\n\n\n<li>6 al 18 de mar\u00e7: Presentaci\u00f3 de sol\u00b7licituds&nbsp;de preinscripci\u00f3 (<a href=\"https:\/\/preinscripcio.gencat.cat\/ca\/estudis\/eso\/inici\/\" target=\"_blank\" rel=\"noreferrer noopener\">web de preinscripci\u00f3<\/a>).<\/li>\n\n\n\n<li>15 d&#8217;abril: Publicaci\u00f3 de la <a href=\"https:\/\/drive.google.com\/file\/d\/1X7Z4bkK6vaqBFHnv-TA9Enu_2Y5ASEos\/view?ts=69df6f7b\">llista amb la puntuaci\u00f3 provisional<\/a>.<\/li>\n\n\n\n<li>15 al 20 d&#8217;abril: Presentaci\u00f3 de reclamacions<\/li>\n\n\n\n<li>23 d&#8217;abril: Publicaci\u00f3 de la <a href=\"https:\/\/drive.google.com\/file\/d\/1iMfuO_YwWW_YUdyPrhiE9_3IRisNFN1y\/view\">llista amb la puntuaci\u00f3<\/a>, un cop resoltes les reclamacions.<\/li>\n\n\n\n<li>29 d&#8217;abril: Publicaci\u00f3 de la llista ordenada.<\/li>\n\n\n\n<li>10 de juny: Publicaci\u00f3 de la llista d&#8217;alumnes amb pla\u00e7a assignada i llista d&#8217;espera.<\/li>\n\n\n\n<li>22 a 30 de juny: Per\u00edode&nbsp;de matriculaci\u00f3 de l&#8217;ESO (s&#8217;enviar\u00e0 un formulari per correu electr\u00f2nic).<\/li>\n<\/ul>\n\n\n\n<div data-wp-interactive=\"core\/file\" class=\"wp-block-file\"><object data-wp-bind--hidden=\"!state.hasPdfPreview\" hidden class=\"wp-block-file__embed\" data=\"https:\/\/agora.xtec.cat\/insnouvic\/wp-content\/uploads\/usu3596\/2026\/03\/Full-informatiu-preinscripcio-ESO_26-27-1.pdf\" type=\"application\/pdf\" style=\"width:100%;height:600px\" aria-label=\"Incrustaci\u00f3 del fitxer Full informatiu preinscripci\u00f3 ESO_26-27 (1).\"><\/object><a id=\"wp-block-file--media-9db26f59-457e-4eba-b110-b34a66601e3d\" href=\"https:\/\/agora.xtec.cat\/insnouvic\/wp-content\/uploads\/usu3596\/2026\/03\/Full-informatiu-preinscripcio-ESO_26-27-1.pdf\">Full informatiu preinscripci\u00f3 ESO_26-27 (1)<\/a><a href=\"https:\/\/agora.xtec.cat\/insnouvic\/wp-content\/uploads\/usu3596\/2026\/03\/Full-informatiu-preinscripcio-ESO_26-27-1.pdf\" class=\"wp-block-file__button wp-element-button\" download aria-describedby=\"wp-block-file--media-9db26f59-457e-4eba-b110-b34a66601e3d\">Baixa<\/a><\/div>\n\n\n\n<p>A continuaci\u00f3 s&#8217;indica l&#8217;oferta de places pel curs 2026-2027: <\/p>\n\n\n\n<div data-wp-interactive=\"core\/file\" class=\"wp-block-file\"><object data-wp-bind--hidden=\"!state.hasPdfPreview\" hidden class=\"wp-block-file__embed\" data=\"https:\/\/agora.xtec.cat\/insnouvic\/wp-content\/uploads\/usu3596\/2026\/03\/INFORME_OFERTA_OME_INFORME_OFERTA.pdf\" type=\"application\/pdf\" style=\"width:100%;height:600px\" aria-label=\"Incrustaci\u00f3 del fitxer INFORME_OFERTA_OME_INFORME_OFERTA.\"><\/object><a id=\"wp-block-file--media-69deb06e-141b-46fe-9167-6079282c6bee\" href=\"https:\/\/agora.xtec.cat\/insnouvic\/wp-content\/uploads\/usu3596\/2026\/03\/INFORME_OFERTA_OME_INFORME_OFERTA.pdf\">INFORME_OFERTA_OME_INFORME_OFERTA<\/a><a href=\"https:\/\/agora.xtec.cat\/insnouvic\/wp-content\/uploads\/usu3596\/2026\/03\/INFORME_OFERTA_OME_INFORME_OFERTA.pdf\" class=\"wp-block-file__button wp-element-button\" download aria-describedby=\"wp-block-file--media-69deb06e-141b-46fe-9167-6079282c6bee\">Baixa<\/a><\/div>\n\n\n\n<div data-wp-interactive=\"core\/file\" class=\"wp-block-file\"><object data-wp-bind--hidden=\"!state.hasPdfPreview\" hidden class=\"wp-block-file__embed\" data=\"https:\/\/agora.xtec.cat\/insnouvic\/wp-content\/uploads\/usu3596\/2026\/04\/260415_Informe-Barem-provisional_ESO_Institut-Comtat-dOsona_2627.pdf\" type=\"application\/pdf\" style=\"width:100%;height:600px\" aria-label=\"Incrustaci\u00f3 del fitxer 260415_Informe Barem provisional_ESO_Institut Comtat d&#039;Osona_2627.\"><\/object><a id=\"wp-block-file--media-df7c608a-d20c-449c-b47a-902dd5dc5a67\" href=\"https:\/\/agora.xtec.cat\/insnouvic\/wp-content\/uploads\/usu3596\/2026\/04\/260415_Informe-Barem-provisional_ESO_Institut-Comtat-dOsona_2627.pdf\">260415_Informe Barem provisional_ESO_Institut Comtat d&#8217;Osona_2627<\/a><a href=\"https:\/\/agora.xtec.cat\/insnouvic\/wp-content\/uploads\/usu3596\/2026\/04\/260415_Informe-Barem-provisional_ESO_Institut-Comtat-dOsona_2627.pdf\" class=\"wp-block-file__button wp-element-button\" download aria-describedby=\"wp-block-file--media-df7c608a-d20c-449c-b47a-902dd5dc5a67\">Baixa<\/a><\/div>\n\n\n\n<div data-wp-interactive=\"core\/file\" class=\"wp-block-file\"><object data-wp-bind--hidden=\"!state.hasPdfPreview\" hidden class=\"wp-block-file__embed\" data=\"https:\/\/agora.xtec.cat\/insnouvic\/wp-content\/uploads\/usu3596\/2026\/04\/260423_Informe-Barem-Recalamacions-Resoltes_ESO_Institut-Comtat-dOsona.pdf\" type=\"application\/pdf\" style=\"width:100%;height:600px\" aria-label=\"Incrustaci\u00f3 del fitxer 260423_Informe Barem Recalamacions Resoltes_ESO_Institut Comtat d&#039;Osona.\"><\/object><a id=\"wp-block-file--media-dbccb867-8859-4178-b4c8-bec1f5f85922\" href=\"https:\/\/agora.xtec.cat\/insnouvic\/wp-content\/uploads\/usu3596\/2026\/04\/260423_Informe-Barem-Recalamacions-Resoltes_ESO_Institut-Comtat-dOsona.pdf\">260423_Informe Barem Recalamacions Resoltes_ESO_Institut Comtat d&#8217;Osona<\/a><a href=\"https:\/\/agora.xtec.cat\/insnouvic\/wp-content\/uploads\/usu3596\/2026\/04\/260423_Informe-Barem-Recalamacions-Resoltes_ESO_Institut-Comtat-dOsona.pdf\" class=\"wp-block-file__button wp-element-button\" download aria-describedby=\"wp-block-file--media-dbccb867-8859-4178-b4c8-bec1f5f85922\">Baixa<\/a><\/div>\n","protected":false},"excerpt":{"rendered":"<p>En aquest apartat podreu trobar tota la informaci\u00f3 i documentaci\u00f3 relativa a la preinscripci\u00f3 d&#8217;ESO. IMPORTANT: CANVI DE NOM DEL CENTRE!! HEU DE CERCAR: INSTITUT COMTAT D&#8217;OSONA Les dates clau s\u00f3n: A continuaci\u00f3 s&#8217;indica l&#8217;oferta de places pel curs 2026-2027:<\/p>\n","protected":false},"author":1,"featured_media":0,"parent":0,"menu_order":0,"comment_status":"closed","ping_status":"close","template":"","meta":{"site-sidebar-layout":"default","site-content-layout":"","ast-site-content-layout":"default","site-content-style":"default","site-sidebar-style":"default","ast-global-header-display":"","ast-banner-title-visibility":"","ast-main-header-display":"","ast-hfb-above-header-display":"","ast-hfb-below-header-display":"","ast-hfb-mobile-header-display":"","site-post-title":"","ast-breadcrumbs-content":"","ast-featured-img":"","footer-sml-layout":"","theme-transparent-header-meta":"","adv-header-id-meta":"","stick-header-meta":"","header-above-stick-meta":"","header-main-stick-meta":"","header-below-stick-meta":"","astra-migrate-meta-layouts":"set","ast-page-background-enabled":"default","ast-page-background-meta":{"desktop":{"background-color":"var(--ast-global-color-4)","background-image":"","background-repeat":"repeat","background-position":"center center","background-size":"auto","background-attachment":"scroll","background-type":"","background-media":"","overlay-type":"","overlay-color":"","overlay-opacity":"","overlay-gradient":""},"tablet":{"background-color":"","background-image":"","background-repeat":"repeat","background-position":"center center","background-size":"auto","background-attachment":"scroll","background-type":"","background-media":"","overlay-type":"","overlay-color":"","overlay-opacity":"","overlay-gradient":""},"mobile":{"background-color":"","background-image":"","background-repeat":"repeat","background-position":"center center","background-size":"auto","background-attachment":"scroll","background-type":"","background-media":"","overlay-type":"","overlay-color":"","overlay-opacity":"","overlay-gradient":""}},"ast-content-background-meta":{"desktop":{"background-color":"var(--ast-global-color-5)","background-image":"","background-repeat":"repeat","background-position":"center center","background-size":"auto","background-attachment":"scroll","background-type":"","background-media":"","overlay-type":"","overlay-color":"","overlay-opacity":"","overlay-gradient":""},"tablet":{"background-color":"var(--ast-global-color-5)","background-image":"","background-repeat":"repeat","background-position":"center center","background-size":"auto","background-attachment":"scroll","background-type":"","background-media":"","overlay-type":"","overlay-color":"","overlay-opacity":"","overlay-gradient":""},"mobile":{"background-color":"var(--ast-global-color-5)","background-image":"","background-repeat":"repeat","background-position":"center center","background-size":"auto","background-attachment":"scroll","background-type":"","background-media":"","overlay-type":"","overlay-color":"","overlay-opacity":"","overlay-gradient":""}},"footnotes":""},"class_list":["post-1130","page","type-page","status-publish","hentry"],"post_mailing_queue_ids":[],"_links":{"self":[{"href":"https:\/\/agora.xtec.cat\/insnouvic\/wp-json\/wp\/v2\/pages\/1130","targetHints":{"allow":["GET"]}}],"collection":[{"href":"https:\/\/agora.xtec.cat\/insnouvic\/wp-json\/wp\/v2\/pages"}],"about":[{"href":"https:\/\/agora.xtec.cat\/insnouvic\/wp-json\/wp\/v2\/types\/page"}],"author":[{"embeddable":true,"href":"https:\/\/agora.xtec.cat\/insnouvic\/wp-json\/wp\/v2\/users\/1"}],"replies":[{"embeddable":true,"href":"https:\/\/agora.xtec.cat\/insnouvic\/wp-json\/wp\/v2\/comments?post=1130"}],"version-history":[{"count":6,"href":"https:\/\/agora.xtec.cat\/insnouvic\/wp-json\/wp\/v2\/pages\/1130\/revisions"}],"predecessor-version":[{"id":1276,"href":"https:\/\/agora.xtec.cat\/insnouvic\/wp-json\/wp\/v2\/pages\/1130\/revisions\/1276"}],"wp:attachment":[{"href":"https:\/\/agora.xtec.cat\/insnouvic\/wp-json\/wp\/v2\/media?parent=1130"}],"curies":[{"name":"wp","href":"https:\/\/api.w.org\/{rel}","templated":true}]}}