{"id":9,"date":"2014-09-12T10:15:01","date_gmt":"2014-09-12T08:15:01","guid":{"rendered":"http:\/\/agora.xtec.cat\/insneuscatala\/\/?page_id=9"},"modified":"2026-03-06T12:24:25","modified_gmt":"2026-03-06T11:24:25","slug":"pagina-dinici-buida","status":"publish","type":"page","link":"https:\/\/agora.xtec.cat\/insneuscatala\/","title":{"rendered":"Portada"},"content":{"rendered":"<h3 style=\"text-align: center;\"><span style=\"color: #008000;\">CONEIX EL PROJECTE:<\/span><span style=\"color: #0000ff;\">\u00a0<strong style=\"font-size: 27.2px;\"><a style=\"font-size: 27.2px; transition-property: all; color: #0000ff;\" href=\"https:\/\/agora.xtec.cat\/insneuscatala\/wp-content\/uploads\/usu292\/2026\/02\/Som-Neus-Catala.pdf\">Som Neus Catal\u00e0!<\/a><\/strong><\/span><\/h3>\n<hr \/>\n<h2 style=\"text-align: center;\"><span style=\"color: #0000ff; font-size: 27.2px;\">Informacions sobre la preinscripci\u00f3\u00a0<\/span><\/h2>\n<h2 style=\"text-align: center;\"><span style=\"color: #008000; font-size: 27.2px;\">Publicada la oferta inicial! Consulta-la <\/span><span style=\"color: #0000ff; font-size: 27.2px;\"><a style=\"color: #0000ff;\" href=\"https:\/\/agora.xtec.cat\/insneuscatala\/secretaria\/matricula\/\">aqu\u00ed<\/a><\/span><\/h2>\n<h2 style=\"text-align: center;\"><a href=\"https:\/\/tramits.gencat.cat\/ca\/tramits\/tramits-temes\/perinscripcio-obligatoris?&amp;moda=3\">FES LA TEVA SOL\u00b7LCITUD<\/a><\/h2>\n<h2 style=\"text-align: center;\"><span style=\"color: #008000; font-size: 27.2px;\">Quina documentaci\u00f3 necessiteu per la preinscripci\u00f3? Consulta-ho <\/span><span style=\"color: #0000ff;\"><a style=\"color: #0000ff;\" href=\"https:\/\/preinscripcio.gencat.cat\/ca\/estudis\/eso\/informat\/prepara-documentacio\/\"><span style=\"font-size: 27.2px;\">aqu\u00ed<\/span><\/a><\/span><\/h2>\n<hr \/>\n<h3 style=\"text-align: center;\"><strong>Contacte per al servei de <span class=\"il\">menjador<\/span><\/strong><\/h3>\n<div class=\"gmail_default\" style=\"text-align: center;\"><b><img decoding=\"async\" class=\"an1\" draggable=\"false\" src=\"https:\/\/fonts.gstatic.com\/s\/e\/notoemoji\/15.1\/1f64b\/32.png\" alt=\"\ud83d\ude4b\" data-emoji=\"\ud83d\ude4b\" aria-label=\"\ud83d\ude4b\" \/>Coordinadora:<\/b>\u00a0Isa<\/div>\n<div class=\"gmail_default\" style=\"text-align: center;\"><b><img decoding=\"async\" class=\"an1 alignnone\" draggable=\"false\" src=\"https:\/\/fonts.gstatic.com\/s\/e\/notoemoji\/15.1\/260e\/32.png\" alt=\"\u260e\" data-emoji=\"\u260e\" aria-label=\"\u260e\" \/> Contacte:\u00a0610194725<br \/>\n<\/b><\/div>\n<div class=\"gmail_default\" style=\"text-align: center;\"><b><img decoding=\"async\" class=\"an1\" draggable=\"false\" src=\"https:\/\/fonts.gstatic.com\/s\/e\/notoemoji\/15.1\/23f0\/32.png\" alt=\"\u23f0\" data-emoji=\"\u23f0\" aria-label=\"\u23f0\" \/>Horari:\u00a0<\/b>de dilluns a divendres de 8.30h a 10h<\/div>\n<hr \/>\n<p style=\"text-align: center;\">\n","protected":false},"excerpt":{"rendered":"<p>CONEIX EL PROJECTE:\u00a0Som Neus Catal\u00e0! Informacions sobre la preinscripci\u00f3\u00a0 Publicada la oferta inicial! Consulta-la aqu\u00ed FES LA TEVA SOL\u00b7LCITUD Quina documentaci\u00f3 necessiteu per la preinscripci\u00f3? Consulta-ho aqu\u00ed Contacte per al servei de menjador Coordinadora:\u00a0Isa Contacte:\u00a0610194725 Horari:\u00a0de dilluns a divendres de 8.30h a 10h<\/p>\n","protected":false},"author":1,"featured_media":0,"parent":7,"menu_order":0,"comment_status":"closed","ping_status":"closed","template":"","meta":{"_bbp_topic_count":0,"_bbp_reply_count":0,"_bbp_total_topic_count":0,"_bbp_total_reply_count":0,"_bbp_voice_count":0,"_bbp_anonymous_reply_count":0,"_bbp_topic_count_hidden":0,"_bbp_reply_count_hidden":0,"_bbp_forum_subforum_count":0,"site-sidebar-layout":"default","site-content-layout":"","ast-site-content-layout":"default","site-content-style":"default","site-sidebar-style":"default","ast-global-header-display":"","ast-banner-title-visibility":"","ast-main-header-display":"","ast-hfb-above-header-display":"","ast-hfb-below-header-display":"","ast-hfb-mobile-header-display":"","site-post-title":"","ast-breadcrumbs-content":"","ast-featured-img":"","footer-sml-layout":"","theme-transparent-header-meta":"default","adv-header-id-meta":"","stick-header-meta":"","header-above-stick-meta":"","header-main-stick-meta":"","header-below-stick-meta":"","astra-migrate-meta-layouts":"set","ast-page-background-enabled":"default","ast-page-background-meta":{"desktop":{"background-color":"var(--ast-global-color-4)","background-image":"","background-repeat":"repeat","background-position":"center center","background-size":"auto","background-attachment":"scroll","background-type":"","background-media":"","overlay-type":"","overlay-color":"","overlay-opacity":"","overlay-gradient":""},"tablet":{"background-color":"","background-image":"","background-repeat":"repeat","background-position":"center center","background-size":"auto","background-attachment":"scroll","background-type":"","background-media":"","overlay-type":"","overlay-color":"","overlay-opacity":"","overlay-gradient":""},"mobile":{"background-color":"","background-image":"","background-repeat":"repeat","background-position":"center center","background-size":"auto","background-attachment":"scroll","background-type":"","background-media":"","overlay-type":"","overlay-color":"","overlay-opacity":"","overlay-gradient":""}},"ast-content-background-meta":{"desktop":{"background-color":"var(--ast-global-color-5)","background-image":"","background-repeat":"repeat","background-position":"center center","background-size":"auto","background-attachment":"scroll","background-type":"","background-media":"","overlay-type":"","overlay-color":"","overlay-opacity":"","overlay-gradient":""},"tablet":{"background-color":"var(--ast-global-color-5)","background-image":"","background-repeat":"repeat","background-position":"center center","background-size":"auto","background-attachment":"scroll","background-type":"","background-media":"","overlay-type":"","overlay-color":"","overlay-opacity":"","overlay-gradient":""},"mobile":{"background-color":"var(--ast-global-color-5)","background-image":"","background-repeat":"repeat","background-position":"center center","background-size":"auto","background-attachment":"scroll","background-type":"","background-media":"","overlay-type":"","overlay-color":"","overlay-opacity":"","overlay-gradient":""}},"footnotes":""},"class_list":["post-9","page","type-page","status-publish","hentry"],"post_mailing_queue_ids":[],"_links":{"self":[{"href":"https:\/\/agora.xtec.cat\/insneuscatala\/wp-json\/wp\/v2\/pages\/9","targetHints":{"allow":["GET"]}}],"collection":[{"href":"https:\/\/agora.xtec.cat\/insneuscatala\/wp-json\/wp\/v2\/pages"}],"about":[{"href":"https:\/\/agora.xtec.cat\/insneuscatala\/wp-json\/wp\/v2\/types\/page"}],"author":[{"embeddable":true,"href":"https:\/\/agora.xtec.cat\/insneuscatala\/wp-json\/wp\/v2\/users\/1"}],"replies":[{"embeddable":true,"href":"https:\/\/agora.xtec.cat\/insneuscatala\/wp-json\/wp\/v2\/comments?post=9"}],"version-history":[{"count":6,"href":"https:\/\/agora.xtec.cat\/insneuscatala\/wp-json\/wp\/v2\/pages\/9\/revisions"}],"predecessor-version":[{"id":5336,"href":"https:\/\/agora.xtec.cat\/insneuscatala\/wp-json\/wp\/v2\/pages\/9\/revisions\/5336"}],"up":[{"embeddable":true,"href":"https:\/\/agora.xtec.cat\/insneuscatala\/wp-json\/wp\/v2\/pages\/7"}],"wp:attachment":[{"href":"https:\/\/agora.xtec.cat\/insneuscatala\/wp-json\/wp\/v2\/media?parent=9"}],"curies":[{"name":"wp","href":"https:\/\/api.w.org\/{rel}","templated":true}]}}