{"id":610,"date":"2016-03-30T18:15:11","date_gmt":"2016-03-30T16:15:11","guid":{"rendered":"http:\/\/agora.xtec.cat\/insneuscatala\/?page_id=610"},"modified":"2023-09-22T09:51:28","modified_gmt":"2023-09-22T07:51:28","slug":"families","status":"publish","type":"page","link":"https:\/\/agora.xtec.cat\/insneuscatala\/families\/","title":{"rendered":"Fam\u00edlies"},"content":{"rendered":"<p>En aquest apartat us posem informaci\u00f3 important per a les fam\u00edlies dels alumnes de l\u2019institut<\/p>\n<p><a href=\"https:\/\/drive.google.com\/file\/d\/1JakA_8TUasdZFtwy48kVexcQ29icE3lq\/view?usp=sharing\" target=\"_blank\" rel=\"noopener noreferrer\">Enlla\u00e7 a la carta de comprom\u00eds educatiu<\/a><\/p>\n<p>Documents fam\u00edlies (curs 2023-2024):<\/p>\n<ul>\n<li style=\"text-align: left;\"><span style=\"text-decoration: underline;\"><span style=\"color: #008000;\"><a style=\"color: #008000; text-decoration: underline;\" href=\"https:\/\/docs.google.com\/document\/d\/1t0aZZuYxLDxGHCdm9C42hBHTH1JzGbSxKR4MWNyDjCI\/edit?usp=sharing\" target=\"_blank\" rel=\"noopener noreferrer\">Full informatiu fam\u00edlies<\/a><\/span><\/span><\/li>\n<li style=\"text-align: left;\"><span style=\"color: #008000;\"><a style=\"color: #008000; text-decoration: underline;\" href=\"https:\/\/docs.google.com\/document\/d\/1cLdEQ4v_uCC1hMeXQs8qdXVwOg41BbIxqfT-IGwghKU\/edit?usp=sharing\" target=\"_blank\" rel=\"noopener noreferrer\">Llistat de material individual de l&#8217;alumnat<\/a><\/span><\/li>\n<li style=\"text-align: left;\"><span style=\"color: #008000;\"><a style=\"color: #008000; text-decoration: underline;\" href=\"https:\/\/docs.google.com\/document\/d\/128khO_Yt4mN9Ye-_7rPnDIwh19MKUjgluE5Su82dRL4\/edit?usp=sharing\" target=\"_blank\" rel=\"noopener noreferrer\">Document pagament material<\/a><\/span><\/li>\n<\/ul>\n","protected":false},"excerpt":{"rendered":"<p>En aquest apartat us posem informaci\u00f3 important per a les fam\u00edlies dels alumnes de l\u2019institut Enlla\u00e7 a la carta de comprom\u00eds educatiu Documents fam\u00edlies (curs 2023-2024): Full informatiu fam\u00edlies Llistat de material individual de l&#8217;alumnat Document pagament material<\/p>\n","protected":false},"author":1,"featured_media":0,"parent":0,"menu_order":5,"comment_status":"closed","ping_status":"closed","template":"page-templates\/side-menu.php","meta":{"_bbp_topic_count":0,"_bbp_reply_count":0,"_bbp_total_topic_count":0,"_bbp_total_reply_count":0,"_bbp_voice_count":0,"_bbp_anonymous_reply_count":0,"_bbp_topic_count_hidden":0,"_bbp_reply_count_hidden":0,"_bbp_forum_subforum_count":0,"site-sidebar-layout":"default","site-content-layout":"","ast-site-content-layout":"","site-content-style":"default","site-sidebar-style":"default","ast-global-header-display":"","ast-banner-title-visibility":"","ast-main-header-display":"","ast-hfb-above-header-display":"","ast-hfb-below-header-display":"","ast-hfb-mobile-header-display":"","site-post-title":"","ast-breadcrumbs-content":"","ast-featured-img":"","footer-sml-layout":"","theme-transparent-header-meta":"","adv-header-id-meta":"","stick-header-meta":"","header-above-stick-meta":"","header-main-stick-meta":"","header-below-stick-meta":"","astra-migrate-meta-layouts":"default","ast-page-background-enabled":"default","ast-page-background-meta":{"desktop":{"background-color":"var(--ast-global-color-4)","background-image":"","background-repeat":"repeat","background-position":"center center","background-size":"auto","background-attachment":"scroll","background-type":"","background-media":"","overlay-type":"","overlay-color":"","overlay-opacity":"","overlay-gradient":""},"tablet":{"background-color":"","background-image":"","background-repeat":"repeat","background-position":"center center","background-size":"auto","background-attachment":"scroll","background-type":"","background-media":"","overlay-type":"","overlay-color":"","overlay-opacity":"","overlay-gradient":""},"mobile":{"background-color":"","background-image":"","background-repeat":"repeat","background-position":"center center","background-size":"auto","background-attachment":"scroll","background-type":"","background-media":"","overlay-type":"","overlay-color":"","overlay-opacity":"","overlay-gradient":""}},"ast-content-background-meta":{"desktop":{"background-color":"var(--ast-global-color-5)","background-image":"","background-repeat":"repeat","background-position":"center center","background-size":"auto","background-attachment":"scroll","background-type":"","background-media":"","overlay-type":"","overlay-color":"","overlay-opacity":"","overlay-gradient":""},"tablet":{"background-color":"var(--ast-global-color-5)","background-image":"","background-repeat":"repeat","background-position":"center center","background-size":"auto","background-attachment":"scroll","background-type":"","background-media":"","overlay-type":"","overlay-color":"","overlay-opacity":"","overlay-gradient":""},"mobile":{"background-color":"var(--ast-global-color-5)","background-image":"","background-repeat":"repeat","background-position":"center center","background-size":"auto","background-attachment":"scroll","background-type":"","background-media":"","overlay-type":"","overlay-color":"","overlay-opacity":"","overlay-gradient":""}},"footnotes":""},"class_list":["post-610","page","type-page","status-publish","hentry"],"post_mailing_queue_ids":[],"_links":{"self":[{"href":"https:\/\/agora.xtec.cat\/insneuscatala\/wp-json\/wp\/v2\/pages\/610","targetHints":{"allow":["GET"]}}],"collection":[{"href":"https:\/\/agora.xtec.cat\/insneuscatala\/wp-json\/wp\/v2\/pages"}],"about":[{"href":"https:\/\/agora.xtec.cat\/insneuscatala\/wp-json\/wp\/v2\/types\/page"}],"author":[{"embeddable":true,"href":"https:\/\/agora.xtec.cat\/insneuscatala\/wp-json\/wp\/v2\/users\/1"}],"replies":[{"embeddable":true,"href":"https:\/\/agora.xtec.cat\/insneuscatala\/wp-json\/wp\/v2\/comments?post=610"}],"version-history":[{"count":4,"href":"https:\/\/agora.xtec.cat\/insneuscatala\/wp-json\/wp\/v2\/pages\/610\/revisions"}],"predecessor-version":[{"id":4659,"href":"https:\/\/agora.xtec.cat\/insneuscatala\/wp-json\/wp\/v2\/pages\/610\/revisions\/4659"}],"wp:attachment":[{"href":"https:\/\/agora.xtec.cat\/insneuscatala\/wp-json\/wp\/v2\/media?parent=610"}],"curies":[{"name":"wp","href":"https:\/\/api.w.org\/{rel}","templated":true}]}}