{"id":55,"date":"2014-09-17T16:59:49","date_gmt":"2014-09-17T14:59:49","guid":{"rendered":"http:\/\/agora.xtec.cat\/insneuscatala\/\/?page_id=55"},"modified":"2026-02-15T09:03:28","modified_gmt":"2026-02-15T08:03:28","slug":"consell","status":"publish","type":"page","link":"https:\/\/agora.xtec.cat\/insneuscatala\/linstitut\/consell\/","title":{"rendered":"Consell Escolar"},"content":{"rendered":"<p>Les funcions del Consell Escolar s\u00f3n les que estableix l\u2019article 148.3 de la Llei d\u2019educaci\u00f3. A m\u00e9s, li correspon vetllar i donar suport a l\u2019equip directiu per al compliment de la programaci\u00f3 anual del centre i del projecte de direcci\u00f3 el qual, en el marc del projecte educatiu del centre, vincula l\u2019acci\u00f3 del conjunt d\u2019\u00f2rgans de govern unipersonals i col\u00b7legiats d\u2019acord amb l\u2019article 144.4 de la Llei d\u2019educaci\u00f3.\u00a0 A les NOFC del centre queden recollides les comissions de treball del consell i el procediment per a cobrir les vacants.<\/p>\n<p>El componen els membres seg\u00fcents:<\/p>\n<ul>\n<li>Director, que n\u2019\u00e9s el president.<\/li>\n<li>Secretari del centre (que actua com a secretari del consell, amb veu i sense vot).<\/li>\n<li>Cap d\u2019estudis (membre nat)<\/li>\n<li>5 representants del professorat<\/li>\n<li>1 representant de l\u2019Ajuntament<\/li>\n<li>2 representants de l\u2019alumnat<\/li>\n<li>3 representants del sector pares, mares i tutors legals (1 dels quals per designaci\u00f3 de l\u2019AFA)<\/li>\n<li>1 representant del PAS\/PAE (personal d\u2019administraci\u00f3 i serveis i personal laboral d\u2019atenci\u00f3 educativa)<\/li>\n<\/ul>\n<p>La composici\u00f3 actual del consell escolar constitu\u00eft el 10 de desembre del 2025 \u00e9s el seg\u00fcent:<\/p>\n<p><strong>President<\/strong>: Marc Estap\u00e9<\/p>\n<p><strong>Secretari:<\/strong> J\u00falia Cort\u00e9s<\/p>\n<p><strong>Cap d\u2019estudis<\/strong>: Lili Recuero<\/p>\n<p><strong>Representants del professorat<\/strong>: Manel Navarro, Jos\u00e9 Martos, Sara Hern\u00e1ndez, Oriol Larriba, Sandra Marsol.<\/p>\n<p><strong>Representant de l\u2019Ajuntament<\/strong>: Ot Garc\u00eda (regidor d&#8217;educaci\u00f3)<\/p>\n<p><strong>Representants de l\u2019alumnat<\/strong>: Ayoub Moumin \u00a0(2n ESO) i Imran Ssekouri (1r ESO)<\/p>\n<p><strong>Representants fam\u00edlies<\/strong>: Hosna Laamiri, Marta Rodr\u00edguez, Dounia Soukra.<\/p>\n<p><strong>Representant del PAS-PAE:<\/strong> Raquel P\u00e9rez (administrativa)<\/p>\n<p>A continuaci\u00f3 trobareu un llistat dels acords de les reunions del consell escolar:<\/p>\n<ul>\n<li>Consell Escolar del dimecres 10 de desembre del 2025: <a href=\"https:\/\/docs.google.com\/document\/d\/14Fvs41k5Y6F-Ta-sEfRpxZr6oP2uxjeVJIzIErBx_Js\/edit?tab=t.0\">Acords<\/a>.<\/li>\n<\/ul>\n","protected":false},"excerpt":{"rendered":"<p>Les funcions del Consell Escolar s\u00f3n les que estableix l\u2019article 148.3 de la Llei d\u2019educaci\u00f3. A m\u00e9s, li correspon vetllar i donar suport a l\u2019equip directiu per al compliment de la programaci\u00f3 anual del centre i del projecte de direcci\u00f3 el qual, en el marc del projecte educatiu del centre, vincula l\u2019acci\u00f3 del conjunt d\u2019\u00f2rgans [&hellip;]<\/p>\n","protected":false},"author":1,"featured_media":0,"parent":19,"menu_order":80,"comment_status":"closed","ping_status":"closed","template":"","meta":{"_bbp_topic_count":0,"_bbp_reply_count":0,"_bbp_total_topic_count":0,"_bbp_total_reply_count":0,"_bbp_voice_count":0,"_bbp_anonymous_reply_count":0,"_bbp_topic_count_hidden":0,"_bbp_reply_count_hidden":0,"_bbp_forum_subforum_count":0,"site-sidebar-layout":"default","site-content-layout":"","ast-site-content-layout":"default","site-content-style":"default","site-sidebar-style":"default","ast-global-header-display":"","ast-banner-title-visibility":"","ast-main-header-display":"","ast-hfb-above-header-display":"","ast-hfb-below-header-display":"","ast-hfb-mobile-header-display":"","site-post-title":"","ast-breadcrumbs-content":"","ast-featured-img":"","footer-sml-layout":"","theme-transparent-header-meta":"default","adv-header-id-meta":"","stick-header-meta":"","header-above-stick-meta":"","header-main-stick-meta":"","header-below-stick-meta":"","astra-migrate-meta-layouts":"set","ast-page-background-enabled":"default","ast-page-background-meta":{"desktop":{"background-color":"var(--ast-global-color-4)","background-image":"","background-repeat":"repeat","background-position":"center center","background-size":"auto","background-attachment":"scroll","background-type":"","background-media":"","overlay-type":"","overlay-color":"","overlay-opacity":"","overlay-gradient":""},"tablet":{"background-color":"","background-image":"","background-repeat":"repeat","background-position":"center center","background-size":"auto","background-attachment":"scroll","background-type":"","background-media":"","overlay-type":"","overlay-color":"","overlay-opacity":"","overlay-gradient":""},"mobile":{"background-color":"","background-image":"","background-repeat":"repeat","background-position":"center center","background-size":"auto","background-attachment":"scroll","background-type":"","background-media":"","overlay-type":"","overlay-color":"","overlay-opacity":"","overlay-gradient":""}},"ast-content-background-meta":{"desktop":{"background-color":"var(--ast-global-color-5)","background-image":"","background-repeat":"repeat","background-position":"center center","background-size":"auto","background-attachment":"scroll","background-type":"","background-media":"","overlay-type":"","overlay-color":"","overlay-opacity":"","overlay-gradient":""},"tablet":{"background-color":"var(--ast-global-color-5)","background-image":"","background-repeat":"repeat","background-position":"center center","background-size":"auto","background-attachment":"scroll","background-type":"","background-media":"","overlay-type":"","overlay-color":"","overlay-opacity":"","overlay-gradient":""},"mobile":{"background-color":"var(--ast-global-color-5)","background-image":"","background-repeat":"repeat","background-position":"center center","background-size":"auto","background-attachment":"scroll","background-type":"","background-media":"","overlay-type":"","overlay-color":"","overlay-opacity":"","overlay-gradient":""}},"footnotes":""},"class_list":["post-55","page","type-page","status-publish","hentry"],"post_mailing_queue_ids":[],"_links":{"self":[{"href":"https:\/\/agora.xtec.cat\/insneuscatala\/wp-json\/wp\/v2\/pages\/55","targetHints":{"allow":["GET"]}}],"collection":[{"href":"https:\/\/agora.xtec.cat\/insneuscatala\/wp-json\/wp\/v2\/pages"}],"about":[{"href":"https:\/\/agora.xtec.cat\/insneuscatala\/wp-json\/wp\/v2\/types\/page"}],"author":[{"embeddable":true,"href":"https:\/\/agora.xtec.cat\/insneuscatala\/wp-json\/wp\/v2\/users\/1"}],"replies":[{"embeddable":true,"href":"https:\/\/agora.xtec.cat\/insneuscatala\/wp-json\/wp\/v2\/comments?post=55"}],"version-history":[{"count":6,"href":"https:\/\/agora.xtec.cat\/insneuscatala\/wp-json\/wp\/v2\/pages\/55\/revisions"}],"predecessor-version":[{"id":5308,"href":"https:\/\/agora.xtec.cat\/insneuscatala\/wp-json\/wp\/v2\/pages\/55\/revisions\/5308"}],"up":[{"embeddable":true,"href":"https:\/\/agora.xtec.cat\/insneuscatala\/wp-json\/wp\/v2\/pages\/19"}],"wp:attachment":[{"href":"https:\/\/agora.xtec.cat\/insneuscatala\/wp-json\/wp\/v2\/media?parent=55"}],"curies":[{"name":"wp","href":"https:\/\/api.w.org\/{rel}","templated":true}]}}