{"id":4253,"date":"2022-05-10T08:42:27","date_gmt":"2022-05-10T06:42:27","guid":{"rendered":"https:\/\/agora.xtec.cat\/insneuscatala\/?page_id=4253"},"modified":"2022-05-10T08:45:40","modified_gmt":"2022-05-10T06:45:40","slug":"sollicitud-de-titols","status":"publish","type":"page","link":"https:\/\/agora.xtec.cat\/insneuscatala\/sollicitud-de-titols\/","title":{"rendered":"T\u00edtols graduat en ESO"},"content":{"rendered":"<p>Quan tinguem els t\u00edtols a l&#8217;Institut ens posarem en contacte amb vosaltres.<\/p>\n<p>Per sol\u00b7licitar el t\u00edtol de graduat en Educaci\u00f3 Secund\u00e0ria Obligat\u00f2ria (ESO) cal portar el resguard que se us va lliurar en el moment d&#8217;acabar 4t d&#8217;ESO<\/p>\n<p>En cas de no trobar el resguard, s&#8217;ha d&#8217;omplir <a href=\"https:\/\/drive.google.com\/file\/d\/1GDxM4UtuaRuPVo4f-A0AWOIVH42WfNjx\/view?usp=sharing\" target=\"_blank\" rel=\"noopener\">aquesta sol\u00b7licitud<\/a><\/p>\n<p>En cas de no poder passar personalment a recollir el t\u00edtol, cal omplir <a href=\"https:\/\/drive.google.com\/file\/d\/19WJYQ7Ks4IXCzabnNZMIsoRXwoZy1KOl\/view?usp=sharing\" target=\"_blank\" rel=\"noopener\">aquesta autoritzaci\u00f3<\/a> i portar la documentaci\u00f3 adjunta que s&#8217;especifica.<\/p>\n<p>Per qualsevol dubte al respecte, poseu-vos en contacte amb la secretaria del centre: 93 706 05 09<\/p>\n","protected":false},"excerpt":{"rendered":"<p>Quan tinguem els t\u00edtols a l&#8217;Institut ens posarem en contacte amb vosaltres. Per sol\u00b7licitar el t\u00edtol de graduat en Educaci\u00f3 Secund\u00e0ria Obligat\u00f2ria (ESO) cal portar el resguard que se us va lliurar en el moment d&#8217;acabar 4t d&#8217;ESO En cas de no trobar el resguard, s&#8217;ha d&#8217;omplir aquesta sol\u00b7licitud En cas de no poder passar [&hellip;]<\/p>\n","protected":false},"author":1,"featured_media":0,"parent":0,"menu_order":0,"comment_status":"closed","ping_status":"closed","template":"","meta":{"_bbp_topic_count":0,"_bbp_reply_count":0,"_bbp_total_topic_count":0,"_bbp_total_reply_count":0,"_bbp_voice_count":0,"_bbp_anonymous_reply_count":0,"_bbp_topic_count_hidden":0,"_bbp_reply_count_hidden":0,"_bbp_forum_subforum_count":0,"site-sidebar-layout":"default","site-content-layout":"","ast-site-content-layout":"","site-content-style":"default","site-sidebar-style":"default","ast-global-header-display":"","ast-banner-title-visibility":"","ast-main-header-display":"","ast-hfb-above-header-display":"","ast-hfb-below-header-display":"","ast-hfb-mobile-header-display":"","site-post-title":"","ast-breadcrumbs-content":"","ast-featured-img":"","footer-sml-layout":"","theme-transparent-header-meta":"","adv-header-id-meta":"","stick-header-meta":"","header-above-stick-meta":"","header-main-stick-meta":"","header-below-stick-meta":"","astra-migrate-meta-layouts":"default","ast-page-background-enabled":"default","ast-page-background-meta":{"desktop":{"background-color":"var(--ast-global-color-4)","background-image":"","background-repeat":"repeat","background-position":"center center","background-size":"auto","background-attachment":"scroll","background-type":"","background-media":"","overlay-type":"","overlay-color":"","overlay-opacity":"","overlay-gradient":""},"tablet":{"background-color":"","background-image":"","background-repeat":"repeat","background-position":"center center","background-size":"auto","background-attachment":"scroll","background-type":"","background-media":"","overlay-type":"","overlay-color":"","overlay-opacity":"","overlay-gradient":""},"mobile":{"background-color":"","background-image":"","background-repeat":"repeat","background-position":"center center","background-size":"auto","background-attachment":"scroll","background-type":"","background-media":"","overlay-type":"","overlay-color":"","overlay-opacity":"","overlay-gradient":""}},"ast-content-background-meta":{"desktop":{"background-color":"var(--ast-global-color-5)","background-image":"","background-repeat":"repeat","background-position":"center center","background-size":"auto","background-attachment":"scroll","background-type":"","background-media":"","overlay-type":"","overlay-color":"","overlay-opacity":"","overlay-gradient":""},"tablet":{"background-color":"var(--ast-global-color-5)","background-image":"","background-repeat":"repeat","background-position":"center center","background-size":"auto","background-attachment":"scroll","background-type":"","background-media":"","overlay-type":"","overlay-color":"","overlay-opacity":"","overlay-gradient":""},"mobile":{"background-color":"var(--ast-global-color-5)","background-image":"","background-repeat":"repeat","background-position":"center center","background-size":"auto","background-attachment":"scroll","background-type":"","background-media":"","overlay-type":"","overlay-color":"","overlay-opacity":"","overlay-gradient":""}},"footnotes":""},"class_list":["post-4253","page","type-page","status-publish","hentry"],"post_mailing_queue_ids":[],"_links":{"self":[{"href":"https:\/\/agora.xtec.cat\/insneuscatala\/wp-json\/wp\/v2\/pages\/4253","targetHints":{"allow":["GET"]}}],"collection":[{"href":"https:\/\/agora.xtec.cat\/insneuscatala\/wp-json\/wp\/v2\/pages"}],"about":[{"href":"https:\/\/agora.xtec.cat\/insneuscatala\/wp-json\/wp\/v2\/types\/page"}],"author":[{"embeddable":true,"href":"https:\/\/agora.xtec.cat\/insneuscatala\/wp-json\/wp\/v2\/users\/1"}],"replies":[{"embeddable":true,"href":"https:\/\/agora.xtec.cat\/insneuscatala\/wp-json\/wp\/v2\/comments?post=4253"}],"version-history":[{"count":3,"href":"https:\/\/agora.xtec.cat\/insneuscatala\/wp-json\/wp\/v2\/pages\/4253\/revisions"}],"predecessor-version":[{"id":4259,"href":"https:\/\/agora.xtec.cat\/insneuscatala\/wp-json\/wp\/v2\/pages\/4253\/revisions\/4259"}],"wp:attachment":[{"href":"https:\/\/agora.xtec.cat\/insneuscatala\/wp-json\/wp\/v2\/media?parent=4253"}],"curies":[{"name":"wp","href":"https:\/\/api.w.org\/{rel}","templated":true}]}}