{"id":3468,"date":"2020-09-24T16:10:11","date_gmt":"2020-09-24T14:10:11","guid":{"rendered":"https:\/\/agora.xtec.cat\/insneuscatala\/?page_id=3468"},"modified":"2021-02-03T16:46:35","modified_gmt":"2021-02-03T15:46:35","slug":"certificats-de-catala","status":"publish","type":"page","link":"https:\/\/agora.xtec.cat\/insneuscatala\/secretaria\/certificats-de-catala\/","title":{"rendered":"Certificats de catal\u00e0"},"content":{"rendered":"<h4 style=\"text-align: left;\"><span style=\"text-decoration: underline;\">L&#8217;Institut pot emetre certificats d&#8217;acreditaci\u00f3 dels nivells B2 i C1 de Llengua catalana.<\/span><\/h4>\n<p>&nbsp;<\/p>\n<h4><\/h4>\n<h5 style=\"text-align: left;\"><span style=\"text-decoration: underline;\">Requisits generals:<\/span><\/h5>\n<ul>\n<li>No haver estat exempt de catal\u00e0.<\/li>\n<li>Inici de l\u2019escolaritzaci\u00f3 a partir del curs 1978-79 (incl\u00f2s). Acompleix aquest requisit la gent nascuda a partir de 1972.<\/li>\n<\/ul>\n<p>&nbsp;<\/p>\n<h5 style=\"text-align: left;\"><span style=\"text-decoration: underline;\">Equival\u00e8ncies:<\/span><\/h5>\n<table style=\"width: 938px;\" width=\"591\">\n<tbody>\n<tr>\n<td style=\"width: 178px;\"><strong>Estudis realitzats<\/strong><\/td>\n<td style=\"width: 252px;\"><strong>Cal haver estudiat a Catalunya<\/strong><\/td>\n<td style=\"width: 498px;\"><strong>Documents que cal presentar<\/strong><\/td>\n<\/tr>\n<tr>\n<td style=\"width: 932px;\" colspan=\"3\"><strong>NIVELL B2<\/strong><\/td>\n<\/tr>\n<tr>\n<td style=\"width: 178px;\">EGB \/ FP1<\/td>\n<td style=\"width: 252px;\">Totalitat de l\u2019EGBTotalitat\u00a0de l\u2019EGB i FP1<\/td>\n<td style=\"width: 498px;\">Original i fotoc\u00f2pia DNI<\/p>\n<p>Original i fotoc\u00f2pia de les p\u00e0gines de la CERTIFICACI\u00d3 D\u2019ANYS D\u2019ESCOLARITAT del llibre d\u2019escolaritat de\u00a0<strong>l\u2019EGB\u00a0<\/strong>o certificat acreditatiu*<\/p>\n<p>Original i fotoc\u00f2pia de les notes finals de tots els cursos de\u00a0<strong>FP1\u00a0<\/strong>o certificat acreditatiu*<\/td>\n<\/tr>\n<tr>\n<td style=\"width: 932px;\" colspan=\"3\"><strong>NIVELL C1<\/strong><\/td>\n<\/tr>\n<tr>\n<td style=\"width: 178px;\">BUP<\/td>\n<td style=\"width: 252px;\">Totalitat l\u2019EGB i BUP<\/td>\n<td style=\"width: 498px;\">Original i fotoc\u00f2pia DNI<\/p>\n<p>Original i fotoc\u00f2pia de les p\u00e0gines de la CERTIFICACI\u00d3 D\u2019ANYS D\u2019ESCOLARITAT del llibre d\u2019escolaritat de\u00a0<strong>l\u2019EGB\u00a0<\/strong>o certificat acreditatiu*<\/p>\n<p>Original i fotoc\u00f2pia de les notes finals de tots els cursos de\u00a0<strong>BUP\u00a0o certificat acreditatiu*<\/strong><\/td>\n<\/tr>\n<tr>\n<td style=\"width: 178px;\">FP2<\/td>\n<td style=\"width: 252px;\">Totalitat l\u2019EGB, FP1 i FP2<\/td>\n<td style=\"width: 498px;\">Original i fotoc\u00f2pia DNI<\/p>\n<p>Original i fotoc\u00f2pia de les p\u00e0gines de la CERTIFICACI\u00d3 D\u2019ANYS D\u2019ESCOLARITAT del llibre d\u2019escolaritat de\u00a0<strong>l\u2019EGB\u00a0<\/strong>o certificat acreditatiu*<\/p>\n<p>Original i fotoc\u00f2pia de les notes finals de tots els cursos de\u00a0<strong>FP1<\/strong>\u00a0i\u00a0<strong>FP2\u00a0<\/strong>o certificat acreditatiu*<\/td>\n<\/tr>\n<tr>\n<td style=\"width: 178px;\">BATXILLERAT<\/td>\n<td style=\"width: 252px;\">3 cursos qualsevols de Prim\u00e0ria i 5 qualsevols entre ESO i BATX<\/td>\n<td style=\"width: 498px;\">Original i fotoc\u00f2pia DNI<\/p>\n<p>Original i fotoc\u00f2pia de les p\u00e0gines de la CERTIFICACI\u00d3 D\u2019ANYS D\u2019ESCOLARITAT del llibre d\u2019escolaritat de\u00a0<strong>Prim\u00e0ria i Secund\u00e0ria<\/strong><\/p>\n<p>Original i fotoc\u00f2pia de les notes finals de tots els cursos de\u00a0<strong>Batxillerat<\/strong><\/td>\n<\/tr>\n<tr>\n<td style=\"width: 178px;\">ESO<\/td>\n<td style=\"width: 252px;\">3 cursos qualsevols de Prim\u00e0ria i tota l\u2019ESO<\/td>\n<td style=\"width: 498px;\">Original i fotoc\u00f2pia DNI<\/p>\n<p>Original i fotoc\u00f2pia de les p\u00e0gines de la CERTIFICACI\u00d3 D\u2019ANYS D\u2019ESCOLARITAT del llibre d\u2019escolaritat de\u00a0<strong>Prim\u00e0ria i Secund\u00e0ria<\/strong><\/td>\n<\/tr>\n<\/tbody>\n<\/table>\n<h4><\/h4>\n<h5 style=\"text-align: left;\"><span style=\"text-decoration: underline;\">Com es sol\u00b7licita?:<\/span><\/h5>\n<p>Cal portar a la Secretaria del centre la sol\u00b7licitud complimentada (pots descarregar-la <strong><a href=\"https:\/\/drive.google.com\/file\/d\/17g17idxeksmeOGR8JYO8ShuyF-bsBg8n\/view?usp=sharing\" target=\"_blank\" rel=\"noopener noreferrer\">aqu\u00ed<\/a><\/strong>) i la documentaci\u00f3 que s\u2019indica a la taula d\u2019equival\u00e8ncies amb el DNI de la persona que sol\u00b7licita el certificat<\/p>\n<h5><\/h5>\n<h5 style=\"text-align: left;\"><span style=\"text-decoration: underline;\">Cal tenir present:<\/span><\/h5>\n<ul>\n<li style=\"list-style-type: none;\">\n<ul style=\"list-style-type: circle;\">\n<li>Les persones que hagin obtingut la seva titulaci\u00f3 en un institut (o institut escola) podran presentar la seva sol\u00b7licitud en qualsevol d&#8217;aquests centres aportant la documentaci\u00f3 requerida.<\/li>\n<li>Les persones que hagin obtingut la seva titulaci\u00f3 en un centre de formaci\u00f3 d&#8217;adults, hauran de presentar la seva sol\u00b7licitud al centre de formaci\u00f3 d&#8217;adults que correspongui aportant la documentaci\u00f3 requerida.<\/li>\n<li>Les persones que hagin obtingut la seva titulaci\u00f3 a l&#8217;Institut Obert de Catalunya (IOC) hauran de tramitar la seva sol\u00b7licitud a l&#8217;IOC aportant la documentaci\u00f3 requerida.<\/li>\n<li>Per als casos que no es corresponguin amb els sup\u00f2sits esmentats, les persones interessades es podran dirigir al\u00a0<a title=\"Departament d'Educaci\u00f3\" href=\"http:\/\/sac.gencat.cat\/sacgencat\/AppJava\/organisme_fitxa.jsp?codi=1599\" target=\"_blank\" rel=\"noopener noreferrer\">Departament d&#8217;Educaci\u00f3<\/a>\u00a0per tramitar la seva sol\u00b7licitud.<\/li>\n<\/ul>\n<\/li>\n<\/ul>\n","protected":false},"excerpt":{"rendered":"<p>L&#8217;Institut pot emetre certificats d&#8217;acreditaci\u00f3 dels nivells B2 i C1 de Llengua catalana. &nbsp; Requisits generals: No haver estat exempt de catal\u00e0. Inici de l\u2019escolaritzaci\u00f3 a partir del curs 1978-79 (incl\u00f2s). Acompleix aquest requisit la gent nascuda a partir de 1972. &nbsp; Equival\u00e8ncies: Estudis realitzats Cal haver estudiat a Catalunya Documents que cal presentar NIVELL [&hellip;]<\/p>\n","protected":false},"author":1,"featured_media":0,"parent":2695,"menu_order":0,"comment_status":"closed","ping_status":"closed","template":"page-templates\/side-menu.php","meta":{"_bbp_topic_count":0,"_bbp_reply_count":0,"_bbp_total_topic_count":0,"_bbp_total_reply_count":0,"_bbp_voice_count":0,"_bbp_anonymous_reply_count":0,"_bbp_topic_count_hidden":0,"_bbp_reply_count_hidden":0,"_bbp_forum_subforum_count":0,"site-sidebar-layout":"default","site-content-layout":"","ast-site-content-layout":"","site-content-style":"default","site-sidebar-style":"default","ast-global-header-display":"","ast-banner-title-visibility":"","ast-main-header-display":"","ast-hfb-above-header-display":"","ast-hfb-below-header-display":"","ast-hfb-mobile-header-display":"","site-post-title":"","ast-breadcrumbs-content":"","ast-featured-img":"","footer-sml-layout":"","theme-transparent-header-meta":"","adv-header-id-meta":"","stick-header-meta":"","header-above-stick-meta":"","header-main-stick-meta":"","header-below-stick-meta":"","astra-migrate-meta-layouts":"default","ast-page-background-enabled":"default","ast-page-background-meta":{"desktop":{"background-color":"var(--ast-global-color-4)","background-image":"","background-repeat":"repeat","background-position":"center center","background-size":"auto","background-attachment":"scroll","background-type":"","background-media":"","overlay-type":"","overlay-color":"","overlay-opacity":"","overlay-gradient":""},"tablet":{"background-color":"","background-image":"","background-repeat":"repeat","background-position":"center center","background-size":"auto","background-attachment":"scroll","background-type":"","background-media":"","overlay-type":"","overlay-color":"","overlay-opacity":"","overlay-gradient":""},"mobile":{"background-color":"","background-image":"","background-repeat":"repeat","background-position":"center center","background-size":"auto","background-attachment":"scroll","background-type":"","background-media":"","overlay-type":"","overlay-color":"","overlay-opacity":"","overlay-gradient":""}},"ast-content-background-meta":{"desktop":{"background-color":"var(--ast-global-color-5)","background-image":"","background-repeat":"repeat","background-position":"center center","background-size":"auto","background-attachment":"scroll","background-type":"","background-media":"","overlay-type":"","overlay-color":"","overlay-opacity":"","overlay-gradient":""},"tablet":{"background-color":"var(--ast-global-color-5)","background-image":"","background-repeat":"repeat","background-position":"center center","background-size":"auto","background-attachment":"scroll","background-type":"","background-media":"","overlay-type":"","overlay-color":"","overlay-opacity":"","overlay-gradient":""},"mobile":{"background-color":"var(--ast-global-color-5)","background-image":"","background-repeat":"repeat","background-position":"center center","background-size":"auto","background-attachment":"scroll","background-type":"","background-media":"","overlay-type":"","overlay-color":"","overlay-opacity":"","overlay-gradient":""}},"footnotes":""},"class_list":["post-3468","page","type-page","status-publish","hentry"],"post_mailing_queue_ids":[],"_links":{"self":[{"href":"https:\/\/agora.xtec.cat\/insneuscatala\/wp-json\/wp\/v2\/pages\/3468","targetHints":{"allow":["GET"]}}],"collection":[{"href":"https:\/\/agora.xtec.cat\/insneuscatala\/wp-json\/wp\/v2\/pages"}],"about":[{"href":"https:\/\/agora.xtec.cat\/insneuscatala\/wp-json\/wp\/v2\/types\/page"}],"author":[{"embeddable":true,"href":"https:\/\/agora.xtec.cat\/insneuscatala\/wp-json\/wp\/v2\/users\/1"}],"replies":[{"embeddable":true,"href":"https:\/\/agora.xtec.cat\/insneuscatala\/wp-json\/wp\/v2\/comments?post=3468"}],"version-history":[{"count":3,"href":"https:\/\/agora.xtec.cat\/insneuscatala\/wp-json\/wp\/v2\/pages\/3468\/revisions"}],"predecessor-version":[{"id":3687,"href":"https:\/\/agora.xtec.cat\/insneuscatala\/wp-json\/wp\/v2\/pages\/3468\/revisions\/3687"}],"up":[{"embeddable":true,"href":"https:\/\/agora.xtec.cat\/insneuscatala\/wp-json\/wp\/v2\/pages\/2695"}],"wp:attachment":[{"href":"https:\/\/agora.xtec.cat\/insneuscatala\/wp-json\/wp\/v2\/media?parent=3468"}],"curies":[{"name":"wp","href":"https:\/\/api.w.org\/{rel}","templated":true}]}}