{"id":3098,"date":"2020-01-19T10:44:49","date_gmt":"2020-01-19T09:44:49","guid":{"rendered":"http:\/\/agora.xtec.cat\/insneuscatala\/?page_id=3098"},"modified":"2026-04-15T10:48:56","modified_gmt":"2026-04-15T08:48:56","slug":"matricula","status":"publish","type":"page","link":"https:\/\/agora.xtec.cat\/insneuscatala\/secretaria\/matricula\/","title":{"rendered":"Preinscripci\u00f3 i Matr\u00edcula 2026-2027"},"content":{"rendered":"<h4 style=\"text-align: center;\"><span style=\"color: #0000ff;\"><img decoding=\"async\" style=\"color: #3a3a3a; font-weight: inherit; font-size: 16px;\" src=\"https:\/\/preinscripcio.gencat.cat\/web\/.content\/inici\/imatge-impacte.jpg\" alt=\"Portal de preinscripci\u00f3 del Departament d\u2019Educaci\u00f3 i Formaci\u00f3 Professional\" \/><span style=\"font-size: 20.8px;\">INFOR<\/span><\/span><span style=\"color: #0000ff; font-size: 20.8px;\">MACI\u00d3 I CONSULTA A SECRETARIA<\/span><\/h4>\n<h4 style=\"text-align: center;\"><span style=\"color: #000000;\">Atenci\u00f3 telef\u00f2ni<\/span><span style=\"color: #000000; font-size: 20.8px;\">ca al 93 706 05 09<\/span><\/h4>\n<h4 style=\"text-align: center;\"><strong>Correu electr\u00f2nic<\/strong>: <a href=\"mailto:secretaria@institutneuscatala.cat\" target=\"_blank\" rel=\"noopener noreferrer\">secretaria@institutneuscatala.cat<\/a><\/h4>\n<h4 style=\"text-align: center;\"><a href=\"https:\/\/preinscripcio.gencat.cat\/ca\/estudis\/eso\/informat\/calendari\/\" target=\"_blank\" rel=\"noopener\"><span style=\"color: #000000;\"><span style=\"text-decoration: underline;\"><span style=\"color: #0000ff; text-decoration: underline;\"><span style=\"color: #00ccff; text-decoration: underline;\"> Calendari del proc\u00e9s<\/span><\/span><\/span><\/span><\/a><\/h4>\n<h3 style=\"text-align: center;\"><strong style=\"font-style: normal; font-size: 17.6px;\"><a href=\"https:\/\/tramits.gencat.cat\/ca\/tramits\/tramits-temes\/perinscripcio-obligatoris?moda=3\">Presentaci\u00f3 de sol\u00b7licitud:<\/a> del 6 al 18 de mar\u00e7<\/strong><\/h3>\n<hr \/>\n<p><strong><span style=\"color: #000000;\">&#8211; Llista<\/span><\/strong><span style=\"font-size: 20.8px; font-style: normal; font-weight: bold; color: #000000;\">t dels<\/span><span style=\"font-size: 20.8px; font-style: normal; font-weight: bold; color: #000000;\">\u00a0<\/span><span style=\"text-decoration: underline; color: #00ccff;\"><a style=\"color: #00ccff; text-decoration: underline;\" href=\"https:\/\/drive.google.com\/file\/d\/1c3ZL04jdQpYf-PnHIrO4j1Fdkw1TjWRB\/view?usp=sharing\" target=\"_blank\" rel=\"noopener noreferrer\">centres adscrits<\/a>\u00a0<\/span><span style=\"font-size: 20.8px; font-style: normal; font-weight: bold; color: #000000;\">de prim\u00e0ria<\/span><\/p>\n<hr \/>\n<h4><span style=\"color: #339966;\">PUBLICACIONS:<\/span><\/h4>\n<h4 style=\"text-align: left;\"><span style=\"color: #000000;\">&#8211; Publicaci\u00f3 de l&#8217;oferta inicial de places del centre (3 de mar\u00e7): consulteu-la <a href=\"https:\/\/drive.google.com\/file\/d\/1g4QKc032lCE0_6f-n7tJ48Z8hArsL5SC\/view?usp=sharing\"><span style=\"text-decoration: underline;\">aqu\u00ed<\/span><\/a><\/span><\/h4>\n<h4 style=\"text-align: left;\"><span style=\"color: #000000;\">&#8211; Publicaci\u00f3 de la llista amb el barem provisional (15 abril):\u00a0 consulteu-la <a href=\"https:\/\/drive.google.com\/file\/d\/1tMBQ4HRKM7A3yqiulgC9XztydaHdBhYR\/edit\"><span style=\"text-decoration: underline;\">aqu\u00ed<\/span><\/a><\/span><\/h4>\n<h4 style=\"text-align: left;\"><span style=\"color: #000000;\">&#8211; Publicaci\u00f3 de la llista amb el barem definitiu (23 abril): <\/span><span style=\"color: #000000;\">consulteu-la <span style=\"text-decoration: underline;\">aqu\u00ed<\/span><\/span><\/h4>\n<h4 style=\"text-align: left;\"><span style=\"color: #000000;\">&#8211; N\u00famero de desempat (sorteig el 28 d&#8217;abril a les 11h): <\/span><\/h4>\n<h4 style=\"text-align: left;\"><span style=\"color: #000000;\">&#8211; Publicaci\u00f3 de la llista ordenada amb barem definitiu (29 d&#8217;abril): consulteu-la <span style=\"text-decoration: underline;\">aqu\u00ed<\/span><\/span><\/h4>\n<h4 style=\"text-align: left;\"><span style=\"color: #000000;\">&#8211; Publicaci\u00f3 de l&#8217;oferta definitiva (10 de juny): <\/span><span style=\"color: #000000;\">consulteu-la <span style=\"text-decoration: underline;\">aqu\u00ed<\/span><\/span><\/h4>\n<h4 style=\"text-align: left;\"><span style=\"color: #000000;\">&#8211; Publicaci\u00f3 llista alumnat assignat (10 de juny): consulteu-la <span style=\"text-decoration: underline;\">aqu\u00ed<\/span><\/span><\/h4>\n<h4 style=\"text-align: left;\"><span style=\"color: #000000;\">&#8211; Publicaci\u00f3 i gesti\u00f3 llistes d&#8217;espera (10 de juny): consulteu-la <span style=\"text-decoration: underline;\">aqu\u00ed<\/span><\/span><\/h4>\n<hr \/>\n<h4 style=\"text-align: center;\"><span style=\"color: #0000ff;\">Matr\u00edcula alumnat assignat (del 22 de juny al 30 de juny):<\/span><\/h4>\n<h4 style=\"text-align: center;\">TRUQUEU PER DEMANAR CITA PR\u00c8VIA (93 706 05 09 &#8211; demanar per Raquel)<\/h4>\n<hr \/>\n<h6 style=\"text-align: center;\">Tota la informaci\u00f3 general del proc\u00e9s a <span style=\"text-decoration: underline;\"><a href=\"https:\/\/preinscripcio.gencat.cat\/ca\/inici\/\" target=\"_blank\" rel=\"noopener noreferrer\">https:\/\/preinscripcio.gencat.cat\/ca\/inici\/<\/a><\/span><\/h6>\n<h4 style=\"text-align: center;\"><\/h4>\n<h4 style=\"text-align: left;\"><\/h4>\n<p>&nbsp;<\/p>\n<h5 style=\"text-align: left;\"><\/h5>\n<p>&nbsp;<\/p>\n","protected":false},"excerpt":{"rendered":"<p>INFORMACI\u00d3 I CONSULTA A SECRETARIA Atenci\u00f3 telef\u00f2nica al 93 706 05 09 Correu electr\u00f2nic: secretaria@institutneuscatala.cat Calendari del proc\u00e9s Presentaci\u00f3 de sol\u00b7licitud: del 6 al 18 de mar\u00e7 &#8211; Llistat dels\u00a0centres adscrits\u00a0de prim\u00e0ria PUBLICACIONS: &#8211; Publicaci\u00f3 de l&#8217;oferta inicial de places del centre (3 de mar\u00e7): consulteu-la aqu\u00ed &#8211; Publicaci\u00f3 de la llista amb el barem [&hellip;]<\/p>\n","protected":false},"author":1,"featured_media":0,"parent":2695,"menu_order":0,"comment_status":"closed","ping_status":"closed","template":"","meta":{"_bbp_topic_count":0,"_bbp_reply_count":0,"_bbp_total_topic_count":0,"_bbp_total_reply_count":0,"_bbp_voice_count":0,"_bbp_anonymous_reply_count":0,"_bbp_topic_count_hidden":0,"_bbp_reply_count_hidden":0,"_bbp_forum_subforum_count":0,"site-sidebar-layout":"default","site-content-layout":"","ast-site-content-layout":"default","site-content-style":"default","site-sidebar-style":"default","ast-global-header-display":"","ast-banner-title-visibility":"","ast-main-header-display":"","ast-hfb-above-header-display":"","ast-hfb-below-header-display":"","ast-hfb-mobile-header-display":"","site-post-title":"","ast-breadcrumbs-content":"","ast-featured-img":"","footer-sml-layout":"","theme-transparent-header-meta":"default","adv-header-id-meta":"","stick-header-meta":"","header-above-stick-meta":"","header-main-stick-meta":"","header-below-stick-meta":"","astra-migrate-meta-layouts":"set","ast-page-background-enabled":"default","ast-page-background-meta":{"desktop":{"background-color":"var(--ast-global-color-4)","background-image":"","background-repeat":"repeat","background-position":"center center","background-size":"auto","background-attachment":"scroll","background-type":"","background-media":"","overlay-type":"","overlay-color":"","overlay-opacity":"","overlay-gradient":""},"tablet":{"background-color":"","background-image":"","background-repeat":"repeat","background-position":"center center","background-size":"auto","background-attachment":"scroll","background-type":"","background-media":"","overlay-type":"","overlay-color":"","overlay-opacity":"","overlay-gradient":""},"mobile":{"background-color":"","background-image":"","background-repeat":"repeat","background-position":"center center","background-size":"auto","background-attachment":"scroll","background-type":"","background-media":"","overlay-type":"","overlay-color":"","overlay-opacity":"","overlay-gradient":""}},"ast-content-background-meta":{"desktop":{"background-color":"var(--ast-global-color-5)","background-image":"","background-repeat":"repeat","background-position":"center center","background-size":"auto","background-attachment":"scroll","background-type":"","background-media":"","overlay-type":"","overlay-color":"","overlay-opacity":"","overlay-gradient":""},"tablet":{"background-color":"var(--ast-global-color-5)","background-image":"","background-repeat":"repeat","background-position":"center center","background-size":"auto","background-attachment":"scroll","background-type":"","background-media":"","overlay-type":"","overlay-color":"","overlay-opacity":"","overlay-gradient":""},"mobile":{"background-color":"var(--ast-global-color-5)","background-image":"","background-repeat":"repeat","background-position":"center center","background-size":"auto","background-attachment":"scroll","background-type":"","background-media":"","overlay-type":"","overlay-color":"","overlay-opacity":"","overlay-gradient":""}},"footnotes":""},"class_list":["post-3098","page","type-page","status-publish","hentry"],"post_mailing_queue_ids":[],"_links":{"self":[{"href":"https:\/\/agora.xtec.cat\/insneuscatala\/wp-json\/wp\/v2\/pages\/3098","targetHints":{"allow":["GET"]}}],"collection":[{"href":"https:\/\/agora.xtec.cat\/insneuscatala\/wp-json\/wp\/v2\/pages"}],"about":[{"href":"https:\/\/agora.xtec.cat\/insneuscatala\/wp-json\/wp\/v2\/types\/page"}],"author":[{"embeddable":true,"href":"https:\/\/agora.xtec.cat\/insneuscatala\/wp-json\/wp\/v2\/users\/1"}],"replies":[{"embeddable":true,"href":"https:\/\/agora.xtec.cat\/insneuscatala\/wp-json\/wp\/v2\/comments?post=3098"}],"version-history":[{"count":6,"href":"https:\/\/agora.xtec.cat\/insneuscatala\/wp-json\/wp\/v2\/pages\/3098\/revisions"}],"predecessor-version":[{"id":5346,"href":"https:\/\/agora.xtec.cat\/insneuscatala\/wp-json\/wp\/v2\/pages\/3098\/revisions\/5346"}],"up":[{"embeddable":true,"href":"https:\/\/agora.xtec.cat\/insneuscatala\/wp-json\/wp\/v2\/pages\/2695"}],"wp:attachment":[{"href":"https:\/\/agora.xtec.cat\/insneuscatala\/wp-json\/wp\/v2\/media?parent=3098"}],"curies":[{"name":"wp","href":"https:\/\/api.w.org\/{rel}","templated":true}]}}