{"id":27,"date":"2014-09-17T16:24:03","date_gmt":"2014-09-17T14:24:03","guid":{"rendered":"http:\/\/agora.xtec.cat\/insneuscatala\/\/?page_id=27"},"modified":"2025-11-06T10:32:31","modified_gmt":"2025-11-06T09:32:31","slug":"documents","status":"publish","type":"page","link":"https:\/\/agora.xtec.cat\/insneuscatala\/linstitut\/documents\/","title":{"rendered":"Documents de centre"},"content":{"rendered":"<h3><\/h3>\n<h3 style=\"text-align: left;\"><span style=\"color: #000000;\"><strong>DOCUMENTS CURS 24-25<\/strong><\/span><\/h3>\n<p><a href=\"https:\/\/drive.google.com\/file\/d\/1zqpgKp8R2vXMrYitnb7CtEJeMJpN_Uv-\/view?usp=sharing\" target=\"_blank\" rel=\"noopener\"><span style=\"text-decoration: underline; color: #339966;\">Liquidaci\u00f3 del pressupost del 2023<\/span><\/a><\/p>\n<p><a href=\"https:\/\/drive.google.com\/file\/d\/1HH8rDsmATqUNCUJf1J9IB7-QNooynv7C\/view?usp=sharing\" target=\"_blank\" rel=\"noopener\"><span style=\"text-decoration: underline;\"><span style=\"color: #339966; text-decoration: underline;\">Pressupost de 2024<\/span><\/span><\/a><\/p>\n<p>&nbsp;<\/p>\n<h3 style=\"text-align: left;\"><span style=\"color: #000000;\"><strong>DOCUMENTS GEN\u00c8RICS<\/strong><\/span><\/h3>\n<p><span style=\"color: #339966;\"><a style=\"color: #339966;\" href=\"https:\/\/drive.google.com\/file\/d\/1YykwVEsKrAUJnkOVwTQu4o7ouc_pFWKw\/view?usp=sharing\" target=\"_blank\" rel=\"noopener noreferrer\"><span style=\"text-decoration: underline;\">Projecte educatiu de centre (PEC)<\/span><\/a><\/span><\/p>\n<p><span style=\"text-decoration: underline;\"><span style=\"color: #339966; text-decoration: underline;\"><a style=\"color: #339966; text-decoration: underline;\" href=\"https:\/\/docs.google.com\/document\/d\/1axpz6FzMrIROLL0-x22xefqzZZQv6guBGnN-orE3Wi8\/edit?usp=sharing\" target=\"_blank\" rel=\"noopener noreferrer\">Normes d&#8217;organitzaci\u00f3 i funcionament de centre (NOFC)<\/a><\/span><\/span><\/p>\n<p><span style=\"text-decoration: underline;\"><span style=\"color: #339966; text-decoration: underline;\"><a style=\"color: #339966; text-decoration: underline;\" href=\"https:\/\/drive.google.com\/file\/d\/1YLfPXSXkw2JXenG6S6SsHAM_8C3C9Rnx\/view?usp=sharing\" target=\"_blank\" rel=\"noopener noreferrer\">Projecte Ling\u00fc\u00edstic de Centre (PLC)<\/a><\/span><\/span><\/p>\n<p><span style=\"text-decoration: underline;\"><span style=\"color: #339966; text-decoration: underline;\"><a style=\"color: #339966; text-decoration: underline;\" href=\"https:\/\/drive.google.com\/file\/d\/175VKTrwE64s9YLgW4rHMh4avV4eiQx_0\/view?usp=sharing\" target=\"_blank\" rel=\"noopener noreferrer\">Projecte de conviv\u00e8ncia (PdC)<\/a><\/span><\/span><\/p>\n<p><span style=\"text-decoration: underline;\"><span style=\"color: #339966; text-decoration: underline;\"><a style=\"color: #339966; text-decoration: underline;\" href=\"https:\/\/drive.google.com\/file\/d\/1Is-RzoXMxTL-PP60NP_8k1dLXc0-OWWb\/view?usp=sharing\" target=\"_blank\" rel=\"noopener\">Resum estrat\u00e8gia digital de centre (Resum EDC)<\/a><\/span><\/span><\/p>\n<p><span style=\"text-decoration: underline;\"><span style=\"color: #339966; text-decoration: underline;\"><a style=\"color: #339966; text-decoration: underline;\" href=\"https:\/\/drive.google.com\/file\/d\/1JakA_8TUasdZFtwy48kVexcQ29icE3lq\/view?usp=sharing\" target=\"_blank\" rel=\"noopener noreferrer\">Carta comprom\u00eds educatiu<\/a><\/span><\/span><\/p>\n<p><a href=\"https:\/\/drive.google.com\/file\/d\/1b0D6PPk21CI-dlB2VyUkxk1LhRPlx2cH\/view?usp=drive_link\" target=\"_blank\" rel=\"noopener\">Pla d&#8217;Acollida de l&#8217;Institut Neus Catal\u00e0<\/a><\/p>\n","protected":false},"excerpt":{"rendered":"<p>DOCUMENTS CURS 24-25 Liquidaci\u00f3 del pressupost del 2023 Pressupost de 2024 &nbsp; DOCUMENTS GEN\u00c8RICS Projecte educatiu de centre (PEC) Normes d&#8217;organitzaci\u00f3 i funcionament de centre (NOFC) Projecte Ling\u00fc\u00edstic de Centre (PLC) Projecte de conviv\u00e8ncia (PdC) Resum estrat\u00e8gia digital de centre (Resum EDC) Carta comprom\u00eds educatiu Pla d&#8217;Acollida de l&#8217;Institut Neus Catal\u00e0<\/p>\n","protected":false},"author":1,"featured_media":0,"parent":19,"menu_order":2,"comment_status":"closed","ping_status":"closed","template":"","meta":{"_bbp_topic_count":0,"_bbp_reply_count":0,"_bbp_total_topic_count":0,"_bbp_total_reply_count":0,"_bbp_voice_count":0,"_bbp_anonymous_reply_count":0,"_bbp_topic_count_hidden":0,"_bbp_reply_count_hidden":0,"_bbp_forum_subforum_count":0,"site-sidebar-layout":"default","site-content-layout":"","ast-site-content-layout":"default","site-content-style":"default","site-sidebar-style":"default","ast-global-header-display":"","ast-banner-title-visibility":"","ast-main-header-display":"","ast-hfb-above-header-display":"","ast-hfb-below-header-display":"","ast-hfb-mobile-header-display":"","site-post-title":"","ast-breadcrumbs-content":"","ast-featured-img":"","footer-sml-layout":"","theme-transparent-header-meta":"default","adv-header-id-meta":"","stick-header-meta":"","header-above-stick-meta":"","header-main-stick-meta":"","header-below-stick-meta":"","astra-migrate-meta-layouts":"set","ast-page-background-enabled":"default","ast-page-background-meta":{"desktop":{"background-color":"var(--ast-global-color-4)","background-image":"","background-repeat":"repeat","background-position":"center center","background-size":"auto","background-attachment":"scroll","background-type":"","background-media":"","overlay-type":"","overlay-color":"","overlay-opacity":"","overlay-gradient":""},"tablet":{"background-color":"","background-image":"","background-repeat":"repeat","background-position":"center center","background-size":"auto","background-attachment":"scroll","background-type":"","background-media":"","overlay-type":"","overlay-color":"","overlay-opacity":"","overlay-gradient":""},"mobile":{"background-color":"","background-image":"","background-repeat":"repeat","background-position":"center center","background-size":"auto","background-attachment":"scroll","background-type":"","background-media":"","overlay-type":"","overlay-color":"","overlay-opacity":"","overlay-gradient":""}},"ast-content-background-meta":{"desktop":{"background-color":"var(--ast-global-color-5)","background-image":"","background-repeat":"repeat","background-position":"center center","background-size":"auto","background-attachment":"scroll","background-type":"","background-media":"","overlay-type":"","overlay-color":"","overlay-opacity":"","overlay-gradient":""},"tablet":{"background-color":"var(--ast-global-color-5)","background-image":"","background-repeat":"repeat","background-position":"center center","background-size":"auto","background-attachment":"scroll","background-type":"","background-media":"","overlay-type":"","overlay-color":"","overlay-opacity":"","overlay-gradient":""},"mobile":{"background-color":"var(--ast-global-color-5)","background-image":"","background-repeat":"repeat","background-position":"center center","background-size":"auto","background-attachment":"scroll","background-type":"","background-media":"","overlay-type":"","overlay-color":"","overlay-opacity":"","overlay-gradient":""}},"footnotes":""},"class_list":["post-27","page","type-page","status-publish","hentry"],"post_mailing_queue_ids":[],"_links":{"self":[{"href":"https:\/\/agora.xtec.cat\/insneuscatala\/wp-json\/wp\/v2\/pages\/27","targetHints":{"allow":["GET"]}}],"collection":[{"href":"https:\/\/agora.xtec.cat\/insneuscatala\/wp-json\/wp\/v2\/pages"}],"about":[{"href":"https:\/\/agora.xtec.cat\/insneuscatala\/wp-json\/wp\/v2\/types\/page"}],"author":[{"embeddable":true,"href":"https:\/\/agora.xtec.cat\/insneuscatala\/wp-json\/wp\/v2\/users\/1"}],"replies":[{"embeddable":true,"href":"https:\/\/agora.xtec.cat\/insneuscatala\/wp-json\/wp\/v2\/comments?post=27"}],"version-history":[{"count":6,"href":"https:\/\/agora.xtec.cat\/insneuscatala\/wp-json\/wp\/v2\/pages\/27\/revisions"}],"predecessor-version":[{"id":5208,"href":"https:\/\/agora.xtec.cat\/insneuscatala\/wp-json\/wp\/v2\/pages\/27\/revisions\/5208"}],"up":[{"embeddable":true,"href":"https:\/\/agora.xtec.cat\/insneuscatala\/wp-json\/wp\/v2\/pages\/19"}],"wp:attachment":[{"href":"https:\/\/agora.xtec.cat\/insneuscatala\/wp-json\/wp\/v2\/media?parent=27"}],"curies":[{"name":"wp","href":"https:\/\/api.w.org\/{rel}","templated":true}]}}