{"id":2666,"date":"2019-08-29T00:50:27","date_gmt":"2019-08-28T22:50:27","guid":{"rendered":"http:\/\/agora.xtec.cat\/insneuscatala\/?page_id=2666"},"modified":"2020-01-13T15:48:11","modified_gmt":"2020-01-13T14:48:11","slug":"lequip-xaji","status":"publish","type":"page","link":"https:\/\/agora.xtec.cat\/insneuscatala\/alumnes\/lequip-xaji\/","title":{"rendered":"L&#8217;equip XAJI"},"content":{"rendered":"<p>La Xarxa Activa de Joventut per la Igualtat (XAJI) es desenvolupa en el marc de l&#8217;educaci\u00f3 entre iguals i l\u2019aprenentatge cooperatiu amb l&#8217;objectiu de formar persones joves que siguin capaces de promoure la igualtat de g\u00e8nere, detectar episodis de viol\u00e8ncia en el seu propi entorn educatiu i finalment esdevinguin referents i agents actius per la transformaci\u00f3 social. La XAJI \u00e9s un projecte coordinat per la Plataforma Unit\u00e0ria contra les Viol\u00e8ncies de G\u00e8nere en agrupaci\u00f3 amb diferents entitats professionals de la prevenci\u00f3. Al centre tamb\u00e9 tenim la comissi\u00f3 lila, formada per alguns membre de l&#8217;equip XAJI i altres alumnes de 1r a 3r d&#8217;ESO.<\/p>\n","protected":false},"excerpt":{"rendered":"<p>La Xarxa Activa de Joventut per la Igualtat (XAJI) es desenvolupa en el marc de l&#8217;educaci\u00f3 entre iguals i l\u2019aprenentatge cooperatiu amb l&#8217;objectiu de formar persones joves que siguin capaces de promoure la igualtat de g\u00e8nere, detectar episodis de viol\u00e8ncia en el seu propi entorn educatiu i finalment esdevinguin referents i agents actius per la [&hellip;]<\/p>\n","protected":false},"author":1,"featured_media":0,"parent":2625,"menu_order":3,"comment_status":"closed","ping_status":"closed","template":"page-templates\/side-menu.php","meta":{"_bbp_topic_count":0,"_bbp_reply_count":0,"_bbp_total_topic_count":0,"_bbp_total_reply_count":0,"_bbp_voice_count":0,"_bbp_anonymous_reply_count":0,"_bbp_topic_count_hidden":0,"_bbp_reply_count_hidden":0,"_bbp_forum_subforum_count":0,"site-sidebar-layout":"default","site-content-layout":"","ast-site-content-layout":"","site-content-style":"default","site-sidebar-style":"default","ast-global-header-display":"","ast-banner-title-visibility":"","ast-main-header-display":"","ast-hfb-above-header-display":"","ast-hfb-below-header-display":"","ast-hfb-mobile-header-display":"","site-post-title":"","ast-breadcrumbs-content":"","ast-featured-img":"","footer-sml-layout":"","theme-transparent-header-meta":"","adv-header-id-meta":"","stick-header-meta":"","header-above-stick-meta":"","header-main-stick-meta":"","header-below-stick-meta":"","astra-migrate-meta-layouts":"default","ast-page-background-enabled":"default","ast-page-background-meta":{"desktop":{"background-color":"var(--ast-global-color-4)","background-image":"","background-repeat":"repeat","background-position":"center center","background-size":"auto","background-attachment":"scroll","background-type":"","background-media":"","overlay-type":"","overlay-color":"","overlay-opacity":"","overlay-gradient":""},"tablet":{"background-color":"","background-image":"","background-repeat":"repeat","background-position":"center center","background-size":"auto","background-attachment":"scroll","background-type":"","background-media":"","overlay-type":"","overlay-color":"","overlay-opacity":"","overlay-gradient":""},"mobile":{"background-color":"","background-image":"","background-repeat":"repeat","background-position":"center center","background-size":"auto","background-attachment":"scroll","background-type":"","background-media":"","overlay-type":"","overlay-color":"","overlay-opacity":"","overlay-gradient":""}},"ast-content-background-meta":{"desktop":{"background-color":"var(--ast-global-color-5)","background-image":"","background-repeat":"repeat","background-position":"center center","background-size":"auto","background-attachment":"scroll","background-type":"","background-media":"","overlay-type":"","overlay-color":"","overlay-opacity":"","overlay-gradient":""},"tablet":{"background-color":"var(--ast-global-color-5)","background-image":"","background-repeat":"repeat","background-position":"center center","background-size":"auto","background-attachment":"scroll","background-type":"","background-media":"","overlay-type":"","overlay-color":"","overlay-opacity":"","overlay-gradient":""},"mobile":{"background-color":"var(--ast-global-color-5)","background-image":"","background-repeat":"repeat","background-position":"center center","background-size":"auto","background-attachment":"scroll","background-type":"","background-media":"","overlay-type":"","overlay-color":"","overlay-opacity":"","overlay-gradient":""}},"footnotes":""},"class_list":["post-2666","page","type-page","status-publish","hentry"],"post_mailing_queue_ids":[],"_links":{"self":[{"href":"https:\/\/agora.xtec.cat\/insneuscatala\/wp-json\/wp\/v2\/pages\/2666","targetHints":{"allow":["GET"]}}],"collection":[{"href":"https:\/\/agora.xtec.cat\/insneuscatala\/wp-json\/wp\/v2\/pages"}],"about":[{"href":"https:\/\/agora.xtec.cat\/insneuscatala\/wp-json\/wp\/v2\/types\/page"}],"author":[{"embeddable":true,"href":"https:\/\/agora.xtec.cat\/insneuscatala\/wp-json\/wp\/v2\/users\/1"}],"replies":[{"embeddable":true,"href":"https:\/\/agora.xtec.cat\/insneuscatala\/wp-json\/wp\/v2\/comments?post=2666"}],"version-history":[{"count":3,"href":"https:\/\/agora.xtec.cat\/insneuscatala\/wp-json\/wp\/v2\/pages\/2666\/revisions"}],"predecessor-version":[{"id":3057,"href":"https:\/\/agora.xtec.cat\/insneuscatala\/wp-json\/wp\/v2\/pages\/2666\/revisions\/3057"}],"up":[{"embeddable":true,"href":"https:\/\/agora.xtec.cat\/insneuscatala\/wp-json\/wp\/v2\/pages\/2625"}],"wp:attachment":[{"href":"https:\/\/agora.xtec.cat\/insneuscatala\/wp-json\/wp\/v2\/media?parent=2666"}],"curies":[{"name":"wp","href":"https:\/\/api.w.org\/{rel}","templated":true}]}}