{"id":2663,"date":"2019-08-29T00:50:27","date_gmt":"2019-08-28T22:50:27","guid":{"rendered":"http:\/\/agora.xtec.cat\/insneuscatala\/?page_id=2663"},"modified":"2025-07-17T10:39:27","modified_gmt":"2025-07-17T08:39:27","slug":"sinergies","status":"publish","type":"page","link":"https:\/\/agora.xtec.cat\/insneuscatala\/com-eduquem\/sinergies\/","title":{"rendered":"Sin\u00e8rgies"},"content":{"rendered":"<p>&nbsp;<\/p>\n<table style=\"width: 623px; height: 218px;\">\n<tbody>\n<tr style=\"height: 152px;\">\n<td style=\"width: 177.29px; height: 152px;\">Formem part de:<\/td>\n<td style=\"width: 437.71px; height: 152px;\">Pla educatiu d\u2019entorn<\/p>\n<p>XAJI (Xarxa d&#8217;Agents Joves per la Igualtat)<\/p>\n<p>Programa Unkover<\/p>\n<p>Programa\u00a0d\u2019innovaci\u00f3 pedag\u00f2gica de\u00a0<strong><a href=\"https:\/\/espai.educacio.gencat.cat\/Centres\/Innovacio-pedagogica\/Programes\/Centres-formadors-MUFPS\/Pagines\/default.aspx\" target=\"_blank\" rel=\"noopener\">Pr\u00e0ctiques del M\u00e0ster Universitari de Formaci\u00f3 del Professorat d\u2019educaci\u00f3 secund\u00e0ria obligat\u00f2ria i batxillerat, Formaci\u00f3 professional i Ensenyament d\u2019idiomes\u00a0(MUFPS)<\/a><\/strong><\/td>\n<\/tr>\n<tr style=\"height: 33px;\">\n<td style=\"width: 177.29px; height: 33px;\">Participem en:<\/td>\n<td style=\"width: 437.71px; height: 33px;\">Programa Erasmus<\/p>\n<p>Programa AVANCEM: Aprenentatge integrat de les lleng\u00fces<\/td>\n<\/tr>\n<tr style=\"height: 33px;\">\n<td style=\"width: 177.29px; height: 33px;\">Per a la realitzaci\u00f3 de la setmana cultural, cada any rebem suport de:<\/td>\n<td style=\"width: 437.71px; height: 33px;\">Ajuntament de Cornell\u00e0<\/p>\n<p><a href=\"https:\/\/agora.xtec.cat\/insneuscatala\/wp-content\/uploads\/usu292\/2025\/03\/logo-Ajuntament-Cornella-1.png\"><img loading=\"lazy\" decoding=\"async\" class=\"aligncenter size-full wp-image-4959\" src=\"https:\/\/agora.xtec.cat\/insneuscatala\/wp-content\/uploads\/usu292\/2025\/03\/logo-Ajuntament-Cornella-1.png\" alt=\"\" width=\"262\" height=\"192\" \/><\/a><\/td>\n<\/tr>\n<tr>\n<td style=\"width: 177.29px;\">Col\u00b7laborem amb:<\/td>\n<td style=\"width: 437.71px;\">Club infantil-juvenil Sanfeliu-SantIldefons<\/p>\n<p>Punt informaci\u00f3 juvenil \/ espai jove (Regidoria de Joventut)<\/p>\n<p>CRAJ (centre de recursos juvenils)<\/p>\n<p>Citilab<\/p>\n<p>Xarxa de Biblioteques Municipals de Cornell\u00e0<\/p>\n<p>Cornell\u00e0 Apr\u00e8n<\/p>\n<p>Cornell\u00e0 Valors<\/p>\n<p>R\u00e0dio Cornell\u00e0<\/p>\n<p>Cornell\u00e0 sense fronteres<\/p>\n<p>Fundaci\u00f3 el Llindar<\/p>\n<p>Fundaci\u00f3 ExE (Empieza por Educar)<\/td>\n<\/tr>\n<\/tbody>\n<\/table>\n<p>&nbsp;<\/p>\n","protected":false},"excerpt":{"rendered":"<p>&nbsp; Formem part de: Pla educatiu d\u2019entorn XAJI (Xarxa d&#8217;Agents Joves per la Igualtat) Programa Unkover Programa\u00a0d\u2019innovaci\u00f3 pedag\u00f2gica de\u00a0Pr\u00e0ctiques del M\u00e0ster Universitari de Formaci\u00f3 del Professorat d\u2019educaci\u00f3 secund\u00e0ria obligat\u00f2ria i batxillerat, Formaci\u00f3 professional i Ensenyament d\u2019idiomes\u00a0(MUFPS) Participem en: Programa Erasmus Programa AVANCEM: Aprenentatge integrat de les lleng\u00fces Per a la realitzaci\u00f3 de la setmana cultural, [&hellip;]<\/p>\n","protected":false},"author":1,"featured_media":0,"parent":2762,"menu_order":0,"comment_status":"closed","ping_status":"closed","template":"page-templates\/side-menu.php","meta":{"_bbp_topic_count":0,"_bbp_reply_count":0,"_bbp_total_topic_count":0,"_bbp_total_reply_count":0,"_bbp_voice_count":0,"_bbp_anonymous_reply_count":0,"_bbp_topic_count_hidden":0,"_bbp_reply_count_hidden":0,"_bbp_forum_subforum_count":0,"site-sidebar-layout":"default","site-content-layout":"","ast-site-content-layout":"","site-content-style":"default","site-sidebar-style":"default","ast-global-header-display":"","ast-banner-title-visibility":"","ast-main-header-display":"","ast-hfb-above-header-display":"","ast-hfb-below-header-display":"","ast-hfb-mobile-header-display":"","site-post-title":"","ast-breadcrumbs-content":"","ast-featured-img":"","footer-sml-layout":"","theme-transparent-header-meta":"","adv-header-id-meta":"","stick-header-meta":"","header-above-stick-meta":"","header-main-stick-meta":"","header-below-stick-meta":"","astra-migrate-meta-layouts":"default","ast-page-background-enabled":"default","ast-page-background-meta":{"desktop":{"background-color":"var(--ast-global-color-4)","background-image":"","background-repeat":"repeat","background-position":"center center","background-size":"auto","background-attachment":"scroll","background-type":"","background-media":"","overlay-type":"","overlay-color":"","overlay-opacity":"","overlay-gradient":""},"tablet":{"background-color":"","background-image":"","background-repeat":"repeat","background-position":"center center","background-size":"auto","background-attachment":"scroll","background-type":"","background-media":"","overlay-type":"","overlay-color":"","overlay-opacity":"","overlay-gradient":""},"mobile":{"background-color":"","background-image":"","background-repeat":"repeat","background-position":"center center","background-size":"auto","background-attachment":"scroll","background-type":"","background-media":"","overlay-type":"","overlay-color":"","overlay-opacity":"","overlay-gradient":""}},"ast-content-background-meta":{"desktop":{"background-color":"var(--ast-global-color-5)","background-image":"","background-repeat":"repeat","background-position":"center center","background-size":"auto","background-attachment":"scroll","background-type":"","background-media":"","overlay-type":"","overlay-color":"","overlay-opacity":"","overlay-gradient":""},"tablet":{"background-color":"var(--ast-global-color-5)","background-image":"","background-repeat":"repeat","background-position":"center center","background-size":"auto","background-attachment":"scroll","background-type":"","background-media":"","overlay-type":"","overlay-color":"","overlay-opacity":"","overlay-gradient":""},"mobile":{"background-color":"var(--ast-global-color-5)","background-image":"","background-repeat":"repeat","background-position":"center center","background-size":"auto","background-attachment":"scroll","background-type":"","background-media":"","overlay-type":"","overlay-color":"","overlay-opacity":"","overlay-gradient":""}},"footnotes":""},"class_list":["post-2663","page","type-page","status-publish","hentry"],"post_mailing_queue_ids":[],"_links":{"self":[{"href":"https:\/\/agora.xtec.cat\/insneuscatala\/wp-json\/wp\/v2\/pages\/2663","targetHints":{"allow":["GET"]}}],"collection":[{"href":"https:\/\/agora.xtec.cat\/insneuscatala\/wp-json\/wp\/v2\/pages"}],"about":[{"href":"https:\/\/agora.xtec.cat\/insneuscatala\/wp-json\/wp\/v2\/types\/page"}],"author":[{"embeddable":true,"href":"https:\/\/agora.xtec.cat\/insneuscatala\/wp-json\/wp\/v2\/users\/1"}],"replies":[{"embeddable":true,"href":"https:\/\/agora.xtec.cat\/insneuscatala\/wp-json\/wp\/v2\/comments?post=2663"}],"version-history":[{"count":5,"href":"https:\/\/agora.xtec.cat\/insneuscatala\/wp-json\/wp\/v2\/pages\/2663\/revisions"}],"predecessor-version":[{"id":5061,"href":"https:\/\/agora.xtec.cat\/insneuscatala\/wp-json\/wp\/v2\/pages\/2663\/revisions\/5061"}],"up":[{"embeddable":true,"href":"https:\/\/agora.xtec.cat\/insneuscatala\/wp-json\/wp\/v2\/pages\/2762"}],"wp:attachment":[{"href":"https:\/\/agora.xtec.cat\/insneuscatala\/wp-json\/wp\/v2\/media?parent=2663"}],"curies":[{"name":"wp","href":"https:\/\/api.w.org\/{rel}","templated":true}]}}