{"id":2662,"date":"2019-08-29T00:50:27","date_gmt":"2019-08-28T22:50:27","guid":{"rendered":"http:\/\/agora.xtec.cat\/insneuscatala\/?page_id=2662"},"modified":"2025-07-17T10:42:04","modified_gmt":"2025-07-17T08:42:04","slug":"els-nostres-projectes","status":"publish","type":"page","link":"https:\/\/agora.xtec.cat\/insneuscatala\/com-eduquem\/els-nostres-projectes\/","title":{"rendered":"El treball per projectes"},"content":{"rendered":"<p>A continuaci\u00f3 us mostrem els projectes que fem a cada nivell. Podreu clicar en el nom del projecte per a veure un resum del que s\u2019apr\u00e8n en el projecte a mesura que els anem actualitzant:<\/p>\n<p>Aqu\u00ed podeu veure la presentaci\u00f3 general del <a href=\"https:\/\/docs.google.com\/presentation\/d\/1Afphwp2KCWb4ySEiIltd8sUQUCfJBHagguWiRmi8hDU\/edit#slide=id.p\" target=\"_blank\" rel=\"noopener noreferrer\">Treball per projectes<\/a>\u00a0que fem a 1r d&#8217;ESO<\/p>\n<p>I a continuaci\u00f3 els diferents projectes desenvolupats per cursos:<\/p>\n<p><strong>1r ESO:<\/strong><br \/>\n<a href=\"https:\/\/docs.google.com\/presentation\/d\/1727NMgAGk-F5BE6HDzxF8j0bJqLM5mcpyCjrFmn0Qy8\/edit#slide=id.p\" target=\"_blank\" rel=\"noopener\">Explorem el m\u00f3n<\/a>, <a href=\"https:\/\/docs.google.com\/presentation\/d\/1p-cqlU1kVkdhvpGW4oVNaAp_aOAFBKGP-765y-TcptQ\/edit?usp=sharing\" target=\"_blank\" rel=\"noopener\">Som el que mengem<\/a>, <a href=\"https:\/\/docs.google.com\/presentation\/d\/1H8wMBB31JZD219e_0ckVxX0-ukOMCq-f0un66YH-vJk\/edit#slide=id.p\" target=\"_blank\" rel=\"noopener\">Illes verdes<\/a>.<\/p>\n<p><strong>2n ESO:<\/strong><br \/>\n<a href=\"https:\/\/docs.google.com\/presentation\/d\/19EmZbdQ6xsozLqz3a-OG6vf9zZ96tZbVuiU5pNhkd_c\/edit?usp=sharing\" target=\"_blank\" rel=\"noopener\">Exonautes<\/a>, <a href=\"https:\/\/docs.google.com\/presentation\/d\/1JhMuK35-59-zVxmAlR4QfMaxhDPQurSSJ-JKWHzmiwE\/edit?usp=sharing\" target=\"_blank\" rel=\"noopener\">Eureka<\/a>, <a href=\"https:\/\/docs.google.com\/presentation\/d\/1d6ySP-8hs6W2TufZfXXCcvRszrOeJyn00J_Jfedo2PA\/edit?usp=sharing\" target=\"_blank\" rel=\"noopener\">Ciutats: Cornell\u00e0 2071<\/a>, <a href=\"https:\/\/docs.google.com\/presentation\/d\/1a9Ls9ARZk8_DdbP7se0XAdNoAWBNRRw97rklmtFSnr8\/edit?usp=sharing\" target=\"_blank\" rel=\"noopener\">La salut del nostre riu<\/a><\/p>\n<p><strong>3r ESO:<\/strong><br \/>\nProjectes STEM: <a href=\"https:\/\/docs.google.com\/presentation\/d\/1LTGYziHbjpbcsqCiONPYxHliiod_zjToCWDA3iPz36M\/edit#slide=id.p\" target=\"_blank\" rel=\"noopener\">Emerg\u00e8ncia clim\u00e0tica<\/a>, <a href=\"https:\/\/docs.google.com\/presentation\/d\/1508crPkgZk6EFbliFKtPePnR8tpkVufT5TpjIqOTX7k\/edit?usp=sharing\" target=\"_blank\" rel=\"noopener\">Parlem de sexe<\/a>, <a href=\"https:\/\/docs.google.com\/presentation\/d\/1h3YMza_pYjy6yWdl-EXe0nsyqDExXiY92rikh90Xmxw\/edit?usp=sharing\" target=\"_blank\" rel=\"noopener\">Gran Premi Neus Catal\u00e0<\/a>, <a href=\"https:\/\/docs.google.com\/presentation\/d\/15F4E1ubXfBjRyX5xbFaFNDMHR8oYe2txGHSvk9KzZjE\/edit?usp=sharing\" target=\"_blank\" rel=\"noopener\">Constru\u00efm una estaci\u00f3 meteorol\u00f2gica<\/a>,<a href=\"https:\/\/docs.google.com\/presentation\/d\/1CcRREMftuBJ-DPDDVyPtfEFHeBLL0kOo9pzRjLuxl4s\/edit?usp=sharing\" target=\"_blank\" rel=\"noopener\"> Vacunes<\/a>, <a href=\"https:\/\/docs.google.com\/presentation\/d\/1KXYovAGDBmC0_PfJEsNcrEjrCNfVVqTC580f7_4t7yU\/edit?usp=sharing\" target=\"_blank\" rel=\"noopener\">Projecte Atenci\u00f3.<\/a><br \/>\nProjectes Human\u00edstics: <a href=\"https:\/\/docs.google.com\/presentation\/d\/1qD9Ftqkdm457jeaLLwOV5QsZIfO7IBPbgebt_hGR3V0\/edit#slide=id.g475c4edfa1_0_43\" target=\"_blank\" rel=\"noopener\">El llegat de l\u2019Al-Andalus<\/a>, <a href=\"https:\/\/docs.google.com\/presentation\/d\/1L-19WbS2O5SD_-aZzAvqYDAkT3ix5-9URcVN1FDjWWg\/edit#slide=id.p\" target=\"_blank\" rel=\"noopener\">Joc de cavallers<\/a>, <a href=\"https:\/\/docs.google.com\/presentation\/d\/1clcUM3sF-yPIfYPlFPe6W_jo8nkFsvVEGBaFukJIpiM\/edit?usp=sharing\" target=\"_blank\" rel=\"noopener\">Llums, c\u00e0mera i&#8230;colonitzaci\u00f3!<\/a> , <a href=\"https:\/\/docs.google.com\/presentation\/d\/1uZykHS5li244STPtUD7mSaNn_4bNuHOVaa9om_P15mg\/edit?usp=sharing\" target=\"_blank\" rel=\"noopener\">M\u00f3n r\u00e0dio<\/a><\/p>\n<p><strong>4t ESO:<\/strong><br \/>\nProjecte de recerca personal (individual o en parelles). Mostra de p\u00f2sters de recerca amb l&#8217;alumnat de l&#8217;Institut Miquel Mart\u00ed i Pol.<\/p>\n","protected":false},"excerpt":{"rendered":"<p>A continuaci\u00f3 us mostrem els projectes que fem a cada nivell. Podreu clicar en el nom del projecte per a veure un resum del que s\u2019apr\u00e8n en el projecte a mesura que els anem actualitzant: Aqu\u00ed podeu veure la presentaci\u00f3 general del Treball per projectes\u00a0que fem a 1r d&#8217;ESO I a continuaci\u00f3 els diferents projectes [&hellip;]<\/p>\n","protected":false},"author":1,"featured_media":0,"parent":2762,"menu_order":0,"comment_status":"closed","ping_status":"closed","template":"page-templates\/side-menu.php","meta":{"_bbp_topic_count":0,"_bbp_reply_count":0,"_bbp_total_topic_count":0,"_bbp_total_reply_count":0,"_bbp_voice_count":0,"_bbp_anonymous_reply_count":0,"_bbp_topic_count_hidden":0,"_bbp_reply_count_hidden":0,"_bbp_forum_subforum_count":0,"site-sidebar-layout":"default","site-content-layout":"","ast-site-content-layout":"","site-content-style":"default","site-sidebar-style":"default","ast-global-header-display":"","ast-banner-title-visibility":"","ast-main-header-display":"","ast-hfb-above-header-display":"","ast-hfb-below-header-display":"","ast-hfb-mobile-header-display":"","site-post-title":"","ast-breadcrumbs-content":"","ast-featured-img":"","footer-sml-layout":"","theme-transparent-header-meta":"","adv-header-id-meta":"","stick-header-meta":"","header-above-stick-meta":"","header-main-stick-meta":"","header-below-stick-meta":"","astra-migrate-meta-layouts":"default","ast-page-background-enabled":"default","ast-page-background-meta":{"desktop":{"background-color":"var(--ast-global-color-4)","background-image":"","background-repeat":"repeat","background-position":"center center","background-size":"auto","background-attachment":"scroll","background-type":"","background-media":"","overlay-type":"","overlay-color":"","overlay-opacity":"","overlay-gradient":""},"tablet":{"background-color":"","background-image":"","background-repeat":"repeat","background-position":"center center","background-size":"auto","background-attachment":"scroll","background-type":"","background-media":"","overlay-type":"","overlay-color":"","overlay-opacity":"","overlay-gradient":""},"mobile":{"background-color":"","background-image":"","background-repeat":"repeat","background-position":"center center","background-size":"auto","background-attachment":"scroll","background-type":"","background-media":"","overlay-type":"","overlay-color":"","overlay-opacity":"","overlay-gradient":""}},"ast-content-background-meta":{"desktop":{"background-color":"var(--ast-global-color-5)","background-image":"","background-repeat":"repeat","background-position":"center center","background-size":"auto","background-attachment":"scroll","background-type":"","background-media":"","overlay-type":"","overlay-color":"","overlay-opacity":"","overlay-gradient":""},"tablet":{"background-color":"var(--ast-global-color-5)","background-image":"","background-repeat":"repeat","background-position":"center center","background-size":"auto","background-attachment":"scroll","background-type":"","background-media":"","overlay-type":"","overlay-color":"","overlay-opacity":"","overlay-gradient":""},"mobile":{"background-color":"var(--ast-global-color-5)","background-image":"","background-repeat":"repeat","background-position":"center center","background-size":"auto","background-attachment":"scroll","background-type":"","background-media":"","overlay-type":"","overlay-color":"","overlay-opacity":"","overlay-gradient":""}},"footnotes":""},"class_list":["post-2662","page","type-page","status-publish","hentry"],"post_mailing_queue_ids":[],"_links":{"self":[{"href":"https:\/\/agora.xtec.cat\/insneuscatala\/wp-json\/wp\/v2\/pages\/2662","targetHints":{"allow":["GET"]}}],"collection":[{"href":"https:\/\/agora.xtec.cat\/insneuscatala\/wp-json\/wp\/v2\/pages"}],"about":[{"href":"https:\/\/agora.xtec.cat\/insneuscatala\/wp-json\/wp\/v2\/types\/page"}],"author":[{"embeddable":true,"href":"https:\/\/agora.xtec.cat\/insneuscatala\/wp-json\/wp\/v2\/users\/1"}],"replies":[{"embeddable":true,"href":"https:\/\/agora.xtec.cat\/insneuscatala\/wp-json\/wp\/v2\/comments?post=2662"}],"version-history":[{"count":6,"href":"https:\/\/agora.xtec.cat\/insneuscatala\/wp-json\/wp\/v2\/pages\/2662\/revisions"}],"predecessor-version":[{"id":5062,"href":"https:\/\/agora.xtec.cat\/insneuscatala\/wp-json\/wp\/v2\/pages\/2662\/revisions\/5062"}],"up":[{"embeddable":true,"href":"https:\/\/agora.xtec.cat\/insneuscatala\/wp-json\/wp\/v2\/pages\/2762"}],"wp:attachment":[{"href":"https:\/\/agora.xtec.cat\/insneuscatala\/wp-json\/wp\/v2\/media?parent=2662"}],"curies":[{"name":"wp","href":"https:\/\/api.w.org\/{rel}","templated":true}]}}