{"id":2661,"date":"2019-08-29T00:50:27","date_gmt":"2019-08-28T22:50:27","guid":{"rendered":"http:\/\/agora.xtec.cat\/insneuscatala\/?page_id=2661"},"modified":"2025-07-17T10:35:55","modified_gmt":"2025-07-17T08:35:55","slug":"el-nostre-curriculum","status":"publish","type":"page","link":"https:\/\/agora.xtec.cat\/insneuscatala\/com-eduquem\/el-nostre-curriculum\/","title":{"rendered":"El nostre curr\u00edculum"},"content":{"rendered":"<p>La distribuci\u00f3 curricular en el nostre centre \u00e9s la seg\u00fcent:<\/p>\n<table style=\"width: 62.9705%; height: 736px;\">\n<tbody>\n<tr style=\"height: 48px;\">\n<td style=\"height: 48px;\">Nom de la mat\u00e8ria<\/td>\n<td style=\"height: 48px;\">1r ESO<\/td>\n<td style=\"height: 48px;\">2n ESO<\/td>\n<td style=\"height: 48px;\">3r ESO<\/td>\n<td style=\"height: 48px;\">4t ESO<\/td>\n<\/tr>\n<tr style=\"height: 32px;\">\n<td style=\"height: 32px;\">Catal\u00e0<\/td>\n<td style=\"height: 32px;\">3<\/td>\n<td style=\"height: 32px;\">4<\/td>\n<td style=\"height: 32px;\">&#8211;<\/td>\n<td style=\"height: 32px;\">3<\/td>\n<\/tr>\n<tr style=\"height: 32px;\">\n<td style=\"height: 32px;\">Castell\u00e0<\/td>\n<td style=\"height: 32px;\">3<\/td>\n<td style=\"height: 32px;\">3<\/td>\n<td style=\"height: 32px;\">&#8211;<\/td>\n<td style=\"height: 32px;\">3<\/td>\n<\/tr>\n<tr style=\"height: 32px;\">\n<td style=\"height: 32px;\">Angl\u00e8s<\/td>\n<td style=\"height: 32px;\">3<\/td>\n<td style=\"height: 32px;\">3<\/td>\n<td style=\"height: 32px;\">3<\/td>\n<td style=\"height: 32px;\">3<\/td>\n<\/tr>\n<tr style=\"height: 32px;\">\n<td style=\"height: 32px;\">Franc\u00e8s (franja optativa)*<\/td>\n<td style=\"height: 32px;\">2<\/td>\n<td style=\"height: 32px;\">2<\/td>\n<td style=\"height: 32px;\">2<\/td>\n<td style=\"height: 32px;\">3<\/td>\n<\/tr>\n<tr style=\"height: 32px;\">\n<td style=\"height: 32px;\">Matem\u00e0tiques<\/td>\n<td style=\"height: 32px;\">3<\/td>\n<td style=\"height: 32px;\">4<\/td>\n<td style=\"height: 32px;\">3<\/td>\n<td style=\"height: 32px;\">4<\/td>\n<\/tr>\n<tr style=\"height: 32px;\">\n<td style=\"height: 32px;\">Educaci\u00f3 f\u00edsica<\/td>\n<td style=\"height: 32px;\">2<\/td>\n<td style=\"height: 32px;\">2<\/td>\n<td style=\"height: 32px;\">2<\/td>\n<td style=\"height: 32px;\">2<\/td>\n<\/tr>\n<tr style=\"height: 32px;\">\n<td style=\"height: 32px;\">M\u00fasica*<\/td>\n<td style=\"height: 32px;\">2<\/td>\n<td style=\"height: 32px;\">&#8211;<\/td>\n<td style=\"height: 32px;\">2<\/td>\n<td style=\"height: 32px;\">3<\/td>\n<\/tr>\n<tr style=\"height: 32px;\">\n<td style=\"height: 32px;\">Pl\u00e0stica*<\/td>\n<td style=\"height: 32px;\">2<\/td>\n<td style=\"height: 32px;\">2<\/td>\n<td style=\"height: 32px;\">&#8211;<\/td>\n<td style=\"height: 32px;\">3<\/td>\n<\/tr>\n<tr style=\"height: 32px;\">\n<td style=\"height: 32px;\">Arts esc\u00e8niques i dansa<\/td>\n<td style=\"height: 32px;\">&#8211;<\/td>\n<td style=\"height: 32px;\">&#8211;<\/td>\n<td style=\"height: 32px;\">&#8211;<\/td>\n<td style=\"height: 32px;\">3<\/td>\n<\/tr>\n<tr style=\"height: 48px;\">\n<td style=\"height: 48px;\">Tutoria, cultura i valors \u00e8tics<\/td>\n<td style=\"height: 48px;\">2<\/td>\n<td style=\"height: 48px;\">2<\/td>\n<td style=\"height: 48px;\">2<\/td>\n<td style=\"height: 48px;\">2<\/td>\n<\/tr>\n<tr style=\"height: 32px;\">\n<td style=\"height: 32px;\">Ci\u00e8ncies socials<\/td>\n<td style=\"height: 32px;\">&#8211;<\/td>\n<td style=\"height: 32px;\">&#8211;<\/td>\n<td style=\"height: 32px;\">&#8211;<\/td>\n<td style=\"height: 32px;\">3<\/td>\n<\/tr>\n<tr style=\"height: 32px;\">\n<td style=\"height: 32px;\">Filosofia*<\/td>\n<td style=\"height: 32px;\">&#8211;<\/td>\n<td style=\"height: 32px;\">&#8211;<\/td>\n<td style=\"height: 32px;\">&#8211;<\/td>\n<td style=\"height: 32px;\">3<\/td>\n<\/tr>\n<tr style=\"height: 32px;\">\n<td style=\"height: 32px;\">Economia i emprenedoria*<\/td>\n<td style=\"height: 32px;\">&#8211;<\/td>\n<td style=\"height: 32px;\">&#8211;<\/td>\n<td style=\"height: 32px;\">&#8211;<\/td>\n<td style=\"height: 32px;\">3<\/td>\n<\/tr>\n<tr style=\"height: 32px;\">\n<td style=\"height: 32px;\">Cultura cl\u00e0ssica<\/td>\n<td style=\"height: 32px;\">&#8211;<\/td>\n<td style=\"height: 32px;\">&#8211;<\/td>\n<td style=\"height: 32px;\">&#8211;<\/td>\n<td style=\"height: 32px;\">3<\/td>\n<\/tr>\n<tr style=\"height: 32px;\">\n<td style=\"height: 32px;\">F\u00edsica i Qu\u00edmica*<\/td>\n<td style=\"height: 32px;\">&#8211;<\/td>\n<td style=\"height: 32px;\">&#8211;<\/td>\n<td style=\"height: 32px;\">&#8211;<\/td>\n<td style=\"height: 32px;\">3<\/td>\n<\/tr>\n<tr style=\"height: 32px;\">\n<td style=\"height: 32px;\">Biologia i Geologia*<\/td>\n<td style=\"height: 32px;\">&#8211;<\/td>\n<td style=\"height: 32px;\">&#8211;<\/td>\n<td style=\"height: 32px;\">&#8211;<\/td>\n<td style=\"height: 32px;\">3<\/td>\n<\/tr>\n<tr style=\"height: 32px;\">\n<td style=\"height: 32px;\">Tecnologia*<\/td>\n<td style=\"height: 32px;\">&#8211;<\/td>\n<td style=\"height: 32px;\">&#8211;<\/td>\n<td style=\"height: 32px;\">&#8211;<\/td>\n<td style=\"height: 32px;\">3<\/td>\n<\/tr>\n<tr style=\"height: 32px;\">\n<td style=\"height: 32px;\">Treball per projectes<\/td>\n<td style=\"height: 32px;\">8<\/td>\n<td style=\"height: 32px;\">8<\/td>\n<td style=\"height: 32px;\">8 + 8<\/td>\n<td style=\"height: 32px;\">&#8211;<\/td>\n<\/tr>\n<tr style=\"height: 32px;\">\n<td style=\"height: 32px;\">Optatives<\/td>\n<td style=\"height: 32px;\">2<\/td>\n<td style=\"height: 32px;\">2<\/td>\n<td style=\"height: 32px;\">2<\/td>\n<td style=\"height: 32px;\">&#8211;<\/td>\n<\/tr>\n<tr style=\"height: 32px;\">\n<td style=\"height: 32px;\">Projecte de recerca<\/td>\n<td style=\"height: 32px;\">&#8211;<\/td>\n<td style=\"height: 32px;\">&#8211;<\/td>\n<td style=\"height: 32px;\">&#8211;<\/td>\n<td style=\"height: 32px;\">1<\/td>\n<\/tr>\n<tr style=\"height: 32px;\">\n<td style=\"height: 32px;\">Servei comunitari<\/td>\n<td style=\"height: 32px;\">&#8211;<\/td>\n<td style=\"height: 32px;\">&#8211;<\/td>\n<td style=\"height: 32px;\">(1)<\/td>\n<td style=\"height: 32px;\">&#8211;<\/td>\n<\/tr>\n<\/tbody>\n<\/table>\n<p>*Mat\u00e8ries optatives a 4t d&#8217;ESO: cal escollir-ne una de cada franja per poder fer un itinerari personal. Les franges d&#8217;optatives que oferim s\u00f3n les seg\u00fcents i permeten fer un itinerari art\u00edstic, cient\u00edfico-t\u00e8cnic o human\u00edstica per\u00f2 tamb\u00e9 una barreja:<\/p>\n<ul>\n<li>Franja 1: f\u00edsica i qu\u00edmica, filosofia o arts esc\u00e8niques i dansa.<\/li>\n<li>Franja 2: biologia i geologia, cultura cl\u00e0ssica o educaci\u00f3 visual i pl\u00e0stica<\/li>\n<li>Franja 3: tecnologia, economia o m\u00fasica<\/li>\n<\/ul>\n<p>El treball per projectes a 1r i 2n d\u2019ESO inclou les hores de les mat\u00e8ries de ci\u00e8ncies experimentals (biologia i geologia\/f\u00edsica i qu\u00edmica), ci\u00e8ncies socials i tecnologia.<\/p>\n<p>El treball per projectes a 3r d\u2019ESO se separa en dos \u00e0mbits de 8 hores cadascun:<\/p>\n<ul>\n<li>L\u2019\u00e0mbit STEM (biologia i geologia, f\u00edsica i qu\u00edmica, tecnologia)<\/li>\n<li>L\u2019\u00e0mbit Human\u00edstic (ci\u00e8ncies socials, castell\u00e0 i catal\u00e0).<\/li>\n<\/ul>\n<p>A l&#8217;ESO hi ha dues mat\u00e8ries especials:<\/p>\n<ul>\n<li><span style=\"text-decoration: underline;\">Projecte de recerca<\/span>: \u00e9s <span style=\"font-weight: 400;\">un conjunt d\u2019activitats de descoberta i investigaci\u00f3 realitzades per l\u2019alumnat d\u2019un tema escollit i delimitat, en part, per ell mateix, sota el guiatge del professorat. El realitzem durant una hora a la setmana a 4t d&#8217;ESO amb professorat de diferents especialitats. <\/span>(<a href=\"https:\/\/docs.google.com\/document\/d\/1p4Tx5uNUL6adWwRGDDfehxgTW80UxKDZG7dJXAxJ0hU\/edit\" target=\"_blank\" rel=\"noopener noreferrer\">Aqu\u00ed teniu m\u00e9s informaci\u00f3<\/a>)<\/li>\n<li><span style=\"text-decoration: underline;\">Servei comunitari<\/span>: <span style=\"font-weight: 400;\">\u00a0l&#8217;alumnat protagonitza accions de comprom\u00eds c\u00edvic, aprenentatge en l\u2019exercici actiu de la ciutadania, i posa en joc els seus coneixements i capacitats al servei de la comunitat fora de l&#8217;horari lectiu. Actualment les accions de Servei comunitari es realitzen en col\u00b7laboraci\u00f3 amb la resid\u00e8ncia de gent gran Can Rovira i amb el Centre Municipal d&#8217;Educaci\u00f3 Especial Virolai<\/span><\/li>\n<\/ul>\n<p>A m\u00e9s de les mat\u00e8ries i els continguts curriculars que marca la normativa, tot l\u2019alumnat del nostre institut dedica di\u00e0riament una estona a dos espais educatius transversals:<\/p>\n<ul>\n<li>Espai de benvinguda (8h a 8:10h): per a la reflexi\u00f3 i el debat. Cada setmana la dediquem a un tema diferent transversal a tot el centre<\/li>\n<li>Espai de lectura (12:10h a 12:30h o de 12:30h a 12:50h ): lectura col\u00b7lectiva en veu alta i lectura en silenci i en llibre de paper sense suport digital.<\/li>\n<\/ul>\n","protected":false},"excerpt":{"rendered":"<p>La distribuci\u00f3 curricular en el nostre centre \u00e9s la seg\u00fcent: Nom de la mat\u00e8ria 1r ESO 2n ESO 3r ESO 4t ESO Catal\u00e0 3 4 &#8211; 3 Castell\u00e0 3 3 &#8211; 3 Angl\u00e8s 3 3 3 3 Franc\u00e8s (franja optativa)* 2 2 2 3 Matem\u00e0tiques 3 4 3 4 Educaci\u00f3 f\u00edsica 2 2 2 2 [&hellip;]<\/p>\n","protected":false},"author":1,"featured_media":0,"parent":2762,"menu_order":0,"comment_status":"closed","ping_status":"closed","template":"page-templates\/side-menu.php","meta":{"_bbp_topic_count":0,"_bbp_reply_count":0,"_bbp_total_topic_count":0,"_bbp_total_reply_count":0,"_bbp_voice_count":0,"_bbp_anonymous_reply_count":0,"_bbp_topic_count_hidden":0,"_bbp_reply_count_hidden":0,"_bbp_forum_subforum_count":0,"site-sidebar-layout":"default","site-content-layout":"","ast-site-content-layout":"","site-content-style":"default","site-sidebar-style":"default","ast-global-header-display":"","ast-banner-title-visibility":"","ast-main-header-display":"","ast-hfb-above-header-display":"","ast-hfb-below-header-display":"","ast-hfb-mobile-header-display":"","site-post-title":"","ast-breadcrumbs-content":"","ast-featured-img":"","footer-sml-layout":"","theme-transparent-header-meta":"","adv-header-id-meta":"","stick-header-meta":"","header-above-stick-meta":"","header-main-stick-meta":"","header-below-stick-meta":"","astra-migrate-meta-layouts":"default","ast-page-background-enabled":"default","ast-page-background-meta":{"desktop":{"background-color":"var(--ast-global-color-4)","background-image":"","background-repeat":"repeat","background-position":"center center","background-size":"auto","background-attachment":"scroll","background-type":"","background-media":"","overlay-type":"","overlay-color":"","overlay-opacity":"","overlay-gradient":""},"tablet":{"background-color":"","background-image":"","background-repeat":"repeat","background-position":"center center","background-size":"auto","background-attachment":"scroll","background-type":"","background-media":"","overlay-type":"","overlay-color":"","overlay-opacity":"","overlay-gradient":""},"mobile":{"background-color":"","background-image":"","background-repeat":"repeat","background-position":"center center","background-size":"auto","background-attachment":"scroll","background-type":"","background-media":"","overlay-type":"","overlay-color":"","overlay-opacity":"","overlay-gradient":""}},"ast-content-background-meta":{"desktop":{"background-color":"var(--ast-global-color-5)","background-image":"","background-repeat":"repeat","background-position":"center center","background-size":"auto","background-attachment":"scroll","background-type":"","background-media":"","overlay-type":"","overlay-color":"","overlay-opacity":"","overlay-gradient":""},"tablet":{"background-color":"var(--ast-global-color-5)","background-image":"","background-repeat":"repeat","background-position":"center center","background-size":"auto","background-attachment":"scroll","background-type":"","background-media":"","overlay-type":"","overlay-color":"","overlay-opacity":"","overlay-gradient":""},"mobile":{"background-color":"var(--ast-global-color-5)","background-image":"","background-repeat":"repeat","background-position":"center center","background-size":"auto","background-attachment":"scroll","background-type":"","background-media":"","overlay-type":"","overlay-color":"","overlay-opacity":"","overlay-gradient":""}},"footnotes":""},"class_list":["post-2661","page","type-page","status-publish","hentry"],"post_mailing_queue_ids":[],"_links":{"self":[{"href":"https:\/\/agora.xtec.cat\/insneuscatala\/wp-json\/wp\/v2\/pages\/2661","targetHints":{"allow":["GET"]}}],"collection":[{"href":"https:\/\/agora.xtec.cat\/insneuscatala\/wp-json\/wp\/v2\/pages"}],"about":[{"href":"https:\/\/agora.xtec.cat\/insneuscatala\/wp-json\/wp\/v2\/types\/page"}],"author":[{"embeddable":true,"href":"https:\/\/agora.xtec.cat\/insneuscatala\/wp-json\/wp\/v2\/users\/1"}],"replies":[{"embeddable":true,"href":"https:\/\/agora.xtec.cat\/insneuscatala\/wp-json\/wp\/v2\/comments?post=2661"}],"version-history":[{"count":6,"href":"https:\/\/agora.xtec.cat\/insneuscatala\/wp-json\/wp\/v2\/pages\/2661\/revisions"}],"predecessor-version":[{"id":5060,"href":"https:\/\/agora.xtec.cat\/insneuscatala\/wp-json\/wp\/v2\/pages\/2661\/revisions\/5060"}],"up":[{"embeddable":true,"href":"https:\/\/agora.xtec.cat\/insneuscatala\/wp-json\/wp\/v2\/pages\/2762"}],"wp:attachment":[{"href":"https:\/\/agora.xtec.cat\/insneuscatala\/wp-json\/wp\/v2\/media?parent=2661"}],"curies":[{"name":"wp","href":"https:\/\/api.w.org\/{rel}","templated":true}]}}