{"id":2660,"date":"2019-08-29T00:50:27","date_gmt":"2019-08-28T22:50:27","guid":{"rendered":"http:\/\/agora.xtec.cat\/insneuscatala\/?page_id=2660"},"modified":"2019-08-30T02:05:10","modified_gmt":"2019-08-30T00:05:10","slug":"els-pilars-del-nostre-projecte","status":"publish","type":"page","link":"https:\/\/agora.xtec.cat\/insneuscatala\/com-eduquem\/els-pilars-del-nostre-projecte\/","title":{"rendered":"Els pilars del nostre projecte"},"content":{"rendered":"<p>Les mesures humanes de l\u2019Institut (216 alumnes i 27 professors\/es) ens permeten focalitzar les nostres actuacions en l\u2019alumnat i en les seves necessitats d\u2019aprenentatge. Centrem la mirada en la personalitzaci\u00f3 del seu aprenentatge: tots i totes tenim unes caracter\u00edstiques pr\u00f2pies i una manera i un ritme d\u2019aprenentatge personal.<\/p>\n<p>\u00c9s per aix\u00f2 que el nostre Projecte de Centre se sustenta en 3 pilars b\u00e0sics:<\/p>\n<ol>\n<li><strong>Treball per projectes<\/strong>: Formem l\u2019alumnat en el treball cooperatiu i fomentem la seva creativitat i autonomia personal.\u00a0 Ens interessa que tot all\u00f2 que aprenen els nostres alumnes tingui sentit i ra\u00f3 de ser en l\u2019entorn proper del barri. Per aquest motiu els productes finals dels projectes tenen sempre una difusi\u00f3 externa a l\u2019institut. Dins de l\u2019\u00e0mbit del Treball per projectes vehiculem el coneixement tecnol\u00f2gic a trav\u00e9s del disseny i la construcci\u00f3 de sistemes robotitzats programables. Al llarg dels quatre cursos anem ampliant els continguts fins a completar un itinerari formatiu complet en aquest \u00e0mbit competencial.<\/li>\n<li><strong>Acci\u00f3 tutorial i grups redu\u00efts<\/strong>: Per a refor\u00e7ar la personalitzaci\u00f3 de l\u2019aprenentatge, cada alumne\/a del centre t\u00e9 un tutor\/a individual que l\u2019ajuda en el seu desenvolupament personal. L\u2019acompanya, l\u2019orienta, li fa el seguiment acad\u00e8mic i \u00e9s el referent de l\u2019Institut en la relaci\u00f3 amb les fam\u00edlies. Cada tutor\/a individual t\u00e9 un m\u00e0xim de 18 alumnes.<\/li>\n<li><strong>Compet\u00e8ncia digital<\/strong>: Treballem la compet\u00e8ncia digital de manera transversal a tots els cursos i mat\u00e8ries. L\u2019alumnat utilitza ordinadors \u201cchromebook\u201d i l\u2019entorn virtual d\u2019aprenentatge de google suite for education: correu electr\u00f2nic, drive, calendari, classroom, etc. L\u2019equip docent utilitza les noves tecnologies com a eina de millora metodol\u00f2gica per tal que l\u2019aprenentatge sigui m\u00e9s significatiu.<\/li>\n<\/ol>\n","protected":false},"excerpt":{"rendered":"<p>Les mesures humanes de l\u2019Institut (216 alumnes i 27 professors\/es) ens permeten focalitzar les nostres actuacions en l\u2019alumnat i en les seves necessitats d\u2019aprenentatge. Centrem la mirada en la personalitzaci\u00f3 del seu aprenentatge: tots i totes tenim unes caracter\u00edstiques pr\u00f2pies i una manera i un ritme d\u2019aprenentatge personal. \u00c9s per aix\u00f2 que el nostre Projecte [&hellip;]<\/p>\n","protected":false},"author":1,"featured_media":0,"parent":2762,"menu_order":0,"comment_status":"closed","ping_status":"closed","template":"page-templates\/side-menu.php","meta":{"_bbp_topic_count":0,"_bbp_reply_count":0,"_bbp_total_topic_count":0,"_bbp_total_reply_count":0,"_bbp_voice_count":0,"_bbp_anonymous_reply_count":0,"_bbp_topic_count_hidden":0,"_bbp_reply_count_hidden":0,"_bbp_forum_subforum_count":0,"site-sidebar-layout":"default","site-content-layout":"","ast-site-content-layout":"","site-content-style":"default","site-sidebar-style":"default","ast-global-header-display":"","ast-banner-title-visibility":"","ast-main-header-display":"","ast-hfb-above-header-display":"","ast-hfb-below-header-display":"","ast-hfb-mobile-header-display":"","site-post-title":"","ast-breadcrumbs-content":"","ast-featured-img":"","footer-sml-layout":"","theme-transparent-header-meta":"","adv-header-id-meta":"","stick-header-meta":"","header-above-stick-meta":"","header-main-stick-meta":"","header-below-stick-meta":"","astra-migrate-meta-layouts":"default","ast-page-background-enabled":"default","ast-page-background-meta":{"desktop":{"background-color":"var(--ast-global-color-4)","background-image":"","background-repeat":"repeat","background-position":"center center","background-size":"auto","background-attachment":"scroll","background-type":"","background-media":"","overlay-type":"","overlay-color":"","overlay-opacity":"","overlay-gradient":""},"tablet":{"background-color":"","background-image":"","background-repeat":"repeat","background-position":"center center","background-size":"auto","background-attachment":"scroll","background-type":"","background-media":"","overlay-type":"","overlay-color":"","overlay-opacity":"","overlay-gradient":""},"mobile":{"background-color":"","background-image":"","background-repeat":"repeat","background-position":"center center","background-size":"auto","background-attachment":"scroll","background-type":"","background-media":"","overlay-type":"","overlay-color":"","overlay-opacity":"","overlay-gradient":""}},"ast-content-background-meta":{"desktop":{"background-color":"var(--ast-global-color-5)","background-image":"","background-repeat":"repeat","background-position":"center center","background-size":"auto","background-attachment":"scroll","background-type":"","background-media":"","overlay-type":"","overlay-color":"","overlay-opacity":"","overlay-gradient":""},"tablet":{"background-color":"var(--ast-global-color-5)","background-image":"","background-repeat":"repeat","background-position":"center center","background-size":"auto","background-attachment":"scroll","background-type":"","background-media":"","overlay-type":"","overlay-color":"","overlay-opacity":"","overlay-gradient":""},"mobile":{"background-color":"var(--ast-global-color-5)","background-image":"","background-repeat":"repeat","background-position":"center center","background-size":"auto","background-attachment":"scroll","background-type":"","background-media":"","overlay-type":"","overlay-color":"","overlay-opacity":"","overlay-gradient":""}},"footnotes":""},"class_list":["post-2660","page","type-page","status-publish","hentry"],"post_mailing_queue_ids":[],"_links":{"self":[{"href":"https:\/\/agora.xtec.cat\/insneuscatala\/wp-json\/wp\/v2\/pages\/2660","targetHints":{"allow":["GET"]}}],"collection":[{"href":"https:\/\/agora.xtec.cat\/insneuscatala\/wp-json\/wp\/v2\/pages"}],"about":[{"href":"https:\/\/agora.xtec.cat\/insneuscatala\/wp-json\/wp\/v2\/types\/page"}],"author":[{"embeddable":true,"href":"https:\/\/agora.xtec.cat\/insneuscatala\/wp-json\/wp\/v2\/users\/1"}],"replies":[{"embeddable":true,"href":"https:\/\/agora.xtec.cat\/insneuscatala\/wp-json\/wp\/v2\/comments?post=2660"}],"version-history":[{"count":3,"href":"https:\/\/agora.xtec.cat\/insneuscatala\/wp-json\/wp\/v2\/pages\/2660\/revisions"}],"predecessor-version":[{"id":2729,"href":"https:\/\/agora.xtec.cat\/insneuscatala\/wp-json\/wp\/v2\/pages\/2660\/revisions\/2729"}],"up":[{"embeddable":true,"href":"https:\/\/agora.xtec.cat\/insneuscatala\/wp-json\/wp\/v2\/pages\/2762"}],"wp:attachment":[{"href":"https:\/\/agora.xtec.cat\/insneuscatala\/wp-json\/wp\/v2\/media?parent=2660"}],"curies":[{"name":"wp","href":"https:\/\/api.w.org\/{rel}","templated":true}]}}