{"id":21,"date":"2014-09-17T16:14:14","date_gmt":"2014-09-17T14:14:14","guid":{"rendered":"http:\/\/agora.xtec.cat\/insneuscatala\/\/?page_id=21"},"modified":"2021-05-27T09:53:12","modified_gmt":"2021-05-27T07:53:12","slug":"presentacio","status":"publish","type":"page","link":"https:\/\/agora.xtec.cat\/insneuscatala\/linstitut\/presentacio\/","title":{"rendered":"Presentaci\u00f3"},"content":{"rendered":"<p>L\u2019Institut Neus Catal\u00e0 va obrir les seves portes el curs 2015-2016 amb el nom d\u2019Institut de Cornell\u00e0 com a centre propi compartint edifici amb l\u2019escola p\u00fablica de prim\u00e0ria Sant Ildefons. Neix com un centre d\u2019ESO de dues l\u00ednies que va completar la seva oferta educativa el curs 2018-2019, en qu\u00e8 es van completar les dues l\u00ednies de 1r a 4t d\u2019ESO.<\/p>\n<p>A partir del curs 2019-2020 s\u2019aprova el canvi de denominaci\u00f3 i passa a anomenar-se Institut Neus Catal\u00e0.<\/p>\n<p>La figura de la Neus Catal\u00e0 representa la lluita per la superviv\u00e8ncia dels valors de la dignitat i la llibertat individuals i col\u00b7lectives; valors que teixeixen el nostre ideal educatiu: <strong>formar persones dignes i lliures<\/strong><\/p>\n<p>&nbsp;<\/p>\n<h5><strong>Qui \u00e9s Neus Catal\u00e0 Pallej\u00e0?<\/strong><\/h5>\n<p>&nbsp;<\/p>\n<p>Neus Catal\u00e0 va n\u00e9ixer el 6 d&#8217;octubre de 1915 <a href=\"https:\/\/ca.wikipedia.org\/wiki\/Els_Guiamets\">als Guiamets<\/a>, a la comarca del <a href=\"https:\/\/ca.wikipedia.org\/wiki\/Priorat\">Priorat.<\/a><\/p>\n<p>L&#8217;any 1939, en acabar la Guerra Civil va haver de travessar la frontera francesa per anar a l&#8217;exili, amb 180 nens orfes de la col\u00f2nia Las Acacias de Premi\u00e0 de Dalt, on col\u00b7laborava com a infermera.<\/p>\n<p>Col\u00b7labor\u00e0, juntament amb el seu marit, l&#8217;occit\u00e0 Albert Roger, en activitats de la Resist\u00e8ncia francesa contra l&#8217;ocupaci\u00f3 de l&#8217;ex\u00e8rcit alemany.<\/p>\n<p>Casa seva era nucli de recepci\u00f3 i transmissi\u00f3 de missatges, armes i documentaci\u00f3; hi allotjava refugiats pol\u00edtics. Fou denunciada a les autoritats nazis, que la van detenir, juntament amb el seu marit, el 1943.<\/p>\n<p>Reclosa i maltractada a Llemotges, l&#8217;any 1944 fou deportada a <a href=\"https:\/\/ca.wikipedia.org\/wiki\/Ravensbr%C3%BCck\">Ravensbr\u00fcck<\/a>, un camp de concentraci\u00f3 on va ser obligada a treballar en la ind\u00fastria de l&#8217;armament. All\u00e0 form\u00e0 part de l&#8217;anomenat \u00abcomando de les gandules\u00bb, un grup de dones que boicotejava l&#8217;elaboraci\u00f3 de les armes que es fabricaven per a l&#8217;ex\u00e8rcit alemany.<\/p>\n<p>Gr\u00e0cies al sabotatge, un munt de dones for\u00e7ades a treballar en aquella f\u00e0brica inutilitzaren uns 10 milions de bales i espatllaren nombroses m\u00e0quines de fabricaci\u00f3 d&#8217;armament.<\/p>\n<p>Despr\u00e9s del seu alliberament, torn\u00e0 a Fran\u00e7a, on segu\u00ed duent a terme la seva lluita clandestina contra el franquisme. Visqu\u00e9 a <a href=\"https:\/\/ca.wikipedia.org\/wiki\/Sarcelles\">Sarcelles<\/a>, prop de Par\u00eds, i presid\u00ed l&#8217;Amical de Ravensbr\u00fcck, per tal de recuperar la mem\u00f2ria de les deportades i la crua realitat dels camps de concentraci\u00f3 durant la 2a Guerra Mundial.<\/p>\n<p>En aquesta \u00e8poca es torn\u00e0 a casar (despr\u00e9s de la mort del seu primer marit en sortir del camp de concentraci\u00f3 on havia anat a parar) i va tenir una filla i un fill.<\/p>\n<p>Va morir als Guiamets, el mateix petit poble on havia nascut, el passat 13 d&#8217;abril de 2019, amb 103 anys.<\/p>\n<p>&nbsp;<\/p>\n<p><a href=\"https:\/\/agora.xtec.cat\/insneuscatala\/wp-content\/uploads\/usu292\/2019\/10\/NC.jpg\"><img loading=\"lazy\" decoding=\"async\" class=\"aligncenter size-full wp-image-2862\" src=\"https:\/\/agora.xtec.cat\/insneuscatala\/wp-content\/uploads\/usu292\/2019\/10\/NC.jpg\" alt=\"\" width=\"276\" height=\"182\" \/><\/a><\/p>\n","protected":false},"excerpt":{"rendered":"<p>L\u2019Institut Neus Catal\u00e0 va obrir les seves portes el curs 2015-2016 amb el nom d\u2019Institut de Cornell\u00e0 com a centre propi compartint edifici amb l\u2019escola p\u00fablica de prim\u00e0ria Sant Ildefons. Neix com un centre d\u2019ESO de dues l\u00ednies que va completar la seva oferta educativa el curs 2018-2019, en qu\u00e8 es van completar les dues [&hellip;]<\/p>\n","protected":false},"author":1,"featured_media":0,"parent":19,"menu_order":1,"comment_status":"closed","ping_status":"closed","template":"page-templates\/side-menu.php","meta":{"_bbp_topic_count":0,"_bbp_reply_count":0,"_bbp_total_topic_count":0,"_bbp_total_reply_count":0,"_bbp_voice_count":0,"_bbp_anonymous_reply_count":0,"_bbp_topic_count_hidden":0,"_bbp_reply_count_hidden":0,"_bbp_forum_subforum_count":0,"site-sidebar-layout":"default","site-content-layout":"","ast-site-content-layout":"","site-content-style":"default","site-sidebar-style":"default","ast-global-header-display":"","ast-banner-title-visibility":"","ast-main-header-display":"","ast-hfb-above-header-display":"","ast-hfb-below-header-display":"","ast-hfb-mobile-header-display":"","site-post-title":"","ast-breadcrumbs-content":"","ast-featured-img":"","footer-sml-layout":"","theme-transparent-header-meta":"","adv-header-id-meta":"","stick-header-meta":"","header-above-stick-meta":"","header-main-stick-meta":"","header-below-stick-meta":"","astra-migrate-meta-layouts":"default","ast-page-background-enabled":"default","ast-page-background-meta":{"desktop":{"background-color":"var(--ast-global-color-4)","background-image":"","background-repeat":"repeat","background-position":"center center","background-size":"auto","background-attachment":"scroll","background-type":"","background-media":"","overlay-type":"","overlay-color":"","overlay-opacity":"","overlay-gradient":""},"tablet":{"background-color":"","background-image":"","background-repeat":"repeat","background-position":"center center","background-size":"auto","background-attachment":"scroll","background-type":"","background-media":"","overlay-type":"","overlay-color":"","overlay-opacity":"","overlay-gradient":""},"mobile":{"background-color":"","background-image":"","background-repeat":"repeat","background-position":"center center","background-size":"auto","background-attachment":"scroll","background-type":"","background-media":"","overlay-type":"","overlay-color":"","overlay-opacity":"","overlay-gradient":""}},"ast-content-background-meta":{"desktop":{"background-color":"var(--ast-global-color-5)","background-image":"","background-repeat":"repeat","background-position":"center center","background-size":"auto","background-attachment":"scroll","background-type":"","background-media":"","overlay-type":"","overlay-color":"","overlay-opacity":"","overlay-gradient":""},"tablet":{"background-color":"var(--ast-global-color-5)","background-image":"","background-repeat":"repeat","background-position":"center center","background-size":"auto","background-attachment":"scroll","background-type":"","background-media":"","overlay-type":"","overlay-color":"","overlay-opacity":"","overlay-gradient":""},"mobile":{"background-color":"var(--ast-global-color-5)","background-image":"","background-repeat":"repeat","background-position":"center center","background-size":"auto","background-attachment":"scroll","background-type":"","background-media":"","overlay-type":"","overlay-color":"","overlay-opacity":"","overlay-gradient":""}},"footnotes":""},"class_list":["post-21","page","type-page","status-publish","hentry"],"post_mailing_queue_ids":[],"_links":{"self":[{"href":"https:\/\/agora.xtec.cat\/insneuscatala\/wp-json\/wp\/v2\/pages\/21","targetHints":{"allow":["GET"]}}],"collection":[{"href":"https:\/\/agora.xtec.cat\/insneuscatala\/wp-json\/wp\/v2\/pages"}],"about":[{"href":"https:\/\/agora.xtec.cat\/insneuscatala\/wp-json\/wp\/v2\/types\/page"}],"author":[{"embeddable":true,"href":"https:\/\/agora.xtec.cat\/insneuscatala\/wp-json\/wp\/v2\/users\/1"}],"replies":[{"embeddable":true,"href":"https:\/\/agora.xtec.cat\/insneuscatala\/wp-json\/wp\/v2\/comments?post=21"}],"version-history":[{"count":4,"href":"https:\/\/agora.xtec.cat\/insneuscatala\/wp-json\/wp\/v2\/pages\/21\/revisions"}],"predecessor-version":[{"id":3894,"href":"https:\/\/agora.xtec.cat\/insneuscatala\/wp-json\/wp\/v2\/pages\/21\/revisions\/3894"}],"up":[{"embeddable":true,"href":"https:\/\/agora.xtec.cat\/insneuscatala\/wp-json\/wp\/v2\/pages\/19"}],"wp:attachment":[{"href":"https:\/\/agora.xtec.cat\/insneuscatala\/wp-json\/wp\/v2\/media?parent=21"}],"curies":[{"name":"wp","href":"https:\/\/api.w.org\/{rel}","templated":true}]}}