{"id":195,"date":"2014-09-22T10:39:39","date_gmt":"2014-09-22T08:39:39","guid":{"rendered":"http:\/\/agora.xtec.cat\/insneuscatala\/\/?page_id=195"},"modified":"2020-09-19T11:12:11","modified_gmt":"2020-09-19T09:12:11","slug":"estudis","status":"publish","type":"page","link":"https:\/\/agora.xtec.cat\/insneuscatala\/estudis\/","title":{"rendered":"Estudis"},"content":{"rendered":"<p>Des del curs 2018-2019, l&#8217;Institut Neus Catal\u00e0 ofereix estudis complets d&#8217;Educaci\u00f3 Secund\u00e0ria Obligat\u00f2ria. L&#8217;oferta \u00e9s de dues l\u00ednies de 1r a 4t d&#8217;ESO tot i que a tots els nivells fem tres grups m\u00e9s redu\u00efts, aconseguint una r\u00e0tio per grup de menys de 20 alumnes per a tots els grups-classe<\/p>\n<p>Enllaceu amb la p\u00e0gina de cadascun dels nivells:<\/p>\n<p><a href=\"https:\/\/agora.xtec.cat\/insneuscatala\/categoria\/1eso\/\" target=\"_blank\" rel=\"noopener noreferrer\">1r ESO<\/a><\/p>\n<p><a href=\"https:\/\/agora.xtec.cat\/insneuscatala\/categoria\/2eso\/\" target=\"_blank\" rel=\"noopener noreferrer\">2n ESO<\/a><\/p>\n<p><a href=\"https:\/\/agora.xtec.cat\/insneuscatala\/categoria\/3eso\/\" target=\"_blank\" rel=\"noopener noreferrer\">3r ESO<\/a><\/p>\n<p><a href=\"https:\/\/agora.xtec.cat\/insneuscatala\/categoria\/4eso\/\" target=\"_blank\" rel=\"noopener noreferrer\">4t ESO<\/a><\/p>\n<p>&nbsp;<\/p>\n","protected":false},"excerpt":{"rendered":"<p>Des del curs 2018-2019, l&#8217;Institut Neus Catal\u00e0 ofereix estudis complets d&#8217;Educaci\u00f3 Secund\u00e0ria Obligat\u00f2ria. L&#8217;oferta \u00e9s de dues l\u00ednies de 1r a 4t d&#8217;ESO tot i que a tots els nivells fem tres grups m\u00e9s redu\u00efts, aconseguint una r\u00e0tio per grup de menys de 20 alumnes per a tots els grups-classe Enllaceu amb la p\u00e0gina de [&hellip;]<\/p>\n","protected":false},"author":1,"featured_media":0,"parent":0,"menu_order":3,"comment_status":"closed","ping_status":"closed","template":"","meta":{"_bbp_topic_count":0,"_bbp_reply_count":0,"_bbp_total_topic_count":0,"_bbp_total_reply_count":0,"_bbp_voice_count":0,"_bbp_anonymous_reply_count":0,"_bbp_topic_count_hidden":0,"_bbp_reply_count_hidden":0,"_bbp_forum_subforum_count":0,"site-sidebar-layout":"default","site-content-layout":"","ast-site-content-layout":"","site-content-style":"default","site-sidebar-style":"default","ast-global-header-display":"","ast-banner-title-visibility":"","ast-main-header-display":"","ast-hfb-above-header-display":"","ast-hfb-below-header-display":"","ast-hfb-mobile-header-display":"","site-post-title":"","ast-breadcrumbs-content":"","ast-featured-img":"","footer-sml-layout":"","theme-transparent-header-meta":"","adv-header-id-meta":"","stick-header-meta":"","header-above-stick-meta":"","header-main-stick-meta":"","header-below-stick-meta":"","astra-migrate-meta-layouts":"default","ast-page-background-enabled":"default","ast-page-background-meta":{"desktop":{"background-color":"var(--ast-global-color-4)","background-image":"","background-repeat":"repeat","background-position":"center center","background-size":"auto","background-attachment":"scroll","background-type":"","background-media":"","overlay-type":"","overlay-color":"","overlay-opacity":"","overlay-gradient":""},"tablet":{"background-color":"","background-image":"","background-repeat":"repeat","background-position":"center center","background-size":"auto","background-attachment":"scroll","background-type":"","background-media":"","overlay-type":"","overlay-color":"","overlay-opacity":"","overlay-gradient":""},"mobile":{"background-color":"","background-image":"","background-repeat":"repeat","background-position":"center center","background-size":"auto","background-attachment":"scroll","background-type":"","background-media":"","overlay-type":"","overlay-color":"","overlay-opacity":"","overlay-gradient":""}},"ast-content-background-meta":{"desktop":{"background-color":"var(--ast-global-color-5)","background-image":"","background-repeat":"repeat","background-position":"center center","background-size":"auto","background-attachment":"scroll","background-type":"","background-media":"","overlay-type":"","overlay-color":"","overlay-opacity":"","overlay-gradient":""},"tablet":{"background-color":"var(--ast-global-color-5)","background-image":"","background-repeat":"repeat","background-position":"center center","background-size":"auto","background-attachment":"scroll","background-type":"","background-media":"","overlay-type":"","overlay-color":"","overlay-opacity":"","overlay-gradient":""},"mobile":{"background-color":"var(--ast-global-color-5)","background-image":"","background-repeat":"repeat","background-position":"center center","background-size":"auto","background-attachment":"scroll","background-type":"","background-media":"","overlay-type":"","overlay-color":"","overlay-opacity":"","overlay-gradient":""}},"footnotes":""},"class_list":["post-195","page","type-page","status-publish","hentry"],"post_mailing_queue_ids":[],"_links":{"self":[{"href":"https:\/\/agora.xtec.cat\/insneuscatala\/wp-json\/wp\/v2\/pages\/195","targetHints":{"allow":["GET"]}}],"collection":[{"href":"https:\/\/agora.xtec.cat\/insneuscatala\/wp-json\/wp\/v2\/pages"}],"about":[{"href":"https:\/\/agora.xtec.cat\/insneuscatala\/wp-json\/wp\/v2\/types\/page"}],"author":[{"embeddable":true,"href":"https:\/\/agora.xtec.cat\/insneuscatala\/wp-json\/wp\/v2\/users\/1"}],"replies":[{"embeddable":true,"href":"https:\/\/agora.xtec.cat\/insneuscatala\/wp-json\/wp\/v2\/comments?post=195"}],"version-history":[{"count":4,"href":"https:\/\/agora.xtec.cat\/insneuscatala\/wp-json\/wp\/v2\/pages\/195\/revisions"}],"predecessor-version":[{"id":3464,"href":"https:\/\/agora.xtec.cat\/insneuscatala\/wp-json\/wp\/v2\/pages\/195\/revisions\/3464"}],"wp:attachment":[{"href":"https:\/\/agora.xtec.cat\/insneuscatala\/wp-json\/wp\/v2\/media?parent=195"}],"curies":[{"name":"wp","href":"https:\/\/api.w.org\/{rel}","templated":true}]}}