{"id":27,"date":"2014-09-17T16:24:03","date_gmt":"2014-09-17T16:24:03","guid":{"rendered":"http:\/\/agora.xtec.cat\/insnarcisafreixas\/?page_id=27"},"modified":"2024-09-13T09:21:51","modified_gmt":"2024-09-13T07:21:51","slug":"historia","status":"publish","type":"page","link":"https:\/\/agora.xtec.cat\/insnarcisafreixas\/linstitut\/historia\/","title":{"rendered":"Hist\u00f2ria"},"content":{"rendered":"<p><span style=\"font-weight: 400;\"><img loading=\"lazy\" decoding=\"async\" class=\"alignleft wp-image-19160 size-medium\" src=\"https:\/\/agora.xtec.cat\/insnarcisafreixas\/wp-content\/uploads\/usu1244\/2022\/09\/39723f6a-6968-4fdb-b4f5-8914e07b01d5-300x225.jpg\" alt=\"Fam\u00edlies treballant en la millora del pati el curs 19-20\" width=\"300\" height=\"225\" srcset=\"https:\/\/agora.xtec.cat\/insnarcisafreixas\/wp-content\/uploads\/usu1244\/2022\/09\/39723f6a-6968-4fdb-b4f5-8914e07b01d5-300x225.jpg 300w, https:\/\/agora.xtec.cat\/insnarcisafreixas\/wp-content\/uploads\/usu1244\/2022\/09\/39723f6a-6968-4fdb-b4f5-8914e07b01d5-768x576.jpg 768w, https:\/\/agora.xtec.cat\/insnarcisafreixas\/wp-content\/uploads\/usu1244\/2022\/09\/39723f6a-6968-4fdb-b4f5-8914e07b01d5-200x150.jpg 200w, https:\/\/agora.xtec.cat\/insnarcisafreixas\/wp-content\/uploads\/usu1244\/2022\/09\/39723f6a-6968-4fdb-b4f5-8914e07b01d5.jpg 1024w\" sizes=\"auto, (max-width: 300px) 100vw, 300px\" \/>L\u2019Institut Narcisa Freixas i Cruells \u00e9s un centre p\u00fablic de nova creaci\u00f3 que inicia les classes el setembre del 2019. La seva ubicaci\u00f3 provisional en m\u00f2duls prefabricats \u00e9s al carrer de Fra Luis de Le\u00f3n, 200, a l\u2019espera que es construeixi l\u2019edifici definitiu a la carretera de Barcelona, entre el carrer de Mart\u00ed l\u2019Hum\u00e0 i el carrer de Calders. La previsi\u00f3 actual \u00e9s comen\u00e7ar a la nova ubicaci\u00f3 el curs 2026-2027. De moment, el centre \u00e9s de dues l\u00ednies i nom\u00e9s ofereix ESO. Amb el nou edifici la previsi\u00f3 \u00e9s convertir-se en un centre de tres l\u00ednies de secund\u00e0ria i dues de batxillerat. L\u2019institut est\u00e0 situat al sector de Sant Oleguer dins del districte 1 de la ciutat de Sabadell. Les escoles de prim\u00e0ria adscrites a l\u2019institut s\u00f3n totes les de la zona sud de Sabadell (Amadeu Vives, Joaquim Blume, Sallar\u00e8s i Pla, Espronceda i La Rom\u00e0nica) per\u00f2 la major part de l\u2019alumnat matriculat ha vingut de les dues escoles m\u00e9s properes: Amadeu Vives i Joaquim Blume.<\/span><\/p>\n<p><img loading=\"lazy\" decoding=\"async\" class=\"alignright wp-image-19163 size-medium\" src=\"https:\/\/agora.xtec.cat\/insnarcisafreixas\/wp-content\/uploads\/usu1244\/2022\/09\/IMG20220225131606-300x225.jpg\" alt=\"Professorat i alumnat disfressat per Carnestoltes el febrer de 2022\" width=\"300\" height=\"225\" srcset=\"https:\/\/agora.xtec.cat\/insnarcisafreixas\/wp-content\/uploads\/usu1244\/2022\/09\/IMG20220225131606-300x225.jpg 300w, https:\/\/agora.xtec.cat\/insnarcisafreixas\/wp-content\/uploads\/usu1244\/2022\/09\/IMG20220225131606-1024x768.jpg 1024w, https:\/\/agora.xtec.cat\/insnarcisafreixas\/wp-content\/uploads\/usu1244\/2022\/09\/IMG20220225131606-768x576.jpg 768w, https:\/\/agora.xtec.cat\/insnarcisafreixas\/wp-content\/uploads\/usu1244\/2022\/09\/IMG20220225131606-1536x1152.jpg 1536w, https:\/\/agora.xtec.cat\/insnarcisafreixas\/wp-content\/uploads\/usu1244\/2022\/09\/IMG20220225131606-2048x1536.jpg 2048w, https:\/\/agora.xtec.cat\/insnarcisafreixas\/wp-content\/uploads\/usu1244\/2022\/09\/IMG20220225131606-200x150.jpg 200w\" sizes=\"auto, (max-width: 300px) 100vw, 300px\" \/><\/p>\n<p><span style=\"font-weight: 400;\">El curs 19-20 obre les seves portes amb 2 grups oficials de 1r d\u2019ESO i va augmentant la seva oferta gradualment fins completar tots els grups d\u2019ESO el curs 22-23. El 20-21 l&#8217;edifici provisional creix amb l&#8217;addici\u00f3 de dos m\u00f2duls i el curs seg\u00fcent creix el professorat de manera que l&#8217;equip docent l&#8217;integren un total de 24 persones. L&#8217;any 2022 s&#8217;inicia el projecte AraArt en col\u00b7laboraci\u00f3 amb L&#8217;Estruch, f\u00e0brica de creaci\u00f3 de Sabadell, per potenciar els ensenyaments art\u00edstics al centre. El mateix temps, l&#8217;alumnat de 3r d&#8217;ESO organitza una jornada de donaci\u00f3 de sang amb l&#8217;ajuda del Banc de Sang i en el marc del projecte d&#8217;Aprenentatge Servei. A l&#8217;estiu estrenem &#8220;Encara hi som a temps&#8221;, el videoclip d&#8217;un rap amb la col\u00b7laboraci\u00f3 de Nel\u00b7lo C i Plataforma per la Llengua.<\/span><\/p>\n<p><img loading=\"lazy\" decoding=\"async\" class=\"alignleft wp-image-19828 size-medium\" src=\"https:\/\/agora.xtec.cat\/insnarcisafreixas\/wp-content\/uploads\/usu1244\/2023\/06\/DSC02349-1-300x200.jpg\" alt=\"Fotografia final de l'acte de comiat de 4t d'ESO.\" width=\"300\" height=\"200\" srcset=\"https:\/\/agora.xtec.cat\/insnarcisafreixas\/wp-content\/uploads\/usu1244\/2023\/06\/DSC02349-1-300x200.jpg 300w, https:\/\/agora.xtec.cat\/insnarcisafreixas\/wp-content\/uploads\/usu1244\/2023\/06\/DSC02349-1-1024x683.jpg 1024w, https:\/\/agora.xtec.cat\/insnarcisafreixas\/wp-content\/uploads\/usu1244\/2023\/06\/DSC02349-1-768x512.jpg 768w, https:\/\/agora.xtec.cat\/insnarcisafreixas\/wp-content\/uploads\/usu1244\/2023\/06\/DSC02349-1-1536x1024.jpg 1536w, https:\/\/agora.xtec.cat\/insnarcisafreixas\/wp-content\/uploads\/usu1244\/2023\/06\/DSC02349-1-2048x1365.jpg 2048w\" sizes=\"auto, (max-width: 300px) 100vw, 300px\" \/><\/p>\n<p><span style=\"font-weight: 400;\">El curs 22-23 comen\u00e7a amb obres per la construcci\u00f3 d&#8217;un nou m\u00f2dul per encabir l&#8217;alumnat de 4t d&#8217;ESO. La reforma implica la reorganitzaci\u00f3 del pati, que queda enfonsat i cobert en part pel barrac\u00f3. S&#8217;afegeixen unes grades de formig\u00f3 i es perden les dues porteries de futbol. El curs 22-23 \u00e9s el primer curs que es pot dur a terme amb normalitat despr\u00e9s de tres anys en pand\u00e8mia. La plantilla es mant\u00e9 al voltant de 24 persones, amb un conserge, una treballadora social i una administrativa a mitja jornada. Per primera vegada som centre formador d&#8217;estudiants\u00a0en pr\u00e0ctiques del M\u00e0ster Universitari de Formaci\u00f3 del Professorat de Secund\u00e0ria. Es multipliquen els projectes i les activitats d&#8217;aprenentatge servei: participem a la trobada Joves pel Clima, organitzem una nova jornada de donaci\u00f3 de sang, dinamitzem activitats per a la gent gran i presentem la nostra recerca a la Universitat Aut\u00f2noma de Barcelona en els projectes MicroM\u00f3n (4t d&#8217;ESO) i Multipliers (2n d&#8217;ESO).Tornem a col\u00b7laborar amb Nel\u00b7lo C i Plataforma per la Llengua per presentar &#8220;Jove x sempre&#8221;, un altre videoclip, aquest cop amb usuaris del Complex Gent Gran Sant Oleguer. A final de curs acomiadem la primera promoci\u00f3 de 4t d&#8217;ESO en un acte emotiu al Centre C\u00edvic Sant Oleguer.<\/span><\/p>\n<p><span style=\"font-weight: 400;\"><img loading=\"lazy\" decoding=\"async\" class=\"alignleft wp-image-20621\" src=\"https:\/\/agora.xtec.cat\/insnarcisafreixas\/wp-content\/uploads\/usu1244\/2023\/12\/WhatsApp-Image-2023-12-05-at-13.11.23-300x225.jpeg\" alt=\"Fam\u00edlies participen a l'exposici\u00f3 interactiva Sex is...\" width=\"267\" height=\"200\" srcset=\"https:\/\/agora.xtec.cat\/insnarcisafreixas\/wp-content\/uploads\/usu1244\/2023\/12\/WhatsApp-Image-2023-12-05-at-13.11.23-300x225.jpeg 300w, https:\/\/agora.xtec.cat\/insnarcisafreixas\/wp-content\/uploads\/usu1244\/2023\/12\/WhatsApp-Image-2023-12-05-at-13.11.23-1024x768.jpeg 1024w, https:\/\/agora.xtec.cat\/insnarcisafreixas\/wp-content\/uploads\/usu1244\/2023\/12\/WhatsApp-Image-2023-12-05-at-13.11.23-768x576.jpeg 768w, https:\/\/agora.xtec.cat\/insnarcisafreixas\/wp-content\/uploads\/usu1244\/2023\/12\/WhatsApp-Image-2023-12-05-at-13.11.23-1536x1152.jpeg 1536w, https:\/\/agora.xtec.cat\/insnarcisafreixas\/wp-content\/uploads\/usu1244\/2023\/12\/WhatsApp-Image-2023-12-05-at-13.11.23-200x150.jpeg 200w, https:\/\/agora.xtec.cat\/insnarcisafreixas\/wp-content\/uploads\/usu1244\/2023\/12\/WhatsApp-Image-2023-12-05-at-13.11.23.jpeg 2000w\" sizes=\"auto, (max-width: 267px) 100vw, 267px\" \/><\/span><\/p>\n<p>L&#8217;inici del curs 23-24 implica el creixement del centre amb la incorporaci\u00f3 de la SIEI (Suport intensiu d&#8217;escolaritzaci\u00f3 inclusiva) provinent de l&#8217;Institut Les Termes. S&#8217;incorporen al claustre una orientadora i una educadora d&#8217;educaci\u00f3 especial. A m\u00e9s, per primer cop tenim una secret\u00e0ria amb una dedicaci\u00f3 hor\u00e0ria completa. Augmenta el nombre de professorat i de PAS total, de manera que s&#8217;estableix un equip de professionals de m\u00e9s de trenta persones. Continuem vinculats a projectes art\u00edstics amb l&#8217;Estruch, on fem una estada de BasketBeat. En el primer trimestre estrenem el projecte transversal &#8220;Sex is&#8230;&#8221; a segon cicle, en qu\u00e8, en motiu de La Marat\u00f3, parlem de salut sexual i reproductiva. La clausura \u00e9s una exposici\u00f3 interactiva oberta al barri.<\/p>\n<p>El curs 24-25 implica l&#8217;inici d&#8217;un per\u00edode d&#8217;estabilitat amb la consolidaci\u00f3 de la plantilla amb l&#8217;augment del professorat funcionari. Aix\u00f2 no obstant, els canvis no paren i fins a set cares noves conformen el nou claustre. Aconseguim una jornada completa d&#8217;Aula d&#8217;Acollida i participem en diversos programes (Proa, Henka, Peers, Florence&#8230;) amb l&#8217;objectiu de refor\u00e7ar el projecte educatiu i assegurar la igualtat d&#8217;oportunitats.<\/p>\n<div class=\"row\" style=\"margin-bottom: 1em !important;\">\n<div class=\"large-6 text-center columns\">\n<p><a href=\"https:\/\/agora.xtec.cat\/insnarcisafreixas\/linstitut\/historia\/arxiu\/\" target=\"_blank\" rel=\"noopener\"><img loading=\"lazy\" decoding=\"async\" class=\"aligncenter wp-image-20433 size-full\" src=\"https:\/\/agora.xtec.cat\/insnarcisafreixas\/wp-content\/uploads\/usu1244\/2023\/11\/ARXIU-fons-color-buit-gran.png\" alt=\"Arxiu\" width=\"512\" height=\"314\" srcset=\"https:\/\/agora.xtec.cat\/insnarcisafreixas\/wp-content\/uploads\/usu1244\/2023\/11\/ARXIU-fons-color-buit-gran.png 512w, https:\/\/agora.xtec.cat\/insnarcisafreixas\/wp-content\/uploads\/usu1244\/2023\/11\/ARXIU-fons-color-buit-gran-300x184.png 300w\" sizes=\"auto, (max-width: 512px) 100vw, 512px\" \/><\/a><\/p>\n<\/div>\n<div class=\"large-6 text-center columns\">\n<p><a href=\"https:\/\/agora.xtec.cat\/insnarcisafreixas\/linstitut\/historia\/recull-de-premsa\/\" target=\"_blank\" rel=\"noopener\"><img loading=\"lazy\" decoding=\"async\" class=\"aligncenter wp-image-20434 size-full\" src=\"https:\/\/agora.xtec.cat\/insnarcisafreixas\/wp-content\/uploads\/usu1244\/2023\/11\/RECULL-fons-color-buit-gran.png\" alt=\"Recull de premsa\" width=\"512\" height=\"314\" srcset=\"https:\/\/agora.xtec.cat\/insnarcisafreixas\/wp-content\/uploads\/usu1244\/2023\/11\/RECULL-fons-color-buit-gran.png 512w, https:\/\/agora.xtec.cat\/insnarcisafreixas\/wp-content\/uploads\/usu1244\/2023\/11\/RECULL-fons-color-buit-gran-300x184.png 300w\" sizes=\"auto, (max-width: 512px) 100vw, 512px\" \/><\/a><\/p>\n<\/div>\n<\/div>\n","protected":false},"excerpt":{"rendered":"<p>L\u2019Institut Narcisa Freixas i Cruells \u00e9s un centre p\u00fablic de nova creaci\u00f3 que inicia les classes el setembre del 2019. La seva ubicaci\u00f3 provisional en m\u00f2duls prefabricats \u00e9s al carrer de Fra Luis de Le\u00f3n, 200, a l\u2019espera que es construeixi l\u2019edifici definitiu a la&hellip;  <a href=\"https:\/\/agora.xtec.cat\/insnarcisafreixas\/linstitut\/historia\/\" title=\"Read Hist\u00f2ria\">Llegeix m\u00e9s\u00bb<\/a><\/p>\n","protected":false},"author":1,"featured_media":0,"parent":19,"menu_order":50,"comment_status":"closed","ping_status":"closed","template":"page-templates\/side-menu.php","meta":{"_bbp_topic_count":0,"_bbp_reply_count":0,"_bbp_total_topic_count":0,"_bbp_total_reply_count":0,"_bbp_voice_count":0,"_bbp_anonymous_reply_count":0,"_bbp_topic_count_hidden":0,"_bbp_reply_count_hidden":0,"_bbp_forum_subforum_count":0,"footnotes":""},"class_list":["post-27","page","type-page","status-publish","hentry"],"post_mailing_queue_ids":[],"_links":{"self":[{"href":"https:\/\/agora.xtec.cat\/insnarcisafreixas\/wp-json\/wp\/v2\/pages\/27","targetHints":{"allow":["GET"]}}],"collection":[{"href":"https:\/\/agora.xtec.cat\/insnarcisafreixas\/wp-json\/wp\/v2\/pages"}],"about":[{"href":"https:\/\/agora.xtec.cat\/insnarcisafreixas\/wp-json\/wp\/v2\/types\/page"}],"author":[{"embeddable":true,"href":"https:\/\/agora.xtec.cat\/insnarcisafreixas\/wp-json\/wp\/v2\/users\/1"}],"replies":[{"embeddable":true,"href":"https:\/\/agora.xtec.cat\/insnarcisafreixas\/wp-json\/wp\/v2\/comments?post=27"}],"version-history":[{"count":6,"href":"https:\/\/agora.xtec.cat\/insnarcisafreixas\/wp-json\/wp\/v2\/pages\/27\/revisions"}],"predecessor-version":[{"id":21123,"href":"https:\/\/agora.xtec.cat\/insnarcisafreixas\/wp-json\/wp\/v2\/pages\/27\/revisions\/21123"}],"up":[{"embeddable":true,"href":"https:\/\/agora.xtec.cat\/insnarcisafreixas\/wp-json\/wp\/v2\/pages\/19"}],"wp:attachment":[{"href":"https:\/\/agora.xtec.cat\/insnarcisafreixas\/wp-json\/wp\/v2\/media?parent=27"}],"curies":[{"name":"wp","href":"https:\/\/api.w.org\/{rel}","templated":true}]}}