{"id":21251,"date":"2024-11-14T11:08:08","date_gmt":"2024-11-14T10:08:08","guid":{"rendered":"https:\/\/agora.xtec.cat\/insnarcisafreixas\/?page_id=21251"},"modified":"2024-11-14T11:28:45","modified_gmt":"2024-11-14T10:28:45","slug":"campus-itaca","status":"publish","type":"page","link":"https:\/\/agora.xtec.cat\/insnarcisafreixas\/com-treballem\/programes\/campus-itaca\/","title":{"rendered":"Campus \u00cdtaca"},"content":{"rendered":"<p><img loading=\"lazy\" decoding=\"async\" class=\"aligncenter wp-image-21205 size-medium\" src=\"https:\/\/agora.xtec.cat\/insnarcisafreixas\/wp-content\/uploads\/usu1244\/2024\/10\/campus-itaca-300x180.png\" alt=\"\" width=\"300\" height=\"180\" srcset=\"https:\/\/agora.xtec.cat\/insnarcisafreixas\/wp-content\/uploads\/usu1244\/2024\/10\/campus-itaca-300x180.png 300w, https:\/\/agora.xtec.cat\/insnarcisafreixas\/wp-content\/uploads\/usu1244\/2024\/10\/campus-itaca.png 500w\" sizes=\"auto, (max-width: 300px) 100vw, 300px\" \/><\/p>\n<p>El Campus \u00cdtaca \u00e9s un programa socioeducatiu de la UAB dirigit a estudiants de 3r d\u2019ESO. Consisteix en una estada al campus durant els mesos de juny i juliol, organitzada en dos torns de set dies cadascun. L\u2019alumnat fa una s\u00e8rie d\u2019activitats pedag\u00f2giques i l\u00fadiques que tenen com a objectiu incentivar-los a continuar la seva formaci\u00f3 un cop finalitzada l\u2019etapa obligat\u00f2ria. Alhora, el campus vol ser un espai de conviv\u00e8ncia entre alumnat d\u2019entorns socials diversos, on s\u2019utilitza el catal\u00e0 com a llengua de comunicaci\u00f3.<\/p>\n<p>El perfil d\u2019alumnat al qual va dirigit \u00e9s el d\u2019estudiants amb bones capacitats per als estudis per\u00f2 que, per la seva situaci\u00f3 socioecon\u00f2mica i\/o per la manca de referents adults propers amb estudis superiors, es trobenen una situaci\u00f3 de desavantatge educatiu. L\u2019alumnat que hi participa (entre 3 i 5) \u00e9s triat per l\u2019equip docent de 3r ESO amb el vist i plau de les seves fam\u00edlies.<\/p>\n<p><a href=\"https:\/\/www.uab.cat\/web\/campus-itaca-1345767531119.html\">M\u00e9s informaci\u00f3 en aquest enlla\u00e7.<\/a><\/p>\n","protected":false},"excerpt":{"rendered":"<p>El Campus \u00cdtaca \u00e9s un programa socioeducatiu de la UAB dirigit a estudiants de 3r d\u2019ESO. Consisteix en una estada al campus durant els mesos de juny i juliol, organitzada en dos torns de set dies cadascun. L\u2019alumnat fa una s\u00e8rie d\u2019activitats pedag\u00f2giques i l\u00fadiques&hellip;  <a href=\"https:\/\/agora.xtec.cat\/insnarcisafreixas\/com-treballem\/programes\/campus-itaca\/\" title=\"Read Campus \u00cdtaca\">Llegeix m\u00e9s\u00bb<\/a><\/p>\n","protected":false},"author":1,"featured_media":0,"parent":21176,"menu_order":11,"comment_status":"closed","ping_status":"closed","template":"page-templates\/side-menu.php","meta":{"_bbp_topic_count":0,"_bbp_reply_count":0,"_bbp_total_topic_count":0,"_bbp_total_reply_count":0,"_bbp_voice_count":0,"_bbp_anonymous_reply_count":0,"_bbp_topic_count_hidden":0,"_bbp_reply_count_hidden":0,"_bbp_forum_subforum_count":0,"footnotes":""},"class_list":["post-21251","page","type-page","status-publish","hentry"],"post_mailing_queue_ids":[],"_links":{"self":[{"href":"https:\/\/agora.xtec.cat\/insnarcisafreixas\/wp-json\/wp\/v2\/pages\/21251","targetHints":{"allow":["GET"]}}],"collection":[{"href":"https:\/\/agora.xtec.cat\/insnarcisafreixas\/wp-json\/wp\/v2\/pages"}],"about":[{"href":"https:\/\/agora.xtec.cat\/insnarcisafreixas\/wp-json\/wp\/v2\/types\/page"}],"author":[{"embeddable":true,"href":"https:\/\/agora.xtec.cat\/insnarcisafreixas\/wp-json\/wp\/v2\/users\/1"}],"replies":[{"embeddable":true,"href":"https:\/\/agora.xtec.cat\/insnarcisafreixas\/wp-json\/wp\/v2\/comments?post=21251"}],"version-history":[{"count":3,"href":"https:\/\/agora.xtec.cat\/insnarcisafreixas\/wp-json\/wp\/v2\/pages\/21251\/revisions"}],"predecessor-version":[{"id":21267,"href":"https:\/\/agora.xtec.cat\/insnarcisafreixas\/wp-json\/wp\/v2\/pages\/21251\/revisions\/21267"}],"up":[{"embeddable":true,"href":"https:\/\/agora.xtec.cat\/insnarcisafreixas\/wp-json\/wp\/v2\/pages\/21176"}],"wp:attachment":[{"href":"https:\/\/agora.xtec.cat\/insnarcisafreixas\/wp-json\/wp\/v2\/media?parent=21251"}],"curies":[{"name":"wp","href":"https:\/\/api.w.org\/{rel}","templated":true}]}}