{"id":21202,"date":"2024-10-31T13:55:51","date_gmt":"2024-10-31T12:55:51","guid":{"rendered":"https:\/\/agora.xtec.cat\/insnarcisafreixas\/?page_id=21202"},"modified":"2024-11-14T11:29:46","modified_gmt":"2024-11-14T10:29:46","slug":"coneixement-doficis","status":"publish","type":"page","link":"https:\/\/agora.xtec.cat\/insnarcisafreixas\/com-treballem\/programes\/coneixement-doficis\/","title":{"rendered":"Coneixement d&#8217;oficis"},"content":{"rendered":"<p><a href=\"https:\/\/www.sabadelltreball.cat\/coneixement-d-oficis\" target=\"_blank\" rel=\"noopener\"><img loading=\"lazy\" decoding=\"async\" class=\"aligncenter wp-image-21206 size-medium\" src=\"https:\/\/agora.xtec.cat\/insnarcisafreixas\/wp-content\/uploads\/usu1244\/2024\/10\/coneixement-doficis-300x180.png\" alt=\"B\u00e0ner Coneixement d'oficis\" width=\"300\" height=\"180\" srcset=\"https:\/\/agora.xtec.cat\/insnarcisafreixas\/wp-content\/uploads\/usu1244\/2024\/10\/coneixement-doficis-300x180.png 300w, https:\/\/agora.xtec.cat\/insnarcisafreixas\/wp-content\/uploads\/usu1244\/2024\/10\/coneixement-doficis.png 500w\" sizes=\"auto, (max-width: 300px) 100vw, 300px\" \/><\/a><br \/>\nEl programa Coneixement d\u2019Oficis forma part de les accions espec\u00edfiques per a joves que es desenvolupen des de l\u2019Ajuntament de Sabadell amb el suport d\u2019associacions professionals. Es tracta d\u2019un programa de diversificaci\u00f3 curricular adre\u00e7at a alumnes de 2n cicle d\u2019ESO que assisteixen un cop a la setmana a tallers pr\u00e0ctics en les instal\u00b7lacions del Vapor Llonch, de Cal Molins i del Parc Central per tenir un primer contacte amb oficis relacionats amb les especialitats, entre altres propostes, de:<\/p>\n<ul>\n<li>fleca i pastisseria<\/li>\n<li>metall<\/li>\n<li>automoci\u00f3 i vehicle el\u00e8ctric<\/li>\n<li>electricitat i energies renovables<\/li>\n<li>cuina i restauraci\u00f3<\/li>\n<li>ind\u00fastria 4.0<\/li>\n<li>fusteria<\/li>\n<\/ul>\n<p>El Coneixement d\u2019Oficis pret\u00e9n ser un element motivador per l\u2019alumnat que no t\u00e9 clar cap a on orientar el seu futur professional i facilita la definici\u00f3 del seu itinerari professional en el proc\u00e9s de presa de decisions cap a la formaci\u00f3 postobligat\u00f2ria. Els centres que hi participen integren aquestes sessions dins la seva programaci\u00f3 acad\u00e8mica, de manera que les 80 hores que l\u2019alumnat fa al Coneixement d\u2019Oficis formen part del seu curr\u00edculum acad\u00e8mic.<\/p>\n<p>En el nostre cas, vinculem aquest programa a la mat\u00e8ria optativa d\u2019Emprenedoria. L&#8217;alumnat que hi participa \u00e9s triat per l\u2019equip de tutors\/es i orientadores amb el vist i plau de les seves fam\u00edlies.<\/p>\n<p><a href=\"https:\/\/www.sabadelltreball.cat\/coneixement-d-oficis\">M\u00e9s informaci\u00f3 en aquest enlla\u00e7.<\/a><\/p>\n","protected":false},"excerpt":{"rendered":"<p><a href=\"https:\/\/www.sabadelltreball.cat\/coneixement-d-oficis\" target=\"_blank\" rel=\"noopener\"><\/a><br \/>\nEl programa Coneixement d\u2019Oficis forma part de les accions espec\u00edfiques per a joves que es desenvolupen des de l\u2019Ajuntament de Sabadell amb el suport d\u2019associacions professionals. Es tracta d\u2019un programa de diversificaci\u00f3 curricular adre\u00e7at a alumnes de 2n cicle d\u2019ESO que assisteixen&hellip;  <a href=\"https:\/\/agora.xtec.cat\/insnarcisafreixas\/com-treballem\/programes\/coneixement-doficis\/\" title=\"Read Coneixement d&#8217;oficis\">Llegeix m\u00e9s\u00bb<\/a><\/p>\n","protected":false},"author":1,"featured_media":0,"parent":21176,"menu_order":12,"comment_status":"closed","ping_status":"closed","template":"page-templates\/side-menu.php","meta":{"_bbp_topic_count":0,"_bbp_reply_count":0,"_bbp_total_topic_count":0,"_bbp_total_reply_count":0,"_bbp_voice_count":0,"_bbp_anonymous_reply_count":0,"_bbp_topic_count_hidden":0,"_bbp_reply_count_hidden":0,"_bbp_forum_subforum_count":0,"footnotes":""},"class_list":["post-21202","page","type-page","status-publish","hentry"],"post_mailing_queue_ids":[],"_links":{"self":[{"href":"https:\/\/agora.xtec.cat\/insnarcisafreixas\/wp-json\/wp\/v2\/pages\/21202","targetHints":{"allow":["GET"]}}],"collection":[{"href":"https:\/\/agora.xtec.cat\/insnarcisafreixas\/wp-json\/wp\/v2\/pages"}],"about":[{"href":"https:\/\/agora.xtec.cat\/insnarcisafreixas\/wp-json\/wp\/v2\/types\/page"}],"author":[{"embeddable":true,"href":"https:\/\/agora.xtec.cat\/insnarcisafreixas\/wp-json\/wp\/v2\/users\/1"}],"replies":[{"embeddable":true,"href":"https:\/\/agora.xtec.cat\/insnarcisafreixas\/wp-json\/wp\/v2\/comments?post=21202"}],"version-history":[{"count":4,"href":"https:\/\/agora.xtec.cat\/insnarcisafreixas\/wp-json\/wp\/v2\/pages\/21202\/revisions"}],"predecessor-version":[{"id":21268,"href":"https:\/\/agora.xtec.cat\/insnarcisafreixas\/wp-json\/wp\/v2\/pages\/21202\/revisions\/21268"}],"up":[{"embeddable":true,"href":"https:\/\/agora.xtec.cat\/insnarcisafreixas\/wp-json\/wp\/v2\/pages\/21176"}],"wp:attachment":[{"href":"https:\/\/agora.xtec.cat\/insnarcisafreixas\/wp-json\/wp\/v2\/media?parent=21202"}],"curies":[{"name":"wp","href":"https:\/\/api.w.org\/{rel}","templated":true}]}}