{"id":21198,"date":"2024-10-31T13:56:42","date_gmt":"2024-10-31T12:56:42","guid":{"rendered":"https:\/\/agora.xtec.cat\/insnarcisafreixas\/?page_id=21198"},"modified":"2024-11-14T11:27:13","modified_gmt":"2024-11-14T10:27:13","slug":"salut-i-escola","status":"publish","type":"page","link":"https:\/\/agora.xtec.cat\/insnarcisafreixas\/com-treballem\/programes\/salut-i-escola\/","title":{"rendered":"Salut i Escola"},"content":{"rendered":"<p><img loading=\"lazy\" decoding=\"async\" class=\"aligncenter wp-image-21204 size-medium\" src=\"https:\/\/agora.xtec.cat\/insnarcisafreixas\/wp-content\/uploads\/usu1244\/2024\/10\/salut-i-escola-300x180.png\" alt=\"\" width=\"300\" height=\"180\" srcset=\"https:\/\/agora.xtec.cat\/insnarcisafreixas\/wp-content\/uploads\/usu1244\/2024\/10\/salut-i-escola-300x180.png 300w, https:\/\/agora.xtec.cat\/insnarcisafreixas\/wp-content\/uploads\/usu1244\/2024\/10\/salut-i-escola.png 500w\" sizes=\"auto, (max-width: 300px) 100vw, 300px\" \/><\/p>\n<p>El programa Salut i Escola impulsat pel Departament d&#8217;Educaci\u00f3 i pel Departament de Salut, t\u00e9 la finalitat de millorar la salut dels adolescents mitjan\u00e7ant accions que promocionen h\u00e0bits saludables, prevenen situacions de risc, i ajuden a detectar preco\u00e7ment problemes relacionats amb la salut. Una professional d\u2019infermeria del CAP de la zona es despla\u00e7a peri\u00f2dicament a l\u2019institut per afavorir l\u2019accessibilitat de cara a la prevenci\u00f3 de situacions de risc i atenci\u00f3 preco\u00e7 als problemes de salut dels i les adolescents amb garanties de privacitat, confidencialitat i proximitat.<\/p>\n<p>Els eixos fonamentals d&#8217;actuaci\u00f3 del PSiE s\u00f3n: salut mental, salut afectiva i sexual, viol\u00e8ncia i maltractaments segons g\u00e8nere, h\u00e0bits de salut (consum de tabac i altres drogues, altres addiccions, exercici f\u00edsic, dieta, etc.), trastorns de la conducta aliment\u00e0ria, entre d&#8217;altres.<\/p>\n<p><a href=\"https:\/\/xtec.gencat.cat\/ca\/comunitat\/salutescola\/programasalutescola\/\">M\u00e9s informaci\u00f3 en aquest enlla\u00e7.<\/a><\/p>\n","protected":false},"excerpt":{"rendered":"<p>El programa Salut i Escola impulsat pel Departament d&#8217;Educaci\u00f3 i pel Departament de Salut, t\u00e9 la finalitat de millorar la salut dels adolescents mitjan\u00e7ant accions que promocionen h\u00e0bits saludables, prevenen situacions de risc, i ajuden a detectar preco\u00e7ment problemes relacionats amb la salut. Una professional&hellip;  <a href=\"https:\/\/agora.xtec.cat\/insnarcisafreixas\/com-treballem\/programes\/salut-i-escola\/\" title=\"Read Salut i Escola\">Llegeix m\u00e9s\u00bb<\/a><\/p>\n","protected":false},"author":1,"featured_media":0,"parent":21176,"menu_order":9,"comment_status":"closed","ping_status":"closed","template":"page-templates\/side-menu.php","meta":{"_bbp_topic_count":0,"_bbp_reply_count":0,"_bbp_total_topic_count":0,"_bbp_total_reply_count":0,"_bbp_voice_count":0,"_bbp_anonymous_reply_count":0,"_bbp_topic_count_hidden":0,"_bbp_reply_count_hidden":0,"_bbp_forum_subforum_count":0,"footnotes":""},"class_list":["post-21198","page","type-page","status-publish","hentry"],"post_mailing_queue_ids":[],"_links":{"self":[{"href":"https:\/\/agora.xtec.cat\/insnarcisafreixas\/wp-json\/wp\/v2\/pages\/21198","targetHints":{"allow":["GET"]}}],"collection":[{"href":"https:\/\/agora.xtec.cat\/insnarcisafreixas\/wp-json\/wp\/v2\/pages"}],"about":[{"href":"https:\/\/agora.xtec.cat\/insnarcisafreixas\/wp-json\/wp\/v2\/types\/page"}],"author":[{"embeddable":true,"href":"https:\/\/agora.xtec.cat\/insnarcisafreixas\/wp-json\/wp\/v2\/users\/1"}],"replies":[{"embeddable":true,"href":"https:\/\/agora.xtec.cat\/insnarcisafreixas\/wp-json\/wp\/v2\/comments?post=21198"}],"version-history":[{"count":3,"href":"https:\/\/agora.xtec.cat\/insnarcisafreixas\/wp-json\/wp\/v2\/pages\/21198\/revisions"}],"predecessor-version":[{"id":21265,"href":"https:\/\/agora.xtec.cat\/insnarcisafreixas\/wp-json\/wp\/v2\/pages\/21198\/revisions\/21265"}],"up":[{"embeddable":true,"href":"https:\/\/agora.xtec.cat\/insnarcisafreixas\/wp-json\/wp\/v2\/pages\/21176"}],"wp:attachment":[{"href":"https:\/\/agora.xtec.cat\/insnarcisafreixas\/wp-json\/wp\/v2\/media?parent=21198"}],"curies":[{"name":"wp","href":"https:\/\/api.w.org\/{rel}","templated":true}]}}