{"id":21196,"date":"2024-10-31T13:57:28","date_gmt":"2024-10-31T12:57:28","guid":{"rendered":"https:\/\/agora.xtec.cat\/insnarcisafreixas\/?page_id=21196"},"modified":"2024-11-14T11:26:24","modified_gmt":"2024-11-14T10:26:24","slug":"agenda-21-escolar","status":"publish","type":"page","link":"https:\/\/agora.xtec.cat\/insnarcisafreixas\/com-treballem\/programes\/agenda-21-escolar\/","title":{"rendered":"Agenda 21 Escolar"},"content":{"rendered":"<p><img loading=\"lazy\" decoding=\"async\" class=\"aligncenter wp-image-21089 size-medium\" src=\"https:\/\/agora.xtec.cat\/insnarcisafreixas\/wp-content\/uploads\/usu1244\/2024\/09\/agenda-21-gran-300x180.png\" alt=\"\" width=\"300\" height=\"180\" srcset=\"https:\/\/agora.xtec.cat\/insnarcisafreixas\/wp-content\/uploads\/usu1244\/2024\/09\/agenda-21-gran-300x180.png 300w, https:\/\/agora.xtec.cat\/insnarcisafreixas\/wp-content\/uploads\/usu1244\/2024\/09\/agenda-21-gran.png 500w\" sizes=\"auto, (max-width: 300px) 100vw, 300px\" \/><\/p>\n<p>L&#8217;<strong>Agenda 21 Escolar<\/strong> \u00e9s un programa que fomenta les pr\u00e0ctiques participatives als centres educatius des del punt de vista de la sostenibilitat. Introdueix projectes i\/o iniciatives de sostenibilitat als centres educatius mitjan\u00e7ant l&#8217;educaci\u00f3 en l&#8217;acci\u00f3, i refor\u00e7a els vincles entre la ciutat i l&#8217;escola.<\/p>\n<p>Des del curs 19-20 participem al programa Agenda 21 de l\u2019ajuntament de Sabadell amb l\u2019objectiu de millorar la gesti\u00f3 d\u2019algun aspecte sobre el medi ambient i\/o la sostenibilitat del centre. En el nostre cas, ho fem a partir del projecte de jardineria i hort ecol\u00f2gic.<\/p>\n<p><a href=\"https:\/\/www.euskadi.eus\/informacion\/agenda-21-escolar-educar-para-la-sostenibilidad\/web01-a2inguru\/es\/\">M\u00e9s informaci\u00f3 en aquest enlla\u00e7.<\/a><\/p>\n","protected":false},"excerpt":{"rendered":"<p>L&#8217;Agenda 21 Escolar \u00e9s un programa que fomenta les pr\u00e0ctiques participatives als centres educatius des del punt de vista de la sostenibilitat. Introdueix projectes i\/o iniciatives de sostenibilitat als centres educatius mitjan\u00e7ant l&#8217;educaci\u00f3 en l&#8217;acci\u00f3, i refor\u00e7a els vincles entre la ciutat i l&#8217;escola.<br \/>\nDes del&hellip;  <a href=\"https:\/\/agora.xtec.cat\/insnarcisafreixas\/com-treballem\/programes\/agenda-21-escolar\/\" title=\"Read Agenda 21 Escolar\">Llegeix m\u00e9s\u00bb<\/a><\/p>\n","protected":false},"author":1,"featured_media":0,"parent":21176,"menu_order":8,"comment_status":"closed","ping_status":"closed","template":"page-templates\/side-menu.php","meta":{"_bbp_topic_count":0,"_bbp_reply_count":0,"_bbp_total_topic_count":0,"_bbp_total_reply_count":0,"_bbp_voice_count":0,"_bbp_anonymous_reply_count":0,"_bbp_topic_count_hidden":0,"_bbp_reply_count_hidden":0,"_bbp_forum_subforum_count":0,"footnotes":""},"class_list":["post-21196","page","type-page","status-publish","hentry"],"post_mailing_queue_ids":[],"_links":{"self":[{"href":"https:\/\/agora.xtec.cat\/insnarcisafreixas\/wp-json\/wp\/v2\/pages\/21196","targetHints":{"allow":["GET"]}}],"collection":[{"href":"https:\/\/agora.xtec.cat\/insnarcisafreixas\/wp-json\/wp\/v2\/pages"}],"about":[{"href":"https:\/\/agora.xtec.cat\/insnarcisafreixas\/wp-json\/wp\/v2\/types\/page"}],"author":[{"embeddable":true,"href":"https:\/\/agora.xtec.cat\/insnarcisafreixas\/wp-json\/wp\/v2\/users\/1"}],"replies":[{"embeddable":true,"href":"https:\/\/agora.xtec.cat\/insnarcisafreixas\/wp-json\/wp\/v2\/comments?post=21196"}],"version-history":[{"count":3,"href":"https:\/\/agora.xtec.cat\/insnarcisafreixas\/wp-json\/wp\/v2\/pages\/21196\/revisions"}],"predecessor-version":[{"id":21264,"href":"https:\/\/agora.xtec.cat\/insnarcisafreixas\/wp-json\/wp\/v2\/pages\/21196\/revisions\/21264"}],"up":[{"embeddable":true,"href":"https:\/\/agora.xtec.cat\/insnarcisafreixas\/wp-json\/wp\/v2\/pages\/21176"}],"wp:attachment":[{"href":"https:\/\/agora.xtec.cat\/insnarcisafreixas\/wp-json\/wp\/v2\/media?parent=21196"}],"curies":[{"name":"wp","href":"https:\/\/api.w.org\/{rel}","templated":true}]}}