{"id":21194,"date":"2024-10-31T13:55:01","date_gmt":"2024-10-31T12:55:01","guid":{"rendered":"https:\/\/agora.xtec.cat\/insnarcisafreixas\/?page_id=21194"},"modified":"2024-11-14T11:25:01","modified_gmt":"2024-11-14T10:25:01","slug":"pla-educatiu-dentorn-pee","status":"publish","type":"page","link":"https:\/\/agora.xtec.cat\/insnarcisafreixas\/com-treballem\/programes\/pla-educatiu-dentorn-pee\/","title":{"rendered":"Pla Educatiu d&#8217;Entorn (PEE)"},"content":{"rendered":"<p><img loading=\"lazy\" decoding=\"async\" class=\"aligncenter wp-image-21207 size-medium\" src=\"https:\/\/agora.xtec.cat\/insnarcisafreixas\/wp-content\/uploads\/usu1244\/2024\/10\/PEE-300x180.png\" alt=\"B\u00e0ner Pla Educatiu d'Entorn\" width=\"300\" height=\"180\" srcset=\"https:\/\/agora.xtec.cat\/insnarcisafreixas\/wp-content\/uploads\/usu1244\/2024\/10\/PEE-300x180.png 300w, https:\/\/agora.xtec.cat\/insnarcisafreixas\/wp-content\/uploads\/usu1244\/2024\/10\/PEE.png 500w\" sizes=\"auto, (max-width: 300px) 100vw, 300px\" \/>Els <strong>Plans educatius d\u2019entorn<\/strong> s\u00f3n instruments per donar una resposta integrada i comunit\u00e0ria a les necessitats educatives d&#8217;infants i joves, coordinant i dinamitzant l\u2019acci\u00f3 educativa en els diferents \u00e0mbits de la seva vida. S\u2019adrecen a tot l\u2019alumnat, i a tota la comunitat educativa, per\u00f2 amb una especial sensibilitat als sectors socials m\u00e9s desafavorits.<\/p>\n<p>En els darrers anys, a trav\u00e9s del PEE, hem ofert tallers d\u2019angl\u00e8s i tallers de suport educatiu per treballar la gesti\u00f3 emocional, h\u00e0bits d\u2019organitzaci\u00f3 i t\u00e8cniques d&#8217;estudi. Les accions dels curs 24-25 estan pendents de concretar durant la redacci\u00f3 d\u2019aquest document.<\/p>\n<p><a href=\"https:\/\/web.sabadell.cat\/actualitat\/notis\/tag\/pla%20educatiu%20entorn\">M\u00e9s informaci\u00f3 en aquest enlla\u00e7.<\/a><\/p>\n","protected":false},"excerpt":{"rendered":"<p>Els Plans educatius d\u2019entorn s\u00f3n instruments per donar una resposta integrada i comunit\u00e0ria a les necessitats educatives d&#8217;infants i joves, coordinant i dinamitzant l\u2019acci\u00f3 educativa en els diferents \u00e0mbits de la seva vida. S\u2019adrecen a tot l\u2019alumnat, i a tota la comunitat educativa, per\u00f2 amb&hellip;  <a href=\"https:\/\/agora.xtec.cat\/insnarcisafreixas\/com-treballem\/programes\/pla-educatiu-dentorn-pee\/\" title=\"Read Pla Educatiu d&#8217;Entorn (PEE)\">Llegeix m\u00e9s\u00bb<\/a><\/p>\n","protected":false},"author":1,"featured_media":0,"parent":21176,"menu_order":7,"comment_status":"closed","ping_status":"closed","template":"page-templates\/side-menu.php","meta":{"_bbp_topic_count":0,"_bbp_reply_count":0,"_bbp_total_topic_count":0,"_bbp_total_reply_count":0,"_bbp_voice_count":0,"_bbp_anonymous_reply_count":0,"_bbp_topic_count_hidden":0,"_bbp_reply_count_hidden":0,"_bbp_forum_subforum_count":0,"footnotes":""},"class_list":["post-21194","page","type-page","status-publish","hentry"],"post_mailing_queue_ids":[],"_links":{"self":[{"href":"https:\/\/agora.xtec.cat\/insnarcisafreixas\/wp-json\/wp\/v2\/pages\/21194","targetHints":{"allow":["GET"]}}],"collection":[{"href":"https:\/\/agora.xtec.cat\/insnarcisafreixas\/wp-json\/wp\/v2\/pages"}],"about":[{"href":"https:\/\/agora.xtec.cat\/insnarcisafreixas\/wp-json\/wp\/v2\/types\/page"}],"author":[{"embeddable":true,"href":"https:\/\/agora.xtec.cat\/insnarcisafreixas\/wp-json\/wp\/v2\/users\/1"}],"replies":[{"embeddable":true,"href":"https:\/\/agora.xtec.cat\/insnarcisafreixas\/wp-json\/wp\/v2\/comments?post=21194"}],"version-history":[{"count":3,"href":"https:\/\/agora.xtec.cat\/insnarcisafreixas\/wp-json\/wp\/v2\/pages\/21194\/revisions"}],"predecessor-version":[{"id":21263,"href":"https:\/\/agora.xtec.cat\/insnarcisafreixas\/wp-json\/wp\/v2\/pages\/21194\/revisions\/21263"}],"up":[{"embeddable":true,"href":"https:\/\/agora.xtec.cat\/insnarcisafreixas\/wp-json\/wp\/v2\/pages\/21176"}],"wp:attachment":[{"href":"https:\/\/agora.xtec.cat\/insnarcisafreixas\/wp-json\/wp\/v2\/media?parent=21194"}],"curies":[{"name":"wp","href":"https:\/\/api.w.org\/{rel}","templated":true}]}}