{"id":21190,"date":"2024-10-31T13:57:41","date_gmt":"2024-10-31T12:57:41","guid":{"rendered":"https:\/\/agora.xtec.cat\/insnarcisafreixas\/?page_id=21190"},"modified":"2024-11-14T11:22:43","modified_gmt":"2024-11-14T10:22:43","slug":"programa-peers","status":"publish","type":"page","link":"https:\/\/agora.xtec.cat\/insnarcisafreixas\/com-treballem\/programes\/programa-peers\/","title":{"rendered":"Programa Peers"},"content":{"rendered":"<p><img loading=\"lazy\" decoding=\"async\" class=\"aligncenter wp-image-21192 size-medium\" src=\"https:\/\/agora.xtec.cat\/insnarcisafreixas\/wp-content\/uploads\/usu1244\/2024\/10\/peers-300x180.png\" alt=\"peers\" width=\"300\" height=\"180\" srcset=\"https:\/\/agora.xtec.cat\/insnarcisafreixas\/wp-content\/uploads\/usu1244\/2024\/10\/peers-300x180.png 300w, https:\/\/agora.xtec.cat\/insnarcisafreixas\/wp-content\/uploads\/usu1244\/2024\/10\/peers.png 500w\" sizes=\"auto, (max-width: 300px) 100vw, 300px\" \/><br \/>\nDes de l&#8217;EAP de Sabadell s\u2019ha previst iniciar aquest curs 2024-2025 un nou seminari adre\u00e7at als<br \/>\nprofessionals del SIEI dels centres d&#8217;ESO. Aquest seminari pret\u00e9n ser molt pragm\u00e0tic i funcional i t\u00e9 com a finalitat principal l&#8217;aplicaci\u00f3 del Programa Peers (programa d&#8217;entrenament en habilitats socials adre\u00e7at a l&#8217;alumnat amb TEA que rep suport SIEI).<\/p>\n<p>El <a href=\"https:\/\/www.semel.ucla.edu\/autism\/service\/general\/program-education-and-enrichment-relationship-skills-peers%C2%AE\">Programa per a l&#8217;educaci\u00f3 i l&#8217;enriquiment de les habilitats relacionals (PEERS\u00ae)<\/a> \u00e9s conegut mundialment per oferir programes d&#8217;habilitats socials basats en l&#8217;evid\u00e8ncia a nens en edat preescolar, adolescents i adults joves. Desenvolupat per primera vegada a la universitat de UCLA per la doctora Elizabeth Laugeson, el programa s&#8217;ha expandit a ubicacions dels Estats Units, s&#8217;ha tradu\u00eft a m\u00e9s d&#8217;una dotzena d&#8217;idiomes i s&#8217;utilitza a m\u00e9s de 150 pa\u00efsos d&#8217;arreu del m\u00f3n.<\/p>\n<h6>Objectius<\/h6>\n<ul>\n<li>Augmentar les compet\u00e8ncies socials<\/li>\n<li>Gesti\u00f3 dels conflictes interpersonals<\/li>\n<li>Fomentar el cercle d\u2019amistats<\/li>\n<li>Comunicaci\u00f3 efectiva<\/li>\n<li>Habilitats per fer amics<\/li>\n<li>Resoluci\u00f3 de conflictes<\/li>\n<li>Habilitats per mantenir relacions<\/li>\n<li>Empatia<\/li>\n<li>Autocontrol emocional<\/li>\n<\/ul>\n<p><a href=\"https:\/\/albertbalsells.com\/programa-peers-per-adolescents-amb-tea\/\">M\u00e9s informaci\u00f3 en aquest enlla\u00e7.<\/a><\/p>\n","protected":false},"excerpt":{"rendered":"<p>Des de l&#8217;EAP de Sabadell s\u2019ha previst iniciar aquest curs 2024-2025 un nou seminari adre\u00e7at als<br \/>\nprofessionals del SIEI dels centres d&#8217;ESO. Aquest seminari pret\u00e9n ser molt pragm\u00e0tic i funcional i t\u00e9 com a finalitat principal l&#8217;aplicaci\u00f3 del Programa Peers (programa d&#8217;entrenament en habilitats socials adre\u00e7at&hellip;  <a href=\"https:\/\/agora.xtec.cat\/insnarcisafreixas\/com-treballem\/programes\/programa-peers\/\" title=\"Read Programa Peers\">Llegeix m\u00e9s\u00bb<\/a><\/p>\n","protected":false},"author":1,"featured_media":0,"parent":21176,"menu_order":6,"comment_status":"closed","ping_status":"closed","template":"page-templates\/side-menu.php","meta":{"_bbp_topic_count":0,"_bbp_reply_count":0,"_bbp_total_topic_count":0,"_bbp_total_reply_count":0,"_bbp_voice_count":0,"_bbp_anonymous_reply_count":0,"_bbp_topic_count_hidden":0,"_bbp_reply_count_hidden":0,"_bbp_forum_subforum_count":0,"footnotes":""},"class_list":["post-21190","page","type-page","status-publish","hentry"],"post_mailing_queue_ids":[],"_links":{"self":[{"href":"https:\/\/agora.xtec.cat\/insnarcisafreixas\/wp-json\/wp\/v2\/pages\/21190","targetHints":{"allow":["GET"]}}],"collection":[{"href":"https:\/\/agora.xtec.cat\/insnarcisafreixas\/wp-json\/wp\/v2\/pages"}],"about":[{"href":"https:\/\/agora.xtec.cat\/insnarcisafreixas\/wp-json\/wp\/v2\/types\/page"}],"author":[{"embeddable":true,"href":"https:\/\/agora.xtec.cat\/insnarcisafreixas\/wp-json\/wp\/v2\/users\/1"}],"replies":[{"embeddable":true,"href":"https:\/\/agora.xtec.cat\/insnarcisafreixas\/wp-json\/wp\/v2\/comments?post=21190"}],"version-history":[{"count":3,"href":"https:\/\/agora.xtec.cat\/insnarcisafreixas\/wp-json\/wp\/v2\/pages\/21190\/revisions"}],"predecessor-version":[{"id":21262,"href":"https:\/\/agora.xtec.cat\/insnarcisafreixas\/wp-json\/wp\/v2\/pages\/21190\/revisions\/21262"}],"up":[{"embeddable":true,"href":"https:\/\/agora.xtec.cat\/insnarcisafreixas\/wp-json\/wp\/v2\/pages\/21176"}],"wp:attachment":[{"href":"https:\/\/agora.xtec.cat\/insnarcisafreixas\/wp-json\/wp\/v2\/media?parent=21190"}],"curies":[{"name":"wp","href":"https:\/\/api.w.org\/{rel}","templated":true}]}}