{"id":21188,"date":"2024-10-31T13:58:12","date_gmt":"2024-10-31T12:58:12","guid":{"rendered":"https:\/\/agora.xtec.cat\/insnarcisafreixas\/?page_id=21188"},"modified":"2024-11-14T11:20:11","modified_gmt":"2024-11-14T10:20:11","slug":"programa-henka","status":"publish","type":"page","link":"https:\/\/agora.xtec.cat\/insnarcisafreixas\/com-treballem\/programes\/programa-henka\/","title":{"rendered":"Programa Henka"},"content":{"rendered":"<p><img loading=\"lazy\" decoding=\"async\" class=\"aligncenter wp-image-21095 size-medium\" src=\"https:\/\/agora.xtec.cat\/insnarcisafreixas\/wp-content\/uploads\/usu1244\/2024\/09\/henka-gran-300x180.png\" alt=\"\" width=\"300\" height=\"180\" srcset=\"https:\/\/agora.xtec.cat\/insnarcisafreixas\/wp-content\/uploads\/usu1244\/2024\/09\/henka-gran-300x180.png 300w, https:\/\/agora.xtec.cat\/insnarcisafreixas\/wp-content\/uploads\/usu1244\/2024\/09\/henka-gran.png 500w\" sizes=\"auto, (max-width: 300px) 100vw, 300px\" \/><\/p>\n<h6>Objectiu<\/h6>\n<p>El Departament d&#8217;Educaci\u00f3, en col\u00b7laboraci\u00f3 amb el Departament de Salut i l&#8217;Hospital Sant Joan de D\u00e9u, ofereix per segon any consecutiu el <strong>programa Henka: escoles resilients<\/strong>, dissenyat per fomentar la resili\u00e8ncia entre els adolescents i millorar les seves compet\u00e8ncies emocionals i habilitats socials.<\/p>\n<p>La resili\u00e8ncia \u00e9s una habilitat crucial per afrontar els desafiaments de la vida, especialment important en l&#8217;etapa adolescent, quan l&#8217;alumnat s&#8217;enfronta a canvis significatius i pressions creixents. Amb l&#8217;objectiu d&#8217;ajudar a l&#8217;alumnat de 1r i 2n d&#8217;ESO a desenvolupar aquesta capacitat fonamental, el Departament s&#8217;uneix amb experts en salut mental infantojuvenil per oferir un programa innovador. El programa consta d&#8217;un conjunt d&#8217;accions que es porten a terme als centres educatius amb l&#8217;alumnat de 12 a 16 anys, la comunitat educativa i les fam\u00edlies.<\/p>\n<p>La intervenci\u00f3 integral t\u00e9 per objectiu entrenar en habilitats socioemocionals que fomenten la resili\u00e8ncia individual, familiar i escolar per millorar el benestar emocional i prevenir els problemes de salut mental de l&#8217;alumnat adolescent.<\/p>\n<h6>Desenvolupament<\/h6>\n<p>El programa Henka consta de vuit sessions formatives, que dirigeixen professionals de l&#8217;Hospital Sant Joan de D\u00e9u Barcelona, professionals de l&#8217;equip de benestar per estar b\u00e9 del Departament d&#8217;Educaci\u00f3 i referents de benestar emocional comunitari del Departament de Salut, que es coordinen amb el centre a trav\u00e9s de la infermera del programa Salut i Escola.<\/p>\n<p><a href=\"https:\/\/www.behenka.org\/ca\">M\u00e9s informaci\u00f3 en aquest enlla\u00e7.<\/a><\/p>\n","protected":false},"excerpt":{"rendered":"<p>Objectiu<br \/>\nEl Departament d&#8217;Educaci\u00f3, en col\u00b7laboraci\u00f3 amb el Departament de Salut i l&#8217;Hospital Sant Joan de D\u00e9u, ofereix per segon any consecutiu el programa Henka: escoles resilients, dissenyat per fomentar la resili\u00e8ncia entre els adolescents i millorar les seves compet\u00e8ncies emocionals i habilitats socials.<br \/>\nLa resili\u00e8ncia \u00e9s&hellip;  <a href=\"https:\/\/agora.xtec.cat\/insnarcisafreixas\/com-treballem\/programes\/programa-henka\/\" title=\"Read Programa Henka\">Llegeix m\u00e9s\u00bb<\/a><\/p>\n","protected":false},"author":1,"featured_media":0,"parent":21176,"menu_order":5,"comment_status":"closed","ping_status":"closed","template":"page-templates\/side-menu.php","meta":{"_bbp_topic_count":0,"_bbp_reply_count":0,"_bbp_total_topic_count":0,"_bbp_total_reply_count":0,"_bbp_voice_count":0,"_bbp_anonymous_reply_count":0,"_bbp_topic_count_hidden":0,"_bbp_reply_count_hidden":0,"_bbp_forum_subforum_count":0,"footnotes":""},"class_list":["post-21188","page","type-page","status-publish","hentry"],"post_mailing_queue_ids":[],"_links":{"self":[{"href":"https:\/\/agora.xtec.cat\/insnarcisafreixas\/wp-json\/wp\/v2\/pages\/21188","targetHints":{"allow":["GET"]}}],"collection":[{"href":"https:\/\/agora.xtec.cat\/insnarcisafreixas\/wp-json\/wp\/v2\/pages"}],"about":[{"href":"https:\/\/agora.xtec.cat\/insnarcisafreixas\/wp-json\/wp\/v2\/types\/page"}],"author":[{"embeddable":true,"href":"https:\/\/agora.xtec.cat\/insnarcisafreixas\/wp-json\/wp\/v2\/users\/1"}],"replies":[{"embeddable":true,"href":"https:\/\/agora.xtec.cat\/insnarcisafreixas\/wp-json\/wp\/v2\/comments?post=21188"}],"version-history":[{"count":3,"href":"https:\/\/agora.xtec.cat\/insnarcisafreixas\/wp-json\/wp\/v2\/pages\/21188\/revisions"}],"predecessor-version":[{"id":21261,"href":"https:\/\/agora.xtec.cat\/insnarcisafreixas\/wp-json\/wp\/v2\/pages\/21188\/revisions\/21261"}],"up":[{"embeddable":true,"href":"https:\/\/agora.xtec.cat\/insnarcisafreixas\/wp-json\/wp\/v2\/pages\/21176"}],"wp:attachment":[{"href":"https:\/\/agora.xtec.cat\/insnarcisafreixas\/wp-json\/wp\/v2\/media?parent=21188"}],"curies":[{"name":"wp","href":"https:\/\/api.w.org\/{rel}","templated":true}]}}