{"id":21186,"date":"2024-10-31T13:58:27","date_gmt":"2024-10-31T12:58:27","guid":{"rendered":"https:\/\/agora.xtec.cat\/insnarcisafreixas\/?page_id=21186"},"modified":"2024-11-14T11:19:05","modified_gmt":"2024-11-14T10:19:05","slug":"programa-florence","status":"publish","type":"page","link":"https:\/\/agora.xtec.cat\/insnarcisafreixas\/com-treballem\/programes\/programa-florence\/","title":{"rendered":"Programa Florence"},"content":{"rendered":"<p><img loading=\"lazy\" decoding=\"async\" class=\"aligncenter wp-image-21094 size-medium\" src=\"https:\/\/agora.xtec.cat\/insnarcisafreixas\/wp-content\/uploads\/usu1244\/2024\/09\/florence-gran-300x180.png\" alt=\"\" width=\"300\" height=\"180\" srcset=\"https:\/\/agora.xtec.cat\/insnarcisafreixas\/wp-content\/uploads\/usu1244\/2024\/09\/florence-gran-300x180.png 300w, https:\/\/agora.xtec.cat\/insnarcisafreixas\/wp-content\/uploads\/usu1244\/2024\/09\/florence-gran.png 500w\" sizes=\"auto, (max-width: 300px) 100vw, 300px\" \/><\/p>\n<p>El Programa Florence t\u00e9 com a objectiu millorar la compet\u00e8ncia matem\u00e0tica dels nostres alumnes i t\u00e9 una durada de tres cursos acad\u00e8mics (del 24-25 al 26-27).<\/p>\n<h6>Per qu\u00e8 aquesta iniciativa?<\/h6>\n<p>Els resultats de les diferents proves d&#8217;avaluaci\u00f3 que s&#8217;han dut a terme a Catalunya \u2014compet\u00e8ncies b\u00e0siques de 6\u00e8 de prim\u00e0ria i de 4t d\u2019ESO, i proves internacionals PISA\u2014 mostren un descens significatiu, especialment en el rendiment en compet\u00e8ncia matem\u00e0tica de l&#8217;alumnat. En aquesta \u00e0rea, s&#8217;evidencia que l\u2019alumnat catal\u00e0 t\u00e9 dificultats d&#8217;aprenentatge en els problemes de connexions i reflexi\u00f3, en deducci\u00f3 i raonament; especialment en fraccions, percentatges, proporcions i geometria de l&#8217;espai.<\/p>\n<h6>En qu\u00e8 consisteix?<\/h6>\n<p>En primer lloc, s&#8217;interpreten i analitzen els resultats que han obtingut els alumnes del centre que participa en aquest Programa a les proves externes de diagnosi del Consell Superior d&#8217;Avaluaci\u00f3 del Sistema Educatiu.<\/p>\n<p>A partir d&#8217;aquesta informaci\u00f3, es dissenya un pla d&#8217;intervenci\u00f3 al centre, que inclou:<\/p>\n<ul>\n<li>Suport a aspectes organitzatius, metodol\u00f2gics i d&#8217;avaluaci\u00f3.<\/li>\n<li>Increment de les hores de matem\u00e0tiques entre 1 i 4 hores setmanals.<\/li>\n<li>Formaci\u00f3 del professorat i acompanyament.<\/li>\n<li>Recursos i materials: guies did\u00e0ctiques, activitats, orientacions, etc. Lliurament als centres participants d&#8217;una maleta amb material pr\u00e0ctic que ajudi a entendre millor les matem\u00e0tiques.<\/li>\n<\/ul>\n<p><a href=\"https:\/\/educacio.gencat.cat\/ca\/departament\/linies-estrategiques\/programaflorence\/index.html\">M\u00e9s informaci\u00f3 en aquest enlla\u00e7.<\/a><\/p>\n","protected":false},"excerpt":{"rendered":"<p>El Programa Florence t\u00e9 com a objectiu millorar la compet\u00e8ncia matem\u00e0tica dels nostres alumnes i t\u00e9 una durada de tres cursos acad\u00e8mics (del 24-25 al 26-27).<br \/>\nPer qu\u00e8 aquesta iniciativa?<br \/>\nEls resultats de les diferents proves d&#8217;avaluaci\u00f3 que s&#8217;han dut a terme a Catalunya \u2014compet\u00e8ncies b\u00e0siques de&hellip;  <a href=\"https:\/\/agora.xtec.cat\/insnarcisafreixas\/com-treballem\/programes\/programa-florence\/\" title=\"Read Programa Florence\">Llegeix m\u00e9s\u00bb<\/a><\/p>\n","protected":false},"author":1,"featured_media":0,"parent":21176,"menu_order":4,"comment_status":"closed","ping_status":"closed","template":"page-templates\/side-menu.php","meta":{"_bbp_topic_count":0,"_bbp_reply_count":0,"_bbp_total_topic_count":0,"_bbp_total_reply_count":0,"_bbp_voice_count":0,"_bbp_anonymous_reply_count":0,"_bbp_topic_count_hidden":0,"_bbp_reply_count_hidden":0,"_bbp_forum_subforum_count":0,"footnotes":""},"class_list":["post-21186","page","type-page","status-publish","hentry"],"post_mailing_queue_ids":[],"_links":{"self":[{"href":"https:\/\/agora.xtec.cat\/insnarcisafreixas\/wp-json\/wp\/v2\/pages\/21186","targetHints":{"allow":["GET"]}}],"collection":[{"href":"https:\/\/agora.xtec.cat\/insnarcisafreixas\/wp-json\/wp\/v2\/pages"}],"about":[{"href":"https:\/\/agora.xtec.cat\/insnarcisafreixas\/wp-json\/wp\/v2\/types\/page"}],"author":[{"embeddable":true,"href":"https:\/\/agora.xtec.cat\/insnarcisafreixas\/wp-json\/wp\/v2\/users\/1"}],"replies":[{"embeddable":true,"href":"https:\/\/agora.xtec.cat\/insnarcisafreixas\/wp-json\/wp\/v2\/comments?post=21186"}],"version-history":[{"count":2,"href":"https:\/\/agora.xtec.cat\/insnarcisafreixas\/wp-json\/wp\/v2\/pages\/21186\/revisions"}],"predecessor-version":[{"id":21260,"href":"https:\/\/agora.xtec.cat\/insnarcisafreixas\/wp-json\/wp\/v2\/pages\/21186\/revisions\/21260"}],"up":[{"embeddable":true,"href":"https:\/\/agora.xtec.cat\/insnarcisafreixas\/wp-json\/wp\/v2\/pages\/21176"}],"wp:attachment":[{"href":"https:\/\/agora.xtec.cat\/insnarcisafreixas\/wp-json\/wp\/v2\/media?parent=21186"}],"curies":[{"name":"wp","href":"https:\/\/api.w.org\/{rel}","templated":true}]}}