{"id":21178,"date":"2024-10-31T13:59:54","date_gmt":"2024-10-31T12:59:54","guid":{"rendered":"https:\/\/agora.xtec.cat\/insnarcisafreixas\/?page_id=21178"},"modified":"2024-11-14T11:14:38","modified_gmt":"2024-11-14T10:14:38","slug":"proa","status":"publish","type":"page","link":"https:\/\/agora.xtec.cat\/insnarcisafreixas\/com-treballem\/programes\/proa\/","title":{"rendered":"PROA+"},"content":{"rendered":"<p><img loading=\"lazy\" decoding=\"async\" class=\"aligncenter wp-image-21097 size-medium\" src=\"https:\/\/agora.xtec.cat\/insnarcisafreixas\/wp-content\/uploads\/usu1244\/2024\/09\/proa-gran-300x180.png\" alt=\"\" width=\"300\" height=\"180\" srcset=\"https:\/\/agora.xtec.cat\/insnarcisafreixas\/wp-content\/uploads\/usu1244\/2024\/09\/proa-gran-300x180.png 300w, https:\/\/agora.xtec.cat\/insnarcisafreixas\/wp-content\/uploads\/usu1244\/2024\/09\/proa-gran.png 500w\" sizes=\"auto, (max-width: 300px) 100vw, 300px\" \/>El curs 21-22 vam entrar al programa <a href=\"https:\/\/www.educacionfpydeportes.gob.es\/mc\/sgctie\/cooperacion-territorial\/programas-cooperacion\/proa.html\">PROA+ (Programa para la Orientaci\u00f3n, Avance y Enriquecimiento Educativo en centros de especial complejidad educativa)<\/a> del Ministeri d&#8217;Educaci\u00f3 i Formaci\u00f3 Professional.<\/p>\n<p>El PROA+ t\u00e9 com a finalitat l\u2019\u00e8xit educatiu de l\u2019alumnat, especialment del vulnerable, mitjan\u00e7ant l\u2019aportaci\u00f3 de recursos i formaci\u00f3 als centres amb m\u00e9s dificultats. El mecanisme per al desplegament de les mesures dels diferents \u00e0mbits \u00e9s una assignaci\u00f3 econ\u00f2mica als centres educatius seleccionats.<\/p>\n<h6>Principis PROA+<\/h6>\n<ol>\n<li>Equitat per garantir la igualtat d\u2019oportunitats i evitar la segregaci\u00f3 en l\u2019acc\u00e9s i en la din\u00e0mica interna<br \/>\ndels centres.<\/li>\n<li>Educaci\u00f3 inclusiva com a principi fonamental, on tots\/es aprenen junts\/es i s\u2019at\u00e9n la diversitat de les necessitats de tot l\u2019alumnat.<\/li>\n<li>Expectatives positives sobre l\u2019\u00e8xit de tot l\u2019alumnat.<\/li>\n<li>Acompanyament i orientaci\u00f3.<\/li>\n<li>Prevenci\u00f3 i detecci\u00f3 primerenca de les dificultats d\u2019aprenentatge i mecanismes de refor\u00e7.<\/li>\n<li>Import\u00e0ncia de l\u2019educaci\u00f3 no cognitiva (socioemocional) per l\u2019aprenentatge i el benestar futur.<\/li>\n<li>Consideraci\u00f3 del coneixement adquirit en tots els \u00e0mbits per a la millora cont\u00ednua de l\u2019ensenyament-aprenentatge<\/li>\n<\/ol>\n<h6>Requisits i compromisos del contracte als centres<\/h6>\n<ul>\n<li>Aplicar, explicitar i desenvolupar els principis PROA+; l\u2019escola inclusiva \u00e9s el model.<\/li>\n<li>Orientar l\u2019activitat educativa a l\u2019\u00e8xit educatiu i escolar de tot l\u2019alumnat, especialment l\u2019alumnat amb m\u00e9s dificultat per a l\u2019aprenentatge.<\/li>\n<li>Elaborar un pla estrat\u00e8gic de millora que inclogui totes les l\u00ednies estrat\u00e8giques i el pla d\u2019actuaci\u00f3 del primer curs.<\/li>\n<li>Identificar l\u2019alumnat vulnerable i vetllar per adequar les condicions d\u2019educabilitat.<\/li>\n<li>No segregar internament l\u2019alumnat en horari lectiu.<\/li>\n<li>Treballar per l\u2019alumnat amb m\u00e9s dificultats d\u2019aprenentatge a trav\u00e9s de l\u2019equitat i la inclusi\u00f3 i aplicar de forma contextualitzada les actuacions PROA+ que es considerin m\u00e9s adequades.<\/li>\n<\/ul>\n<p><a href=\"https:\/\/www.educacionfpydeportes.gob.es\/mc\/sgctie\/cooperacion-territorial\/programas-cooperacion\/proa.html\">M\u00e9s informaci\u00f3 en aquest enlla\u00e7.<\/a><\/p>\n","protected":false},"excerpt":{"rendered":"<p>El curs 21-22 vam entrar al programa <a href=\"https:\/\/www.educacionfpydeportes.gob.es\/mc\/sgctie\/cooperacion-territorial\/programas-cooperacion\/proa.html\">PROA+ (Programa para la Orientaci\u00f3n, Avance y Enriquecimiento Educativo en centros de especial complejidad educativa)<\/a> del Ministeri d&#8217;Educaci\u00f3 i Formaci\u00f3 Professional.<br \/>\nEl PROA+ t\u00e9 com a finalitat l\u2019\u00e8xit educatiu de l\u2019alumnat, especialment del vulnerable, mitjan\u00e7ant l\u2019aportaci\u00f3 de recursos&hellip;  <a href=\"https:\/\/agora.xtec.cat\/insnarcisafreixas\/com-treballem\/programes\/proa\/\" title=\"Read PROA+\">Llegeix m\u00e9s\u00bb<\/a><\/p>\n","protected":false},"author":1,"featured_media":0,"parent":21176,"menu_order":1,"comment_status":"closed","ping_status":"closed","template":"page-templates\/side-menu.php","meta":{"_bbp_topic_count":0,"_bbp_reply_count":0,"_bbp_total_topic_count":0,"_bbp_total_reply_count":0,"_bbp_voice_count":0,"_bbp_anonymous_reply_count":0,"_bbp_topic_count_hidden":0,"_bbp_reply_count_hidden":0,"_bbp_forum_subforum_count":0,"footnotes":""},"class_list":["post-21178","page","type-page","status-publish","hentry"],"post_mailing_queue_ids":[],"_links":{"self":[{"href":"https:\/\/agora.xtec.cat\/insnarcisafreixas\/wp-json\/wp\/v2\/pages\/21178","targetHints":{"allow":["GET"]}}],"collection":[{"href":"https:\/\/agora.xtec.cat\/insnarcisafreixas\/wp-json\/wp\/v2\/pages"}],"about":[{"href":"https:\/\/agora.xtec.cat\/insnarcisafreixas\/wp-json\/wp\/v2\/types\/page"}],"author":[{"embeddable":true,"href":"https:\/\/agora.xtec.cat\/insnarcisafreixas\/wp-json\/wp\/v2\/users\/1"}],"replies":[{"embeddable":true,"href":"https:\/\/agora.xtec.cat\/insnarcisafreixas\/wp-json\/wp\/v2\/comments?post=21178"}],"version-history":[{"count":2,"href":"https:\/\/agora.xtec.cat\/insnarcisafreixas\/wp-json\/wp\/v2\/pages\/21178\/revisions"}],"predecessor-version":[{"id":21257,"href":"https:\/\/agora.xtec.cat\/insnarcisafreixas\/wp-json\/wp\/v2\/pages\/21178\/revisions\/21257"}],"up":[{"embeddable":true,"href":"https:\/\/agora.xtec.cat\/insnarcisafreixas\/wp-json\/wp\/v2\/pages\/21176"}],"wp:attachment":[{"href":"https:\/\/agora.xtec.cat\/insnarcisafreixas\/wp-json\/wp\/v2\/media?parent=21178"}],"curies":[{"name":"wp","href":"https:\/\/api.w.org\/{rel}","templated":true}]}}