{"id":20060,"date":"2023-09-05T21:45:27","date_gmt":"2023-09-05T19:45:27","guid":{"rendered":"https:\/\/agora.xtec.cat\/insnarcisafreixas\/?page_id=20060"},"modified":"2024-10-31T14:01:40","modified_gmt":"2024-10-31T13:01:40","slug":"ambits","status":"publish","type":"page","link":"https:\/\/agora.xtec.cat\/insnarcisafreixas\/com-treballem\/ambits\/","title":{"rendered":"\u00c0mbits"},"content":{"rendered":"<p style=\"text-align: center;\"><a class=\"button normal\" style=\"padding: 1em; font-weight: 400; margin: 0.1em; color: white !important; background-color: #b5196e;\" href=\"https:\/\/agora.xtec.cat\/insnarcisafreixas\/categoria\/ambits\/ambit-linguistic\/\" rel=\"noopener noreferrer\">\u00c0mbit ling\u00fc\u00edstic<\/a> <a class=\"button normal\" style=\"padding: 1em; font-weight: 400; margin: 0.1em; color: white !important; background-color: #770e4b;\" href=\"https:\/\/agora.xtec.cat\/insnarcisafreixas\/categoria\/ambits\/ambit-llengues-estrangeres\/\" rel=\"noopener noreferrer\">\u00c0mbit lleng\u00fces estrangeres<\/a> <a class=\"button normal\" style=\"padding: 1em; font-weight: 400; margin: 0.1em; color: white !important; background-color: #b5196e;\" href=\"https:\/\/agora.xtec.cat\/insnarcisafreixas\/categoria\/ambits\/ambit-cientificotecnologic\/\" rel=\"noopener noreferrer\">\u00c0mbit cientificotecnol\u00f2gic i matem\u00e0tic<\/a> <a class=\"button normal\" style=\"padding: 1em; font-weight: 400; margin: 0.1em; color: white !important; background-color: #770e4b;\" href=\"https:\/\/agora.xtec.cat\/insnarcisafreixas\/categoria\/ambits\/ambit-social\/\" rel=\"noopener noreferrer\">\u00c0mbit social<\/a> <a class=\"button normal\" style=\"padding: 1em; font-weight: 400; margin: 0.1em; color: white !important; background-color: #b5196e;\" href=\"https:\/\/agora.xtec.cat\/insnarcisafreixas\/categoria\/ambits\/ambit-artistic-i-deducacio-fisica\/\" rel=\"noopener noreferrer\">\u00c0mbit art\u00edstic i d\u2019educaci\u00f3 f\u00edsica<\/a> <a class=\"button normal\" style=\"padding: 1em; font-weight: 400; margin: 0.1em; color: white !important; background-color: #770e4b;\" href=\"https:\/\/agora.xtec.cat\/insnarcisafreixas\/categoria\/projectes\/\" rel=\"noopener noreferrer\">Projectes<\/a><\/p>\n<p><!-- Place \n\n<div> tag where you want the feed to appear --><\/p>\n<div id=\"curator-feed-new-feed-layout\"><a href=\"https:\/\/curator.io\" target=\"_blank\" class=\"crt-logo crt-tag\" rel=\"noopener\">Powered by Curator.io<\/a><\/div>\n<p><!-- The Javascript can be moved to the end of the html page before the <\/body> tag --><br \/>\n<script type=\"text\/javascript\">\n\/* curator-feed-new-feed-layout *\/\n(function(){\nvar i,e,d=document,s=\"script\";i=d.createElement(\"script\");i.async=1;i.charset=\"UTF-8\";\ni.src=\"https:\/\/cdn.curator.io\/published\/60b02d1c-2687-42cd-a153-430b827368d0.js\";\ne=d.getElementsByTagName(s)[0];e.parentNode.insertBefore(i, e);\n})();\n<\/script><\/p>\n<\/div>\n","protected":false},"excerpt":{"rendered":"<p><a class=\"button normal\" style=\"padding: 1em; font-weight: 400; margin: 0.1em; color: white !important; background-color: #b5196e;\" href=\"https:\/\/agora.xtec.cat\/insnarcisafreixas\/categoria\/ambits\/ambit-linguistic\/\" rel=\"noopener noreferrer\">\u00c0mbit ling\u00fc\u00edstic<\/a> <a class=\"button normal\" style=\"padding: 1em; font-weight: 400; margin: 0.1em; color: white !important; background-color: #770e4b;\" href=\"https:\/\/agora.xtec.cat\/insnarcisafreixas\/categoria\/ambits\/ambit-llengues-estrangeres\/\" rel=\"noopener noreferrer\">\u00c0mbit lleng\u00fces estrangeres<\/a> <a class=\"button normal\" style=\"padding: 1em; font-weight: 400; margin:&hellip;  <a href=\"https:\/\/agora.xtec.cat\/insnarcisafreixas\/com-treballem\/ambits\/\" title=\"Read \u00c0mbits\">Llegeix m\u00e9s\u00bb<\/a><\/p>\n","protected":false},"author":1,"featured_media":0,"parent":868,"menu_order":5,"comment_status":"closed","ping_status":"closed","template":"page-templates\/side-menu.php","meta":{"_bbp_topic_count":0,"_bbp_reply_count":0,"_bbp_total_topic_count":0,"_bbp_total_reply_count":0,"_bbp_voice_count":0,"_bbp_anonymous_reply_count":0,"_bbp_topic_count_hidden":0,"_bbp_reply_count_hidden":0,"_bbp_forum_subforum_count":0,"footnotes":""},"class_list":["post-20060","page","type-page","status-publish","hentry"],"post_mailing_queue_ids":[],"_links":{"self":[{"href":"https:\/\/agora.xtec.cat\/insnarcisafreixas\/wp-json\/wp\/v2\/pages\/20060","targetHints":{"allow":["GET"]}}],"collection":[{"href":"https:\/\/agora.xtec.cat\/insnarcisafreixas\/wp-json\/wp\/v2\/pages"}],"about":[{"href":"https:\/\/agora.xtec.cat\/insnarcisafreixas\/wp-json\/wp\/v2\/types\/page"}],"author":[{"embeddable":true,"href":"https:\/\/agora.xtec.cat\/insnarcisafreixas\/wp-json\/wp\/v2\/users\/1"}],"replies":[{"embeddable":true,"href":"https:\/\/agora.xtec.cat\/insnarcisafreixas\/wp-json\/wp\/v2\/comments?post=20060"}],"version-history":[{"count":3,"href":"https:\/\/agora.xtec.cat\/insnarcisafreixas\/wp-json\/wp\/v2\/pages\/20060\/revisions"}],"predecessor-version":[{"id":20788,"href":"https:\/\/agora.xtec.cat\/insnarcisafreixas\/wp-json\/wp\/v2\/pages\/20060\/revisions\/20788"}],"up":[{"embeddable":true,"href":"https:\/\/agora.xtec.cat\/insnarcisafreixas\/wp-json\/wp\/v2\/pages\/868"}],"wp:attachment":[{"href":"https:\/\/agora.xtec.cat\/insnarcisafreixas\/wp-json\/wp\/v2\/media?parent=20060"}],"curies":[{"name":"wp","href":"https:\/\/api.w.org\/{rel}","templated":true}]}}