{"id":19973,"date":"2023-09-05T13:46:12","date_gmt":"2023-09-05T11:46:12","guid":{"rendered":"https:\/\/agora.xtec.cat\/insnarcisafreixas\/?page_id=19973"},"modified":"2025-09-06T21:07:46","modified_gmt":"2025-09-06T19:07:46","slug":"organigrama","status":"publish","type":"page","link":"https:\/\/agora.xtec.cat\/insnarcisafreixas\/linstitut\/qui-som\/organigrama\/","title":{"rendered":"Organigrama 25-26"},"content":{"rendered":"<p><a class=\"button large\" style=\"padding: 1em; font-weight: 400; margin: 0.1em; color: white !important; background-color: #6e1646;\" href=\"#Equip directiu\" rel=\"noopener noreferrer\">Equip directiu<\/a><a class=\"button large\" style=\"padding: 1em; font-weight: 400; margin: 0.1em; color: white !important; background-color: #b5196e;\" href=\"#Coordinadores de curs\" rel=\"noopener noreferrer\">Coordinadores de curs<\/a><a class=\"button large\" style=\"padding: 1em; font-weight: 400; margin: 0.1em; color: white !important; background-color: #b5196ebf;\" href=\"#Tutories\" rel=\"noopener noreferrer\">Tutories<\/a><a class=\"button large\" style=\"padding: 1em; font-weight: 400; margin: 0.1em; color: white !important; background-color: #770e4bbf;\" href=\"#\u00c0mbits\" rel=\"noopener noreferrer\">\u00c0mbits<\/a><a class=\"button large\" style=\"padding: 1em; font-weight: 400; margin: 0.1em; color: white !important; background-color: #6e1646;\" href=\"#Suport intensiu d'escolaritzaci\u00f3 inclusiva (SIEI)\" rel=\"noopener noreferrer\">SIEI<\/a><\/p>\n<p><a name=\"Equip directiu\"><\/a><\/p>\n<h2>Equip directiu<\/h2>\n<div class=\"row\" style=\"margin-bottom: 1em !important;\">\n<div class=\"small-12 large-4 text-center columns\">\n<p>&nbsp;<\/p>\n<h6>Gemma Puig Morales<\/h6>\n<p style=\"margin-bottom: 0.2em;\">Directora<\/p>\n<p><a href=\"mailto:directora@insnarcisafreixas.cat\">directora@insnarcisafreixas.cat<\/a><\/p>\n<\/div>\n<div class=\"small-12 large-4 text-center columns\">\n<p>&nbsp;<\/p>\n<h6>Pilar Jim\u00e9nez L\u00f3pez<\/h6>\n<p style=\"margin-bottom: 0.2em;\">Coordinadora pedag\u00f2gica<\/p>\n<p><a href=\"mailto:coordped@insnarcisafreixas.cat\">coordped@insnarcisafreixas.cat<\/a><\/p>\n<\/div>\n<div class=\"small-12 large-4 text-center columns\">\n<p>&nbsp;<\/p>\n<h6>Laura Selva Jov\u00e9<\/h6>\n<p style=\"margin-bottom: 0.2em;\">Secret\u00e0ria<\/p>\n<p><a href=\"mailto:secdir@insnarcisafreixas.cat\">secdir@insnarcisafreixas.cat<\/a><\/p>\n<\/div>\n<div class=\"small-12 large-4 text-center columns\">\n<p>&nbsp;<\/p>\n<h6>Xavi Posino Novell<\/h6>\n<p style=\"margin-bottom: 0.2em;\">Cap d&#8217;estudis<\/p>\n<p><a href=\"mailto:capeso@insnarcisafreixas.cat\">capeso@insnarcisafreixas.cat<\/a><\/p>\n<\/div>\n<div class=\"small-12 large-4 text-center columns\">\n<p>&nbsp;<\/p>\n<\/div>\n<div class=\"small-12 large-4 text-center columns\">\n<p>&nbsp;<\/p>\n<\/div>\n<\/div>\n<p><a name=\"Coordinadores de curs\"><\/a><\/p>\n<h2>Coordinadores de curs<\/h2>\n<div class=\"row\" style=\"margin-bottom: 1em !important;\">\n<div class=\"small-12 large-4 text-center columns\">\n<p>&nbsp;<\/p>\n<h6>Maia Querol Palau<\/h6>\n<p style=\"margin-bottom: 0.2em;\">1r ESO<\/p>\n<p><a href=\"mailto:coord1@insnarcisafreixas.cat\">coord1@insnarcisafreixas.cat<\/a><\/p>\n<\/div>\n<div class=\"small-12 large-4 text-center columns\">\n<p>&nbsp;<\/p>\n<h6>\u00c8nia Quintana Angulo<\/h6>\n<p style=\"margin-bottom: 0.2em;\">2n ESO<\/p>\n<p><a href=\"mailto:coord2@insnarcisafreixas.cat\">coord2@insnarcisafreixas.cat<\/a><\/p>\n<\/div>\n<div class=\"small-12 large-4 text-center columns\">\n<p>&nbsp;<\/p>\n<h6>Alicia Rey Garcia<\/h6>\n<p style=\"margin-bottom: 0.2em;\">3r ESO<\/p>\n<p><a href=\"mailto:coord3@insnarcisafreixas.cat\">coord3@insnarcisafreixas.cat<\/a><\/p>\n<\/div>\n<div class=\"small-12 large-4 text-center columns\">\n<p>&nbsp;<\/p>\n<h6>Ester Ord\u00f3\u00f1ez Masip<\/h6>\n<p style=\"margin-bottom: 0.2em;\">4t ESO<\/p>\n<p><a href=\"mailto:coord4@insnarcisafreixas.cat\">coord4@insnarcisafreixas.cat<\/a><\/p>\n<\/div>\n<div class=\"small-12 large-4 text-center columns\">\n<p>&nbsp;<\/p>\n<\/div>\n<div class=\"small-12 large-4 text-center columns\">\n<p>&nbsp;<\/p>\n<\/div>\n<\/div>\n<p><a name=\"Tutories\"><\/a><\/p>\n<h2>Tutories<\/h2>\n<div class=\"row\" style=\"margin-bottom: 1em !important;\">\n<div class=\"small-12 large-4 text-center columns\">\n<p>&nbsp;<\/p>\n<h6>Marta Alcover Navarro<\/h6>\n<p style=\"margin-bottom: 0.2em;\">Tutora 1r A<\/p>\n<p><a href=\"mailto:malcover.prof@insnarcisafreixas.cat\">malcover.prof@insnarcisafreixas.cat<\/a><\/p>\n<\/div>\n<div class=\"small-12 large-4 text-center columns\">\n<p>&nbsp;<\/p>\n<h6>Carlota Santamans Fern\u00e1ndez<\/h6>\n<p style=\"margin-bottom: 0.2em;\">Tutora 1r B<\/p>\n<p><a href=\"mailto:csantamans.prof@insnarcisafreixas.cat\">csantamans.prof@insnarcisafreixas.cat<\/a><\/p>\n<\/div>\n<div class=\"small-12 large-4 text-center columns\">\n<p>&nbsp;<\/p>\n<h6>Maia Querol Palau<\/h6>\n<p style=\"margin-bottom: 0.2em;\">Tutora 1r C<\/p>\n<p><a href=\"mailto:mquerol.prof@insnarcisafreixas.cat\">mquerol.prof@in@insnarcisafreixas.cat<\/a><\/p>\n<\/div>\n<div class=\"small-12 large-4 text-center columns\">\n<p>&nbsp;<\/p>\n<h6>Lorena S\u00e1nchez Vellosillo<\/h6>\n<p style=\"margin-bottom: 0.2em;\">Cotutora 1r i 2n<\/p>\n<p><a href=\"mailto:lsanchez.prof@insnarcisafreixas.cat\">lsanchez.prof@insnarcisafreixas.cat<\/a><\/p>\n<\/div>\n<div class=\"small-12 large-4 text-center columns\">\n<p>&nbsp;<\/p>\n<h6>Juanlu Carlosena Palau<\/h6>\n<p style=\"margin-bottom: 0.2em;\">Tutor 2n A<\/p>\n<p><a href=\"mailto:jcarlosena.prof@insnarcisafreixas.cat\">jcarlosena.prof@insnarcisafreixas.cat<\/a><\/p>\n<\/div>\n<div class=\"small-12 large-4 text-center columns\">\n<p>&nbsp;<\/p>\n<h6>Laura Vil\u00e0 Juanico<\/h6>\n<p style=\"margin-bottom: 0.2em;\">Tutora 2n B<\/p>\n<p><a href=\"mailto:lvila.prof@insnarcisafreixas.cat\">lvila.prof@insnarcisafreixas.cat<\/a><\/p>\n<\/div>\n<div class=\"small-12 large-4 text-center columns\">\n<p>&nbsp;<\/p>\n<h6>\u00c8nia Quintana<\/h6>\n<p style=\"margin-bottom: 0.2em;\">Tutora 2n C<\/p>\n<p><a href=\"mailto:equintana.prof@insnarcisafreixas.cat\">equintana.prof@insnarcisafreixas.cat<\/a><\/p>\n<\/div>\n<div class=\"small-12 large-4 text-center columns\">\n<p>&nbsp;<\/p>\n<h6>Jordi P\u00e9rez D\u00edaz<\/h6>\n<p style=\"margin-bottom: 0.2em;\">Cotutor 2n<\/p>\n<p><a href=\"mailto:jperezdiaz.prof@insnarcisafreixas.cat\">jperezdiaz.prof@insnarcisafreixas.cat<\/a><\/p>\n<\/div>\n<div class=\"small-12 large-4 text-center columns\">\n<p>&nbsp;<\/p>\n<h6>Alicia Rey Garc\u00eda<\/h6>\n<p style=\"margin-bottom: 0.2em;\">Tutora 3r A<\/p>\n<p><a href=\"mailto:arey.prof@insnarcisafreixas.cat\">arey.prof@insnarcisafreixas.cat<\/a><\/p>\n<\/div>\n<div class=\"small-12 large-4 text-center columns\">\n<p>&nbsp;<\/p>\n<h6>V\u00edctor Cors Serra<\/h6>\n<p style=\"margin-bottom: 0.2em;\">Tutor 3r B<\/p>\n<p><a href=\"mailto:vcors.prof@insnarcisafreixas.cat\">vcors.prof@insnarcisafreixas.cat<\/a><\/p>\n<\/div>\n<div class=\"small-12 large-4 text-center columns\">\n<p>&nbsp;<\/p>\n<h6>Carme Alifa<\/h6>\n<p style=\"margin-bottom: 0.2em;\">Tutor 3r C<\/p>\n<p><a href=\"mailto:califa.prof@insnarcisafreixas.cat\">califa.prof@insnarcisafreixas.cat<\/a><\/p>\n<\/div>\n<div class=\"small-12 large-4 text-center columns\">\n<p>&nbsp;<\/p>\n<h6>Diana Per\u00e1lvarez Fern\u00e1ndez<\/h6>\n<p style=\"margin-bottom: 0.2em;\">Cotutora 3r i 4t<\/p>\n<p><a href=\"mailto:dperalvarez.prof@insnarcisafreixas.cat\">dperalvarez.prof@insnarcisafreixas.cat<\/a><\/p>\n<\/div>\n<div class=\"small-12 large-4 text-center columns\">\n<p>&nbsp;<\/p>\n<h6>Laura Casado<\/h6>\n<p style=\"margin-bottom: 0.2em;\">Tutora 4t A<\/p>\n<p><a href=\"mailto:lcasado.prof@insnarcisafreixas.cat\">lcasado.prof<span class=\"\">@insnarcisafreixas.<\/span>cat<\/a><\/p>\n<\/div>\n<div class=\"small-12 large-4 text-center columns\">\n<p>&nbsp;<\/p>\n<h6>Sara Mu\u00f1oz Ma\u00f1as<\/h6>\n<p style=\"margin-bottom: 0.2em;\">Tutora 4t B<\/p>\n<p><a href=\"mailto:smunoz.prof@insnarcisafreixas.cat\">smunoz.prof<span class=\"\">@insnarcisafreixas.<\/span>cat<\/a><\/p>\n<\/div>\n<div class=\"small-12 large-4 text-center columns\">\n<p>&nbsp;<\/p>\n<h6>Ester Ord\u00f3\u00f1ez Masip<\/h6>\n<p style=\"margin-bottom: 0.2em;\">Tutora 4t C<\/p>\n<p><a href=\"mailto:eordonez.prof@insnarcisafreixas.cat\">eordonez.prof<span class=\"\">@insnarcisafreixas.<\/span>cat<\/a><\/p>\n<\/div>\n<div class=\"small-12 large-4 text-center columns\">\n<p>&nbsp;<\/p>\n<h6>Mart\u00ed Roman\u00ed Picas<\/h6>\n<p style=\"margin-bottom: 0.2em;\">Cotutor 4t<\/p>\n<p><a href=\"mailto:mromani.prof@insnarcisafreixas.cat\">mromani.prof<span class=\"\">@insnarcisafrei<\/span>xas.cat<\/a><\/p>\n<\/div>\n<div class=\"small-12 large-4 text-center columns\">\n<p>&nbsp;<\/p>\n<\/div>\n<div class=\"small-12 large-4 text-center columns\">\n<p>&nbsp;<\/p>\n<\/div>\n<\/div>\n<p><a name=\"\u00c0mbits\"><\/a><\/p>\n<h2>\u00c0mbits<\/h2>\n<div class=\"row\" style=\"margin-bottom: 1em !important;\">\n<div class=\"small-12 large-4 text-center columns\">\n<p>&nbsp;<\/p>\n<h6>Mart\u00ed Roman\u00ed Picas<\/h6>\n<p style=\"margin-bottom: 0.2em;\">Cap \u00c0mbit ling\u00fc\u00edstic<\/p>\n<p><a href=\"mailto:capling@insnarcisafreixas.cat\">capling@insnarcisafreixas.cat<\/a><\/p>\n<\/div>\n<div class=\"small-12 large-4 text-center columns\">\n<p>&nbsp;<\/p>\n<h6>Ester Ord\u00f3\u00f1ez Masip<\/h6>\n<p style=\"margin-bottom: 0.2em;\">Cap Lleng\u00fces estrangeres<\/p>\n<p><a href=\"mailto:capestr@insnarcisafreixas.cat\">capestr@insnarcisafreixas.cat<\/a><\/p>\n<\/div>\n<div class=\"small-12 large-4 text-center columns\">\n<p>&nbsp;<\/p>\n<h6>N\u00faria P\u00e9rez L\u00f3pez<\/h6>\n<p style=\"margin-bottom: 0.2em;\">Cap \u00c0mbit cientificotecnol\u00f2gic<\/p>\n<p><a href=\"mailto:capcientec@insnarcisafreixas.cat\">capcientec@insnarcisafreixas.cat<\/a><\/p>\n<\/div>\n<div class=\"small-12 large-4 text-center columns\">\n<p>&nbsp;<\/p>\n<h6>Mireia Puigmart\u00ed Cama\u00f1es<\/h6>\n<p style=\"margin-bottom: 0.2em;\">Cap \u00c0mbit matem\u00e0tic<\/p>\n<p><a href=\"mailto:capmat@insnarcisafreixas.cat\">capmat@insnarcisafreixas.cat<\/a><\/p>\n<\/div>\n<div class=\"small-12 large-4 text-center columns\">\n<p>&nbsp;<\/p>\n<h6>Carlota Santamans Fern\u00e1ndez<\/h6>\n<p style=\"margin-bottom: 0.2em;\">Cap \u00c0mbit social<\/p>\n<p><a href=\"mailto:capsoc@insnarcisafreixas.cat\">capsoc@insnarcisafreixas.cat<\/a><\/p>\n<\/div>\n<div class=\"small-12 large-4 text-center columns\">\n<p>&nbsp;<\/p>\n<h6>V\u00edctor Cors Serra<\/h6>\n<p style=\"margin-bottom: 0.2em;\">Cap \u00c0mbit art\u00edstic<\/p>\n<p><a href=\"mailto:capart@insnarcisafreixas.cat\">capart@insnarcisafreixas.cat<\/a><\/p>\n<\/div>\n<div class=\"small-12 large-4 text-center columns\">\n<p>&nbsp;<\/p>\n<h6>Diana Per\u00e1lvarez Fern\u00e1ndez<\/h6>\n<p style=\"margin-bottom: 0.2em;\">Cap \u00c0mbit orientaci\u00f3<\/p>\n<p><a href=\"mailto:nsanjuan.prof@insnarcisafreixas.cat\">capori@insnarcisafreixas.cat<\/a><\/p>\n<\/div>\n<div class=\"small-12 large-4 text-center columns\">\n<p>&nbsp;<\/p>\n<h6>Juanlu Carlosena Palau<\/h6>\n<p style=\"margin-bottom: 0.2em;\">Cap \u00c0mbit educaci\u00f3 f\u00edsica<\/p>\n<p><a href=\"mailto:capef@insnarcisafreixas.cat\">capef@insnarcisafreixas.cat<\/a><\/p>\n<\/div>\n<div class=\"small-12 large-4 text-center columns\">\n<p>&nbsp;<\/p>\n<\/div>\n<\/div>\n<p><a name=\"Suport intensiu d'escolaritzaci\u00f3 inclusiva (SIEI)\"><\/a><\/p>\n<h2>Suport intensiu d&#8217;escolaritzaci\u00f3 inclusiva (SIEI)<\/h2>\n<div class=\"row\" style=\"margin-bottom: 1em !important;\">\n<div class=\"small-12 large-4 text-center columns\">\n<p>&nbsp;<\/p>\n<h6>Sandra P\u00e9rez-Castej\u00f3n Ahijado<\/h6>\n<p style=\"margin-bottom: 0.2em;\">Orientaci\u00f3<\/p>\n<p><a href=\"mailto:sperez.prof@insnarcisafreixas.cat\">sperez.prof@insnarcisafreixas.cat<\/a><\/p>\n<\/div>\n<div class=\"small-12 large-4 text-center columns\">\n<p>&nbsp;<\/p>\n<h6>Eva Trinidad (1\/2)<\/h6>\n<p style=\"margin-bottom: 0.2em;\">Orientaci\u00f3<\/p>\n<p><a href=\"mailto:etrinidad.prof@insnarcisafreixas.cat\">etrinidad.prof@insnarcisafreixas.cat<\/a><\/p>\n<\/div>\n<div class=\"small-12 large-4 text-center columns\">\n<p>&nbsp;<\/p>\n<h6>Bego\u00f1a Ballesteros Mart\u00edn<\/h6>\n<p style=\"margin-bottom: 0.2em;\">Educadora d&#8217;educaci\u00f3 especial<\/p>\n<p><a href=\"mailto:bballesteros.pas@insnarcisafreixas.cat\">bballesteros.pas<span class=\"\">@insnarcisafreixas.<\/span>cat<\/a><\/p>\n<\/div>\n<\/div>\n","protected":false},"excerpt":{"rendered":"<p><a class=\"button large\" style=\"padding: 1em; font-weight: 400; margin: 0.1em; color: white !important; background-color: #6e1646;\" href=\"#Equip directiu\" rel=\"noopener noreferrer\">Equip directiu<\/a><a class=\"button large\" style=\"padding: 1em; font-weight: 400; margin: 0.1em; color: white !important; background-color: #b5196e;\" href=\"#Coordinadores de curs\" rel=\"noopener noreferrer\">Coordinadores de curs<\/a><a class=\"button large\" style=\"padding: 1em; font-weight: 400;&hellip;  <a href=\"https:\/\/agora.xtec.cat\/insnarcisafreixas\/linstitut\/qui-som\/organigrama\/\" title=\"Read Organigrama 25-26\">Llegeix m\u00e9s\u00bb<\/a><\/p>\n","protected":false},"author":1,"featured_media":0,"parent":689,"menu_order":10,"comment_status":"closed","ping_status":"closed","template":"page-templates\/side-menu.php","meta":{"_bbp_topic_count":0,"_bbp_reply_count":0,"_bbp_total_topic_count":0,"_bbp_total_reply_count":0,"_bbp_voice_count":0,"_bbp_anonymous_reply_count":0,"_bbp_topic_count_hidden":0,"_bbp_reply_count_hidden":0,"_bbp_forum_subforum_count":0,"footnotes":""},"class_list":["post-19973","page","type-page","status-publish","hentry"],"post_mailing_queue_ids":[],"_links":{"self":[{"href":"https:\/\/agora.xtec.cat\/insnarcisafreixas\/wp-json\/wp\/v2\/pages\/19973","targetHints":{"allow":["GET"]}}],"collection":[{"href":"https:\/\/agora.xtec.cat\/insnarcisafreixas\/wp-json\/wp\/v2\/pages"}],"about":[{"href":"https:\/\/agora.xtec.cat\/insnarcisafreixas\/wp-json\/wp\/v2\/types\/page"}],"author":[{"embeddable":true,"href":"https:\/\/agora.xtec.cat\/insnarcisafreixas\/wp-json\/wp\/v2\/users\/1"}],"replies":[{"embeddable":true,"href":"https:\/\/agora.xtec.cat\/insnarcisafreixas\/wp-json\/wp\/v2\/comments?post=19973"}],"version-history":[{"count":6,"href":"https:\/\/agora.xtec.cat\/insnarcisafreixas\/wp-json\/wp\/v2\/pages\/19973\/revisions"}],"predecessor-version":[{"id":21550,"href":"https:\/\/agora.xtec.cat\/insnarcisafreixas\/wp-json\/wp\/v2\/pages\/19973\/revisions\/21550"}],"up":[{"embeddable":true,"href":"https:\/\/agora.xtec.cat\/insnarcisafreixas\/wp-json\/wp\/v2\/pages\/689"}],"wp:attachment":[{"href":"https:\/\/agora.xtec.cat\/insnarcisafreixas\/wp-json\/wp\/v2\/media?parent=19973"}],"curies":[{"name":"wp","href":"https:\/\/api.w.org\/{rel}","templated":true}]}}