{"id":19856,"date":"2023-07-13T13:15:18","date_gmt":"2023-07-13T11:15:18","guid":{"rendered":"https:\/\/agora.xtec.cat\/insnarcisafreixas\/?page_id=19856"},"modified":"2025-09-06T20:51:50","modified_gmt":"2025-09-06T18:51:50","slug":"equip","status":"publish","type":"page","link":"https:\/\/agora.xtec.cat\/insnarcisafreixas\/linstitut\/qui-som\/equip\/","title":{"rendered":"Equip 25-26"},"content":{"rendered":"<h2>Professorat<\/h2>\n<div class=\"row\" style=\"margin-bottom: 1em !important;\">\n<div class=\"small-12 large-4 text-center columns\">\n<h6>Mart\u00ed Roman\u00ed Picas<\/h6>\n<p style=\"margin-bottom: 0.2em;\">Llengua Catalana i Literatura<\/p>\n<p><a href=\"mailto:mromani.prof@insnarcisafreixas.cat\">mromani.prof@insnarcisafreixas.cat<\/a><\/p>\n<\/div>\n<div class=\"small-12 large-4 text-center columns\">\n<h6>Laura Vil\u00e0 Juanico<\/h6>\n<p style=\"margin-bottom: 0.2em;\">Llengua Catalana i Literatura<\/p>\n<p><a href=\"mailto:lvila.prof@insnarcisafreixas.cat\">lvila.prof@insnarcisafreixas.cat<\/a><\/p>\n<\/div>\n<div class=\"small-12 large-4 text-center columns\">\n<h6>Marta Alcover Navarro<\/h6>\n<p style=\"margin-bottom: 0.2em;\">Llengua Catalana i Literatura<\/p>\n<p><a href=\"mailto:malcover.prof@insnarcisafreixas.cat\">malcover.prof@insnarcisafreixas.cat<\/a><\/p>\n<\/div>\n<div class=\"small-12 large-4 text-center columns\">\n<h6>Anna Cabrero<\/h6>\n<p style=\"margin-bottom: 0.2em;\">Llengua Catalana i Literatura<\/p>\n<p><a href=\"mailto:acabrero.prof@insnarcisafreixas.cat\">acabrero.prof@insnarcisafreixas.cat<\/a><\/p>\n<\/div>\n<div class=\"small-12 large-4 text-center columns\">\n<h6>Laura Casado Delgado<\/h6>\n<p style=\"margin-bottom: 0.2em;\">Llengua Castellana i Literatura<\/p>\n<p><a href=\"mailto:lcasado.prof@insnarcisafreixas.cat\">lcasado.prof@insnarcisafreixas.cat<\/a><\/p>\n<\/div>\n<div class=\"small-12 large-4 text-center columns\">\n<h6>Sergi L\u00f3pez Malg\u00e0<\/h6>\n<p style=\"margin-bottom: 0.2em;\">Llengua Castellana i Literatura<\/p>\n<p><a href=\"mailto:slopez.prof@insnarcisafreixas.cat\">slopez.prof<span class=\"\">@insnarcisafreixas.<\/span>cat<\/a><\/p>\n<\/div>\n<div class=\"small-12 large-4 text-center columns\">\n<h6>Ester Ord\u00f3\u00f1ez Masip<\/h6>\n<p style=\"margin-bottom: 0.2em;\">Angl\u00e8s<\/p>\n<p><a href=\"mailto:eordonez.prof@insnarcisafreixas.cat\">eordonez.prof@insnarcisafreixas.cat<\/a><\/p>\n<\/div>\n<div class=\"small-12 large-4 text-center columns\">\n<h6>Carles Casanovas Gonz\u00e1lez<\/h6>\n<p style=\"margin-bottom: 0.2em;\">Angl\u00e8s<\/p>\n<p><a href=\"mailto:ccasanovas.prof@insnarcisafreixas.cat\">ccasanovas.prof@insnarcisafreixas.cat<\/a><\/p>\n<\/div>\n<div class=\"small-12 large-4 text-center columns\">\n<h6>Beatriz Iglesias Alba<\/h6>\n<p style=\"margin-bottom: 0.2em;\">Angl\u00e8s<\/p>\n<p><a href=\"mailto:biglesias.prof@insnarcisafreixas.cat\">biglesias.prof<span class=\"\">@insnarcisafrei<\/span>xas.cat<\/a><\/p>\n<\/div>\n<div class=\"small-12 large-4 text-center columns\">\n<h6>Pilar Jim\u00e9nez L\u00f3pez<\/h6>\n<p style=\"margin-bottom: 0.2em;\">Biologia i geologia<\/p>\n<p><a href=\"mailto:pjimenez.prof@insnarcisafreixas.cat\">pjimenez.prof@insnarcisafreixas.cat<\/a><\/p>\n<\/div>\n<div class=\"small-12 large-4 text-center columns\">\n<h6>Maia Querol Palau<\/h6>\n<p style=\"margin-bottom: 0.2em;\">Biologia i geologia<\/p>\n<p><a href=\"mailto:mquerol.prof@insnarcisafreixas.cat\">mquerol.prof@insnarcisafreixas.cat<\/a><\/p>\n<\/div>\n<div class=\"small-12 large-4 text-center columns\">\n<h6>Laura Selva Jov\u00e9<\/h6>\n<p style=\"margin-bottom: 0.2em;\">Biologia i geologia<\/p>\n<p><a href=\"mailto:lselva.prof@insnarcisafreixas.cat\">lselva.prof<span class=\"\">@insnarcisafreixas.<\/span>cat<\/a><\/p>\n<\/div>\n<div class=\"small-12 large-4 text-center columns\">\n<h6>N\u00faria P\u00e9rez L\u00f3pez<\/h6>\n<p style=\"margin-bottom: 0.2em;\">F\u00edsica i Qu\u00edmica<\/p>\n<p><a href=\"mailto:nperez.prof@insnarcisafreixas.cat\">nperez.prof@insnarcisafreixas.cat<\/a><\/p>\n<\/div>\n<div class=\"small-12 large-4 text-center columns\">\n<h6>Andi Adivinaci\u00f3n Ort\u00edn<\/h6>\n<p style=\"margin-bottom: 0.2em;\">Matem\u00e0tiques<\/p>\n<p><a href=\"mailto:aadiviniacion.prof@insnarcisafreixas.cat\">aadiviniacion.prof@insnarcisafreixas.cat<\/a><\/p>\n<\/div>\n<div class=\"small-12 large-4 text-center columns\">\n<h6>Mireia Puigmart\u00ed Cama\u00f1es<\/h6>\n<p style=\"margin-bottom: 0.2em;\">Matem\u00e0tiques<\/p>\n<p><a href=\"mailto:mpuigmarti.prof@insnarcisafreixas.cat\">mpuigmarti.prof@insnarcisafreixas.cat<\/a><\/p>\n<\/div>\n<div class=\"small-12 large-4 text-center columns\">\n<h6>Pau Pe\u00f1arroja Ros<\/h6>\n<p style=\"margin-bottom: 0.2em;\">Matem\u00e0tiques<\/p>\n<p><a href=\"mailto:ppenarroja.prof@insnarcisafreixas.cat\">ppenarroja.prof@insnarcisafreixas.cat<\/a><\/p>\n<\/div>\n<div class=\"small-12 large-4 text-center columns\">\n<h6>Alicia Rey Garcia<\/h6>\n<p style=\"margin-bottom: 0.2em;\">Tecnologia<\/p>\n<p><a href=\"mailto:arey.prof@insnarcisafreixas.cat\">arey.prof<span class=\"\">@ins<\/span>narcisafreixas.cat<\/a><\/p>\n<\/div>\n<div class=\"small-12 large-4 text-center columns\">\n<h6>Xavi Posino Novell<\/h6>\n<p style=\"margin-bottom: 0.2em;\">Tecnologia<\/p>\n<p><a href=\"mailto:xposino.prof@insnarcisafreixas.cat\">xposino.prof<span class=\"\">@insnarcisafreixas.<\/span>cat<\/a><\/p>\n<\/div>\n<div class=\"small-12 large-4 text-center columns\">\n<h6>Carlota Santamans Fern\u00e1ndez<\/h6>\n<p style=\"margin-bottom: 0.2em;\">Geografia i Hist\u00f2ria<\/p>\n<p><a href=\"mailto:csantamans.prof@insnarcisafreixas.cat\">csantamans.prof@insnarcisafreixas.cat<\/a><\/p>\n<\/div>\n<div class=\"small-12 large-4 text-center columns\">\n<h6>Carme Alifa Sicilia<\/h6>\n<p style=\"margin-bottom: 0.2em;\">Geografia i Hist\u00f2ria<\/p>\n<p><a href=\"mailto:califa.prof@insnarcisafreixas.cat\">califa.prof@insnarcisafreixas.cat<\/a><\/p>\n<\/div>\n<div class=\"small-12 large-4 text-center columns\">\n<h6>Sara Mu\u00f1oz Ma\u00f1as<\/h6>\n<p style=\"margin-bottom: 0.2em;\">Geografia i Hist\u00f2ria, Educaci\u00f3 F\u00edsica<\/p>\n<p><a href=\"mailto:smunoz.prof@insnarcisafreixas.cat\">smunoz.prof@insnarcisafreixas.cat<\/a><\/p>\n<\/div>\n<div class=\"small-12 large-4 text-center columns\">\n<h6>Gemma Puig i Morales<\/h6>\n<p style=\"margin-bottom: 0.2em;\">M\u00fasica<\/p>\n<p><a href=\"mailto:gpuig.prof@insnarcisafreixas.cat\">gpuig.prof<span class=\"\">@insnarcisafreixas.<\/span>cat<\/a><\/p>\n<\/div>\n<div class=\"small-12 large-4 text-center columns\">\n<h6>V\u00edctor Cors Serra<\/h6>\n<p style=\"margin-bottom: 0.2em;\">M\u00fasica<\/p>\n<p><a href=\"mailto:vcors.prof@insnarcisafreixas.cat\">vcors.prof@insnarcisafreixas.cat<\/a><\/p>\n<\/div>\n<div class=\"small-12 large-4 text-center columns\">\n<h6>\u00c8nia Quintana Angulo<\/h6>\n<p style=\"margin-bottom: 0.2em;\">Visual i pl\u00e0stica<\/p>\n<p><a href=\"mailto:equintana.prof@insnarcisafreixas.cat\">equintana.prof<span class=\"\">@insnarcisafreixas.<\/span>cat<\/a><\/p>\n<\/div>\n<div class=\"small-12 large-4 text-center columns\">\n<h6>Juanlu Carlosena Palau<\/h6>\n<p style=\"margin-bottom: 0.2em;\">Educaci\u00f3 f\u00edsica<\/p>\n<p><a href=\"mailto:jcarlosena.prof@insnarcisafreixas.cat\">jcarlosena.prof<span class=\"\">@insnarcisafreixas.<\/span>cat<\/a><\/p>\n<\/div>\n<div class=\"small-12 large-4 text-center columns\">\n<h6>Jordi P\u00e9rez D\u00edaz<\/h6>\n<p style=\"margin-bottom: 0.2em;\">Educaci\u00f3 f\u00edsica<\/p>\n<p><a href=\"mailto:jperezdiaz.prof@insnarcisafreixas.cat\">jperezdiaz.prof<span class=\"\">@insnarcisafreixas.<\/span>cat<\/a><\/p>\n<\/div>\n<div class=\"small-12 large-4 text-center columns\">\n<h6>Lorena S\u00e1nchez Fern\u00e1ndez<\/h6>\n<p style=\"margin-bottom: 0.2em;\">Orientaci\u00f3<\/p>\n<p><a href=\"mailto:lsanchez.prof@insnarcisafreixas.cat\">lsanchez.prof@insnarcisafreixas.cat<\/a><\/p>\n<\/div>\n<div class=\"small-12 large-4 text-center columns\">\n<h6>Diana Per\u00e1lvarez Fern\u00e1ndez<\/h6>\n<p style=\"margin-bottom: 0.2em;\">Orientaci\u00f3<\/p>\n<p><a href=\"mailto:dperalvarez.prof@insnarcisafreixas.cat\">dperalvarez.prof@insnarcisafreixas.cat<\/a><\/p>\n<\/div>\n<div class=\"small-12 large-4 text-center columns\">\n<h6>Sandra P\u00e9rez-Castej\u00f3n Ahijado<\/h6>\n<p style=\"margin-bottom: 0.2em;\">SIEI<\/p>\n<p><a href=\"mailto:sperez.prof@insnarcisafreixas.cat\">sperez.prof@insnarcisafreixas.cat<\/a><\/p>\n<\/div>\n<div class=\"small-12 large-4 text-center columns\">\n<h6>Eva Trinidad Morera<\/h6>\n<p style=\"margin-bottom: 0.2em;\">SIEI<\/p>\n<p><a href=\"mailto:etrinidad.prof@insnarcisafreixas.cat\">etrinidad.prof@insnarcisafreixas.cat<\/a><\/p>\n<\/div>\n<div class=\"small-12 large-4 text-center columns\">\n<h6>Anna M. Canalias S\u00e1nchez<\/h6>\n<p style=\"margin-bottom: 0.2em;\">Aula d&#8217;acollida<\/p>\n<p><a href=\"mailto:acanalias.prof@insnarcisafreixas.cat\">acanalias.prof@insnarcisafreixas.cat<\/a><\/p>\n<\/div>\n<div class=\"small-12 large-4 text-center columns\"><\/div>\n<div class=\"small-12 large-4 text-center columns\"><\/div>\n<\/div>\n<h2>Personal d&#8217;administraci\u00f3 i serveis (PAS)<\/h2>\n<div class=\"row\" style=\"margin-bottom: 1em !important;\">\n<div class=\"small-12 large-4 text-center columns\">\n<h6>Xavi Mora Vilarrasa<\/h6>\n<p style=\"margin-bottom: 0.2em;\">Conserge<\/p>\n<p><a href=\"mailto:xmora.pas@insnarcisafreixas.cat\">xmora.pas@insnarcisafreixas.cat<\/a><\/p>\n<\/div>\n<div class=\"small-12 large-4 text-center columns\">\n<h6>Maria Dulcet Belmonte<\/h6>\n<p style=\"margin-bottom: 0.2em;\">Auxiliar administrativa<\/p>\n<p><a href=\"mailto:mdulcet.pas@insnarcisafreixas.cat\">mdulcet.pas@insnarcisafreixas.cat<\/a><\/p>\n<\/div>\n<div class=\"small-12 large-4 text-center columns\">\n<h6>Carme Guisado Martin<\/h6>\n<p style=\"margin-bottom: 0.2em;\">Integradora social<\/p>\n<p><a href=\"mailto:cguisado.pas@insnarcisafreixas.cat\">cguisado.pas@insnarcisafreixas.cat<\/a><\/p>\n<\/div>\n<div class=\"small-12 large-4 text-center columns\">\n<h6>Bego\u00f1a Ballesteros Mart\u00edn<\/h6>\n<p style=\"margin-bottom: 0.2em;\">Educadora d&#8217;educaci\u00f3 especial<\/p>\n<p><a href=\"mailto:bballesteros.pas@insnarcisafreixas.cat\">bballesteros.pas<span class=\"\">@insnarcisafreixas.<\/span>cat<\/a><\/p>\n<\/div>\n<div class=\"small-12 large-4 text-center columns\">\n<h6>Elena Salvador D\u00edaz<\/h6>\n<p style=\"margin-bottom: 0.2em;\">Vetlladora<\/p>\n<p><a href=\"mailto:esalvador.pas@insnarcisafreixas.cat\">esalvador.pas@insnarcisafreixas.cat<\/a><\/p>\n<\/div>\n<div class=\"small-12 large-4 text-center columns\">\n<h6>Carla Petrus<\/h6>\n<p style=\"margin-bottom: 0.2em;\">Vetlladora<\/p>\n<p><a href=\"mailto:cpetrus.pas@insnarcisafreixas.cat\">cpetrus.pas@insnarcisafreixas.cat<\/a><\/p>\n<\/div>\n<div class=\"small-12 large-4 text-center columns\">\n<h6>Ouarda El Kauotari<\/h6>\n<p style=\"margin-bottom: 0.2em;\">Neteja<\/p>\n<p>Correu no disponible<\/p>\n<\/div>\n<div class=\"small-12 large-4 text-center columns\">\n<h6><\/h6>\n<p style=\"margin-bottom: 0.2em;\">\n<\/div>\n<\/div>\n","protected":false},"excerpt":{"rendered":"<p>Professorat<\/p>\n<p>Mart\u00ed Roman\u00ed Picas<br \/>\nLlengua Catalana i Literatura<br \/>\n<a href=\"mailto:mromani.prof@insnarcisafreixas.cat\">mromani.prof@insnarcisafreixas.cat<\/a><\/p>\n<p>Laura Vil\u00e0 Juanico<br \/>\nLlengua Catalana i Literatura<br \/>\n<a href=\"mailto:lvila.prof@insnarcisafreixas.cat\">lvila.prof@insnarcisafreixas.cat<\/a><\/p>\n<p>Marta Alcover Navarro<br \/>\nLlengua Catalana i Literatura<br \/>\n<a href=\"mailto:malcover.prof@insnarcisafreixas.cat\">malcover.prof@insnarcisafreixas.cat<\/a><\/p>\n<p>Anna Cabrero<br \/>\nLlengua Catalana i Literatura<br \/>\n<a href=\"mailto:acabrero.prof@insnarcisafreixas.cat\">acabrero.prof@insnarcisafreixas.cat<\/a><\/p>\n<p>Laura Casado Delgado<br \/>\nLlengua Castellana i Literatura<br \/>\n<a href=\"mailto:lcasado.prof@insnarcisafreixas.cat\">lcasado.prof@insnarcisafreixas.cat<\/a><\/p>\n<p>Sergi L\u00f3pez Malg\u00e0<br \/>\nLlengua Castellana i Literatura<br \/>\n<a href=\"mailto:slopez.prof@insnarcisafreixas.cat\">slopez.prof@insnarcisafreixas.cat<\/a><\/p>\n<p>Ester Ord\u00f3\u00f1ez Masip<br \/>\nAngl\u00e8s<br \/>\n<a href=\"mailto:eordonez.prof@insnarcisafreixas.cat\">eordonez.prof@insnarcisafreixas.cat<\/a><\/p>\n<p>Carles Casanovas Gonz\u00e1lez<br \/>\nAngl\u00e8s<br \/>\n<a href=\"mailto:ccasanovas.prof@insnarcisafreixas.cat\">ccasanovas.prof@insnarcisafreixas.cat<\/a><\/p>\n<p>Beatriz Iglesias Alba<br \/>\nAngl\u00e8s<br \/>\n<a href=\"mailto:biglesias.prof@insnarcisafreixas.cat\">biglesias.prof@insnarcisafreixas.cat<\/a><\/p>\n<p>Pilar&hellip;  <a href=\"https:\/\/agora.xtec.cat\/insnarcisafreixas\/linstitut\/qui-som\/equip\/\" title=\"Read Equip 25-26\">Llegeix m\u00e9s\u00bb<\/a><\/p>\n","protected":false},"author":1,"featured_media":0,"parent":689,"menu_order":0,"comment_status":"closed","ping_status":"closed","template":"page-templates\/side-menu.php","meta":{"_bbp_topic_count":0,"_bbp_reply_count":0,"_bbp_total_topic_count":0,"_bbp_total_reply_count":0,"_bbp_voice_count":0,"_bbp_anonymous_reply_count":0,"_bbp_topic_count_hidden":0,"_bbp_reply_count_hidden":0,"_bbp_forum_subforum_count":0,"footnotes":""},"class_list":["post-19856","page","type-page","status-publish","hentry"],"post_mailing_queue_ids":[],"_links":{"self":[{"href":"https:\/\/agora.xtec.cat\/insnarcisafreixas\/wp-json\/wp\/v2\/pages\/19856","targetHints":{"allow":["GET"]}}],"collection":[{"href":"https:\/\/agora.xtec.cat\/insnarcisafreixas\/wp-json\/wp\/v2\/pages"}],"about":[{"href":"https:\/\/agora.xtec.cat\/insnarcisafreixas\/wp-json\/wp\/v2\/types\/page"}],"author":[{"embeddable":true,"href":"https:\/\/agora.xtec.cat\/insnarcisafreixas\/wp-json\/wp\/v2\/users\/1"}],"replies":[{"embeddable":true,"href":"https:\/\/agora.xtec.cat\/insnarcisafreixas\/wp-json\/wp\/v2\/comments?post=19856"}],"version-history":[{"count":6,"href":"https:\/\/agora.xtec.cat\/insnarcisafreixas\/wp-json\/wp\/v2\/pages\/19856\/revisions"}],"predecessor-version":[{"id":21548,"href":"https:\/\/agora.xtec.cat\/insnarcisafreixas\/wp-json\/wp\/v2\/pages\/19856\/revisions\/21548"}],"up":[{"embeddable":true,"href":"https:\/\/agora.xtec.cat\/insnarcisafreixas\/wp-json\/wp\/v2\/pages\/689"}],"wp:attachment":[{"href":"https:\/\/agora.xtec.cat\/insnarcisafreixas\/wp-json\/wp\/v2\/media?parent=19856"}],"curies":[{"name":"wp","href":"https:\/\/api.w.org\/{rel}","templated":true}]}}