{"id":19043,"date":"2022-07-19T17:27:16","date_gmt":"2022-07-19T15:27:16","guid":{"rendered":"https:\/\/agora.xtec.cat\/insnarcisafreixas\/?page_id=19043"},"modified":"2022-09-07T13:12:44","modified_gmt":"2022-09-07T11:12:44","slug":"estrategia-digital-de-centre","status":"publish","type":"page","link":"https:\/\/agora.xtec.cat\/insnarcisafreixas\/documentacio-del-centre\/estrategia-digital-de-centre\/","title":{"rendered":"Estrat\u00e8gia digital de centre"},"content":{"rendered":"<p>L&#8217;<a href=\"https:\/\/sites.google.com\/d\/1YbAgfLY8jETdp6Ei2fd7BzDMRLXXhjGE\/p\/1DYwC6wxLgC0qlr1WgzafcGwmhYF83Hnu\/edit\">Estrat\u00e8gia Digital de Centre (EDC)<\/a> concreta les l\u00ednies d&#8217;actuaci\u00f3 que permeten a l&#8217;alumnat i al professorat assolir la compet\u00e8ncia digital. L&#8217;EDC engloba tots els \u00e0mbits del centre educatiu.<\/p>\n<p>L&#8217;Institut Narcisa Freixas \u00e9s un centre nascut el curs 19-20 en qu\u00e8 l&#8217;alumnat treballa amb chromebooks. El centre disposa d&#8217;un domini propi de <a href=\"https:\/\/edu.google.com\/intl\/ALL_es\/workspace-for-education\/editions\/overview\/\">Google Workspace for Education<\/a>: insnarcisafreixas.cat.<\/p>\n<div class=\"text-center\"><a class=\"button normal\" style=\"padding: 1em; font-weight: 400; margin: 0.1em; color: white !important; background-color: #b5196e;\" href=\"https:\/\/sites.google.com\/d\/1YbAgfLY8jETdp6Ei2fd7BzDMRLXXhjGE\/p\/1DYwC6wxLgC0qlr1WgzafcGwmhYF83Hnu\/edit\" target=\"_blank\" rel=\"noopener noreferrer\">\ud83d\udce1 Estrat\u00e8gia Digital de Centre<\/a><\/div>\n","protected":false},"excerpt":{"rendered":"<p>L&#8217;<a href=\"https:\/\/sites.google.com\/d\/1YbAgfLY8jETdp6Ei2fd7BzDMRLXXhjGE\/p\/1DYwC6wxLgC0qlr1WgzafcGwmhYF83Hnu\/edit\">Estrat\u00e8gia Digital de Centre (EDC)<\/a> concreta les l\u00ednies d&#8217;actuaci\u00f3 que permeten a l&#8217;alumnat i al professorat assolir la compet\u00e8ncia digital. L&#8217;EDC engloba tots els \u00e0mbits del centre educatiu.<br \/>\nL&#8217;Institut Narcisa Freixas \u00e9s un centre nascut el curs 19-20 en qu\u00e8 l&#8217;alumnat treballa amb chromebooks. El&hellip;  <a href=\"https:\/\/agora.xtec.cat\/insnarcisafreixas\/documentacio-del-centre\/estrategia-digital-de-centre\/\" title=\"Read Estrat\u00e8gia digital de centre\">Llegeix m\u00e9s\u00bb<\/a><\/p>\n","protected":false},"author":1,"featured_media":0,"parent":913,"menu_order":5,"comment_status":"closed","ping_status":"closed","template":"page-templates\/side-menu.php","meta":{"_bbp_topic_count":0,"_bbp_reply_count":0,"_bbp_total_topic_count":0,"_bbp_total_reply_count":0,"_bbp_voice_count":0,"_bbp_anonymous_reply_count":0,"_bbp_topic_count_hidden":0,"_bbp_reply_count_hidden":0,"_bbp_forum_subforum_count":0,"footnotes":""},"class_list":["post-19043","page","type-page","status-publish","hentry"],"post_mailing_queue_ids":[],"_links":{"self":[{"href":"https:\/\/agora.xtec.cat\/insnarcisafreixas\/wp-json\/wp\/v2\/pages\/19043","targetHints":{"allow":["GET"]}}],"collection":[{"href":"https:\/\/agora.xtec.cat\/insnarcisafreixas\/wp-json\/wp\/v2\/pages"}],"about":[{"href":"https:\/\/agora.xtec.cat\/insnarcisafreixas\/wp-json\/wp\/v2\/types\/page"}],"author":[{"embeddable":true,"href":"https:\/\/agora.xtec.cat\/insnarcisafreixas\/wp-json\/wp\/v2\/users\/1"}],"replies":[{"embeddable":true,"href":"https:\/\/agora.xtec.cat\/insnarcisafreixas\/wp-json\/wp\/v2\/comments?post=19043"}],"version-history":[{"count":4,"href":"https:\/\/agora.xtec.cat\/insnarcisafreixas\/wp-json\/wp\/v2\/pages\/19043\/revisions"}],"predecessor-version":[{"id":19121,"href":"https:\/\/agora.xtec.cat\/insnarcisafreixas\/wp-json\/wp\/v2\/pages\/19043\/revisions\/19121"}],"up":[{"embeddable":true,"href":"https:\/\/agora.xtec.cat\/insnarcisafreixas\/wp-json\/wp\/v2\/pages\/913"}],"wp:attachment":[{"href":"https:\/\/agora.xtec.cat\/insnarcisafreixas\/wp-json\/wp\/v2\/media?parent=19043"}],"curies":[{"name":"wp","href":"https:\/\/api.w.org\/{rel}","templated":true}]}}