{"id":801,"date":"2017-04-27T10:17:58","date_gmt":"2017-04-27T08:17:58","guid":{"rendered":"http:\/\/agora.xtec.cat\/insmontsia\/?page_id=801"},"modified":"2024-04-09T19:04:14","modified_gmt":"2024-04-09T17:04:14","slug":"fp-dual","status":"publish","type":"page","link":"https:\/\/agora.xtec.cat\/insmontsia\/projecte-educatiu\/fp-dual\/","title":{"rendered":"FP DUAL"},"content":{"rendered":"<p><strong>Qu\u00e8 \u00e9s l\u2019FP en alternan\u00e7a i dual?<\/strong><\/p>\n<p>\u00c9s la modalitat de formaci\u00f3 professional (FP) en la qual l\u2019estudiant esdev\u00e9 aprenent i combina la formaci\u00f3 en el centre educatiu amb l\u2019activitat productiva en l\u2019empresa.<\/p>\n<p><strong>Quins en s\u00f3n els objectius?<\/strong><\/p>\n<ul>\n<li>Adequar la formaci\u00f3 professional a les necessitats de les empreses.<\/li>\n<li>Establir una major vinculaci\u00f3 i coresponsabilitat entre els centres de \u2028formaci\u00f3 professional i les empreses, en el proc\u00e9s formatiu del jovent.<\/li>\n<li>Millorar el proc\u00e9s d\u2019aprenentatge dels estudiants de formaci\u00f3 professional.<\/li>\n<\/ul>\n<p><strong>Com es valora?<\/strong><\/p>\n<ul>\n<li>L\u2019aprenent esdev\u00e9 el relleu dels treballadors jubilats.<\/li>\n<li>\u00c9s una oportunitat de desenvolupament professional en un \u00e0mbit de treball real.<\/li>\n<li>Treballant a l\u2019empresa els estudiants entenen millor el que els professors expliquen a classe.<\/li>\n<li>Participar en l\u2019alternan\u00e7a \u00e9s el futur de les nostres empreses.<\/li>\n<li>L\u2019aprenent assumeix la cultura i els procediments de l\u2019empresa, a m\u00e9s de l\u2019ofici.<\/li>\n<li>Els centres enforteixen els lla\u00e7os amb les empreses de la zona.<\/li>\n<li>Treballar conjuntament \u2028amb l\u2019empresa ajuda a millorar la formaci\u00f3 dels estudiants.<\/li>\n<\/ul>\n<p><strong>Quins en s\u00f3n els beneficis?<\/strong><\/p>\n<ul>\n<li>Per a les empreses\n<ul>\n<li>Incorporar personal qualificat, format en la cultura i processos de l\u2019empresa.<\/li>\n<li>Crear una pedrera d\u2019aprenents. Facilitar el relleu generacional.<\/li>\n<li>Contribuir a la pol\u00edtica empresarial de responsabilitat social corporativa.<\/li>\n<\/ul>\n<\/li>\n<li>Per als estudiants\n<ul>\n<li>Millorar el curr\u00edculum professional.<\/li>\n<li>Desenvolupar les compet\u00e8ncies professionals en un entorn laboral real.<\/li>\n<li>Afavorir la incorporaci\u00f3 al m\u00f3n laboral com a aprenent qualificat.<\/li>\n<li>Recon\u00e8ixer el valor que aporta l\u2019estudiant per l\u2019activitat desenvolupada a l\u2019empresa.<\/li>\n<\/ul>\n<\/li>\n<li>Per als centres\n<ul>\n<li>Incrementar i millorar la relaci\u00f3 amb el teixit empresarial. Intercanviar i transferir coneixement amb les empreses. Accedir a tecnologia, recursos i instal\u00b7lacions empresarials.<\/li>\n<li>Esdevenir centre de refer\u00e8ncia dels sectors professionals del seu \u00e0mbit territorial.<\/li>\n<\/ul>\n<\/li>\n<\/ul>\n<p><strong>CICLES FORMATIUS IMPARTITS AMB LA MODALITAT DE FORMACI\u00d3 DUAL A L\u2019INSTITUT MONTSI\u00c0:<\/strong><\/p>\n<ul>\n<li>CFGS Guia, informaci\u00f3 i assist\u00e8ncia tur\u00edstiques<\/li>\n<li>CFGM Carroseria<\/li>\n<li>CFGM Atenci\u00f3 a persones amb situaci\u00f3 de depend\u00e9ncia<\/li>\n<li>CFGS Mecatr\u00f2nica industrial<\/li>\n<li>CFGS Administraci\u00f3 de sistemes inform\u00e0tics i xarxes<\/li>\n<li>CFGS Desenvolupament d\u2019aplicacions web<\/li>\n<li>CFGS Gesti\u00f3 de vendes i espais comercials<\/li>\n<li>CFGS\u00a0Administraci\u00f3 i finances<\/li>\n<\/ul>\n<p>ALGUNES EMPRESES COL.LABORADORES AMB LA FORMACI\u00d3 DUAL :<\/p>\n<ul>\n<li>CONSORCI MUSEU TERRES DE L\u2019EBRE<\/li>\n<li>LA TRISELLA SCCL<\/li>\n<li>AJUNTAMENT DE TORTOSA<\/li>\n<li>RESTAURANT L\u2019ESTANY<\/li>\n<li>LABORATORIOS MAVERICK<\/li>\n<li>CAPTIO<\/li>\n<li>AJUNTAMENT DE DELTEBRE<\/li>\n<li>AJUNTAMENT DE GODALL<\/li>\n<li>GRUPO MAESTRAT<\/li>\n<li>CONSELL COMARCAL DEL BAIX EBRE<\/li>\n<li>AJUNTAMENT DE LA S\u00c9NIA<\/li>\n<li>PLANXISTERIA I PINTURA ROGELIO SL<\/li>\n<li>AUTOPINTORS CODORNIU SL<\/li>\n<li>XAPA I PINTURA GERARD SL<\/li>\n<li>XAPISTERIA I PINTURA E. JARD\u00cd<\/li>\n<li>TALLER DE PINTURA JOSEP SERRET CB<\/li>\n<li>APASA<\/li>\n<li>AMIANTIT SPAIN SL<\/li>\n<li>REHAU<\/li>\n<li>IBERMAPEI<\/li>\n<li>REVERTER INDUSTRIES CORP SA<\/li>\n<li>DECATHLON<\/li>\n<\/ul>\n<p>M\u00e9s informaci\u00f3 a:<\/p>\n<ul>\n<li><a href=\"http:\/\/ensenyament.gencat.cat\/ca\/arees-actuacio\/empreses-fpdual\/\" target=\"_blank\" rel=\"noopener noreferrer\">http:\/\/ensenyament.gencat.cat\/ca\/arees-actuacio\/empreses-fpdual\/<\/a><\/li>\n<\/ul>\n<p>NOTES DE PREMSA I NOT\u00cdCIES RELACIONADES AMB L\u2019FP DUAL A L\u2019INSTITUT MONTSI\u00c0:<\/p>\n<ul>\n<li><a href=\"http:\/\/www.diaridetarragona.com\/ebre\/53139\/la-formacio-professional-dual-creix-un-60-a-les-terres-de-l%C2%B4ebre\" target=\"_blank\" rel=\"noopener noreferrer\">http:\/\/www.diaridetarragona.com\/ebre\/53139\/la-formacio-professional-dual-creix-un-60-a-les-terres-de-l%C2%B4ebre<\/a><\/li>\n<li><a href=\"http:\/\/premsa.gencat.cat\/pres_fsvp\/AppJava\/ensenyament\/notapremsavw\/286036\/ca\/rigau-promocio-lfp-dual-linici-consolidacio-model-volem-catalunya.do\" target=\"_blank\" rel=\"noopener noreferrer\">http:\/\/premsa.gencat.cat\/pres_fsvp\/AppJava\/ensenyament\/notapremsavw\/286036\/ca\/rigau-promocio-lfp-dual-linici-consolidacio-model-volem-catalunya.do<\/a><\/li>\n<li><a href=\"http:\/\/www.govern.cat\/pres_gov\/AppJava\/govern\/notespremsa\/289162\/ensenyament-decathlon-signen-conveni-promoure-lfp-dual-17-instituts-catalans.html\" target=\"_blank\" rel=\"noopener noreferrer\">http:\/\/www.govern.cat\/pres_gov\/AppJava\/govern\/notespremsa\/289162\/ensenyament-decathlon-signen-conveni-promoure-lfp-dual-17-instituts-catalans.html<\/a><\/li>\n<li><a href=\"http:\/\/www.ebredigital.cat\/media\/tv\/videonoticia\/1061_nou-alumnes-les-terres-lebre-primers-graduats-lfp-dual.php\" target=\"_blank\" rel=\"noopener noreferrer\">http:\/\/www.ebredigital.cat\/media\/tv\/videonoticia\/1061_nou-alumnes-les-terres-lebre-primers-graduats-lfp-dual.php<\/a><\/li>\n<\/ul>\n<p>&nbsp;<\/p>\n","protected":false},"excerpt":{"rendered":"<p>Qu\u00e8 \u00e9s l\u2019FP en alternan\u00e7a i dual?<br \/>\n\u00c9s la modalitat de formaci\u00f3 professional (FP) en la qual l\u2019estudiant esdev\u00e9 aprenent i combina la formaci\u00f3 en el centre educatiu amb l\u2019activitat productiva en l\u2019empresa.<br \/>\nQuins en s\u00f3n els objectius?<\/p>\n<ul>\n<li>Adequar la formaci\u00f3 professional a les necessitats de les empreses.<\/li>\n<li>Establir&hellip;  <a href=\"https:\/\/agora.xtec.cat\/insmontsia\/projecte-educatiu\/fp-dual\/\" title=\"Read FP DUAL\">Llegeix m\u00e9s\u00bb<\/a><br \/>\n","protected":false},"author":1,"featured_media":0,"parent":57,"menu_order":0,"comment_status":"closed","ping_status":"closed","template":"","meta":{"_bbp_topic_count":0,"_bbp_reply_count":0,"_bbp_total_topic_count":0,"_bbp_total_reply_count":0,"_bbp_voice_count":0,"_bbp_anonymous_reply_count":0,"_bbp_topic_count_hidden":0,"_bbp_reply_count_hidden":0,"_bbp_forum_subforum_count":0,"footnotes":""},"class_list":["post-801","page","type-page","status-publish","hentry"],"post_mailing_queue_ids":[],"_links":{"self":[{"href":"https:\/\/agora.xtec.cat\/insmontsia\/wp-json\/wp\/v2\/pages\/801","targetHints":{"allow":["GET"]}}],"collection":[{"href":"https:\/\/agora.xtec.cat\/insmontsia\/wp-json\/wp\/v2\/pages"}],"about":[{"href":"https:\/\/agora.xtec.cat\/insmontsia\/wp-json\/wp\/v2\/types\/page"}],"author":[{"embeddable":true,"href":"https:\/\/agora.xtec.cat\/insmontsia\/wp-json\/wp\/v2\/users\/1"}],"replies":[{"embeddable":true,"href":"https:\/\/agora.xtec.cat\/insmontsia\/wp-json\/wp\/v2\/comments?post=801"}],"version-history":[{"count":3,"href":"https:\/\/agora.xtec.cat\/insmontsia\/wp-json\/wp\/v2\/pages\/801\/revisions"}],"predecessor-version":[{"id":3905,"href":"https:\/\/agora.xtec.cat\/insmontsia\/wp-json\/wp\/v2\/pages\/801\/revisions\/3905"}],"up":[{"embeddable":true,"href":"https:\/\/agora.xtec.cat\/insmontsia\/wp-json\/wp\/v2\/pages\/57"}],"wp:attachment":[{"href":"https:\/\/agora.xtec.cat\/insmontsia\/wp-json\/wp\/v2\/media?parent=801"}],"curies":[{"name":"wp","href":"https:\/\/api.w.org\/{rel}","templated":true}]}}