{"id":798,"date":"2017-04-27T09:49:06","date_gmt":"2017-04-27T07:49:06","guid":{"rendered":"http:\/\/agora.xtec.cat\/insmontsia\/?page_id=798"},"modified":"2025-04-23T21:35:08","modified_gmt":"2025-04-23T19:35:08","slug":"escola-verda","status":"publish","type":"page","link":"https:\/\/agora.xtec.cat\/insmontsia\/projecte-educatiu\/escola-verda\/","title":{"rendered":"ESCOLA VERDA"},"content":{"rendered":"<p>A l\u2019Institut Montsi\u00e0, conscients de la import\u00e0ncia que una bona gesti\u00f3 mediambiental t\u00e9 per al desenvolupament sostenible de la nostra societat, hem decidit establir una pol\u00edtica medi ambiental, amb l\u2019objectiu de minimitzar l\u2019impacte de la nostra activitat damunt el medi.<\/p>\n<p>Per mostrar aquest comprom\u00eds amb la societat s\u2019adopten les seg\u00fcents directrius d\u2019actuaci\u00f3:<\/p>\n<ol>\n<li>Complir amb la legislaci\u00f3 i reglamentaci\u00f3 vigent aplicable, aix\u00ed com amb qualsevol\u00a0comprom\u00eds mediambiental que l\u2019Institut Montsi\u00e0 pugui subscriure.<\/li>\n<li>Promoure l\u2019efic\u00e0cia energ\u00e8tica.<\/li>\n<li>Treballar amb prove\u00efdors i contractistes, que apliquin normes mediambientals coherents\u00a0amb la nostra pol\u00edtica.<\/li>\n<li>Utilitzar criteris mediambientals en els processos de planificaci\u00f3 i presa de decisions.<\/li>\n<li>Aplicar en els processos i activitats del centre, la regla de les tres erres: Reduir, Reutilitzar\u00a0i Reciclar.<\/li>\n<li>Informar i promoure l\u2019autoreflexi\u00f3 al personal docent, personal no docent, fam\u00edlies i alumnes dels efectes que poden tenir les nostres accions en el medi ambient.<\/li>\n<\/ol>\n<p>Aquestes directrius es despleguen a trav\u00e9s de les seg\u00fcents actuacions:<\/p>\n<ul>\n<li>a) Creaci\u00f3 d\u2019un equip de millora de Medi Ambient. (IES Verd).<\/li>\n<li>b) Plantejament d\u2019uns objectius espec\u00edfics per a cada curs i organitzaci\u00f3 d\u2019activitats per assolir-los.<\/li>\n<\/ul>\n<p>Alguns de les actuacions i projectes que hem dut a terme al llarg d\u2019aquests cursos s\u00f3n:<\/p>\n<ul>\n<li><strong>SUBSTITUCI\u00d3 DE LA IL\u00b7LUMINACI\u00d3 TRADICIONAL PER BOMBETES LED<\/strong><\/li>\n<li><strong>PLANTADA D\u2019ARBRES AL PATI DE L\u2019INSTITUT<\/strong>.<\/li>\n<li><strong>RECICLATGE DE MATERIAL INFORM\u00c0TIC<\/strong>.<\/li>\n<\/ul>\n<p>&nbsp;<\/p>\n<p>Enlla\u00e7:\u00a0<a href=\"https:\/\/mediambient.gencat.cat\/ca\/05_ambits_dactuacio\/persones-i-natura\/centres-educatius\/xarxa-escoles-verdes\/\" target=\"_blank\" rel=\"noopener\" data-saferedirecturl=\"https:\/\/www.google.com\/url?q=https:\/\/mediambient.gencat.cat\/ca\/05_ambits_dactuacio\/persones-i-natura\/centres-educatius\/xarxa-escoles-verdes\/&amp;source=gmail&amp;ust=1745522746773000&amp;usg=AOvVaw1qNHAbn6w3LOcPDjeJ7w40\">Xarxa d&#8217;Escoles Verdes. Medi Ambient i Sostenibilitat<\/a><\/p>\n","protected":false},"excerpt":{"rendered":"<p>A l\u2019Institut Montsi\u00e0, conscients de la import\u00e0ncia que una bona gesti\u00f3 mediambiental t\u00e9 per al desenvolupament sostenible de la nostra societat, hem decidit establir una pol\u00edtica medi ambiental, amb l\u2019objectiu de minimitzar l\u2019impacte de la nostra activitat damunt el medi.<br \/>\nPer mostrar aquest comprom\u00eds amb la&hellip;  <a href=\"https:\/\/agora.xtec.cat\/insmontsia\/projecte-educatiu\/escola-verda\/\" title=\"Read ESCOLA VERDA\">Llegeix m\u00e9s\u00bb<\/a><\/p>\n","protected":false},"author":1,"featured_media":0,"parent":57,"menu_order":0,"comment_status":"closed","ping_status":"closed","template":"","meta":{"_bbp_topic_count":0,"_bbp_reply_count":0,"_bbp_total_topic_count":0,"_bbp_total_reply_count":0,"_bbp_voice_count":0,"_bbp_anonymous_reply_count":0,"_bbp_topic_count_hidden":0,"_bbp_reply_count_hidden":0,"_bbp_forum_subforum_count":0,"footnotes":""},"class_list":["post-798","page","type-page","status-publish","hentry"],"post_mailing_queue_ids":[],"_links":{"self":[{"href":"https:\/\/agora.xtec.cat\/insmontsia\/wp-json\/wp\/v2\/pages\/798","targetHints":{"allow":["GET"]}}],"collection":[{"href":"https:\/\/agora.xtec.cat\/insmontsia\/wp-json\/wp\/v2\/pages"}],"about":[{"href":"https:\/\/agora.xtec.cat\/insmontsia\/wp-json\/wp\/v2\/types\/page"}],"author":[{"embeddable":true,"href":"https:\/\/agora.xtec.cat\/insmontsia\/wp-json\/wp\/v2\/users\/1"}],"replies":[{"embeddable":true,"href":"https:\/\/agora.xtec.cat\/insmontsia\/wp-json\/wp\/v2\/comments?post=798"}],"version-history":[{"count":2,"href":"https:\/\/agora.xtec.cat\/insmontsia\/wp-json\/wp\/v2\/pages\/798\/revisions"}],"predecessor-version":[{"id":15350,"href":"https:\/\/agora.xtec.cat\/insmontsia\/wp-json\/wp\/v2\/pages\/798\/revisions\/15350"}],"up":[{"embeddable":true,"href":"https:\/\/agora.xtec.cat\/insmontsia\/wp-json\/wp\/v2\/pages\/57"}],"wp:attachment":[{"href":"https:\/\/agora.xtec.cat\/insmontsia\/wp-json\/wp\/v2\/media?parent=798"}],"curies":[{"name":"wp","href":"https:\/\/api.w.org\/{rel}","templated":true}]}}