{"id":6413,"date":"2021-01-28T10:36:51","date_gmt":"2021-01-28T09:36:51","guid":{"rendered":"https:\/\/agora.xtec.cat\/insmontsia\/?page_id=6413"},"modified":"2023-05-24T20:04:07","modified_gmt":"2023-05-24T18:04:07","slug":"proteccio-de-dades","status":"publish","type":"page","link":"https:\/\/agora.xtec.cat\/insmontsia\/linstitut\/proteccio-de-dades\/","title":{"rendered":"Protecci\u00f3 de dades"},"content":{"rendered":"<p class=\"western\" align=\"left\"><span style=\"font-size: large;\"><b>Nota informativa sobre el tractament de dades per part del centre<\/b><\/span><\/p>\n<p class=\"western\" align=\"justify\">L\u2019Institut Montsi\u00e0 tractar\u00e0 la informaci\u00f3 facilitada amb la finalitat dur a terme l\u2019administraci\u00f3 del centre i oferir el servei educatiu. Les dades proporcionades es conservaran mentre es mantingui la relaci\u00f3 o durant el temps necessari per complir amb les obligacions legals i atendre les possibles responsabilitats que es puguin derivar de l&#8217;acompliment de la finalitat per a la qual es recullen les dades, relacionada amb l\u2019administraci\u00f3 del centre i amb la gesti\u00f3 educativa i orientadora.<\/p>\n<p class=\"western\" align=\"justify\">Les dades no es cediran a tercers excepte en els casos en qu\u00e8 hi hagi una obligaci\u00f3 legal. Vost\u00e8s tenen dret a obtenir informaci\u00f3 sobre el tractament de les seves dades personals per part de l\u2019Institut Montsi\u00e0, per la qual cosa poden exercir els seus drets d&#8217;acc\u00e9s, rectificaci\u00f3, supressi\u00f3 i portabilitat de dades, oposici\u00f3 i limitaci\u00f3 al seu tractament davant l\u2019Institut Montsi\u00e0, C\/ Madrid, 35-49, 43870 Amposta, o a l&#8217;adre\u00e7a de correu electr\u00f2nic info@iesmontsia.org, adjuntant c\u00f2pia del seu DNI o document equivalent. A tal efecte, la responsabilitat del tractament \u00e9s de la Direcci\u00f3 del centre.<\/p>\n<p class=\"western\" align=\"justify\">Us informem tamb\u00e9 que les dades que ens proporcioneu seran tractades pel Departament d\u2019Educaci\u00f3, amb domicili a Via Augusta, 202-226, DP 08021 Barcelona, per la qual cosa es pot consultar la informaci\u00f3 addicional i detallada sobre protecci\u00f3 de dades que figura a la web:<\/p>\n<p class=\"western\" align=\"center\"><a href=\"http:\/\/educacio.gencat.cat\/ca\/Detall\/alumnes-centres-departament\">http:\/\/educacio.gencat.cat\/ca\/Detall\/alumnes-centres-departament<\/a><\/p>\n<p class=\"western\" align=\"justify\">Aix\u00ed mateix, i especialment si consideren que no han obtingut satisfacci\u00f3 plena en l&#8217;exercici dels seus drets, podran presentar una reclamaci\u00f3 davant l&#8217;autoritat nacional de control dirigint-se a aquests efectes a l&#8217;<a href=\"https:\/\/www.aepd.es\/es\" target=\"_self\" rel=\"noopener noreferrer\">Ag\u00e8ncia Espanyola de Protecci\u00f3 de Dades<\/a>, C\/ Jorge Juan, 6, 28001 Madrid.<\/p>\n<p class=\"western\" align=\"justify\">Els facilitem tamb\u00e9 un enlla\u00e7 a la <a href=\"https:\/\/www.tudecideseninternet.es\/aepd\/images\/guias\/GuiaCentros\/GuiaCentrosEducativos.pdf\" target=\"_self\" rel=\"noopener noreferrer\">Guia de la AEPD per a Centres Educatius<\/a>, aix\u00ed com aquest enlla\u00e7 a la secci\u00f3 <a href=\"https:\/\/www.tudecideseninternet.es\/aepd\/videos\/tu-controlas-en-internet.html\" target=\"_self\" rel=\"noopener noreferrer\">Tu controles a Internet<\/a>.<\/p>\n","protected":false},"excerpt":{"rendered":"<p>Nota informativa sobre el tractament de dades per part del centre<br \/>\nL\u2019Institut Montsi\u00e0 tractar\u00e0 la informaci\u00f3 facilitada amb la finalitat dur a terme l\u2019administraci\u00f3 del centre i oferir el servei educatiu. Les dades proporcionades es conservaran mentre es mantingui la relaci\u00f3 o durant el temps necessari&hellip;  <a href=\"https:\/\/agora.xtec.cat\/insmontsia\/linstitut\/proteccio-de-dades\/\" title=\"Read Protecci\u00f3 de dades\">Llegeix m\u00e9s\u00bb<\/a><\/p>\n","protected":false},"author":25,"featured_media":0,"parent":19,"menu_order":100,"comment_status":"closed","ping_status":"closed","template":"","meta":{"_bbp_topic_count":0,"_bbp_reply_count":0,"_bbp_total_topic_count":0,"_bbp_total_reply_count":0,"_bbp_voice_count":0,"_bbp_anonymous_reply_count":0,"_bbp_topic_count_hidden":0,"_bbp_reply_count_hidden":0,"_bbp_forum_subforum_count":0,"footnotes":""},"class_list":["post-6413","page","type-page","status-publish","hentry"],"post_mailing_queue_ids":[],"_links":{"self":[{"href":"https:\/\/agora.xtec.cat\/insmontsia\/wp-json\/wp\/v2\/pages\/6413","targetHints":{"allow":["GET"]}}],"collection":[{"href":"https:\/\/agora.xtec.cat\/insmontsia\/wp-json\/wp\/v2\/pages"}],"about":[{"href":"https:\/\/agora.xtec.cat\/insmontsia\/wp-json\/wp\/v2\/types\/page"}],"author":[{"embeddable":true,"href":"https:\/\/agora.xtec.cat\/insmontsia\/wp-json\/wp\/v2\/users\/25"}],"replies":[{"embeddable":true,"href":"https:\/\/agora.xtec.cat\/insmontsia\/wp-json\/wp\/v2\/comments?post=6413"}],"version-history":[{"count":1,"href":"https:\/\/agora.xtec.cat\/insmontsia\/wp-json\/wp\/v2\/pages\/6413\/revisions"}],"predecessor-version":[{"id":6414,"href":"https:\/\/agora.xtec.cat\/insmontsia\/wp-json\/wp\/v2\/pages\/6413\/revisions\/6414"}],"up":[{"embeddable":true,"href":"https:\/\/agora.xtec.cat\/insmontsia\/wp-json\/wp\/v2\/pages\/19"}],"wp:attachment":[{"href":"https:\/\/agora.xtec.cat\/insmontsia\/wp-json\/wp\/v2\/media?parent=6413"}],"curies":[{"name":"wp","href":"https:\/\/api.w.org\/{rel}","templated":true}]}}