{"id":582,"date":"2017-03-22T12:41:50","date_gmt":"2017-03-22T11:41:50","guid":{"rendered":"http:\/\/agora.xtec.cat\/insmontsia\/?page_id=582"},"modified":"2017-03-24T10:42:44","modified_gmt":"2017-03-24T09:42:44","slug":"desenvolupament-daplicacions-web","status":"publish","type":"page","link":"https:\/\/agora.xtec.cat\/insmontsia\/estudis\/cfgs\/desenvolupament-daplicacions-web\/","title":{"rendered":"Desenvolupament d\u2019Aplicacions Web"},"content":{"rendered":"<p>En aquest cicle formatiu podr\u00e0s cursar els seg\u00fcents m\u00f2duls:<\/p>\n<ul>\n<li>Sistemes inform\u00e0tics.<\/li>\n<li>Bases de dades.<\/li>\n<li>Programaci\u00f3.<\/li>\n<li>Llenguatges de marques i sistemes de gesti\u00f3 d\u2019informaci\u00f3.<\/li>\n<li>Entorns de desenvolupament.<\/li>\n<li>Desenvolupament web en entorn client.<\/li>\n<li>Desenvolupament web en entorn servidor.<\/li>\n<li>Desplegament d\u2019aplicacions web.<\/li>\n<li>Disseny d\u2019interf\u00edcies web.<\/li>\n<li>Formaci\u00f3 i orientaci\u00f3 laboral.<\/li>\n<li>Empresa i iniciativa emprenedora.<\/li>\n<li>Projecte de desenvolupament d\u2019aplicacions web.<\/li>\n<li>Formaci\u00f3 en centres de treball.<\/li>\n<\/ul>\n<p>Pots consultar tota la informaci\u00f3 sobre aquest cicle en la p\u00e0gina web d\u2019ensenyament en el seg\u00fcent <a href=\"http:\/\/queestudiar.gencat.cat\/ca\/estudis\/fp\/cicles\/gs\/informatica-comunicacions\/?p_id=770&amp;estudi\" target=\"_blank\">enlla\u00e7<\/a>.<\/p>\n","protected":false},"excerpt":{"rendered":"<p>En aquest cicle formatiu podr\u00e0s cursar els seg\u00fcents m\u00f2duls: Sistemes inform\u00e0tics. Bases de dades. Programaci\u00f3. Llenguatges de marques i sistemes de gesti\u00f3 d\u2019informaci\u00f3. Entorns de desenvolupament. Desenvolupament web en entorn client. Desenvolupament web en entorn servidor. Desplegament d\u2019aplicacions web. Disseny d\u2019interf\u00edcies web. Formaci\u00f3 i orientaci\u00f3 laboral. Empresa i iniciativa emprenedora. Projecte de desenvolupament d\u2019aplicacions web. [&hellip;]<\/p>\n","protected":false},"author":1,"featured_media":0,"parent":464,"menu_order":0,"comment_status":"closed","ping_status":"closed","template":"","meta":{"_bbp_topic_count":0,"_bbp_reply_count":0,"_bbp_total_topic_count":0,"_bbp_total_reply_count":0,"_bbp_voice_count":0,"_bbp_anonymous_reply_count":0,"_bbp_topic_count_hidden":0,"_bbp_reply_count_hidden":0,"_bbp_forum_subforum_count":0,"site-sidebar-layout":"default","site-content-layout":"","ast-site-content-layout":"","site-content-style":"default","site-sidebar-style":"default","ast-global-header-display":"","ast-banner-title-visibility":"","ast-main-header-display":"","ast-hfb-above-header-display":"","ast-hfb-below-header-display":"","ast-hfb-mobile-header-display":"","site-post-title":"","ast-breadcrumbs-content":"","ast-featured-img":"","footer-sml-layout":"","theme-transparent-header-meta":"","adv-header-id-meta":"","stick-header-meta":"","header-above-stick-meta":"","header-main-stick-meta":"","header-below-stick-meta":"","astra-migrate-meta-layouts":"default","ast-page-background-enabled":"default","ast-page-background-meta":{"desktop":{"background-color":"var(--ast-global-color-4)","background-image":"","background-repeat":"repeat","background-position":"center center","background-size":"auto","background-attachment":"scroll","background-type":"","background-media":"","overlay-type":"","overlay-color":"","overlay-opacity":"","overlay-gradient":""},"tablet":{"background-color":"","background-image":"","background-repeat":"repeat","background-position":"center center","background-size":"auto","background-attachment":"scroll","background-type":"","background-media":"","overlay-type":"","overlay-color":"","overlay-opacity":"","overlay-gradient":""},"mobile":{"background-color":"","background-image":"","background-repeat":"repeat","background-position":"center center","background-size":"auto","background-attachment":"scroll","background-type":"","background-media":"","overlay-type":"","overlay-color":"","overlay-opacity":"","overlay-gradient":""}},"ast-content-background-meta":{"desktop":{"background-color":"var(--ast-global-color-5)","background-image":"","background-repeat":"repeat","background-position":"center center","background-size":"auto","background-attachment":"scroll","background-type":"","background-media":"","overlay-type":"","overlay-color":"","overlay-opacity":"","overlay-gradient":""},"tablet":{"background-color":"var(--ast-global-color-5)","background-image":"","background-repeat":"repeat","background-position":"center center","background-size":"auto","background-attachment":"scroll","background-type":"","background-media":"","overlay-type":"","overlay-color":"","overlay-opacity":"","overlay-gradient":""},"mobile":{"background-color":"var(--ast-global-color-5)","background-image":"","background-repeat":"repeat","background-position":"center center","background-size":"auto","background-attachment":"scroll","background-type":"","background-media":"","overlay-type":"","overlay-color":"","overlay-opacity":"","overlay-gradient":""}},"footnotes":""},"class_list":["post-582","page","type-page","status-publish","hentry"],"post_mailing_queue_ids":[],"_links":{"self":[{"href":"https:\/\/agora.xtec.cat\/insmontsia\/wp-json\/wp\/v2\/pages\/582","targetHints":{"allow":["GET"]}}],"collection":[{"href":"https:\/\/agora.xtec.cat\/insmontsia\/wp-json\/wp\/v2\/pages"}],"about":[{"href":"https:\/\/agora.xtec.cat\/insmontsia\/wp-json\/wp\/v2\/types\/page"}],"author":[{"embeddable":true,"href":"https:\/\/agora.xtec.cat\/insmontsia\/wp-json\/wp\/v2\/users\/1"}],"replies":[{"embeddable":true,"href":"https:\/\/agora.xtec.cat\/insmontsia\/wp-json\/wp\/v2\/comments?post=582"}],"version-history":[{"count":2,"href":"https:\/\/agora.xtec.cat\/insmontsia\/wp-json\/wp\/v2\/pages\/582\/revisions"}],"predecessor-version":[{"id":636,"href":"https:\/\/agora.xtec.cat\/insmontsia\/wp-json\/wp\/v2\/pages\/582\/revisions\/636"}],"up":[{"embeddable":true,"href":"https:\/\/agora.xtec.cat\/insmontsia\/wp-json\/wp\/v2\/pages\/464"}],"wp:attachment":[{"href":"https:\/\/agora.xtec.cat\/insmontsia\/wp-json\/wp\/v2\/media?parent=582"}],"curies":[{"name":"wp","href":"https:\/\/api.w.org\/{rel}","templated":true}]}}