{"id":564,"date":"2017-03-22T12:32:41","date_gmt":"2017-03-22T11:32:41","guid":{"rendered":"http:\/\/agora.xtec.cat\/insmontsia\/?page_id=564"},"modified":"2017-03-24T10:39:17","modified_gmt":"2017-03-24T09:39:17","slug":"carrosseria","status":"publish","type":"page","link":"https:\/\/agora.xtec.cat\/insmontsia\/estudis\/cfgm\/carrosseria\/","title":{"rendered":"Carrosseria"},"content":{"rendered":"<p>En aquest cicle formatiu podr\u00e0s cursar els seg\u00fcents m\u00f2duls:<\/p>\n<ul>\n<li>Elements amovibles.<\/li>\n<li>Elements met\u00e0l\u00b7lics i sint\u00e8tics.<\/li>\n<li>Elements fixos.<\/li>\n<li>Igualaci\u00f3 i preparaci\u00f3 de superf\u00edcies.<\/li>\n<li>Elements estructurals del vehicle.<\/li>\n<li>Personalitzaci\u00f3 i decoraci\u00f3 de vehicles.<\/li>\n<li>Mecanitzat b\u00e0sic.<\/li>\n<li>Formaci\u00f3 i orientaci\u00f3 laboral.<\/li>\n<li>Empresa i iniciativa emprenedora.<\/li>\n<li>Angl\u00e8s t\u00e8cnic.<\/li>\n<li>S\u00edntesi.<\/li>\n<li>Formaci\u00f3 en centres de treball.<\/li>\n<\/ul>\n<p>Pots consultar tota la informaci\u00f3 sobre aquest cicle en la p\u00e0gina web d\u2019ensenyament en el seg\u00fcent <a href=\"http:\/\/queestudiar.gencat.cat\/ca\/estudis\/fp\/cicles\/gm\/transport-manten-vehicles\/?p_id=67&amp;estudi\" target=\"_blank\">enlla\u00e7<\/a>.<\/p>\n","protected":false},"excerpt":{"rendered":"<p>En aquest cicle formatiu podr\u00e0s cursar els seg\u00fcents m\u00f2duls:<\/p>\n<ul>\n<li>Elements amovibles.<\/li>\n<li>Elements met\u00e0l\u00b7lics i sint\u00e8tics.<\/li>\n<li>Elements fixos.<\/li>\n<li>Igualaci\u00f3 i preparaci\u00f3 de superf\u00edcies.<\/li>\n<li>Elements estructurals del vehicle.<\/li>\n<li>Personalitzaci\u00f3 i decoraci\u00f3 de vehicles.<\/li>\n<li>Mecanitzat b\u00e0sic.<\/li>\n<li>Formaci\u00f3 i orientaci\u00f3 laboral.<\/li>\n<li>Empresa i iniciativa emprenedora.<\/li>\n<li>Angl\u00e8s t\u00e8cnic.<\/li>\n<li>S\u00edntesi.<\/li>\n<li>Formaci\u00f3 en centres de treball.<\/li>\n<\/ul>\n<p>Pots consultar tota la informaci\u00f3 sobre aquest cicle en&hellip;  <a href=\"https:\/\/agora.xtec.cat\/insmontsia\/estudis\/cfgm\/carrosseria\/\" title=\"Read Carrosseria\">Llegeix m\u00e9s\u00bb<\/a><\/p>\n","protected":false},"author":1,"featured_media":0,"parent":550,"menu_order":0,"comment_status":"closed","ping_status":"closed","template":"","meta":{"_bbp_topic_count":0,"_bbp_reply_count":0,"_bbp_total_topic_count":0,"_bbp_total_reply_count":0,"_bbp_voice_count":0,"_bbp_anonymous_reply_count":0,"_bbp_topic_count_hidden":0,"_bbp_reply_count_hidden":0,"_bbp_forum_subforum_count":0,"footnotes":""},"class_list":["post-564","page","type-page","status-publish","hentry"],"post_mailing_queue_ids":[],"_links":{"self":[{"href":"https:\/\/agora.xtec.cat\/insmontsia\/wp-json\/wp\/v2\/pages\/564","targetHints":{"allow":["GET"]}}],"collection":[{"href":"https:\/\/agora.xtec.cat\/insmontsia\/wp-json\/wp\/v2\/pages"}],"about":[{"href":"https:\/\/agora.xtec.cat\/insmontsia\/wp-json\/wp\/v2\/types\/page"}],"author":[{"embeddable":true,"href":"https:\/\/agora.xtec.cat\/insmontsia\/wp-json\/wp\/v2\/users\/1"}],"replies":[{"embeddable":true,"href":"https:\/\/agora.xtec.cat\/insmontsia\/wp-json\/wp\/v2\/comments?post=564"}],"version-history":[{"count":2,"href":"https:\/\/agora.xtec.cat\/insmontsia\/wp-json\/wp\/v2\/pages\/564\/revisions"}],"predecessor-version":[{"id":631,"href":"https:\/\/agora.xtec.cat\/insmontsia\/wp-json\/wp\/v2\/pages\/564\/revisions\/631"}],"up":[{"embeddable":true,"href":"https:\/\/agora.xtec.cat\/insmontsia\/wp-json\/wp\/v2\/pages\/550"}],"wp:attachment":[{"href":"https:\/\/agora.xtec.cat\/insmontsia\/wp-json\/wp\/v2\/media?parent=564"}],"curies":[{"name":"wp","href":"https:\/\/api.w.org\/{rel}","templated":true}]}}