{"id":558,"date":"2017-03-22T12:30:53","date_gmt":"2017-03-22T11:30:53","guid":{"rendered":"http:\/\/agora.xtec.cat\/insmontsia\/?page_id=558"},"modified":"2017-03-24T10:37:33","modified_gmt":"2017-03-24T09:37:33","slug":"atencio-a-persones-en-situacio-de-dependencia","status":"publish","type":"page","link":"https:\/\/agora.xtec.cat\/insmontsia\/estudis\/cfgm\/atencio-a-persones-en-situacio-de-dependencia\/","title":{"rendered":"Atenci\u00f3 a Persones en Situaci\u00f3 de Depend\u00e8ncia"},"content":{"rendered":"<p>En aquest cicle formatiu podr\u00e0s cursar els seg\u00fcents m\u00f2duls:<\/p>\n<ul>\n<li>Organitzaci\u00f3 de l\u2019atenci\u00f3 a les persones en situaci\u00f3 de depend\u00e8ncia.<\/li>\n<li>Destreses socials.<\/li>\n<li>Caracter\u00edstiques i necessitats de les persones en situaci\u00f3 de depend\u00e8ncia.<\/li>\n<li>Atenci\u00f3 i suport psicosocial.<\/li>\n<li>Suport a la comunicaci\u00f3.<\/li>\n<li>Suport domiciliari.<\/li>\n<li>Atenci\u00f3 sanit\u00e0ria.<\/li>\n<li>Atenci\u00f3 higi\u00e8nica.<\/li>\n<li>Teleassist\u00e8ncia.<\/li>\n<li>Primers auxilis.<\/li>\n<li>Formaci\u00f3 i orientaci\u00f3 laboral.<\/li>\n<li>Empresa i iniciativa emprenedora.<\/li>\n<li>Angl\u00e8s t\u00e8cnic.<\/li>\n<li>S\u00edntesi.<\/li>\n<li>Formaci\u00f3 en centres de treball.<\/li>\n<\/ul>\n<p>Pots consultar tota la informaci\u00f3 sobre aquest cicle en la p\u00e0gina web d\u2019ensenyament en el seg\u00fcent\u00a0<a href=\"http:\/\/queestudiar.gencat.cat\/ca\/estudis\/fp\/cicles\/gm\/serv-socioculturals-comunitat\/?p_id=1570&amp;estudi\" target=\"_blank\">enlla\u00e7<\/a>.<\/p>\n","protected":false},"excerpt":{"rendered":"<p>En aquest cicle formatiu podr\u00e0s cursar els seg\u00fcents m\u00f2duls:<\/p>\n<ul>\n<li>Organitzaci\u00f3 de l\u2019atenci\u00f3 a les persones en situaci\u00f3 de depend\u00e8ncia.<\/li>\n<li>Destreses socials.<\/li>\n<li>Caracter\u00edstiques i necessitats de les persones en situaci\u00f3 de depend\u00e8ncia.<\/li>\n<li>Atenci\u00f3 i suport psicosocial.<\/li>\n<li>Suport a la comunicaci\u00f3.<\/li>\n<li>Suport domiciliari.<\/li>\n<li>Atenci\u00f3 sanit\u00e0ria.<\/li>\n<li>Atenci\u00f3 higi\u00e8nica.<\/li>\n<li>Teleassist\u00e8ncia.<\/li>\n<li>Primers auxilis.<\/li>\n<li>Formaci\u00f3 i orientaci\u00f3 laboral.<\/li>\n<li>Empresa i iniciativa emprenedora.<\/li>\n<li>Angl\u00e8s t\u00e8cnic.<\/li>\n<li>S\u00edntesi.<\/li>\n<li>Formaci\u00f3&hellip;  <a href=\"https:\/\/agora.xtec.cat\/insmontsia\/estudis\/cfgm\/atencio-a-persones-en-situacio-de-dependencia\/\" title=\"Read Atenci\u00f3 a Persones en Situaci\u00f3 de Depend\u00e8ncia\">Llegeix m\u00e9s\u00bb<\/a><br \/>\n","protected":false},"author":1,"featured_media":0,"parent":550,"menu_order":0,"comment_status":"closed","ping_status":"closed","template":"","meta":{"_bbp_topic_count":0,"_bbp_reply_count":0,"_bbp_total_topic_count":0,"_bbp_total_reply_count":0,"_bbp_voice_count":0,"_bbp_anonymous_reply_count":0,"_bbp_topic_count_hidden":0,"_bbp_reply_count_hidden":0,"_bbp_forum_subforum_count":0,"footnotes":""},"class_list":["post-558","page","type-page","status-publish","hentry"],"post_mailing_queue_ids":[],"_links":{"self":[{"href":"https:\/\/agora.xtec.cat\/insmontsia\/wp-json\/wp\/v2\/pages\/558","targetHints":{"allow":["GET"]}}],"collection":[{"href":"https:\/\/agora.xtec.cat\/insmontsia\/wp-json\/wp\/v2\/pages"}],"about":[{"href":"https:\/\/agora.xtec.cat\/insmontsia\/wp-json\/wp\/v2\/types\/page"}],"author":[{"embeddable":true,"href":"https:\/\/agora.xtec.cat\/insmontsia\/wp-json\/wp\/v2\/users\/1"}],"replies":[{"embeddable":true,"href":"https:\/\/agora.xtec.cat\/insmontsia\/wp-json\/wp\/v2\/comments?post=558"}],"version-history":[{"count":2,"href":"https:\/\/agora.xtec.cat\/insmontsia\/wp-json\/wp\/v2\/pages\/558\/revisions"}],"predecessor-version":[{"id":628,"href":"https:\/\/agora.xtec.cat\/insmontsia\/wp-json\/wp\/v2\/pages\/558\/revisions\/628"}],"up":[{"embeddable":true,"href":"https:\/\/agora.xtec.cat\/insmontsia\/wp-json\/wp\/v2\/pages\/550"}],"wp:attachment":[{"href":"https:\/\/agora.xtec.cat\/insmontsia\/wp-json\/wp\/v2\/media?parent=558"}],"curies":[{"name":"wp","href":"https:\/\/api.w.org\/{rel}","templated":true}]}}