{"id":556,"date":"2017-03-22T12:30:03","date_gmt":"2017-03-22T11:30:03","guid":{"rendered":"http:\/\/agora.xtec.cat\/insmontsia\/?page_id=556"},"modified":"2017-03-24T10:37:03","modified_gmt":"2017-03-24T09:37:03","slug":"sistemes-microinformatics-i-xarxes","status":"publish","type":"page","link":"https:\/\/agora.xtec.cat\/insmontsia\/estudis\/cfgm\/sistemes-microinformatics-i-xarxes\/","title":{"rendered":"Sistemes Microinform\u00e0tics i Xarxes"},"content":{"rendered":"<p>En aquest cicle formatiu podr\u00e0s cursar els seg\u00fcents m\u00f2duls:<\/p>\n<ul>\n<li>Muntatge i manteniment d\u2019equips.<\/li>\n<li>Sistemes operatius monolloc.<\/li>\n<li>Aplicacions ofim\u00e0tiques.<\/li>\n<li>Sistemes operatius en xarxa.<\/li>\n<li>Xarxes locals.<\/li>\n<li>Seguretat inform\u00e0tica.<\/li>\n<li>Serveis de xarxa.<\/li>\n<li>Aplicacions web.<\/li>\n<li>Formaci\u00f3 i orientaci\u00f3 laboral.<\/li>\n<li>Empresa i iniciativa emprenedora.<\/li>\n<li>Angl\u00e8s t\u00e8cnic.<\/li>\n<li>S\u00edntesi.<\/li>\n<li>Formaci\u00f3 en centres de treball.<\/li>\n<\/ul>\n<p>Pots consultar tota la informaci\u00f3 sobre aquest cicle en la p\u00e0gina web d\u2019ensenyament en el seg\u00fcent <a href=\"http:\/\/queestudiar.gencat.cat\/ca\/estudis\/fp\/cicles\/gm\/informatica-comunicacions\/?p_id=123&amp;estudi\" target=\"_blank\">enlla\u00e7<\/a>.<\/p>\n","protected":false},"excerpt":{"rendered":"<p>En aquest cicle formatiu podr\u00e0s cursar els seg\u00fcents m\u00f2duls:<\/p>\n<ul>\n<li>Muntatge i manteniment d\u2019equips.<\/li>\n<li>Sistemes operatius monolloc.<\/li>\n<li>Aplicacions ofim\u00e0tiques.<\/li>\n<li>Sistemes operatius en xarxa.<\/li>\n<li>Xarxes locals.<\/li>\n<li>Seguretat inform\u00e0tica.<\/li>\n<li>Serveis de xarxa.<\/li>\n<li>Aplicacions web.<\/li>\n<li>Formaci\u00f3 i orientaci\u00f3 laboral.<\/li>\n<li>Empresa i iniciativa emprenedora.<\/li>\n<li>Angl\u00e8s t\u00e8cnic.<\/li>\n<li>S\u00edntesi.<\/li>\n<li>Formaci\u00f3 en centres de treball.<\/li>\n<\/ul>\n<p>Pots consultar tota la informaci\u00f3 sobre aquest cicle en la p\u00e0gina web&hellip;  <a href=\"https:\/\/agora.xtec.cat\/insmontsia\/estudis\/cfgm\/sistemes-microinformatics-i-xarxes\/\" title=\"Read Sistemes Microinform\u00e0tics i Xarxes\">Llegeix m\u00e9s\u00bb<\/a><\/p>\n","protected":false},"author":1,"featured_media":0,"parent":550,"menu_order":0,"comment_status":"closed","ping_status":"closed","template":"","meta":{"_bbp_topic_count":0,"_bbp_reply_count":0,"_bbp_total_topic_count":0,"_bbp_total_reply_count":0,"_bbp_voice_count":0,"_bbp_anonymous_reply_count":0,"_bbp_topic_count_hidden":0,"_bbp_reply_count_hidden":0,"_bbp_forum_subforum_count":0,"footnotes":""},"class_list":["post-556","page","type-page","status-publish","hentry"],"post_mailing_queue_ids":[],"_links":{"self":[{"href":"https:\/\/agora.xtec.cat\/insmontsia\/wp-json\/wp\/v2\/pages\/556","targetHints":{"allow":["GET"]}}],"collection":[{"href":"https:\/\/agora.xtec.cat\/insmontsia\/wp-json\/wp\/v2\/pages"}],"about":[{"href":"https:\/\/agora.xtec.cat\/insmontsia\/wp-json\/wp\/v2\/types\/page"}],"author":[{"embeddable":true,"href":"https:\/\/agora.xtec.cat\/insmontsia\/wp-json\/wp\/v2\/users\/1"}],"replies":[{"embeddable":true,"href":"https:\/\/agora.xtec.cat\/insmontsia\/wp-json\/wp\/v2\/comments?post=556"}],"version-history":[{"count":2,"href":"https:\/\/agora.xtec.cat\/insmontsia\/wp-json\/wp\/v2\/pages\/556\/revisions"}],"predecessor-version":[{"id":627,"href":"https:\/\/agora.xtec.cat\/insmontsia\/wp-json\/wp\/v2\/pages\/556\/revisions\/627"}],"up":[{"embeddable":true,"href":"https:\/\/agora.xtec.cat\/insmontsia\/wp-json\/wp\/v2\/pages\/550"}],"wp:attachment":[{"href":"https:\/\/agora.xtec.cat\/insmontsia\/wp-json\/wp\/v2\/media?parent=556"}],"curies":[{"name":"wp","href":"https:\/\/api.w.org\/{rel}","templated":true}]}}