{"id":554,"date":"2017-03-22T12:29:14","date_gmt":"2017-03-22T11:29:14","guid":{"rendered":"http:\/\/agora.xtec.cat\/insmontsia\/?page_id=554"},"modified":"2017-03-24T10:36:34","modified_gmt":"2017-03-24T09:36:34","slug":"instal%c2%b7lacions-electriques-i-automatiques","status":"publish","type":"page","link":"https:\/\/agora.xtec.cat\/insmontsia\/estudis\/cfgm\/instal%c2%b7lacions-electriques-i-automatiques\/","title":{"rendered":"Instal\u00b7lacions El\u00e8ctriques i Autom\u00e0tiques"},"content":{"rendered":"<p>En aquest cicle formatiu podr\u00e0s cursar els seg\u00fcents m\u00f2duls:<\/p>\n<ul>\n<li>Automatismes industrials.<\/li>\n<li>Instal\u00b7lacions el\u00e8ctriques interiors.<\/li>\n<li>Instal\u00b7lacions de distribuci\u00f3.<\/li>\n<li>Infraestructures comunes de telecomunicaci\u00f3 en habitatges i edificis.<\/li>\n<li>Instal\u00b7lacions dom\u00f2tiques.<\/li>\n<li>Instal\u00b7lacions solars fotovoltaiques.<\/li>\n<li>M\u00e0quines el\u00e8ctriques.<\/li>\n<li>Instal\u00b7lacions el\u00e8ctriques especials.<\/li>\n<li>Electr\u00f2nica.<\/li>\n<li>Electrot\u00e8cnia.<\/li>\n<li>Formaci\u00f3 i orientaci\u00f3 laboral.<\/li>\n<li>Empresa i iniciativa emprenedora.<\/li>\n<li>Angl\u00e8s t\u00e8cnic.<\/li>\n<li>S\u00edntesi.<\/li>\n<li>Formaci\u00f3 en centres de treball.<\/li>\n<\/ul>\n<p>Pots consultar tota la informaci\u00f3 sobre aquest cicle en la p\u00e0gina web d\u2019ensenyament en el seg\u00fcent <a href=\"http:\/\/queestudiar.gencat.cat\/ca\/estudis\/fp\/cicles\/gm\/electricitat-electronica\/?p_id=74&amp;estudi\" target=\"_blank\">enlla\u00e7<\/a>.<\/p>\n","protected":false},"excerpt":{"rendered":"<p>En aquest cicle formatiu podr\u00e0s cursar els seg\u00fcents m\u00f2duls:<\/p>\n<ul>\n<li>Automatismes industrials.<\/li>\n<li>Instal\u00b7lacions el\u00e8ctriques interiors.<\/li>\n<li>Instal\u00b7lacions de distribuci\u00f3.<\/li>\n<li>Infraestructures comunes de telecomunicaci\u00f3 en habitatges i edificis.<\/li>\n<li>Instal\u00b7lacions dom\u00f2tiques.<\/li>\n<li>Instal\u00b7lacions solars fotovoltaiques.<\/li>\n<li>M\u00e0quines el\u00e8ctriques.<\/li>\n<li>Instal\u00b7lacions el\u00e8ctriques especials.<\/li>\n<li>Electr\u00f2nica.<\/li>\n<li>Electrot\u00e8cnia.<\/li>\n<li>Formaci\u00f3 i orientaci\u00f3 laboral.<\/li>\n<li>Empresa i iniciativa emprenedora.<\/li>\n<li>Angl\u00e8s t\u00e8cnic.<\/li>\n<li>S\u00edntesi.<\/li>\n<li>Formaci\u00f3 en centres de treball.<\/li>\n<\/ul>\n<p>Pots consultar tota la informaci\u00f3 sobre aquest cicle&hellip;  <a href=\"https:\/\/agora.xtec.cat\/insmontsia\/estudis\/cfgm\/instal%c2%b7lacions-electriques-i-automatiques\/\" title=\"Read Instal\u00b7lacions El\u00e8ctriques i Autom\u00e0tiques\">Llegeix m\u00e9s\u00bb<\/a><\/p>\n","protected":false},"author":1,"featured_media":0,"parent":550,"menu_order":0,"comment_status":"closed","ping_status":"closed","template":"","meta":{"_bbp_topic_count":0,"_bbp_reply_count":0,"_bbp_total_topic_count":0,"_bbp_total_reply_count":0,"_bbp_voice_count":0,"_bbp_anonymous_reply_count":0,"_bbp_topic_count_hidden":0,"_bbp_reply_count_hidden":0,"_bbp_forum_subforum_count":0,"footnotes":""},"class_list":["post-554","page","type-page","status-publish","hentry"],"post_mailing_queue_ids":[],"_links":{"self":[{"href":"https:\/\/agora.xtec.cat\/insmontsia\/wp-json\/wp\/v2\/pages\/554","targetHints":{"allow":["GET"]}}],"collection":[{"href":"https:\/\/agora.xtec.cat\/insmontsia\/wp-json\/wp\/v2\/pages"}],"about":[{"href":"https:\/\/agora.xtec.cat\/insmontsia\/wp-json\/wp\/v2\/types\/page"}],"author":[{"embeddable":true,"href":"https:\/\/agora.xtec.cat\/insmontsia\/wp-json\/wp\/v2\/users\/1"}],"replies":[{"embeddable":true,"href":"https:\/\/agora.xtec.cat\/insmontsia\/wp-json\/wp\/v2\/comments?post=554"}],"version-history":[{"count":2,"href":"https:\/\/agora.xtec.cat\/insmontsia\/wp-json\/wp\/v2\/pages\/554\/revisions"}],"predecessor-version":[{"id":626,"href":"https:\/\/agora.xtec.cat\/insmontsia\/wp-json\/wp\/v2\/pages\/554\/revisions\/626"}],"up":[{"embeddable":true,"href":"https:\/\/agora.xtec.cat\/insmontsia\/wp-json\/wp\/v2\/pages\/550"}],"wp:attachment":[{"href":"https:\/\/agora.xtec.cat\/insmontsia\/wp-json\/wp\/v2\/media?parent=554"}],"curies":[{"name":"wp","href":"https:\/\/api.w.org\/{rel}","templated":true}]}}