{"id":552,"date":"2017-03-22T12:28:40","date_gmt":"2017-03-22T11:28:40","guid":{"rendered":"http:\/\/agora.xtec.cat\/insmontsia\/?page_id=552"},"modified":"2017-03-24T10:35:57","modified_gmt":"2017-03-24T09:35:57","slug":"activitats-comercials","status":"publish","type":"page","link":"https:\/\/agora.xtec.cat\/insmontsia\/estudis\/cfgm\/activitats-comercials\/","title":{"rendered":"Activitats Comercials"},"content":{"rendered":"<p>En aquest cicle formatiu podr\u00e0s cursar els seg\u00fcents m\u00f2duls:<\/p>\n<ul>\n<li>Operacions d\u2019emmagatzematge.<\/li>\n<li>T\u00e8cniques de marxandatge.<\/li>\n<li>Aparadorisme i publicitat en el punt de venda.<\/li>\n<li>T\u00e8cniques de venda.<\/li>\n<li>Activitats de venda.<\/li>\n<li>Administraci\u00f3 i gesti\u00f3 d\u2019un petit establiment comercial.<\/li>\n<li>Aplicacions inform\u00e0tiques de prop\u00f2sit general.<\/li>\n<li>Llengua estrangera.<\/li>\n<li>Formaci\u00f3 i orientaci\u00f3 laboral.<\/li>\n<li>Formaci\u00f3 en centres de treball.<\/li>\n<li>S\u00edntesi.<\/li>\n<\/ul>\n<p>Pots consultar tota la informaci\u00f3 sobre aquest cicle en la p\u00e0gina web d\u2019ensenyament en el seg\u00fcent\u00a0<a href=\"http:\/\/queestudiar.gencat.cat\/ca\/estudis\/fp\/cicles\/gm\/comerc-marqueting\/?p_id=1370&amp;estudi\" target=\"_blank\">enlla\u00e7<\/a>.<\/p>\n","protected":false},"excerpt":{"rendered":"<p>En aquest cicle formatiu podr\u00e0s cursar els seg\u00fcents m\u00f2duls:<\/p>\n<ul>\n<li>Operacions d\u2019emmagatzematge.<\/li>\n<li>T\u00e8cniques de marxandatge.<\/li>\n<li>Aparadorisme i publicitat en el punt de venda.<\/li>\n<li>T\u00e8cniques de venda.<\/li>\n<li>Activitats de venda.<\/li>\n<li>Administraci\u00f3 i gesti\u00f3 d\u2019un petit establiment comercial.<\/li>\n<li>Aplicacions inform\u00e0tiques de prop\u00f2sit general.<\/li>\n<li>Llengua estrangera.<\/li>\n<li>Formaci\u00f3 i orientaci\u00f3 laboral.<\/li>\n<li>Formaci\u00f3 en centres de treball.<\/li>\n<li>S\u00edntesi.<\/li>\n<\/ul>\n<p>Pots consultar tota la informaci\u00f3&hellip;  <a href=\"https:\/\/agora.xtec.cat\/insmontsia\/estudis\/cfgm\/activitats-comercials\/\" title=\"Read Activitats Comercials\">Llegeix m\u00e9s\u00bb<\/a><\/p>\n","protected":false},"author":1,"featured_media":0,"parent":550,"menu_order":0,"comment_status":"closed","ping_status":"closed","template":"","meta":{"_bbp_topic_count":0,"_bbp_reply_count":0,"_bbp_total_topic_count":0,"_bbp_total_reply_count":0,"_bbp_voice_count":0,"_bbp_anonymous_reply_count":0,"_bbp_topic_count_hidden":0,"_bbp_reply_count_hidden":0,"_bbp_forum_subforum_count":0,"footnotes":""},"class_list":["post-552","page","type-page","status-publish","hentry"],"post_mailing_queue_ids":[],"_links":{"self":[{"href":"https:\/\/agora.xtec.cat\/insmontsia\/wp-json\/wp\/v2\/pages\/552","targetHints":{"allow":["GET"]}}],"collection":[{"href":"https:\/\/agora.xtec.cat\/insmontsia\/wp-json\/wp\/v2\/pages"}],"about":[{"href":"https:\/\/agora.xtec.cat\/insmontsia\/wp-json\/wp\/v2\/types\/page"}],"author":[{"embeddable":true,"href":"https:\/\/agora.xtec.cat\/insmontsia\/wp-json\/wp\/v2\/users\/1"}],"replies":[{"embeddable":true,"href":"https:\/\/agora.xtec.cat\/insmontsia\/wp-json\/wp\/v2\/comments?post=552"}],"version-history":[{"count":2,"href":"https:\/\/agora.xtec.cat\/insmontsia\/wp-json\/wp\/v2\/pages\/552\/revisions"}],"predecessor-version":[{"id":625,"href":"https:\/\/agora.xtec.cat\/insmontsia\/wp-json\/wp\/v2\/pages\/552\/revisions\/625"}],"up":[{"embeddable":true,"href":"https:\/\/agora.xtec.cat\/insmontsia\/wp-json\/wp\/v2\/pages\/550"}],"wp:attachment":[{"href":"https:\/\/agora.xtec.cat\/insmontsia\/wp-json\/wp\/v2\/media?parent=552"}],"curies":[{"name":"wp","href":"https:\/\/api.w.org\/{rel}","templated":true}]}}