{"id":550,"date":"2017-03-22T12:27:47","date_gmt":"2017-03-22T11:27:47","guid":{"rendered":"http:\/\/agora.xtec.cat\/insmontsia\/?page_id=550"},"modified":"2017-03-24T12:11:35","modified_gmt":"2017-03-24T11:11:35","slug":"cfgm","status":"publish","type":"page","link":"https:\/\/agora.xtec.cat\/insmontsia\/estudis\/cfgm\/","title":{"rendered":"CFGM"},"content":{"rendered":"<p>Els cicles de grau mitj\u00e0 que es poden cursar a l\u2019Institut Montsi\u00e0 s\u00f3n:<\/p>\n<ul>\n<li><a href=\"http:\/\/agora.xtec.cat\/insmontsia\/cfgm\/gestio-administrativa\/\">Gesti\u00f3 Administrativa<\/a><\/li>\n<li><a href=\"http:\/\/agora.xtec.cat\/insmontsia\/cfgm\/gestio-administrativa-ambit-juridic\/\">Gesti\u00f3 Administrativa \u00c0mbit Jur\u00eddic<\/a><\/li>\n<li><a href=\"http:\/\/agora.xtec.cat\/insmontsia\/cfgm\/activitats-comercials\/\">Activitats Comercials<\/a><\/li>\n<li><a href=\"http:\/\/agora.xtec.cat\/insmontsia\/cfgm\/instal%C2%B7lacions-electriques-i-automatiques\/\">Instal\u00b7lacions El\u00e8ctriques i Autom\u00e0tiques<\/a><\/li>\n<li><a href=\"http:\/\/agora.xtec.cat\/insmontsia\/cfgm\/sistemes-microinformatics-i-xarxes\/\">Sistemes Microinform\u00e0tics i Xarxes<\/a><\/li>\n<li><a href=\"http:\/\/agora.xtec.cat\/insmontsia\/cfgm\/atencio-a-persones-en-situacio-de-dependencia\/\">Atenci\u00f3 a Persones en Situaci\u00f3 de Depend\u00e8ncia<\/a><\/li>\n<li><a href=\"http:\/\/agora.xtec.cat\/insmontsia\/cfgm\/electromecanica-de-vehicles-automobils\/\">Electromecanica de Vehicles Autom\u00f2bils<\/a><\/li>\n<li><a href=\"http:\/\/agora.xtec.cat\/insmontsia\/cfgm\/manteniment-electromecanic\/\">Manteniment electromec\u00e0nic<\/a><\/li>\n<li><a href=\"http:\/\/agora.xtec.cat\/insmontsia\/cfgm\/carrosseria\/\">Carrosseria<\/a><\/li>\n<\/ul>\n<p>&nbsp;<\/p>\n","protected":false},"excerpt":{"rendered":"<p>Els cicles de grau mitj\u00e0 que es poden cursar a l\u2019Institut Montsi\u00e0 s\u00f3n:<\/p>\n<ul>\n<li><a href=\"http:\/\/agora.xtec.cat\/insmontsia\/cfgm\/gestio-administrativa\/\">Gesti\u00f3 Administrativa<\/a><\/li>\n<li><a href=\"http:\/\/agora.xtec.cat\/insmontsia\/cfgm\/gestio-administrativa-ambit-juridic\/\">Gesti\u00f3 Administrativa \u00c0mbit Jur\u00eddic<\/a><\/li>\n<li><a href=\"http:\/\/agora.xtec.cat\/insmontsia\/cfgm\/activitats-comercials\/\">Activitats Comercials<\/a><\/li>\n<li><a href=\"http:\/\/agora.xtec.cat\/insmontsia\/cfgm\/instal%C2%B7lacions-electriques-i-automatiques\/\">Instal\u00b7lacions El\u00e8ctriques i Autom\u00e0tiques<\/a><\/li>\n<li><a href=\"http:\/\/agora.xtec.cat\/insmontsia\/cfgm\/sistemes-microinformatics-i-xarxes\/\">Sistemes Microinform\u00e0tics i Xarxes<\/a><\/li>\n<li><a href=\"http:\/\/agora.xtec.cat\/insmontsia\/cfgm\/atencio-a-persones-en-situacio-de-dependencia\/\">Atenci\u00f3 a Persones en Situaci\u00f3 de Depend\u00e8ncia<\/a><\/li>\n<li><a href=\"http:\/\/agora.xtec.cat\/insmontsia\/cfgm\/electromecanica-de-vehicles-automobils\/\">Electromecanica de Vehicles Autom\u00f2bils<\/a><\/li>\n<li><a href=\"http:\/\/agora.xtec.cat\/insmontsia\/cfgm\/manteniment-electromecanic\/\">Manteniment electromec\u00e0nic<\/a><\/li>\n<li><a href=\"http:\/\/agora.xtec.cat\/insmontsia\/cfgm\/carrosseria\/\">Carrosseria<\/a><\/li>\n<\/ul>\n<p>&nbsp;<\/p>\n","protected":false},"author":1,"featured_media":0,"parent":195,"menu_order":0,"comment_status":"closed","ping_status":"closed","template":"","meta":{"_bbp_topic_count":0,"_bbp_reply_count":0,"_bbp_total_topic_count":0,"_bbp_total_reply_count":0,"_bbp_voice_count":0,"_bbp_anonymous_reply_count":0,"_bbp_topic_count_hidden":0,"_bbp_reply_count_hidden":0,"_bbp_forum_subforum_count":0,"footnotes":""},"class_list":["post-550","page","type-page","status-publish","hentry"],"post_mailing_queue_ids":[],"_links":{"self":[{"href":"https:\/\/agora.xtec.cat\/insmontsia\/wp-json\/wp\/v2\/pages\/550","targetHints":{"allow":["GET"]}}],"collection":[{"href":"https:\/\/agora.xtec.cat\/insmontsia\/wp-json\/wp\/v2\/pages"}],"about":[{"href":"https:\/\/agora.xtec.cat\/insmontsia\/wp-json\/wp\/v2\/types\/page"}],"author":[{"embeddable":true,"href":"https:\/\/agora.xtec.cat\/insmontsia\/wp-json\/wp\/v2\/users\/1"}],"replies":[{"embeddable":true,"href":"https:\/\/agora.xtec.cat\/insmontsia\/wp-json\/wp\/v2\/comments?post=550"}],"version-history":[{"count":3,"href":"https:\/\/agora.xtec.cat\/insmontsia\/wp-json\/wp\/v2\/pages\/550\/revisions"}],"predecessor-version":[{"id":648,"href":"https:\/\/agora.xtec.cat\/insmontsia\/wp-json\/wp\/v2\/pages\/550\/revisions\/648"}],"up":[{"embeddable":true,"href":"https:\/\/agora.xtec.cat\/insmontsia\/wp-json\/wp\/v2\/pages\/195"}],"wp:attachment":[{"href":"https:\/\/agora.xtec.cat\/insmontsia\/wp-json\/wp\/v2\/media?parent=550"}],"curies":[{"name":"wp","href":"https:\/\/api.w.org\/{rel}","templated":true}]}}