{"id":547,"date":"2017-03-22T12:24:27","date_gmt":"2017-03-22T11:24:27","guid":{"rendered":"http:\/\/agora.xtec.cat\/insmontsia\/?page_id=547"},"modified":"2017-03-24T10:35:20","modified_gmt":"2017-03-24T09:35:20","slug":"gestio-administrativa-ambit-juridic","status":"publish","type":"page","link":"https:\/\/agora.xtec.cat\/insmontsia\/estudis\/cfgm\/gestio-administrativa-ambit-juridic\/","title":{"rendered":"Gesti\u00f3 Administrativa \u00c0mbit Jur\u00eddic"},"content":{"rendered":"<p>En aquest cicle formatiu podr\u00e0s cursar els seg\u00fcents m\u00f2duls:<\/p>\n<ul>\n<li>Comunicaci\u00f3 empresarial i atenci\u00f3 al client.<\/li>\n<li>Operacions administratives de compravenda.<\/li>\n<li>Operacions administratives de recursos humans.<\/li>\n<li>Operacions auxiliars de gesti\u00f3 de tresoreria.<\/li>\n<li>T\u00e8cnica comptable.<\/li>\n<li>Tractament de la documentaci\u00f3 comptable.<\/li>\n<li>Tractament inform\u00e0tic de la informaci\u00f3.<\/li>\n<li>Operacions administratives de suport.<\/li>\n<li>Angl\u00e8s.<\/li>\n<li>Empresa i administraci\u00f3.<\/li>\n<li>Empresa a l\u2019aula.<\/li>\n<li>Organitzaci\u00f3 i estructura de l\u2019\u00e0mbit jur\u00eddic i judicial.<\/li>\n<li>Tramitaci\u00f3 processal i auxili judicial.<\/li>\n<li>Formaci\u00f3 i orientaci\u00f3 laboral.<\/li>\n<li>Formaci\u00f3 en centres de treball.<\/li>\n<\/ul>\n<p>Pots consultar tota la informaci\u00f3 sobre aquest cicle en la p\u00e0gina web d\u2019ensenyament en el seg\u00fcent <a href=\"http:\/\/queestudiar.gencat.cat\/ca\/estudis\/fp\/cicles\/gm\/admin-gestio\/?p_id=1890&amp;estudi\" target=\"_blank\">enlla\u00e7<\/a>.<\/p>\n","protected":false},"excerpt":{"rendered":"<p>En aquest cicle formatiu podr\u00e0s cursar els seg\u00fcents m\u00f2duls:<\/p>\n<ul>\n<li>Comunicaci\u00f3 empresarial i atenci\u00f3 al client.<\/li>\n<li>Operacions administratives de compravenda.<\/li>\n<li>Operacions administratives de recursos humans.<\/li>\n<li>Operacions auxiliars de gesti\u00f3 de tresoreria.<\/li>\n<li>T\u00e8cnica comptable.<\/li>\n<li>Tractament de la documentaci\u00f3 comptable.<\/li>\n<li>Tractament inform\u00e0tic de la informaci\u00f3.<\/li>\n<li>Operacions administratives de suport.<\/li>\n<li>Angl\u00e8s.<\/li>\n<li>Empresa i administraci\u00f3.<\/li>\n<li>Empresa a l\u2019aula.<\/li>\n<li>Organitzaci\u00f3 i estructura de&hellip;  <a href=\"https:\/\/agora.xtec.cat\/insmontsia\/estudis\/cfgm\/gestio-administrativa-ambit-juridic\/\" title=\"Read Gesti\u00f3 Administrativa \u00c0mbit Jur\u00eddic\">Llegeix m\u00e9s\u00bb<\/a><br \/>\n","protected":false},"author":1,"featured_media":0,"parent":550,"menu_order":0,"comment_status":"closed","ping_status":"closed","template":"","meta":{"_bbp_topic_count":0,"_bbp_reply_count":0,"_bbp_total_topic_count":0,"_bbp_total_reply_count":0,"_bbp_voice_count":0,"_bbp_anonymous_reply_count":0,"_bbp_topic_count_hidden":0,"_bbp_reply_count_hidden":0,"_bbp_forum_subforum_count":0,"footnotes":""},"class_list":["post-547","page","type-page","status-publish","hentry"],"post_mailing_queue_ids":[],"_links":{"self":[{"href":"https:\/\/agora.xtec.cat\/insmontsia\/wp-json\/wp\/v2\/pages\/547","targetHints":{"allow":["GET"]}}],"collection":[{"href":"https:\/\/agora.xtec.cat\/insmontsia\/wp-json\/wp\/v2\/pages"}],"about":[{"href":"https:\/\/agora.xtec.cat\/insmontsia\/wp-json\/wp\/v2\/types\/page"}],"author":[{"embeddable":true,"href":"https:\/\/agora.xtec.cat\/insmontsia\/wp-json\/wp\/v2\/users\/1"}],"replies":[{"embeddable":true,"href":"https:\/\/agora.xtec.cat\/insmontsia\/wp-json\/wp\/v2\/comments?post=547"}],"version-history":[{"count":2,"href":"https:\/\/agora.xtec.cat\/insmontsia\/wp-json\/wp\/v2\/pages\/547\/revisions"}],"predecessor-version":[{"id":624,"href":"https:\/\/agora.xtec.cat\/insmontsia\/wp-json\/wp\/v2\/pages\/547\/revisions\/624"}],"up":[{"embeddable":true,"href":"https:\/\/agora.xtec.cat\/insmontsia\/wp-json\/wp\/v2\/pages\/550"}],"wp:attachment":[{"href":"https:\/\/agora.xtec.cat\/insmontsia\/wp-json\/wp\/v2\/media?parent=547"}],"curies":[{"name":"wp","href":"https:\/\/api.w.org\/{rel}","templated":true}]}}