{"id":478,"date":"2017-02-17T10:51:25","date_gmt":"2017-02-17T09:51:25","guid":{"rendered":"http:\/\/agora.xtec.cat\/insmontsia\/?page_id=478"},"modified":"2024-09-26T10:39:56","modified_gmt":"2024-09-26T08:39:56","slug":"convalidacions-i-exempcions","status":"publish","type":"page","link":"https:\/\/agora.xtec.cat\/insmontsia\/secretaria\/convalidacions-i-exempcions\/","title":{"rendered":"Convalidacions i exempcions"},"content":{"rendered":"<p><strong>Convalidacions<\/strong>:<\/p>\n<ul>\n<li>Els alumnes que es matriculen en un cicle formatiu poden tindre dret a algunes convalidacions si tenen altres estudis oficials<\/li>\n<li>Pots consultar la Informaci\u00f3 General sobre Convalidacions<\/li>\n<li>Tamb\u00e9 pots consultar la taula de convalidacions entre cicles a la web d&#8217;Ensenyament<\/li>\n<\/ul>\n<p><strong>Exempcions<\/strong>:<\/p>\n<ul>\n<li>Les exempcions s&#8217;aplicaran en el m\u00f2dul de FPCT, i sempre s&#8217;han de considerar una excepcionalitat.<\/li>\n<li>Generalment n&#8217;hi han els seg\u00fcents tipus d&#8217;exempcions:\n<ul>\n<li><strong>Exempci\u00f3 total (100%)<\/strong>: s&#8217;atorga quan l&#8217;alumne acredita l&#8217;experi\u00e8ncia laboral\u00a0corresponent a un nombre d&#8217;hores igual o superior a les del m\u00f2dul de FPCT, relacionada amb l&#8217;\u00e0mbit professional i de treball del cicle formatiu.<\/li>\n<li><strong>Exempci\u00f3 parcial (50%)<\/strong>: s&#8217;atorga quan l&#8217;alumne acredita l&#8217;experi\u00e8ncia laboral corresponent a un nombre d&#8217;hores igual o superior al 50% cr\u00e8dit o m\u00f2dul de FPCT relacionat en l&#8217;\u00e0mbit professional del cicle formatiu.<\/li>\n<li><strong>Exempci\u00f3 parcial (25%)<\/strong>: s&#8217;atorga quan l&#8217;alumne acredita l&#8217;experi\u00e8ncia laboral en qualsevol activitat professional, equivalent al doble de les hores del cr\u00e8dit o m\u00f2dul de FPCT.<\/li>\n<li><strong>Exempci\u00f3 per validaci\u00f3 o reconeixement de l&#8217;experi\u00e8ncia laboral 100%<\/strong>: reconeixement i certificaci\u00f3 de totes les unitats formatives (UF) de almenys un m\u00f2dul o cr\u00e8dit directament relacionat amb les unitats de compet\u00e8ncia del cicle formatiu.<\/li>\n<li><strong>Exempci\u00f3 per voluntariat<\/strong> (fam\u00edlia de Serveis Socioculturals i a la Comunitat): s\u2019atorga a l\u2019alumne que acredita un nombre m\u00ednim d\u2019hores igual o superior a la FPCT<\/li>\n<\/ul>\n<\/li>\n<\/ul>\n<p>NOTA: la documentaci\u00f3 que cal adjuntar \u00e9s la<strong> sol\u00b7licitud d&#8217;excempci\u00f3<\/strong>, l&#8217;<strong>informe de vida laboral<\/strong> i els<strong> certificats d&#8217;empresa de cada entitat<\/strong>.<\/p>\n<p>Acc\u00e9s al <a href=\"https:\/\/docs.google.com\/forms\/d\/e\/1FAIpQLSdbZtsmOiy3wtx4awV-AxDvBviVgJZZhNjTBfZ58-zlBYjtAQ\/viewform?vc=0&amp;c=0&amp;w=1&amp;flr=0&amp;pli=1\" target=\"_blank\" rel=\"noopener\">formulari de sol\u00b7licitud d&#8217;excempci\u00f3<\/a>.<\/p>\n","protected":false},"excerpt":{"rendered":"<p>Convalidacions:<\/p>\n<ul>\n<li>Els alumnes que es matriculen en un cicle formatiu poden tindre dret a algunes convalidacions si tenen altres estudis oficials<\/li>\n<li>Pots consultar la Informaci\u00f3 General sobre Convalidacions<\/li>\n<li>Tamb\u00e9 pots consultar la taula de convalidacions entre cicles a la web d&#8217;Ensenyament<\/li>\n<\/ul>\n<p>Exempcions:<\/p>\n<ul>\n<li>Les exempcions s&#8217;aplicaran en el m\u00f2dul de FPCT,&hellip;  <a href=\"https:\/\/agora.xtec.cat\/insmontsia\/secretaria\/convalidacions-i-exempcions\/\" title=\"Read Convalidacions i exempcions\">Llegeix m\u00e9s\u00bb<\/a><br \/>\n","protected":false},"author":1,"featured_media":0,"parent":81,"menu_order":0,"comment_status":"closed","ping_status":"closed","template":"","meta":{"_bbp_topic_count":0,"_bbp_reply_count":0,"_bbp_total_topic_count":0,"_bbp_total_reply_count":0,"_bbp_voice_count":0,"_bbp_anonymous_reply_count":0,"_bbp_topic_count_hidden":0,"_bbp_reply_count_hidden":0,"_bbp_forum_subforum_count":0,"footnotes":""},"class_list":["post-478","page","type-page","status-publish","hentry"],"post_mailing_queue_ids":[],"_links":{"self":[{"href":"https:\/\/agora.xtec.cat\/insmontsia\/wp-json\/wp\/v2\/pages\/478","targetHints":{"allow":["GET"]}}],"collection":[{"href":"https:\/\/agora.xtec.cat\/insmontsia\/wp-json\/wp\/v2\/pages"}],"about":[{"href":"https:\/\/agora.xtec.cat\/insmontsia\/wp-json\/wp\/v2\/types\/page"}],"author":[{"embeddable":true,"href":"https:\/\/agora.xtec.cat\/insmontsia\/wp-json\/wp\/v2\/users\/1"}],"replies":[{"embeddable":true,"href":"https:\/\/agora.xtec.cat\/insmontsia\/wp-json\/wp\/v2\/comments?post=478"}],"version-history":[{"count":4,"href":"https:\/\/agora.xtec.cat\/insmontsia\/wp-json\/wp\/v2\/pages\/478\/revisions"}],"predecessor-version":[{"id":14019,"href":"https:\/\/agora.xtec.cat\/insmontsia\/wp-json\/wp\/v2\/pages\/478\/revisions\/14019"}],"up":[{"embeddable":true,"href":"https:\/\/agora.xtec.cat\/insmontsia\/wp-json\/wp\/v2\/pages\/81"}],"wp:attachment":[{"href":"https:\/\/agora.xtec.cat\/insmontsia\/wp-json\/wp\/v2\/media?parent=478"}],"curies":[{"name":"wp","href":"https:\/\/api.w.org\/{rel}","templated":true}]}}